{"id":1277,"date":"2021-12-04T22:14:22","date_gmt":"2021-12-04T22:14:22","guid":{"rendered":"https:\/\/unkrautverkaufer.com\/?post_type=product&#038;p=1277"},"modified":"2026-04-11T13:41:33","modified_gmt":"2026-04-11T13:41:33","slug":"buy-bulk-thc-distillate-online-thc-distillate-2","status":"publish","type":"product","link":"https:\/\/unkrautverkaufer.com\/sv\/product\/buy-bulk-thc-distillate-online-thc-distillate-2\/","title":{"rendered":"Buy Bulk THC Distillate online | THC Distillate"},"content":{"rendered":"<p>Haschisch Online Kaufen. Wir unterst\u00fctzen nachdr\u00fccklich die Verwendung von medizinischem Marihuana in Deutschland und haben uns seit Jahren einen soliden Ruf bei medizinischen Patienten aufgebaut. Unser Team versteht die Bedenken jedes Patienten, der aus verschiedenen Gr\u00fcnden die Bedenken hat. Kann Schwierigkeiten haben, ihre Medikamente in einer Online-Apotheke zu kaufen. Aber wir glauben, dass sie nicht gezwungen werden sollten, illegal auf der Stra\u00dfe zu kaufen. Kaufen Bulk THC Destillat online<\/p>\n<p>Unsere Technologie und Erfahrung spielen eine gro\u00dfe Rolle bei den \u00fcberlegenen THC-Destillaten in unserer Apotheke. Aber wir sind auch Handwerk \u2013 und zur Perfektion getrieben. Von der Kontrolle von Cannabinoiden, Terpenen und Flavonoiden. Wir arbeiten mit unseren Produzenten zusammen, um unseren Kunden ein qualitativ hochwertiges Erlebnis zu bieten. Die Mitarbeiter von unkrautverkaufer Market sind f\u00fcr die Sicherstellung der Qualit\u00e4t unserer Destillate verantwortlich. Und Produkte durch das Verst\u00e4ndnis und die \u00dcberpr\u00fcfung des Produktionsprozesses des Destillats. <a href=\"https:\/\/unkrautverkaufer.com\/sv\/shop\/\">Kaufen Bulk THC Destillat online<\/a><\/p>\n<p>Marihuana online kaufen<br \/>\nJedes Mal, wenn Sie THC-Destillat online von unkrautverkaufer Market in Kanada kaufen. Angenommen, der Pen enth\u00e4lt 1 Gramm THC. Destillat-Pens werden online im unkrautverkaufer Market gekauft. Ein Hersteller, der einen vollst\u00e4ndigen Test der Destillate und \u00d6le durchf\u00fchrt, bevor er sie in den Pen einl\u00e4dt. Kaufen Bulk THC Destillat online<\/p>\n<p>Durch einen kurzen Destillationsprozess liegen THC-Destillate im Bereich von 15-25%, die zu Konzentraten in Bl\u00fcten und 60-80% in BHO und Co2 verarbeitet werden. Die heutigen Knospen neigen dazu, in den Bereich von 10-25% THC zu fallen, aber einige Konzentrate haben einen Gehalt von 50-80% und einige sogar bis zu 90% Die Menge der verf\u00fcgbaren essbaren Produkte wird Sie mit den Mengen an essbaren Produkten \u00fcberfluten, da ich von der Anzahl und Vielfalt des brennbaren Konzentrats schockiert bin. Laut Labortests ist der THC-Gehalt in einem Gramm <a href=\"https:\/\/en.wikipedia.org\/wiki\/Cannabis_concentrate\">Cannabis\u00f6l<\/a> von unkrautverkaufer Post zu 96,7% rein. Kaufen Bulk THC Destillat online<\/p>\n<p>Ihre \u00f6rtliche Apotheke hat m\u00f6glicherweise nicht das Laborprodukt, das Sie ben\u00f6tigen, und Sie m\u00f6chten m\u00f6glicherweise nicht dort gesehen werden. Gehen Sie also zu Prince&#8217;s und kaufen Sie thc Destillat online f\u00fcr so wenig $ 10 pro Gramm. Kaufen Sie Bulk THC Distillate online. Haschisch Online Kaufen<\/p>\n<p>Da Anbieter heutzutage eine riesige Auswahl an Kartuschen im Sortiment haben, kann es verwirrend sein, eine zu finden, die Ihren Bed\u00fcrfnissen entspricht. Gro\u00dfe Unternehmen wie Pax bieten Stifte an, die mit ihren eigenen internen Batterien geliefert werden, die mit einem USB-Kabel aufgeladen werden k\u00f6nnen. Reisen mit diesen Produkten ist am Zielort m\u00f6glich, aber nicht immer m\u00f6glich.<\/p>\n<p>Verwendung<br \/>\nDie THC-Destillatspritze ist eine raffinierte, konzentrierende Version von THC, um sicherzustellen, dass Sie die volle Wirkung von Cannabis genie\u00dfen. Dar\u00fcber hinaus k\u00f6nnen THC-Destillate f\u00fcr Freizeitzwecke verwendet werden, was Ihnen hilft, innerhalb von Minuten aufzustehen. Sie werden sich vielleicht von der enormen Menge an verf\u00fcgbaren Informationen \u00fcberw\u00e4ltigt f\u00fchlen, daher hat unkrautverkaufer Post unten eine kurze Anleitung zusammengestellt.<\/p>\n<p>Die folgenden Informationen sollen Ihnen helfen, ein Profi im Dampfen von Cannabis zu werden, und hoffentlich k\u00f6nnen wir Ihnen einige Ratschl\u00e4ge f\u00fcr Ihren n\u00e4chsten Rauchabfall geben.<\/p>\n<p>Wenn Sie das Unkraut auf Ihrer Zunge behalten m\u00f6chten, haben sich THC-Destillate als effektive Wahl erwiesen, also probieren Sie sie aus, sehen Sie, wie Sie sich f\u00fchlen, und gehen Sie dann entsprechend vor. Kaufen Bulk THC Destillat online<\/p>\n<p>Noch heute sind sich viele nicht erfahrene Verbraucher nicht sicher \u00fcber die Unterschiede zwischen THC und CBD. Bei destillierten Kartuschen ist es sehr einfach, zwischen hochwirksamen Esswaren mit hohem THC-Gehalt und niedrigem CBD-Gehalt zu w\u00e4hlen. F\u00fcr Konzentrate bevorzugen medizinische Anwender essbare Produkte mit hoher Potenz, hohem CBD- und \/ oder niedrigem THC-Gehalt.<\/p>","protected":false},"excerpt":{"rendered":"<p>Die einzige Exposition, die die Raucher der alten Schule Cannabis ausgesetzt waren. Wurde haupts\u00e4chlich Haschisch aus dem Nahen Osten importiert. Heute sind THC-Konzentrate eine beliebte Form. Meist in Form von essbaren Produkten und essbarem Cannabis\u00f6l. Da die medizinische und Freizeitwahn f\u00fcr Marihuana begonnen hat, die Staaten zu \u00fcberfluten. Das Konzentrat wurde auf eine begrenzte Anzahl von Staaten beschr\u00e4nkt und der \u00d6ffentlichkeit noch weniger zug\u00e4nglich gemacht. Konzentrate sind in einer Vielzahl von Formen erh\u00e4ltlich, wie dem kommenden THC-Destillat, THC dense und THC-Spender.<\/p>\n<p>Sie sind einfach anzubauen und zu konsumieren, und Sie werden heute zweifellos eine gro\u00dfe Auswahl an THC-Destillaten online finden. Wenn Sie auf der Suche nach einer hohen Qualit\u00e4t sind, sicher. Und einfach zu verwenden THC Destillate Produkt, dies ist der perfekte Ort f\u00fcr Sie. Wir arbeiten eng mit unseren Lieferanten zusammen, um sicherzustellen, dass das Produkt unseren Qualit\u00e4ts- und Sicherheitsstandards entspricht. Und erhalten Sie unser SOG-Zeichen, bevor wir etwas anbieten. W\u00e4hrend wir die THC Destillierte Spritze zubereiten. Weedbud Market stellt sicher, dass wir die h\u00f6chsten Standards einhalten, um das beste Produkt zu erhalten.<\/p>","protected":false},"featured_media":699,"comment_status":"open","ping_status":"closed","template":"","meta":[],"product_brand":[],"product_cat":[15],"product_tag":[],"class_list":{"0":"post-1277","1":"product","2":"type-product","3":"status-publish","4":"has-post-thumbnail","6":"product_cat-strains","8":"first","9":"instock","10":"sale","11":"shipping-taxable","12":"purchasable","13":"product-type-simple"},"yoast_head":"<!-- This site is optimized with the Yoast SEO plugin v27.3 - https:\/\/yoast.com\/product\/yoast-seo-wordpress\/ -->\n<title>Haschisch Online Kaufen | Bulk THC Destillat online kaufen | THC-Destillat<\/title>\n<meta name=\"description\" content=\"Haschisch Online Kaufen | Bulk THC Destillat online kaufen | THC-Destillat kaufen gro\u00dfhandel thc destillate , billig thc \u00f6le deutschland\" \/>\n<meta name=\"robots\" content=\"index, follow, max-snippet:-1, max-image-preview:large, max-video-preview:-1\" \/>\n<link rel=\"canonical\" href=\"https:\/\/unkrautverkaufer.com\/sv\/product\/buy-bulk-thc-distillate-online-thc-distillate-2\/\" \/>\n<meta property=\"og:locale\" content=\"sv_SE\" \/>\n<meta property=\"og:type\" content=\"article\" \/>\n<meta property=\"og:title\" content=\"Haschisch Online Kaufen | Bulk THC Destillat online kaufen | THC-Destillat\" \/>\n<meta property=\"og:description\" content=\"Haschisch Online Kaufen | Bulk THC Destillat online kaufen | THC-Destillat kaufen gro\u00dfhandel thc destillate , billig thc \u00f6le deutschland\" \/>\n<meta property=\"og:url\" content=\"https:\/\/unkrautverkaufer.com\/sv\/product\/buy-bulk-thc-distillate-online-thc-distillate-2\/\" \/>\n<meta property=\"og:site_name\" content=\"GRAS ONLINE KAUFEN DEUTSCHLAND\" \/>\n<meta property=\"article:modified_time\" content=\"2026-04-11T13:41:33+00:00\" \/>\n<meta name=\"twitter:card\" content=\"summary_large_image\" \/>\n<meta name=\"twitter:label1\" content=\"Ber\u00e4knad l\u00e4stid\" \/>\n\t<meta name=\"twitter:data1\" content=\"3 minuter\" \/>\n<script type=\"application\/ld+json\" class=\"yoast-schema-graph\">{\"@context\":\"https:\\\/\\\/schema.org\",\"@graph\":[{\"@type\":\"WebPage\",\"@id\":\"https:\\\/\\\/unkrautverkaufer.com\\\/product\\\/buy-bulk-thc-distillate-online-thc-distillate-2\\\/\",\"url\":\"https:\\\/\\\/unkrautverkaufer.com\\\/product\\\/buy-bulk-thc-distillate-online-thc-distillate-2\\\/\",\"name\":\"Haschisch Online Kaufen | Bulk THC Destillat online kaufen | THC-Destillat\",\"isPartOf\":{\"@id\":\"https:\\\/\\\/unkrautverkaufer.com\\\/#website\"},\"primaryImageOfPage\":{\"@id\":\"https:\\\/\\\/unkrautverkaufer.com\\\/product\\\/buy-bulk-thc-distillate-online-thc-distillate-2\\\/#primaryimage\"},\"image\":{\"@id\":\"https:\\\/\\\/unkrautverkaufer.com\\\/product\\\/buy-bulk-thc-distillate-online-thc-distillate-2\\\/#primaryimage\"},\"thumbnailUrl\":\"https:\\\/\\\/unkrautverkaufer.com\\\/wp-content\\\/uploads\\\/2021\\\/12\\\/aa.jpeg\",\"datePublished\":\"2021-12-04T22:14:22+00:00\",\"dateModified\":\"2026-04-11T13:41:33+00:00\",\"description\":\"Haschisch Online Kaufen | Bulk THC Destillat online kaufen | THC-Destillat kaufen gro\u00dfhandel thc destillate , billig thc \u00f6le deutschland\",\"breadcrumb\":{\"@id\":\"https:\\\/\\\/unkrautverkaufer.com\\\/product\\\/buy-bulk-thc-distillate-online-thc-distillate-2\\\/#breadcrumb\"},\"inLanguage\":\"sv-SE\",\"potentialAction\":[{\"@type\":\"ReadAction\",\"target\":[\"https:\\\/\\\/unkrautverkaufer.com\\\/product\\\/buy-bulk-thc-distillate-online-thc-distillate-2\\\/\"]}]},{\"@type\":\"ImageObject\",\"inLanguage\":\"sv-SE\",\"@id\":\"https:\\\/\\\/unkrautverkaufer.com\\\/product\\\/buy-bulk-thc-distillate-online-thc-distillate-2\\\/#primaryimage\",\"url\":\"https:\\\/\\\/unkrautverkaufer.com\\\/wp-content\\\/uploads\\\/2021\\\/12\\\/aa.jpeg\",\"contentUrl\":\"https:\\\/\\\/unkrautverkaufer.com\\\/wp-content\\\/uploads\\\/2021\\\/12\\\/aa.jpeg\",\"width\":1024,\"height\":1024},{\"@type\":\"BreadcrumbList\",\"@id\":\"https:\\\/\\\/unkrautverkaufer.com\\\/product\\\/buy-bulk-thc-distillate-online-thc-distillate-2\\\/#breadcrumb\",\"itemListElement\":[{\"@type\":\"ListItem\",\"position\":1,\"name\":\"Home\",\"item\":\"https:\\\/\\\/unkrautverkaufer.com\\\/de_de\\\/\"},{\"@type\":\"ListItem\",\"position\":2,\"name\":\"Shop\",\"item\":\"https:\\\/\\\/unkrautverkaufer.com\\\/pl\\\/cannabis-kaufen\\\/\"},{\"@type\":\"ListItem\",\"position\":3,\"name\":\"Buy Bulk THC Distillate online | THC Distillate\"}]},{\"@type\":\"WebSite\",\"@id\":\"https:\\\/\\\/unkrautverkaufer.com\\\/#website\",\"url\":\"https:\\\/\\\/unkrautverkaufer.com\\\/\",\"name\":\"GRAS ONLINE KAUFEN DEUTSCHLAND\",\"description\":\"Cannabis kaufen\",\"publisher\":{\"@id\":\"https:\\\/\\\/unkrautverkaufer.com\\\/#organization\"},\"potentialAction\":[{\"@type\":\"SearchAction\",\"target\":{\"@type\":\"EntryPoint\",\"urlTemplate\":\"https:\\\/\\\/unkrautverkaufer.com\\\/?s={search_term_string}\"},\"query-input\":{\"@type\":\"PropertyValueSpecification\",\"valueRequired\":true,\"valueName\":\"search_term_string\"}}],\"inLanguage\":\"sv-SE\"},{\"@type\":\"Organization\",\"@id\":\"https:\\\/\\\/unkrautverkaufer.com\\\/#organization\",\"name\":\"GRAS ONLINE KAUFEN DEUTSCHLAND\",\"url\":\"https:\\\/\\\/unkrautverkaufer.com\\\/\",\"logo\":{\"@type\":\"ImageObject\",\"inLanguage\":\"sv-SE\",\"@id\":\"https:\\\/\\\/unkrautverkaufer.com\\\/#\\\/schema\\\/logo\\\/image\\\/\",\"url\":\"https:\\\/\\\/unkrautverkaufer.com\\\/wp-content\\\/uploads\\\/2021\\\/08\\\/logow.png\",\"contentUrl\":\"https:\\\/\\\/unkrautverkaufer.com\\\/wp-content\\\/uploads\\\/2021\\\/08\\\/logow.png\",\"width\":300,\"height\":170,\"caption\":\"GRAS ONLINE KAUFEN DEUTSCHLAND\"},\"image\":{\"@id\":\"https:\\\/\\\/unkrautverkaufer.com\\\/#\\\/schema\\\/logo\\\/image\\\/\"}}]}<\/script>\n<!-- \/ Yoast SEO plugin. -->","yoast_head_json":{"title":"Haschisch Online Kaufen | Bulk THC Destillat online kaufen | THC-Destillat","description":"Haschisch Online Kaufen | Bulk THC Destillat online kaufen | THC-Destillat kaufen gro\u00dfhandel thc destillate , billig thc \u00f6le deutschland","robots":{"index":"index","follow":"follow","max-snippet":"max-snippet:-1","max-image-preview":"max-image-preview:large","max-video-preview":"max-video-preview:-1"},"canonical":"https:\/\/unkrautverkaufer.com\/sv\/product\/buy-bulk-thc-distillate-online-thc-distillate-2\/","og_locale":"sv_SE","og_type":"article","og_title":"Haschisch Online Kaufen | Bulk THC Destillat online kaufen | THC-Destillat","og_description":"Haschisch Online Kaufen | Bulk THC Destillat online kaufen | THC-Destillat kaufen gro\u00dfhandel thc destillate , billig thc \u00f6le deutschland","og_url":"https:\/\/unkrautverkaufer.com\/sv\/product\/buy-bulk-thc-distillate-online-thc-distillate-2\/","og_site_name":"GRAS ONLINE KAUFEN DEUTSCHLAND","article_modified_time":"2026-04-11T13:41:33+00:00","twitter_card":"summary_large_image","twitter_misc":{"Ber\u00e4knad l\u00e4stid":"3 minuter"},"schema":{"@context":"https:\/\/schema.org","@graph":[{"@type":"WebPage","@id":"https:\/\/unkrautverkaufer.com\/product\/buy-bulk-thc-distillate-online-thc-distillate-2\/","url":"https:\/\/unkrautverkaufer.com\/product\/buy-bulk-thc-distillate-online-thc-distillate-2\/","name":"Haschisch Online Kaufen | Bulk THC Destillat online kaufen | THC-Destillat","isPartOf":{"@id":"https:\/\/unkrautverkaufer.com\/#website"},"primaryImageOfPage":{"@id":"https:\/\/unkrautverkaufer.com\/product\/buy-bulk-thc-distillate-online-thc-distillate-2\/#primaryimage"},"image":{"@id":"https:\/\/unkrautverkaufer.com\/product\/buy-bulk-thc-distillate-online-thc-distillate-2\/#primaryimage"},"thumbnailUrl":"https:\/\/unkrautverkaufer.com\/wp-content\/uploads\/2021\/12\/aa.jpeg","datePublished":"2021-12-04T22:14:22+00:00","dateModified":"2026-04-11T13:41:33+00:00","description":"Haschisch Online Kaufen | Bulk THC Destillat online kaufen | THC-Destillat kaufen gro\u00dfhandel thc destillate , billig thc \u00f6le deutschland","breadcrumb":{"@id":"https:\/\/unkrautverkaufer.com\/product\/buy-bulk-thc-distillate-online-thc-distillate-2\/#breadcrumb"},"inLanguage":"sv-SE","potentialAction":[{"@type":"ReadAction","target":["https:\/\/unkrautverkaufer.com\/product\/buy-bulk-thc-distillate-online-thc-distillate-2\/"]}]},{"@type":"ImageObject","inLanguage":"sv-SE","@id":"https:\/\/unkrautverkaufer.com\/product\/buy-bulk-thc-distillate-online-thc-distillate-2\/#primaryimage","url":"https:\/\/unkrautverkaufer.com\/wp-content\/uploads\/2021\/12\/aa.jpeg","contentUrl":"https:\/\/unkrautverkaufer.com\/wp-content\/uploads\/2021\/12\/aa.jpeg","width":1024,"height":1024},{"@type":"BreadcrumbList","@id":"https:\/\/unkrautverkaufer.com\/product\/buy-bulk-thc-distillate-online-thc-distillate-2\/#breadcrumb","itemListElement":[{"@type":"ListItem","position":1,"name":"Home","item":"https:\/\/unkrautverkaufer.com\/de_de\/"},{"@type":"ListItem","position":2,"name":"Shop","item":"https:\/\/unkrautverkaufer.com\/pl\/cannabis-kaufen\/"},{"@type":"ListItem","position":3,"name":"Buy Bulk THC Distillate online | THC Distillate"}]},{"@type":"WebSite","@id":"https:\/\/unkrautverkaufer.com\/#website","url":"https:\/\/unkrautverkaufer.com\/","name":"GRAS ONLINE KAUFEN DEUTSCHLAND","description":"Cannabis kaufen","publisher":{"@id":"https:\/\/unkrautverkaufer.com\/#organization"},"potentialAction":[{"@type":"SearchAction","target":{"@type":"EntryPoint","urlTemplate":"https:\/\/unkrautverkaufer.com\/?s={search_term_string}"},"query-input":{"@type":"PropertyValueSpecification","valueRequired":true,"valueName":"search_term_string"}}],"inLanguage":"sv-SE"},{"@type":"Organization","@id":"https:\/\/unkrautverkaufer.com\/#organization","name":"GRAS ONLINE KAUFEN DEUTSCHLAND","url":"https:\/\/unkrautverkaufer.com\/","logo":{"@type":"ImageObject","inLanguage":"sv-SE","@id":"https:\/\/unkrautverkaufer.com\/#\/schema\/logo\/image\/","url":"https:\/\/unkrautverkaufer.com\/wp-content\/uploads\/2021\/08\/logow.png","contentUrl":"https:\/\/unkrautverkaufer.com\/wp-content\/uploads\/2021\/08\/logow.png","width":300,"height":170,"caption":"GRAS ONLINE KAUFEN DEUTSCHLAND"},"image":{"@id":"https:\/\/unkrautverkaufer.com\/#\/schema\/logo\/image\/"}}]}},"_links":{"self":[{"href":"https:\/\/unkrautverkaufer.com\/sv\/wp-json\/wp\/v2\/product\/1277","targetHints":{"allow":["GET"]}}],"collection":[{"href":"https:\/\/unkrautverkaufer.com\/sv\/wp-json\/wp\/v2\/product"}],"about":[{"href":"https:\/\/unkrautverkaufer.com\/sv\/wp-json\/wp\/v2\/types\/product"}],"replies":[{"embeddable":true,"href":"https:\/\/unkrautverkaufer.com\/sv\/wp-json\/wp\/v2\/comments?post=1277"}],"wp:featuredmedia":[{"embeddable":true,"href":"https:\/\/unkrautverkaufer.com\/sv\/wp-json\/wp\/v2\/media\/699"}],"wp:attachment":[{"href":"https:\/\/unkrautverkaufer.com\/sv\/wp-json\/wp\/v2\/media?parent=1277"}],"wp:term":[{"taxonomy":"product_brand","embeddable":true,"href":"https:\/\/unkrautverkaufer.com\/sv\/wp-json\/wp\/v2\/product_brand?post=1277"},{"taxonomy":"product_cat","embeddable":true,"href":"https:\/\/unkrautverkaufer.com\/sv\/wp-json\/wp\/v2\/product_cat?post=1277"},{"taxonomy":"product_tag","embeddable":true,"href":"https:\/\/unkrautverkaufer.com\/sv\/wp-json\/wp\/v2\/product_tag?post=1277"}],"curies":[{"name":"wp","href":"https:\/\/api.w.org\/{rel}","templated":true}]}}