{"id":1202,"date":"2021-12-04T22:14:00","date_gmt":"2021-12-04T22:14:00","guid":{"rendered":"https:\/\/unkrautverkaufer.com\/?post_type=product&#038;p=1202"},"modified":"2026-04-11T15:11:12","modified_gmt":"2026-04-11T15:11:12","slug":"buy-super-lemon-haze-online-gras-kaufen-online","status":"publish","type":"product","link":"https:\/\/unkrautverkaufer.com\/sv\/product\/buy-super-lemon-haze-online-gras-kaufen-online\/","title":{"rendered":"Buy super Lemon Haze online"},"content":{"rendered":"<p>Gras Kaufen Online, Kaufen Sie <a href=\"https:\/\/unkrautverkaufer.com\/sv\/\">super Lemon Haze<\/a> Online. Es ist eine Mischung aus Lemon Skunk und <a href=\"https:\/\/unkrautverkaufer.com\/sv\/\">Super Saliva Haze<\/a> und hat ein <a href=\"https:\/\/www.medicalnewstoday.com\/articles\/indica-vs-sativa\">Sativa \/ Indica-Verh\u00e4ltnis<\/a> von 80: 20. Das bedeutet berauschend, peppig, denn zerebrale Effekte: Erregung, Kreativit\u00e4t, Energie, Euphorie und intensives Gl\u00fcck. Diese sind ideale Werkzeuge bei der Behandlung von Depressionen, M\u00fcdigkeit, Angstzust\u00e4nden, \u00dcbelkeit und chronischen Schmerzen.<\/p>\n<p>Looks: Super hellgr\u00fcn, bedeckt mit orangefarbenen Haaren und Trichomen mit einem Hauch von violetten Bl\u00e4ttern<br \/>\nGeruch: Super skunky gemischt mit einem sauren Geruch<br \/>\nGeschmack: Sauer, wenn aus einer Bong oder einem Joint ger\u00e4uchert. Sehr guter lang anhaltender Geschmack<br \/>\nEffekte: Super langes zerebrales High tritt in wenigen Minuten nach dem ersten Toke auf. Es f\u00fchlt sich sehr erhebend an.<br \/>\nPotenz: 10\/10 Sehr sehr starker Hirnkopf hoch. Gras Kaufen Online<\/p>\n<p>\u00c4sthetik<\/p>\n<p>Super Lemon Haze kann eine sch\u00f6ne Sorte sein. Trichome bedecken die dichte, hohe lindgr\u00fcne Knospe.<\/p>\n<p>Wie Sie vermutlich bereits wissen, ist SLH genauso zitronig (ist das ein Wort?) einer Sorte, die Sie finden werden. Von Anfang bis Ende ist der Rauch Zitrone und herb mit einem Hauch von S\u00fc\u00dfe. Gras Kaufen Online<\/p>\n<p>Rauchen oder Riechen der Sorte ist dasselbe, zweitens fast wie das Schneiden in einen frisch gebackenen Zitronen-Baiser-Kuchen.<\/p>\n<p>Enthusiasten von potent schmeckenden Sorten werden SLH lieben.<\/p>\n<p><a href=\"https:\/\/unkrautverkaufer.com\/sv\/\">Super Lemon Haze<\/a> Effekte + Vorteile<\/p>\n<p>Diese Sorte ist der Ferrari von Cannabis zus\u00e4tzlich zu einer Methode von Hanf Kaufen. F\u00fcr den Anfang, wie bereits erw\u00e4hnt, ist es eine atemberaubend aussehende Sorte. Zweitens erreicht es die Stra\u00dfe und trifft dann 60mph in 1 Sekunde flach.<\/p>\n<p>Bereiten Sie sich also vor, schnallen Sie sich an und schwelgen Sie in der Fahrt. S<a href=\"https:\/\/unkrautverkaufer.com\/sv\/product\/legal-gras-kaufen-purple-kush\/\">uper Lemon Haze online kaufen.<\/a><\/p>\n<p>Bis zu 23-25% THC<\/p>\n<p>Geschmacksrichtungen: Zitrone, Zitrusfr\u00fcchte, S\u00fc\u00df<\/p>\n<p>Effekte: Fr\u00f6hlich, Energisch, Erhoben, Euphorisch, Kreativ<\/p>\n<p>Medizinisch: Stress, Depressionen, Schmerzen, M\u00fcdigkeit, Kopfschmerzen<\/p>\n<p>Schilder<br \/>\nToller Service. Vertrauen Sie uns. Wir liefern. Heim. Treu. Dem\u00fctig. Liebe. Leben. Lachen. Tue nicht. Drogen. Pillen. Angst. Lebe, weil das Leben kurz ist. Stark. Wir k\u00fcmmern uns, weil wir dich lieben. Wie auch immer wir uns k\u00fcmmern. Wirklich. Zweitens. Weil. Tapfer. Rechts. Entz\u00fccken. Hinzuf\u00fcgen dazu. Weil. Weil. Dem\u00fctig. Xan.<\/p>\n<p>Feucht. Lager. Schmerz. weil. Chro. Howe. Nr. 1. W. Wann. Auto. FedEx. DHL. Dann. Achtern. Weil. Heim. Weil. Aber. Au\u00dferdem. Dann. Weil. G. F. W. T. Dann. Aber.<\/p>","protected":false},"excerpt":{"rendered":"<p>It has a Sativa\/Indica ratio of 80:20. That means heady, peppy, cerebral effects: arousal, creativity, energy, euphoria, and intense happiness. These make for ideal tools in treating depression, fatigue, anxiety, nausea, and chronic pain.<\/p>","protected":false},"featured_media":38,"comment_status":"open","ping_status":"closed","template":"","meta":[],"product_brand":[],"product_cat":[15],"product_tag":[242,243,244,245,246,247,248,249,250],"class_list":{"0":"post-1202","1":"product","2":"type-product","3":"status-publish","4":"has-post-thumbnail","6":"product_cat-strains","7":"product_tag-lemon-haze-leichtes-marihuana","8":"product_tag-super-lemon-haze-greenhouse","9":"product_tag-super-lemon-haze-anbau","10":"product_tag-super-lemon-haze-blutezeit","11":"product_tag-super-lemon-haze-cbd","12":"product_tag-super-lemon-haze-kaufen","13":"product_tag-super-lemon-haze-preis","14":"product_tag-super-lemon-haze-regular-seeds","15":"product_tag-super-lemon-haze-seeds","17":"first","18":"instock","19":"shipping-taxable","20":"purchasable","21":"product-type-variable"},"yoast_head":"<!-- This site is optimized with the Yoast SEO plugin v27.4 - https:\/\/yoast.com\/product\/yoast-seo-wordpress\/ -->\n<title>Gras Kaufen Online | woher bekomme ich gras in Deutschland<\/title>\n<meta name=\"description\" content=\"Gras Kaufen Online | woher bekomme ich gra in Deutschland und erhalten Sie kostenlosen Versand kaufen Gro\u00dfhandel Hanf in Deutschland.\" \/>\n<meta name=\"robots\" content=\"index, follow, max-snippet:-1, max-image-preview:large, max-video-preview:-1\" \/>\n<link rel=\"canonical\" href=\"https:\/\/unkrautverkaufer.com\/sv\/product\/buy-super-lemon-haze-online-gras-kaufen-online\/\" \/>\n<meta property=\"og:locale\" content=\"sv_SE\" \/>\n<meta property=\"og:type\" content=\"article\" \/>\n<meta property=\"og:title\" content=\"Gras Kaufen Online | woher bekomme ich gras in Deutschland\" \/>\n<meta property=\"og:description\" content=\"Gras Kaufen Online | woher bekomme ich gra in Deutschland und erhalten Sie kostenlosen Versand kaufen Gro\u00dfhandel Hanf in Deutschland.\" \/>\n<meta property=\"og:url\" content=\"https:\/\/unkrautverkaufer.com\/sv\/product\/buy-super-lemon-haze-online-gras-kaufen-online\/\" \/>\n<meta property=\"og:site_name\" content=\"GRAS ONLINE KAUFEN DEUTSCHLAND\" \/>\n<meta property=\"article:modified_time\" content=\"2026-04-11T15:11:12+00:00\" \/>\n<meta property=\"og:image\" content=\"https:\/\/unkrautverkaufer.com\/wp-content\/uploads\/2021\/08\/Lemon-Haze.jpg\" \/>\n\t<meta property=\"og:image:width\" content=\"600\" \/>\n\t<meta property=\"og:image:height\" content=\"400\" \/>\n\t<meta property=\"og:image:type\" content=\"image\/jpeg\" \/>\n<meta name=\"twitter:card\" content=\"summary_large_image\" \/>\n<meta name=\"twitter:label1\" content=\"Ber\u00e4knad l\u00e4stid\" \/>\n\t<meta name=\"twitter:data1\" content=\"2 minuter\" \/>\n<script type=\"application\/ld+json\" class=\"yoast-schema-graph\">{\"@context\":\"https:\\\/\\\/schema.org\",\"@graph\":[{\"@type\":\"WebPage\",\"@id\":\"https:\\\/\\\/unkrautverkaufer.com\\\/product\\\/buy-super-lemon-haze-online-gras-kaufen-online\\\/\",\"url\":\"https:\\\/\\\/unkrautverkaufer.com\\\/product\\\/buy-super-lemon-haze-online-gras-kaufen-online\\\/\",\"name\":\"Gras Kaufen Online | woher bekomme ich gras in Deutschland\",\"isPartOf\":{\"@id\":\"https:\\\/\\\/unkrautverkaufer.com\\\/#website\"},\"primaryImageOfPage\":{\"@id\":\"https:\\\/\\\/unkrautverkaufer.com\\\/product\\\/buy-super-lemon-haze-online-gras-kaufen-online\\\/#primaryimage\"},\"image\":{\"@id\":\"https:\\\/\\\/unkrautverkaufer.com\\\/product\\\/buy-super-lemon-haze-online-gras-kaufen-online\\\/#primaryimage\"},\"thumbnailUrl\":\"https:\\\/\\\/unkrautverkaufer.com\\\/wp-content\\\/uploads\\\/2021\\\/08\\\/Lemon-Haze.jpg\",\"datePublished\":\"2021-12-04T22:14:00+00:00\",\"dateModified\":\"2026-04-11T15:11:12+00:00\",\"description\":\"Gras Kaufen Online | woher bekomme ich gra in Deutschland und erhalten Sie kostenlosen Versand kaufen Gro\u00dfhandel Hanf in Deutschland.\",\"breadcrumb\":{\"@id\":\"https:\\\/\\\/unkrautverkaufer.com\\\/product\\\/buy-super-lemon-haze-online-gras-kaufen-online\\\/#breadcrumb\"},\"inLanguage\":\"sv-SE\",\"potentialAction\":[{\"@type\":\"ReadAction\",\"target\":[\"https:\\\/\\\/unkrautverkaufer.com\\\/product\\\/buy-super-lemon-haze-online-gras-kaufen-online\\\/\"]}]},{\"@type\":\"ImageObject\",\"inLanguage\":\"sv-SE\",\"@id\":\"https:\\\/\\\/unkrautverkaufer.com\\\/product\\\/buy-super-lemon-haze-online-gras-kaufen-online\\\/#primaryimage\",\"url\":\"https:\\\/\\\/unkrautverkaufer.com\\\/wp-content\\\/uploads\\\/2021\\\/08\\\/Lemon-Haze.jpg\",\"contentUrl\":\"https:\\\/\\\/unkrautverkaufer.com\\\/wp-content\\\/uploads\\\/2021\\\/08\\\/Lemon-Haze.jpg\",\"width\":600,\"height\":400,\"caption\":\"Gras Kaufen Online\"},{\"@type\":\"BreadcrumbList\",\"@id\":\"https:\\\/\\\/unkrautverkaufer.com\\\/product\\\/buy-super-lemon-haze-online-gras-kaufen-online\\\/#breadcrumb\",\"itemListElement\":[{\"@type\":\"ListItem\",\"position\":1,\"name\":\"Home\",\"item\":\"https:\\\/\\\/unkrautverkaufer.com\\\/de_de\\\/\"},{\"@type\":\"ListItem\",\"position\":2,\"name\":\"Shop\",\"item\":\"https:\\\/\\\/unkrautverkaufer.com\\\/pl\\\/cannabis-kaufen\\\/\"},{\"@type\":\"ListItem\",\"position\":3,\"name\":\"Buy super Lemon Haze online\"}]},{\"@type\":\"WebSite\",\"@id\":\"https:\\\/\\\/unkrautverkaufer.com\\\/#website\",\"url\":\"https:\\\/\\\/unkrautverkaufer.com\\\/\",\"name\":\"GRAS ONLINE KAUFEN DEUTSCHLAND\",\"description\":\"Cannabis kaufen\",\"publisher\":{\"@id\":\"https:\\\/\\\/unkrautverkaufer.com\\\/#organization\"},\"potentialAction\":[{\"@type\":\"SearchAction\",\"target\":{\"@type\":\"EntryPoint\",\"urlTemplate\":\"https:\\\/\\\/unkrautverkaufer.com\\\/?s={search_term_string}\"},\"query-input\":{\"@type\":\"PropertyValueSpecification\",\"valueRequired\":true,\"valueName\":\"search_term_string\"}}],\"inLanguage\":\"sv-SE\"},{\"@type\":\"Organization\",\"@id\":\"https:\\\/\\\/unkrautverkaufer.com\\\/#organization\",\"name\":\"GRAS ONLINE KAUFEN DEUTSCHLAND\",\"url\":\"https:\\\/\\\/unkrautverkaufer.com\\\/\",\"logo\":{\"@type\":\"ImageObject\",\"inLanguage\":\"sv-SE\",\"@id\":\"https:\\\/\\\/unkrautverkaufer.com\\\/#\\\/schema\\\/logo\\\/image\\\/\",\"url\":\"https:\\\/\\\/unkrautverkaufer.com\\\/wp-content\\\/uploads\\\/2021\\\/08\\\/logow.png\",\"contentUrl\":\"https:\\\/\\\/unkrautverkaufer.com\\\/wp-content\\\/uploads\\\/2021\\\/08\\\/logow.png\",\"width\":300,\"height\":170,\"caption\":\"GRAS ONLINE KAUFEN DEUTSCHLAND\"},\"image\":{\"@id\":\"https:\\\/\\\/unkrautverkaufer.com\\\/#\\\/schema\\\/logo\\\/image\\\/\"}}]}<\/script>\n<!-- \/ Yoast SEO plugin. -->","yoast_head_json":{"title":"Gras Kaufen Online | woher bekomme ich gras in Deutschland","description":"Gras Kaufen Online | woher bekomme ich gra in Deutschland und erhalten Sie kostenlosen Versand kaufen Gro\u00dfhandel Hanf in Deutschland.","robots":{"index":"index","follow":"follow","max-snippet":"max-snippet:-1","max-image-preview":"max-image-preview:large","max-video-preview":"max-video-preview:-1"},"canonical":"https:\/\/unkrautverkaufer.com\/sv\/product\/buy-super-lemon-haze-online-gras-kaufen-online\/","og_locale":"sv_SE","og_type":"article","og_title":"Gras Kaufen Online | woher bekomme ich gras in Deutschland","og_description":"Gras Kaufen Online | woher bekomme ich gra in Deutschland und erhalten Sie kostenlosen Versand kaufen Gro\u00dfhandel Hanf in Deutschland.","og_url":"https:\/\/unkrautverkaufer.com\/sv\/product\/buy-super-lemon-haze-online-gras-kaufen-online\/","og_site_name":"GRAS ONLINE KAUFEN DEUTSCHLAND","article_modified_time":"2026-04-11T15:11:12+00:00","og_image":[{"width":600,"height":400,"url":"https:\/\/unkrautverkaufer.com\/wp-content\/uploads\/2021\/08\/Lemon-Haze.jpg","type":"image\/jpeg"}],"twitter_card":"summary_large_image","twitter_misc":{"Ber\u00e4knad l\u00e4stid":"2 minuter"},"schema":{"@context":"https:\/\/schema.org","@graph":[{"@type":"WebPage","@id":"https:\/\/unkrautverkaufer.com\/product\/buy-super-lemon-haze-online-gras-kaufen-online\/","url":"https:\/\/unkrautverkaufer.com\/product\/buy-super-lemon-haze-online-gras-kaufen-online\/","name":"Gras Kaufen Online | woher bekomme ich gras in Deutschland","isPartOf":{"@id":"https:\/\/unkrautverkaufer.com\/#website"},"primaryImageOfPage":{"@id":"https:\/\/unkrautverkaufer.com\/product\/buy-super-lemon-haze-online-gras-kaufen-online\/#primaryimage"},"image":{"@id":"https:\/\/unkrautverkaufer.com\/product\/buy-super-lemon-haze-online-gras-kaufen-online\/#primaryimage"},"thumbnailUrl":"https:\/\/unkrautverkaufer.com\/wp-content\/uploads\/2021\/08\/Lemon-Haze.jpg","datePublished":"2021-12-04T22:14:00+00:00","dateModified":"2026-04-11T15:11:12+00:00","description":"Gras Kaufen Online | woher bekomme ich gra in Deutschland und erhalten Sie kostenlosen Versand kaufen Gro\u00dfhandel Hanf in Deutschland.","breadcrumb":{"@id":"https:\/\/unkrautverkaufer.com\/product\/buy-super-lemon-haze-online-gras-kaufen-online\/#breadcrumb"},"inLanguage":"sv-SE","potentialAction":[{"@type":"ReadAction","target":["https:\/\/unkrautverkaufer.com\/product\/buy-super-lemon-haze-online-gras-kaufen-online\/"]}]},{"@type":"ImageObject","inLanguage":"sv-SE","@id":"https:\/\/unkrautverkaufer.com\/product\/buy-super-lemon-haze-online-gras-kaufen-online\/#primaryimage","url":"https:\/\/unkrautverkaufer.com\/wp-content\/uploads\/2021\/08\/Lemon-Haze.jpg","contentUrl":"https:\/\/unkrautverkaufer.com\/wp-content\/uploads\/2021\/08\/Lemon-Haze.jpg","width":600,"height":400,"caption":"Gras Kaufen Online"},{"@type":"BreadcrumbList","@id":"https:\/\/unkrautverkaufer.com\/product\/buy-super-lemon-haze-online-gras-kaufen-online\/#breadcrumb","itemListElement":[{"@type":"ListItem","position":1,"name":"Home","item":"https:\/\/unkrautverkaufer.com\/de_de\/"},{"@type":"ListItem","position":2,"name":"Shop","item":"https:\/\/unkrautverkaufer.com\/pl\/cannabis-kaufen\/"},{"@type":"ListItem","position":3,"name":"Buy super Lemon Haze online"}]},{"@type":"WebSite","@id":"https:\/\/unkrautverkaufer.com\/#website","url":"https:\/\/unkrautverkaufer.com\/","name":"GRAS ONLINE KAUFEN DEUTSCHLAND","description":"Cannabis kaufen","publisher":{"@id":"https:\/\/unkrautverkaufer.com\/#organization"},"potentialAction":[{"@type":"SearchAction","target":{"@type":"EntryPoint","urlTemplate":"https:\/\/unkrautverkaufer.com\/?s={search_term_string}"},"query-input":{"@type":"PropertyValueSpecification","valueRequired":true,"valueName":"search_term_string"}}],"inLanguage":"sv-SE"},{"@type":"Organization","@id":"https:\/\/unkrautverkaufer.com\/#organization","name":"GRAS ONLINE KAUFEN DEUTSCHLAND","url":"https:\/\/unkrautverkaufer.com\/","logo":{"@type":"ImageObject","inLanguage":"sv-SE","@id":"https:\/\/unkrautverkaufer.com\/#\/schema\/logo\/image\/","url":"https:\/\/unkrautverkaufer.com\/wp-content\/uploads\/2021\/08\/logow.png","contentUrl":"https:\/\/unkrautverkaufer.com\/wp-content\/uploads\/2021\/08\/logow.png","width":300,"height":170,"caption":"GRAS ONLINE KAUFEN DEUTSCHLAND"},"image":{"@id":"https:\/\/unkrautverkaufer.com\/#\/schema\/logo\/image\/"}}]}},"_links":{"self":[{"href":"https:\/\/unkrautverkaufer.com\/sv\/wp-json\/wp\/v2\/product\/1202","targetHints":{"allow":["GET"]}}],"collection":[{"href":"https:\/\/unkrautverkaufer.com\/sv\/wp-json\/wp\/v2\/product"}],"about":[{"href":"https:\/\/unkrautverkaufer.com\/sv\/wp-json\/wp\/v2\/types\/product"}],"replies":[{"embeddable":true,"href":"https:\/\/unkrautverkaufer.com\/sv\/wp-json\/wp\/v2\/comments?post=1202"}],"wp:featuredmedia":[{"embeddable":true,"href":"https:\/\/unkrautverkaufer.com\/sv\/wp-json\/wp\/v2\/media\/38"}],"wp:attachment":[{"href":"https:\/\/unkrautverkaufer.com\/sv\/wp-json\/wp\/v2\/media?parent=1202"}],"wp:term":[{"taxonomy":"product_brand","embeddable":true,"href":"https:\/\/unkrautverkaufer.com\/sv\/wp-json\/wp\/v2\/product_brand?post=1202"},{"taxonomy":"product_cat","embeddable":true,"href":"https:\/\/unkrautverkaufer.com\/sv\/wp-json\/wp\/v2\/product_cat?post=1202"},{"taxonomy":"product_tag","embeddable":true,"href":"https:\/\/unkrautverkaufer.com\/sv\/wp-json\/wp\/v2\/product_tag?post=1202"}],"curies":[{"name":"wp","href":"https:\/\/api.w.org\/{rel}","templated":true}]}}