{"id":1206,"date":"2021-12-04T22:14:01","date_gmt":"2021-12-04T22:14:01","guid":{"rendered":"https:\/\/unkrautverkaufer.com\/?post_type=product&#038;p=1206"},"modified":"2026-04-14T05:02:17","modified_gmt":"2026-04-14T05:02:17","slug":"buy-green-gelato-online","status":"publish","type":"product","link":"https:\/\/unkrautverkaufer.com\/pt\/product\/buy-green-gelato-online\/","title":{"rendered":"Buy green gelato online"},"content":{"rendered":"<p>Marihuana legal kaufen.Thc-Gehalt \u00fcber 45% macht es stark hoch, und diese berauschende Mischung wird einen bald in das Meer der Ruhe bringen. Es dauert etwa 8 bis 9 Wochen, um zu wachsen und den Bl\u00fcteprozess abzuschlie\u00dfen. Es kann drinnen und drau\u00dfen angebaut werden, und die L\u00e4nge w\u00fcrde entsprechend variieren. Um das Beste aus seiner Ernte herauszugewinnen, w\u00e4re ein sorgf\u00e4ltiges Trimmen und Topping erforderlich. Diese Sorte umfasst auch medizinische Eigenschaften, um mit Schmerzen, Stimmungsschwankungen und Appetitanregung usw. umzugehen.<\/p>\n<p>Green Gelato ist wahrscheinlich der k\u00f6stlichste Hybrid innerhalb der gesamten RQS-Kollektion. Thin Mint Cookies und Sunset Sherbet in der N\u00e4he, um unsere reichste, \u00fcppigste <a href=\"https:\/\/unkrautverkaufer.com\/pt\/product\/gras-droge-kaufen-cannabis-im-internet-in-deutschland-cookies-gelato\/\">Dessert-Cannabissorte zu machen<\/a>. G\u00f6nnen Sie sich selbst und damit den Grow-Op mit dem leckersten <a href=\"https:\/\/lv.wikipedia.org\/wiki\/Marihu%C4%81na\">Marihuana<\/a>, das Sie m\u00f6glicherweise in 8-10 Wochen bl\u00fchen werden.<\/p>\n<p>K\u00f6rperliche Entspannung kommt stark, aber viele finden sich immer noch geistig beweglich genug, um produktiv und k\u00fcnstlerisch zu bleiben, wenn sie Gelato w\u00e4hrend des Tages genie\u00dfen. Marihuana legal kaufen<\/p>\n<p>Schilder<br \/>\nToller Service. Vertrauen Sie uns. Wir liefern. Heim. Treu. Dem\u00fctig. Liebe. Leben. Lachen. Tue nicht. Drogen. Pillen. Angst. Lebe, weil das Leben kurz ist. Stark. Wir k\u00fcmmern uns, weil wir dich lieben. Wie auch immer wir uns k\u00fcmmern. Wirklich. Zweitens. diskret. Versand. Weil. Tapfer. Rechts. Entz\u00fccken. Hinzuf\u00fcgen dazu. Weil. Bestellen. Cannabis. Xan.<\/p>\n<p>Feucht. Lager. Schmerz. weil. Chro. Howe. Nr. 1. W. Wann. Auto. FedEx. DHL. Dann. Nach. ausdr\u00fccken. Heim. Weil. Aber. Au\u00dferdem. Dann. Weil. G. F. W. T. Dann. Aber.<\/p>","protected":false},"excerpt":{"rendered":"<p>Green Gelato entstand durch die Kreuzung von Thin Mint Girl Scout Cookies und Sunset Sherbet. Bei der Arbeit an diesem speziellen Hybrid wurde auf exklusive Handwerkskunst bedacht. Das f\u00fchrt zu einigen der besten Entscheidungen unter Cannabiskennern. Der Geschmack und das Aroma, das diese Pflanze bietet, sind schwer mit Worten zu beschreiben. Es mag seltsam erscheinen, dar\u00fcber nachzudenken, Minzkekse mit Orangensorbet zu mischen, aber was Sie am Ende bekommen, macht es w\u00fcrdig genug, um konsumiert zu werden. Kaufen Sie gr\u00fcnes Eis online.<\/p>","protected":false},"featured_media":1321,"comment_status":"open","ping_status":"closed","template":"","meta":[],"product_brand":[],"product_cat":[15],"product_tag":[278,279,280,281,282,283,284],"class_list":{"0":"post-1206","1":"product","2":"type-product","3":"status-publish","4":"has-post-thumbnail","6":"product_cat-strains","7":"product_tag-cbd-aromabluten","8":"product_tag-cbd-bluten-verschnitt-kaufen","9":"product_tag-cbd-kaufen","10":"product_tag-cbd-purple-haze-kaufen-1-kg-cbd-bluten-kaufen","11":"product_tag-gelato-cbd-wirkung","12":"product_tag-ivory-cbd","13":"product_tag-skywalker-cbd","15":"first","16":"instock","17":"shipping-taxable","18":"purchasable","19":"product-type-variable"},"yoast_head":"<!-- This site is optimized with the Yoast SEO plugin v27.3 - https:\/\/yoast.com\/product\/yoast-seo-wordpress\/ -->\n<title>Marihuana legal kaufen | gras im internet bestellt | kostenloser Versand<\/title>\n<meta name=\"description\" content=\"Marihuana legal kaufen | gras im internet bestellt | 100% kostenloser diskreter Versand in ganz Deutschland. Jetzt bestellen\" \/>\n<meta name=\"robots\" content=\"index, follow, max-snippet:-1, max-image-preview:large, max-video-preview:-1\" \/>\n<link rel=\"canonical\" href=\"https:\/\/unkrautverkaufer.com\/pt\/product\/buy-green-gelato-online\/\" \/>\n<meta property=\"og:locale\" content=\"pt_PT\" \/>\n<meta property=\"og:type\" content=\"article\" \/>\n<meta property=\"og:title\" content=\"Marihuana legal kaufen | gras im internet bestellt | kostenloser Versand\" \/>\n<meta property=\"og:description\" content=\"Marihuana legal kaufen | gras im internet bestellt | 100% kostenloser diskreter Versand in ganz Deutschland. Jetzt bestellen\" \/>\n<meta property=\"og:url\" content=\"https:\/\/unkrautverkaufer.com\/pt\/product\/buy-green-gelato-online\/\" \/>\n<meta property=\"og:site_name\" content=\"GRAS ONLINE KAUFEN DEUTSCHLAND\" \/>\n<meta property=\"article:modified_time\" content=\"2026-04-14T05:02:17+00:00\" \/>\n<meta property=\"og:image\" content=\"https:\/\/unkrautverkaufer.com\/wp-content\/uploads\/2021\/12\/WhatsApp-Image-2022-01-07-at-00.48.36-3.jpeg\" \/>\n\t<meta property=\"og:image:width\" content=\"1280\" \/>\n\t<meta property=\"og:image:height\" content=\"960\" \/>\n\t<meta property=\"og:image:type\" content=\"image\/jpeg\" \/>\n<meta name=\"twitter:card\" content=\"summary_large_image\" \/>\n<meta name=\"twitter:label1\" content=\"Tempo estimado de leitura\" \/>\n\t<meta name=\"twitter:data1\" content=\"2 minutos\" \/>\n<script type=\"application\/ld+json\" class=\"yoast-schema-graph\">{\"@context\":\"https:\\\/\\\/schema.org\",\"@graph\":[{\"@type\":\"WebPage\",\"@id\":\"https:\\\/\\\/unkrautverkaufer.com\\\/product\\\/buy-green-gelato-online\\\/\",\"url\":\"https:\\\/\\\/unkrautverkaufer.com\\\/product\\\/buy-green-gelato-online\\\/\",\"name\":\"Marihuana legal kaufen | gras im internet bestellt | kostenloser Versand\",\"isPartOf\":{\"@id\":\"https:\\\/\\\/unkrautverkaufer.com\\\/#website\"},\"primaryImageOfPage\":{\"@id\":\"https:\\\/\\\/unkrautverkaufer.com\\\/product\\\/buy-green-gelato-online\\\/#primaryimage\"},\"image\":{\"@id\":\"https:\\\/\\\/unkrautverkaufer.com\\\/product\\\/buy-green-gelato-online\\\/#primaryimage\"},\"thumbnailUrl\":\"https:\\\/\\\/unkrautverkaufer.com\\\/wp-content\\\/uploads\\\/2021\\\/12\\\/WhatsApp-Image-2022-01-07-at-00.48.36-3.jpeg\",\"datePublished\":\"2021-12-04T22:14:01+00:00\",\"dateModified\":\"2026-04-14T05:02:17+00:00\",\"description\":\"Marihuana legal kaufen | gras im internet bestellt | 100% kostenloser diskreter Versand in ganz Deutschland. Jetzt bestellen\",\"breadcrumb\":{\"@id\":\"https:\\\/\\\/unkrautverkaufer.com\\\/product\\\/buy-green-gelato-online\\\/#breadcrumb\"},\"inLanguage\":\"pt-PT\",\"potentialAction\":[{\"@type\":\"ReadAction\",\"target\":[\"https:\\\/\\\/unkrautverkaufer.com\\\/product\\\/buy-green-gelato-online\\\/\"]}]},{\"@type\":\"ImageObject\",\"inLanguage\":\"pt-PT\",\"@id\":\"https:\\\/\\\/unkrautverkaufer.com\\\/product\\\/buy-green-gelato-online\\\/#primaryimage\",\"url\":\"https:\\\/\\\/unkrautverkaufer.com\\\/wp-content\\\/uploads\\\/2021\\\/12\\\/WhatsApp-Image-2022-01-07-at-00.48.36-3.jpeg\",\"contentUrl\":\"https:\\\/\\\/unkrautverkaufer.com\\\/wp-content\\\/uploads\\\/2021\\\/12\\\/WhatsApp-Image-2022-01-07-at-00.48.36-3.jpeg\",\"width\":1280,\"height\":960,\"caption\":\"grass kaufen\"},{\"@type\":\"BreadcrumbList\",\"@id\":\"https:\\\/\\\/unkrautverkaufer.com\\\/product\\\/buy-green-gelato-online\\\/#breadcrumb\",\"itemListElement\":[{\"@type\":\"ListItem\",\"position\":1,\"name\":\"Home\",\"item\":\"https:\\\/\\\/unkrautverkaufer.com\\\/de_de\\\/\"},{\"@type\":\"ListItem\",\"position\":2,\"name\":\"Shop\",\"item\":\"https:\\\/\\\/unkrautverkaufer.com\\\/pl\\\/cannabis-kaufen\\\/\"},{\"@type\":\"ListItem\",\"position\":3,\"name\":\"Buy green gelato online\"}]},{\"@type\":\"WebSite\",\"@id\":\"https:\\\/\\\/unkrautverkaufer.com\\\/#website\",\"url\":\"https:\\\/\\\/unkrautverkaufer.com\\\/\",\"name\":\"GRAS ONLINE KAUFEN DEUTSCHLAND\",\"description\":\"Cannabis kaufen\",\"publisher\":{\"@id\":\"https:\\\/\\\/unkrautverkaufer.com\\\/#organization\"},\"potentialAction\":[{\"@type\":\"SearchAction\",\"target\":{\"@type\":\"EntryPoint\",\"urlTemplate\":\"https:\\\/\\\/unkrautverkaufer.com\\\/?s={search_term_string}\"},\"query-input\":{\"@type\":\"PropertyValueSpecification\",\"valueRequired\":true,\"valueName\":\"search_term_string\"}}],\"inLanguage\":\"pt-PT\"},{\"@type\":\"Organization\",\"@id\":\"https:\\\/\\\/unkrautverkaufer.com\\\/#organization\",\"name\":\"GRAS ONLINE KAUFEN DEUTSCHLAND\",\"url\":\"https:\\\/\\\/unkrautverkaufer.com\\\/\",\"logo\":{\"@type\":\"ImageObject\",\"inLanguage\":\"pt-PT\",\"@id\":\"https:\\\/\\\/unkrautverkaufer.com\\\/#\\\/schema\\\/logo\\\/image\\\/\",\"url\":\"https:\\\/\\\/unkrautverkaufer.com\\\/wp-content\\\/uploads\\\/2021\\\/08\\\/logow.png\",\"contentUrl\":\"https:\\\/\\\/unkrautverkaufer.com\\\/wp-content\\\/uploads\\\/2021\\\/08\\\/logow.png\",\"width\":300,\"height\":170,\"caption\":\"GRAS ONLINE KAUFEN DEUTSCHLAND\"},\"image\":{\"@id\":\"https:\\\/\\\/unkrautverkaufer.com\\\/#\\\/schema\\\/logo\\\/image\\\/\"}}]}<\/script>\n<!-- \/ Yoast SEO plugin. -->","yoast_head_json":{"title":"Marihuana legal kaufen | gras im internet bestellt | kostenloser Versand","description":"Marihuana legal kaufen | gras im internet bestellt | 100% kostenloser diskreter Versand in ganz Deutschland. Jetzt bestellen","robots":{"index":"index","follow":"follow","max-snippet":"max-snippet:-1","max-image-preview":"max-image-preview:large","max-video-preview":"max-video-preview:-1"},"canonical":"https:\/\/unkrautverkaufer.com\/pt\/product\/buy-green-gelato-online\/","og_locale":"pt_PT","og_type":"article","og_title":"Marihuana legal kaufen | gras im internet bestellt | kostenloser Versand","og_description":"Marihuana legal kaufen | gras im internet bestellt | 100% kostenloser diskreter Versand in ganz Deutschland. Jetzt bestellen","og_url":"https:\/\/unkrautverkaufer.com\/pt\/product\/buy-green-gelato-online\/","og_site_name":"GRAS ONLINE KAUFEN DEUTSCHLAND","article_modified_time":"2026-04-14T05:02:17+00:00","og_image":[{"width":1280,"height":960,"url":"https:\/\/unkrautverkaufer.com\/wp-content\/uploads\/2021\/12\/WhatsApp-Image-2022-01-07-at-00.48.36-3.jpeg","type":"image\/jpeg"}],"twitter_card":"summary_large_image","twitter_misc":{"Tempo estimado de leitura":"2 minutos"},"schema":{"@context":"https:\/\/schema.org","@graph":[{"@type":"WebPage","@id":"https:\/\/unkrautverkaufer.com\/product\/buy-green-gelato-online\/","url":"https:\/\/unkrautverkaufer.com\/product\/buy-green-gelato-online\/","name":"Marihuana legal kaufen | gras im internet bestellt | kostenloser Versand","isPartOf":{"@id":"https:\/\/unkrautverkaufer.com\/#website"},"primaryImageOfPage":{"@id":"https:\/\/unkrautverkaufer.com\/product\/buy-green-gelato-online\/#primaryimage"},"image":{"@id":"https:\/\/unkrautverkaufer.com\/product\/buy-green-gelato-online\/#primaryimage"},"thumbnailUrl":"https:\/\/unkrautverkaufer.com\/wp-content\/uploads\/2021\/12\/WhatsApp-Image-2022-01-07-at-00.48.36-3.jpeg","datePublished":"2021-12-04T22:14:01+00:00","dateModified":"2026-04-14T05:02:17+00:00","description":"Marihuana legal kaufen | gras im internet bestellt | 100% kostenloser diskreter Versand in ganz Deutschland. Jetzt bestellen","breadcrumb":{"@id":"https:\/\/unkrautverkaufer.com\/product\/buy-green-gelato-online\/#breadcrumb"},"inLanguage":"pt-PT","potentialAction":[{"@type":"ReadAction","target":["https:\/\/unkrautverkaufer.com\/product\/buy-green-gelato-online\/"]}]},{"@type":"ImageObject","inLanguage":"pt-PT","@id":"https:\/\/unkrautverkaufer.com\/product\/buy-green-gelato-online\/#primaryimage","url":"https:\/\/unkrautverkaufer.com\/wp-content\/uploads\/2021\/12\/WhatsApp-Image-2022-01-07-at-00.48.36-3.jpeg","contentUrl":"https:\/\/unkrautverkaufer.com\/wp-content\/uploads\/2021\/12\/WhatsApp-Image-2022-01-07-at-00.48.36-3.jpeg","width":1280,"height":960,"caption":"grass kaufen"},{"@type":"BreadcrumbList","@id":"https:\/\/unkrautverkaufer.com\/product\/buy-green-gelato-online\/#breadcrumb","itemListElement":[{"@type":"ListItem","position":1,"name":"Home","item":"https:\/\/unkrautverkaufer.com\/de_de\/"},{"@type":"ListItem","position":2,"name":"Shop","item":"https:\/\/unkrautverkaufer.com\/pl\/cannabis-kaufen\/"},{"@type":"ListItem","position":3,"name":"Buy green gelato online"}]},{"@type":"WebSite","@id":"https:\/\/unkrautverkaufer.com\/#website","url":"https:\/\/unkrautverkaufer.com\/","name":"GRAS ONLINE KAUFEN DEUTSCHLAND","description":"Cannabis kaufen","publisher":{"@id":"https:\/\/unkrautverkaufer.com\/#organization"},"potentialAction":[{"@type":"SearchAction","target":{"@type":"EntryPoint","urlTemplate":"https:\/\/unkrautverkaufer.com\/?s={search_term_string}"},"query-input":{"@type":"PropertyValueSpecification","valueRequired":true,"valueName":"search_term_string"}}],"inLanguage":"pt-PT"},{"@type":"Organization","@id":"https:\/\/unkrautverkaufer.com\/#organization","name":"GRAS ONLINE KAUFEN DEUTSCHLAND","url":"https:\/\/unkrautverkaufer.com\/","logo":{"@type":"ImageObject","inLanguage":"pt-PT","@id":"https:\/\/unkrautverkaufer.com\/#\/schema\/logo\/image\/","url":"https:\/\/unkrautverkaufer.com\/wp-content\/uploads\/2021\/08\/logow.png","contentUrl":"https:\/\/unkrautverkaufer.com\/wp-content\/uploads\/2021\/08\/logow.png","width":300,"height":170,"caption":"GRAS ONLINE KAUFEN DEUTSCHLAND"},"image":{"@id":"https:\/\/unkrautverkaufer.com\/#\/schema\/logo\/image\/"}}]}},"_links":{"self":[{"href":"https:\/\/unkrautverkaufer.com\/pt\/wp-json\/wp\/v2\/product\/1206","targetHints":{"allow":["GET"]}}],"collection":[{"href":"https:\/\/unkrautverkaufer.com\/pt\/wp-json\/wp\/v2\/product"}],"about":[{"href":"https:\/\/unkrautverkaufer.com\/pt\/wp-json\/wp\/v2\/types\/product"}],"replies":[{"embeddable":true,"href":"https:\/\/unkrautverkaufer.com\/pt\/wp-json\/wp\/v2\/comments?post=1206"}],"wp:featuredmedia":[{"embeddable":true,"href":"https:\/\/unkrautverkaufer.com\/pt\/wp-json\/wp\/v2\/media\/1321"}],"wp:attachment":[{"href":"https:\/\/unkrautverkaufer.com\/pt\/wp-json\/wp\/v2\/media?parent=1206"}],"wp:term":[{"taxonomy":"product_brand","embeddable":true,"href":"https:\/\/unkrautverkaufer.com\/pt\/wp-json\/wp\/v2\/product_brand?post=1206"},{"taxonomy":"product_cat","embeddable":true,"href":"https:\/\/unkrautverkaufer.com\/pt\/wp-json\/wp\/v2\/product_cat?post=1206"},{"taxonomy":"product_tag","embeddable":true,"href":"https:\/\/unkrautverkaufer.com\/pt\/wp-json\/wp\/v2\/product_tag?post=1206"}],"curies":[{"name":"wp","href":"https:\/\/api.w.org\/{rel}","templated":true}]}}