{"id":81,"date":"2021-08-10T12:18:26","date_gmt":"2021-08-10T12:18:26","guid":{"rendered":"https:\/\/unkrautverkaufer.com\/?page_id=81"},"modified":"2021-08-24T17:42:02","modified_gmt":"2021-08-24T17:42:02","slug":"about-gras-kaufen-hamburg-gras-kaufen-koln-hamburg-weed-kaufen","status":"publish","type":"page","link":"https:\/\/unkrautverkaufer.com\/pt\/about-gras-kaufen-hamburg-gras-kaufen-koln-hamburg-weed-kaufen\/","title":{"rendered":"About"},"content":{"rendered":"<div data-elementor-type=\"wp-page\" data-elementor-id=\"81\" class=\"elementor elementor-81\" data-elementor-post-type=\"page\">\n\t\t\t\t\t\t<section class=\"elementor-section elementor-top-section elementor-element elementor-element-21281831 elementor-section-boxed elementor-section-height-default elementor-section-height-default wpr-particle-no wpr-jarallax-no wpr-parallax-no wpr-sticky-section-no\" data-id=\"21281831\" data-element_type=\"section\" data-e-type=\"section\">\n\t\t\t\t\t\t<div class=\"elementor-container elementor-column-gap-default\">\n\t\t\t\t\t<div class=\"elementor-column elementor-col-100 elementor-top-column elementor-element elementor-element-40ab992f\" data-id=\"40ab992f\" data-element_type=\"column\" data-e-type=\"column\">\n\t\t\t<div class=\"elementor-widget-wrap elementor-element-populated\">\n\t\t\t\t\t\t<div class=\"elementor-element elementor-element-14728d35 elementor-widget elementor-widget-text-editor\" data-id=\"14728d35\" data-element_type=\"widget\" data-e-type=\"widget\" data-widget_type=\"text-editor.default\">\n\t\t\t\t<div class=\"elementor-widget-container\">\n\t\t\t\t\t\t\t\t\t<h1>Gras Kaufen Hamburg | weed kaufen online | Gras shop<\/h1><p>Gras Kaufen Hamburg. Nach Jahren der Suche nach echten Unkrautlieferanten in Deutschland waren wir frustriert, wie schwierig es sein kann, eine legitime Unkrautapotheke zu recherchieren und zu bekommen, die in Deutschland versandt wird. Wir glaubten dann, dass es eine benutzerfreundlichere, sicherere und diskretere Methode geben muss, um <a href=\"https:\/\/unsplash.com\/s\/photos\/marihuana\">Marihuana online in Deutschland<\/a> zu kaufen, weed im internet bestellen, wo kann ich weed online bestellen, cannabis im internet bestellen und eine expresse und diskrete Unkrautlieferung in Deutschland zu erhalten.<\/p><p>Wir beschlossen, dass es an der Zeit war, eine Website zu erstellen, die zeigen w\u00fcrde, wie einfach es f\u00fcr jeden mit fast jedem Budget ist, Cannabis online in Deutschland zu kaufen. Wir wollten eine Ressource bereitstellen, die kein Login oder Konto erfordert, sondern nur einen leicht zug\u00e4nglichen Unkrautladen in Deutschland, der liefert.<\/p><p>Wenn Sie Marihuana online kaufen, Haschisch online in Deutschland, Kekse, Brownies, Tinkturen online in Deutschland oder Butter kaufen m\u00f6chten, werden wir Ihre Erwartungen mit unserer unglaublichen Auswahl und Qualit\u00e4t von Produkten \u00fcbertreffen, die mit den besten nat\u00fcrlichen Mitteln im Innenbereich angebaut werden und zu einem Preis festgelegt werden, den Sie sich leisten k\u00f6nnen. Wir haben ein professionelles Team, das sich um die Verpackung Ihrer Bestellungen ent, wenn Sie bei uns online in Deutschland Unkraut bestellen. Wir verkaufen nur das beste Marihuana zum Verkauf, und alle unsere Produkte enthalten echtes THC. Unser Marijuana Strains Store ist seit 2017 die Top-Destination in Deutschland f\u00fcr all Ihr medizinisches Marihuana in Deutschland. Wir engagieren uns seit 5 Jahren in der medizinischen\u00a0<a href=\"https:\/\/unkrautverkaufer.com\/pt\/\" target=\"_blank\" rel=\"noopener\">Marihuana-Community in Deutschland\u00a0<\/a>und haben den starken Wunsch, Menschen wirklich dabei zu helfen, Marihuana in Deutschland diskret online zu kaufen.<\/p><p>EXPRESS, ZUVERL\u00c4SSIGER UND DISKRETER VERSAND<\/p><p>Wir stellen allen Kunden Versand- und Tracking-Informationen zur Verf\u00fcgung, wenn Sie Marihuana online in Deutschland kaufen. Wenn Bestellungen versandt werden, werden sofort Tracking-Informationen bereitgestellt. Wenn Ihre Zahlung eingegangen ist, senden wir Ihnen eine E-Mail, um Sie dar\u00fcber zu informieren.<\/p><p>Wir versenden KOSTENLOS direkt an Ihre Haust\u00fcr oder Briefkastenadresse! Hochwertiges medizinisches Marihuana in Deutschland! Mit dem aktuellen Preis f\u00fcr Unkraut k\u00f6nnen wir Ihnen Geld sparen. Kunden mit einer Erkrankung und einem Rezept haben ebenfalls Anspruch auf Rabatte.<\/p><p>Zuverl\u00e4ssigkeit Aufgrund der vielen Beziehungen, die wir im Laufe der Jahre zu Unseren Kunden aufgebaut haben, sind wir in der Lage, unseren Kunden konsequent ein \u00fcberlegenes Produkt anzubieten. Sie k\u00f6nnen sich darauf verlassen, dass wir die beste Online-Apotheke in Deutschland sind Gras Kaufen Hamburg.<\/p><h4 class=\"highlight\">\u00a0<\/h4><p>Wir sind ein legitimer Gras-Shop online, wo Sie Cannabis online kaufen k\u00f6nnen, Gras online bestellen Deutschland der gerne das hochwertige Unkraut in Deutschland anbaut und an unsere Freunde und Kunden weitergibt. Aus der Alkoholindustrie kommend, erkannten wir die sozialen Sch\u00e4den und Zerst\u00f6rungen, die Alkohol in den Gemeinden in Deutschland verursacht. Anstatt einen kalten Bier- und Weinladen zu er\u00f6ffnen oder wieder in das Bargesch\u00e4ft einzusteigen, entschieden wir uns f\u00fcr die sicherere Alternative. Wir freuen uns darauf, Ihnen zu helfen, all Ihr medizinisches und Freizeit-Marihuana in Deutschland zu bekommen.<\/p>\t\t\t\t\t\t\t\t<\/div>\n\t\t\t\t<\/div>\n\t\t\t\t\t<\/div>\n\t\t<\/div>\n\t\t\t\t\t<\/div>\n\t\t<\/section>\n\t\t\t\t<\/div>","protected":false},"excerpt":{"rendered":"<p>Gras Kaufen Hamburg | weed kaufen online | Gras shop Gras Kaufen Hamburg. Nach Jahren der Suche nach echten Unkrautlieferanten in Deutschland waren wir frustriert, wie schwierig es sein kann, eine legitime Unkrautapotheke zu recherchieren und zu bekommen, die in Deutschland versandt wird. Wir glaubten dann, dass es eine benutzerfreundlichere, sicherere und diskretere Methode geben muss, um Marihuana online in Deutschland zu kaufen, weed im internet bestellen, wo kann ich weed online bestellen, cannabis im internet bestellen und eine expresse und diskrete Unkrautlieferung in Deutschland zu erhalten. Wir beschlossen, dass es an der Zeit war, eine Website zu erstellen, die zeigen w\u00fcrde, wie einfach es f\u00fcr jeden mit fast jedem Budget ist, Cannabis online in Deutschland zu kaufen. Wir wollten eine Ressource bereitstellen, die kein Login oder Konto erfordert, sondern nur einen leicht zug\u00e4nglichen Unkrautladen in Deutschland, der liefert. Wenn Sie Marihuana online kaufen, Haschisch online in Deutschland, Kekse, Brownies, Tinkturen online in Deutschland oder Butter kaufen m\u00f6chten, werden wir Ihre Erwartungen mit unserer unglaublichen Auswahl und Qualit\u00e4t von Produkten \u00fcbertreffen, die mit den besten nat\u00fcrlichen Mitteln im Innenbereich angebaut werden und zu einem Preis festgelegt werden, den Sie sich leisten k\u00f6nnen. Wir haben ein professionelles Team, das sich um die Verpackung Ihrer Bestellungen ent, wenn Sie bei uns online in Deutschland Unkraut bestellen. Wir verkaufen nur das beste Marihuana zum Verkauf, und alle unsere Produkte enthalten echtes THC. Unser Marijuana Strains Store ist seit 2017 die Top-Destination in Deutschland f\u00fcr all Ihr medizinisches Marihuana in Deutschland. Wir engagieren uns seit 5 Jahren in der medizinischen\u00a0Marihuana-Community in Deutschland\u00a0und haben den starken Wunsch, Menschen wirklich dabei zu helfen, Marihuana in Deutschland diskret online zu kaufen. EXPRESS, ZUVERL\u00c4SSIGER UND DISKRETER VERSAND Wir stellen allen Kunden Versand- und Tracking-Informationen zur Verf\u00fcgung, wenn Sie Marihuana online in Deutschland kaufen. Wenn Bestellungen versandt werden, werden sofort Tracking-Informationen bereitgestellt. Wenn Ihre Zahlung eingegangen ist, senden wir Ihnen eine E-Mail, um Sie dar\u00fcber zu informieren. Wir versenden KOSTENLOS direkt an Ihre Haust\u00fcr oder Briefkastenadresse! Hochwertiges medizinisches Marihuana in Deutschland! Mit dem aktuellen Preis f\u00fcr Unkraut k\u00f6nnen wir Ihnen Geld sparen. Kunden mit einer Erkrankung und einem Rezept haben ebenfalls Anspruch auf Rabatte. Zuverl\u00e4ssigkeit Aufgrund der vielen Beziehungen, die wir im Laufe der Jahre zu Unseren Kunden aufgebaut haben, sind wir in der Lage, unseren Kunden konsequent ein \u00fcberlegenes Produkt anzubieten. Sie k\u00f6nnen sich darauf verlassen, dass wir die beste Online-Apotheke in Deutschland sind Gras Kaufen Hamburg. Wir sind ein legitimer Gras-Shop online, wo Sie Cannabis online kaufen k\u00f6nnen, Gras online bestellen Deutschland der gerne das hochwertige Unkraut in Deutschland anbaut und an unsere Freunde und Kunden weitergibt. Aus der Alkoholindustrie kommend, erkannten wir die sozialen Sch\u00e4den und Zerst\u00f6rungen, die Alkohol in den Gemeinden in Deutschland verursacht. Anstatt einen kalten Bier- und Weinladen zu er\u00f6ffnen oder wieder in das Bargesch\u00e4ft einzusteigen, entschieden wir uns f\u00fcr die sicherere Alternative. Wir freuen uns darauf, Ihnen zu helfen, all Ihr medizinisches und Freizeit-Marihuana in Deutschland zu bekommen.<\/p>","protected":false},"author":1,"featured_media":0,"parent":0,"menu_order":0,"comment_status":"closed","ping_status":"closed","template":"","meta":{"footnotes":""},"class_list":["post-81","page","type-page","status-publish","hentry"],"yoast_head":"<!-- This site is optimized with the Yoast SEO plugin v27.3 - https:\/\/yoast.com\/product\/yoast-seo-wordpress\/ -->\n<title>Gras Kaufen Hamburg | Gras Kaufen K\u00f6ln | Hamburg Weed Kaufen<\/title>\n<meta name=\"description\" content=\"Gras Kaufen Hamburg | Gras Kaufen K\u00f6ln | Hamburg Weed Kaufen, Sie Unkraut in Deutschland und erhalten Sie kostenlosen und diskreten Versand.\" \/>\n<meta name=\"robots\" content=\"index, follow, max-snippet:-1, max-image-preview:large, max-video-preview:-1\" \/>\n<link rel=\"canonical\" href=\"https:\/\/unkrautverkaufer.com\/pt\/about-gras-kaufen-hamburg-gras-kaufen-koln-hamburg-weed-kaufen\/\" \/>\n<meta property=\"og:locale\" content=\"pt_PT\" \/>\n<meta property=\"og:type\" content=\"article\" \/>\n<meta property=\"og:title\" content=\"Gras Kaufen Hamburg | Gras Kaufen K\u00f6ln | Hamburg Weed Kaufen\" \/>\n<meta property=\"og:description\" content=\"Gras Kaufen Hamburg | Gras Kaufen K\u00f6ln | Hamburg Weed Kaufen, Sie Unkraut in Deutschland und erhalten Sie kostenlosen und diskreten Versand.\" \/>\n<meta property=\"og:url\" content=\"https:\/\/unkrautverkaufer.com\/pt\/about-gras-kaufen-hamburg-gras-kaufen-koln-hamburg-weed-kaufen\/\" \/>\n<meta property=\"og:site_name\" content=\"GRAS ONLINE KAUFEN DEUTSCHLAND\" \/>\n<meta property=\"article:modified_time\" content=\"2021-08-24T17:42:02+00:00\" \/>\n<meta name=\"twitter:card\" content=\"summary_large_image\" \/>\n<meta name=\"twitter:label1\" content=\"Tempo estimado de leitura\" \/>\n\t<meta name=\"twitter:data1\" content=\"3 minutos\" \/>\n<script type=\"application\/ld+json\" class=\"yoast-schema-graph\">{\"@context\":\"https:\\\/\\\/schema.org\",\"@graph\":[{\"@type\":\"WebPage\",\"@id\":\"https:\\\/\\\/unkrautverkaufer.com\\\/de_de\\\/about-gras-kaufen-hamburg-gras-kaufen-koln-hamburg-weed-kaufen\\\/\",\"url\":\"https:\\\/\\\/unkrautverkaufer.com\\\/de_de\\\/about-gras-kaufen-hamburg-gras-kaufen-koln-hamburg-weed-kaufen\\\/\",\"name\":\"Gras Kaufen Hamburg | Gras Kaufen K\u00f6ln | Hamburg Weed Kaufen\",\"isPartOf\":{\"@id\":\"https:\\\/\\\/unkrautverkaufer.com\\\/#website\"},\"datePublished\":\"2021-08-10T12:18:26+00:00\",\"dateModified\":\"2021-08-24T17:42:02+00:00\",\"description\":\"Gras Kaufen Hamburg | Gras Kaufen K\u00f6ln | Hamburg Weed Kaufen, Sie Unkraut in Deutschland und erhalten Sie kostenlosen und diskreten Versand.\",\"breadcrumb\":{\"@id\":\"https:\\\/\\\/unkrautverkaufer.com\\\/de_de\\\/about-gras-kaufen-hamburg-gras-kaufen-koln-hamburg-weed-kaufen\\\/#breadcrumb\"},\"inLanguage\":\"pt-PT\",\"potentialAction\":[{\"@type\":\"ReadAction\",\"target\":[\"https:\\\/\\\/unkrautverkaufer.com\\\/de_de\\\/about-gras-kaufen-hamburg-gras-kaufen-koln-hamburg-weed-kaufen\\\/\"]}]},{\"@type\":\"BreadcrumbList\",\"@id\":\"https:\\\/\\\/unkrautverkaufer.com\\\/de_de\\\/about-gras-kaufen-hamburg-gras-kaufen-koln-hamburg-weed-kaufen\\\/#breadcrumb\",\"itemListElement\":[{\"@type\":\"ListItem\",\"position\":1,\"name\":\"Home\",\"item\":\"https:\\\/\\\/unkrautverkaufer.com\\\/de_de\\\/\"},{\"@type\":\"ListItem\",\"position\":2,\"name\":\"About\"}]},{\"@type\":\"WebSite\",\"@id\":\"https:\\\/\\\/unkrautverkaufer.com\\\/#website\",\"url\":\"https:\\\/\\\/unkrautverkaufer.com\\\/\",\"name\":\"GRAS ONLINE KAUFEN DEUTSCHLAND\",\"description\":\"Cannabis kaufen\",\"publisher\":{\"@id\":\"https:\\\/\\\/unkrautverkaufer.com\\\/#organization\"},\"potentialAction\":[{\"@type\":\"SearchAction\",\"target\":{\"@type\":\"EntryPoint\",\"urlTemplate\":\"https:\\\/\\\/unkrautverkaufer.com\\\/?s={search_term_string}\"},\"query-input\":{\"@type\":\"PropertyValueSpecification\",\"valueRequired\":true,\"valueName\":\"search_term_string\"}}],\"inLanguage\":\"pt-PT\"},{\"@type\":\"Organization\",\"@id\":\"https:\\\/\\\/unkrautverkaufer.com\\\/#organization\",\"name\":\"GRAS ONLINE KAUFEN DEUTSCHLAND\",\"url\":\"https:\\\/\\\/unkrautverkaufer.com\\\/\",\"logo\":{\"@type\":\"ImageObject\",\"inLanguage\":\"pt-PT\",\"@id\":\"https:\\\/\\\/unkrautverkaufer.com\\\/#\\\/schema\\\/logo\\\/image\\\/\",\"url\":\"https:\\\/\\\/unkrautverkaufer.com\\\/wp-content\\\/uploads\\\/2021\\\/08\\\/logow.png\",\"contentUrl\":\"https:\\\/\\\/unkrautverkaufer.com\\\/wp-content\\\/uploads\\\/2021\\\/08\\\/logow.png\",\"width\":300,\"height\":170,\"caption\":\"GRAS ONLINE KAUFEN DEUTSCHLAND\"},\"image\":{\"@id\":\"https:\\\/\\\/unkrautverkaufer.com\\\/#\\\/schema\\\/logo\\\/image\\\/\"}}]}<\/script>\n<!-- \/ Yoast SEO plugin. -->","yoast_head_json":{"title":"Gras Kaufen Hamburg | Gras Kaufen K\u00f6ln | Hamburg Weed Kaufen","description":"Gras Kaufen Hamburg | Gras Kaufen K\u00f6ln | Hamburg Weed Kaufen, Sie Unkraut in Deutschland und erhalten Sie kostenlosen und diskreten Versand.","robots":{"index":"index","follow":"follow","max-snippet":"max-snippet:-1","max-image-preview":"max-image-preview:large","max-video-preview":"max-video-preview:-1"},"canonical":"https:\/\/unkrautverkaufer.com\/pt\/about-gras-kaufen-hamburg-gras-kaufen-koln-hamburg-weed-kaufen\/","og_locale":"pt_PT","og_type":"article","og_title":"Gras Kaufen Hamburg | Gras Kaufen K\u00f6ln | Hamburg Weed Kaufen","og_description":"Gras Kaufen Hamburg | Gras Kaufen K\u00f6ln | Hamburg Weed Kaufen, Sie Unkraut in Deutschland und erhalten Sie kostenlosen und diskreten Versand.","og_url":"https:\/\/unkrautverkaufer.com\/pt\/about-gras-kaufen-hamburg-gras-kaufen-koln-hamburg-weed-kaufen\/","og_site_name":"GRAS ONLINE KAUFEN DEUTSCHLAND","article_modified_time":"2021-08-24T17:42:02+00:00","twitter_card":"summary_large_image","twitter_misc":{"Tempo estimado de leitura":"3 minutos"},"schema":{"@context":"https:\/\/schema.org","@graph":[{"@type":"WebPage","@id":"https:\/\/unkrautverkaufer.com\/de_de\/about-gras-kaufen-hamburg-gras-kaufen-koln-hamburg-weed-kaufen\/","url":"https:\/\/unkrautverkaufer.com\/de_de\/about-gras-kaufen-hamburg-gras-kaufen-koln-hamburg-weed-kaufen\/","name":"Gras Kaufen Hamburg | Gras Kaufen K\u00f6ln | Hamburg Weed Kaufen","isPartOf":{"@id":"https:\/\/unkrautverkaufer.com\/#website"},"datePublished":"2021-08-10T12:18:26+00:00","dateModified":"2021-08-24T17:42:02+00:00","description":"Gras Kaufen Hamburg | Gras Kaufen K\u00f6ln | Hamburg Weed Kaufen, Sie Unkraut in Deutschland und erhalten Sie kostenlosen und diskreten Versand.","breadcrumb":{"@id":"https:\/\/unkrautverkaufer.com\/de_de\/about-gras-kaufen-hamburg-gras-kaufen-koln-hamburg-weed-kaufen\/#breadcrumb"},"inLanguage":"pt-PT","potentialAction":[{"@type":"ReadAction","target":["https:\/\/unkrautverkaufer.com\/de_de\/about-gras-kaufen-hamburg-gras-kaufen-koln-hamburg-weed-kaufen\/"]}]},{"@type":"BreadcrumbList","@id":"https:\/\/unkrautverkaufer.com\/de_de\/about-gras-kaufen-hamburg-gras-kaufen-koln-hamburg-weed-kaufen\/#breadcrumb","itemListElement":[{"@type":"ListItem","position":1,"name":"Home","item":"https:\/\/unkrautverkaufer.com\/de_de\/"},{"@type":"ListItem","position":2,"name":"About"}]},{"@type":"WebSite","@id":"https:\/\/unkrautverkaufer.com\/#website","url":"https:\/\/unkrautverkaufer.com\/","name":"GRAS ONLINE KAUFEN DEUTSCHLAND","description":"Cannabis kaufen","publisher":{"@id":"https:\/\/unkrautverkaufer.com\/#organization"},"potentialAction":[{"@type":"SearchAction","target":{"@type":"EntryPoint","urlTemplate":"https:\/\/unkrautverkaufer.com\/?s={search_term_string}"},"query-input":{"@type":"PropertyValueSpecification","valueRequired":true,"valueName":"search_term_string"}}],"inLanguage":"pt-PT"},{"@type":"Organization","@id":"https:\/\/unkrautverkaufer.com\/#organization","name":"GRAS ONLINE KAUFEN DEUTSCHLAND","url":"https:\/\/unkrautverkaufer.com\/","logo":{"@type":"ImageObject","inLanguage":"pt-PT","@id":"https:\/\/unkrautverkaufer.com\/#\/schema\/logo\/image\/","url":"https:\/\/unkrautverkaufer.com\/wp-content\/uploads\/2021\/08\/logow.png","contentUrl":"https:\/\/unkrautverkaufer.com\/wp-content\/uploads\/2021\/08\/logow.png","width":300,"height":170,"caption":"GRAS ONLINE KAUFEN DEUTSCHLAND"},"image":{"@id":"https:\/\/unkrautverkaufer.com\/#\/schema\/logo\/image\/"}}]}},"_links":{"self":[{"href":"https:\/\/unkrautverkaufer.com\/pt\/wp-json\/wp\/v2\/pages\/81","targetHints":{"allow":["GET"]}}],"collection":[{"href":"https:\/\/unkrautverkaufer.com\/pt\/wp-json\/wp\/v2\/pages"}],"about":[{"href":"https:\/\/unkrautverkaufer.com\/pt\/wp-json\/wp\/v2\/types\/page"}],"author":[{"embeddable":true,"href":"https:\/\/unkrautverkaufer.com\/pt\/wp-json\/wp\/v2\/users\/1"}],"replies":[{"embeddable":true,"href":"https:\/\/unkrautverkaufer.com\/pt\/wp-json\/wp\/v2\/comments?post=81"}],"version-history":[{"count":0,"href":"https:\/\/unkrautverkaufer.com\/pt\/wp-json\/wp\/v2\/pages\/81\/revisions"}],"wp:attachment":[{"href":"https:\/\/unkrautverkaufer.com\/pt\/wp-json\/wp\/v2\/media?parent=81"}],"curies":[{"name":"wp","href":"https:\/\/api.w.org\/{rel}","templated":true}]}}