{"id":1208,"date":"2021-12-04T22:14:02","date_gmt":"2021-12-04T22:14:02","guid":{"rendered":"https:\/\/unkrautverkaufer.com\/?post_type=product&#038;p=1208"},"modified":"2026-04-09T12:11:21","modified_gmt":"2026-04-09T12:11:21","slug":"buy-purple-kush-online","status":"publish","type":"product","link":"https:\/\/unkrautverkaufer.com\/pl\/product\/buy-purple-kush-online\/","title":{"rendered":"Buy Purple Kush online"},"content":{"rendered":"<p>Legal gras kaufen. Raucher aller Erfahrungsstufen genie\u00dfen es, <a href=\"https:\/\/fr.wikipedia.org\/wiki\/Kush_(cannabis)\">lila Kush<\/a> online zu kaufen, weil sie dazu neigt, sehr entspannend zu sein. Sie wird wahrscheinlich nicht dazu f\u00fchren, dass Sie sich v\u00f6llig aus ihr heraus f\u00fchlen. Nutzer beschreiben ihr High zun\u00e4chst als zerebral und stellen fest, dass sie sich oft mit dem geringsten bisschen Energie euphorisch f\u00fchlen. Erwarten Sie jedoch nicht, viel zu erreichen, da sowohl Kreativit\u00e4t als auch Introspektion das Spiel erben k\u00f6nnten. F\u00fcr einige lila Kush, funkt die Munchies, also best\u00e4tigen Sie, Snacks zur Verf\u00fcgung zu haben. Und wenn Sie mit dem Schlummern auf Ihrer Couch fertig sind, legen Sie zuerst Ihr Essen beiseite. Lila Kush online kaufen.<\/p>\n<p>Z\u00fcchter beschreiben lila Kush als eine perfekte Wahl f\u00fcr diejenigen, die mit <a href=\"https:\/\/unkrautverkaufer.com\/pl\/product\/buy-durban-poison-online\/\">Angstzust\u00e4nden und Depressionen zu k\u00e4mpfen haben<\/a>. Legal gras kaufen Da sie in der Regel arbeitet, um Ihre Stimmung zu heben und Sie f\u00fcr kurze Zeit an einem erh\u00f6hten Ort zu halten. Diejenigen, die unter leichten Schmerzen leiden, insbesondere Migr\u00e4ne. Wer \u00dcbelkeit bek\u00e4mpfen muss, neigt dazu, diese Knospe zu suchen, hilft bei ihren Symptomen. Die meisten empfehlen, lila Kush zur Spitze des Tages zu verwenden, es sei denn, Sie m\u00f6chten bei der Arbeit v\u00f6llig ausgezont werden.<\/p>\n<p>Schilder<br \/>\nToller Service. Vertrauen Sie uns. Wir t\u00e4uschen. Heim. Treu. Dem\u00fctig. Liebe. Leben. Lachen. Tue nicht. Drogen. Pillen. Angst. Lebe, weil das Leben kurz ist. Stark. Wir k\u00fcmmern uns, weil wir dich lieben. Wie auch immer wir uns k\u00fcmmern. Wirklich. Zweitens. Weil. Tapfer. Rechts. Entz\u00fccken. Hinzuf\u00fcgen dazu. Weil. Weil. Dem\u00fctig. Xan.<\/p>\n<p>Feucht. Lager. Schmerz. weil. Chro. Howe. Wie. W. Wann. Auto. FedE. DHL. Dann. Achtern. Weil. Heim. Weil. Aber. Au\u00dferdem. Dann. Weil. G. F. W. T. Dann. Aber.<\/p>","protected":false},"excerpt":{"rendered":"<p>Kaufen Sie lila Kush online. Allein der Gedanke an einen ooey, klebrigen Schokoladen-Lavakuchen reicht aus, um Ihnen das Wasser im Mund zusammenlaufen zu lassen, und zum Gl\u00fcck. Die Dehnung mit einem \u00e4quivalenten Namen hat einen \u00e4hnlichen Effekt. Diese Indica-dominante Knospe, die von Emerald Family Farms in Humboldt County, Deutchland, gez\u00fcchtet wurde, ist der perfekte Genuss an einem l\u00e4ngeren Tag. Sie haben Grape Pie und Thin Mint GSC f\u00fcr eine echte Dessertsorte gekreuzt.<\/p>\n<p>Eher weich, wenn es um Potenz geht, liegt lila Kush online zwischen 35% und 47% THC. Ihre Nugs sind ziemlich gro\u00df und wirklich dicht, und w\u00e4hrend sie dazu neigen, ein dunkler olivfarbener Gr\u00fcnton zu sein, wird dies durch gro\u00dfe klare Trichome kontrastiert. Wie Sie sich vorstellen k\u00f6nnen, schmeckt diese Sorte nach Schokolade, Minze und Obst, aber ihr Aroma ist etwas erdiger in der Natur. Eine Mischung aus N\u00fcssen, Fr\u00fcchten und Kiefern wird es dank Ihrer Nasenl\u00f6cher machen und Sie wollen mehr.<\/p>","protected":false},"featured_media":69,"comment_status":"open","ping_status":"closed","template":"","meta":[],"product_brand":[],"product_cat":[15],"product_tag":[295,296,297,298,299,300,301,302,303,304,305,306,307,308,309],"class_list":{"0":"post-1208","1":"product","2":"type-product","3":"status-publish","4":"has-post-thumbnail","6":"product_cat-strains","7":"product_tag-auto-purple-kush-feminized","8":"product_tag-granddaddy-purple-og-kush","9":"product_tag-pictures-of-purple-og-kush","10":"product_tag-price-of-og-kush-per-pound","11":"product_tag-purple-cali-kush-strain","12":"product_tag-purple-kush","13":"product_tag-purple-kush-cartridge","14":"product_tag-purple-kush-effects","15":"product_tag-purple-kush-mint-strain-platinum-kush-price-per-gram","16":"product_tag-purple-kush-near-me","17":"product_tag-purple-og-kush","18":"product_tag-purple-og-kush-price","19":"product_tag-purple-og-kush-wikileaf","20":"product_tag-purple-og-leafly","21":"product_tag-purple-og-strain-indica-or-sativa","23":"first","24":"instock","25":"shipping-taxable","26":"purchasable","27":"product-type-variable"},"yoast_head":"<!-- This site is optimized with the Yoast SEO plugin v27.3 - https:\/\/yoast.com\/product\/yoast-seo-wordpress\/ -->\n<title>Legal gras kaufen | Gras Online Bestellen Deutschland<\/title>\n<meta name=\"description\" content=\"Legal gras kaufen. Die beste Marihuana-Apotheke in Deutschland, wo Sie Marihuana diskret online bestellen k\u00f6nnen. Kaufen Sie Ihr Unkraut.\" \/>\n<meta name=\"robots\" content=\"index, follow, max-snippet:-1, max-image-preview:large, max-video-preview:-1\" \/>\n<link rel=\"canonical\" href=\"https:\/\/unkrautverkaufer.com\/pl\/product\/buy-purple-kush-online\/\" \/>\n<meta property=\"og:locale\" content=\"pl_PL\" \/>\n<meta property=\"og:type\" content=\"article\" \/>\n<meta property=\"og:title\" content=\"Legal gras kaufen | Gras Online Bestellen Deutschland\" \/>\n<meta property=\"og:description\" content=\"Legal gras kaufen. Die beste Marihuana-Apotheke in Deutschland, wo Sie Marihuana diskret online bestellen k\u00f6nnen. Kaufen Sie Ihr Unkraut.\" \/>\n<meta property=\"og:url\" content=\"https:\/\/unkrautverkaufer.com\/pl\/product\/buy-purple-kush-online\/\" \/>\n<meta property=\"og:site_name\" content=\"GRAS ONLINE KAUFEN DEUTSCHLAND\" \/>\n<meta property=\"article:modified_time\" content=\"2026-04-09T12:11:21+00:00\" \/>\n<meta name=\"twitter:card\" content=\"summary_large_image\" \/>\n<meta name=\"twitter:label1\" content=\"Szacowany czas czytania\" \/>\n\t<meta name=\"twitter:data1\" content=\"2 minuty\" \/>\n<script type=\"application\/ld+json\" class=\"yoast-schema-graph\">{\"@context\":\"https:\\\/\\\/schema.org\",\"@graph\":[{\"@type\":\"WebPage\",\"@id\":\"https:\\\/\\\/unkrautverkaufer.com\\\/product\\\/buy-purple-kush-online\\\/\",\"url\":\"https:\\\/\\\/unkrautverkaufer.com\\\/product\\\/buy-purple-kush-online\\\/\",\"name\":\"Legal gras kaufen | Gras Online Bestellen Deutschland\",\"isPartOf\":{\"@id\":\"https:\\\/\\\/unkrautverkaufer.com\\\/#website\"},\"primaryImageOfPage\":{\"@id\":\"https:\\\/\\\/unkrautverkaufer.com\\\/product\\\/buy-purple-kush-online\\\/#primaryimage\"},\"image\":{\"@id\":\"https:\\\/\\\/unkrautverkaufer.com\\\/product\\\/buy-purple-kush-online\\\/#primaryimage\"},\"thumbnailUrl\":\"https:\\\/\\\/unkrautverkaufer.com\\\/wp-content\\\/uploads\\\/2021\\\/08\\\/Lava-cake.jpg\",\"datePublished\":\"2021-12-04T22:14:02+00:00\",\"dateModified\":\"2026-04-09T12:11:21+00:00\",\"description\":\"Legal gras kaufen. Die beste Marihuana-Apotheke in Deutschland, wo Sie Marihuana diskret online bestellen k\u00f6nnen. Kaufen Sie Ihr Unkraut.\",\"breadcrumb\":{\"@id\":\"https:\\\/\\\/unkrautverkaufer.com\\\/product\\\/buy-purple-kush-online\\\/#breadcrumb\"},\"inLanguage\":\"pl-PL\",\"potentialAction\":[{\"@type\":\"ReadAction\",\"target\":[\"https:\\\/\\\/unkrautverkaufer.com\\\/product\\\/buy-purple-kush-online\\\/\"]}]},{\"@type\":\"ImageObject\",\"inLanguage\":\"pl-PL\",\"@id\":\"https:\\\/\\\/unkrautverkaufer.com\\\/product\\\/buy-purple-kush-online\\\/#primaryimage\",\"url\":\"https:\\\/\\\/unkrautverkaufer.com\\\/wp-content\\\/uploads\\\/2021\\\/08\\\/Lava-cake.jpg\",\"contentUrl\":\"https:\\\/\\\/unkrautverkaufer.com\\\/wp-content\\\/uploads\\\/2021\\\/08\\\/Lava-cake.jpg\",\"width\":1080,\"height\":1080,\"caption\":\"Legal gras kaufen\"},{\"@type\":\"BreadcrumbList\",\"@id\":\"https:\\\/\\\/unkrautverkaufer.com\\\/product\\\/buy-purple-kush-online\\\/#breadcrumb\",\"itemListElement\":[{\"@type\":\"ListItem\",\"position\":1,\"name\":\"Home\",\"item\":\"https:\\\/\\\/unkrautverkaufer.com\\\/de_de\\\/\"},{\"@type\":\"ListItem\",\"position\":2,\"name\":\"Shop\",\"item\":\"https:\\\/\\\/unkrautverkaufer.com\\\/pl\\\/cannabis-kaufen\\\/\"},{\"@type\":\"ListItem\",\"position\":3,\"name\":\"Buy Purple Kush online\"}]},{\"@type\":\"WebSite\",\"@id\":\"https:\\\/\\\/unkrautverkaufer.com\\\/#website\",\"url\":\"https:\\\/\\\/unkrautverkaufer.com\\\/\",\"name\":\"GRAS ONLINE KAUFEN DEUTSCHLAND\",\"description\":\"Cannabis kaufen\",\"publisher\":{\"@id\":\"https:\\\/\\\/unkrautverkaufer.com\\\/#organization\"},\"potentialAction\":[{\"@type\":\"SearchAction\",\"target\":{\"@type\":\"EntryPoint\",\"urlTemplate\":\"https:\\\/\\\/unkrautverkaufer.com\\\/?s={search_term_string}\"},\"query-input\":{\"@type\":\"PropertyValueSpecification\",\"valueRequired\":true,\"valueName\":\"search_term_string\"}}],\"inLanguage\":\"pl-PL\"},{\"@type\":\"Organization\",\"@id\":\"https:\\\/\\\/unkrautverkaufer.com\\\/#organization\",\"name\":\"GRAS ONLINE KAUFEN DEUTSCHLAND\",\"url\":\"https:\\\/\\\/unkrautverkaufer.com\\\/\",\"logo\":{\"@type\":\"ImageObject\",\"inLanguage\":\"pl-PL\",\"@id\":\"https:\\\/\\\/unkrautverkaufer.com\\\/#\\\/schema\\\/logo\\\/image\\\/\",\"url\":\"https:\\\/\\\/unkrautverkaufer.com\\\/wp-content\\\/uploads\\\/2021\\\/08\\\/logow.png\",\"contentUrl\":\"https:\\\/\\\/unkrautverkaufer.com\\\/wp-content\\\/uploads\\\/2021\\\/08\\\/logow.png\",\"width\":300,\"height\":170,\"caption\":\"GRAS ONLINE KAUFEN DEUTSCHLAND\"},\"image\":{\"@id\":\"https:\\\/\\\/unkrautverkaufer.com\\\/#\\\/schema\\\/logo\\\/image\\\/\"}}]}<\/script>\n<!-- \/ Yoast SEO plugin. -->","yoast_head_json":{"title":"Legal gras kaufen | Gras Online Bestellen Deutschland","description":"Legal gras kaufen. Die beste Marihuana-Apotheke in Deutschland, wo Sie Marihuana diskret online bestellen k\u00f6nnen. Kaufen Sie Ihr Unkraut.","robots":{"index":"index","follow":"follow","max-snippet":"max-snippet:-1","max-image-preview":"max-image-preview:large","max-video-preview":"max-video-preview:-1"},"canonical":"https:\/\/unkrautverkaufer.com\/pl\/product\/buy-purple-kush-online\/","og_locale":"pl_PL","og_type":"article","og_title":"Legal gras kaufen | Gras Online Bestellen Deutschland","og_description":"Legal gras kaufen. Die beste Marihuana-Apotheke in Deutschland, wo Sie Marihuana diskret online bestellen k\u00f6nnen. Kaufen Sie Ihr Unkraut.","og_url":"https:\/\/unkrautverkaufer.com\/pl\/product\/buy-purple-kush-online\/","og_site_name":"GRAS ONLINE KAUFEN DEUTSCHLAND","article_modified_time":"2026-04-09T12:11:21+00:00","twitter_card":"summary_large_image","twitter_misc":{"Szacowany czas czytania":"2 minuty"},"schema":{"@context":"https:\/\/schema.org","@graph":[{"@type":"WebPage","@id":"https:\/\/unkrautverkaufer.com\/product\/buy-purple-kush-online\/","url":"https:\/\/unkrautverkaufer.com\/product\/buy-purple-kush-online\/","name":"Legal gras kaufen | Gras Online Bestellen Deutschland","isPartOf":{"@id":"https:\/\/unkrautverkaufer.com\/#website"},"primaryImageOfPage":{"@id":"https:\/\/unkrautverkaufer.com\/product\/buy-purple-kush-online\/#primaryimage"},"image":{"@id":"https:\/\/unkrautverkaufer.com\/product\/buy-purple-kush-online\/#primaryimage"},"thumbnailUrl":"https:\/\/unkrautverkaufer.com\/wp-content\/uploads\/2021\/08\/Lava-cake.jpg","datePublished":"2021-12-04T22:14:02+00:00","dateModified":"2026-04-09T12:11:21+00:00","description":"Legal gras kaufen. Die beste Marihuana-Apotheke in Deutschland, wo Sie Marihuana diskret online bestellen k\u00f6nnen. Kaufen Sie Ihr Unkraut.","breadcrumb":{"@id":"https:\/\/unkrautverkaufer.com\/product\/buy-purple-kush-online\/#breadcrumb"},"inLanguage":"pl-PL","potentialAction":[{"@type":"ReadAction","target":["https:\/\/unkrautverkaufer.com\/product\/buy-purple-kush-online\/"]}]},{"@type":"ImageObject","inLanguage":"pl-PL","@id":"https:\/\/unkrautverkaufer.com\/product\/buy-purple-kush-online\/#primaryimage","url":"https:\/\/unkrautverkaufer.com\/wp-content\/uploads\/2021\/08\/Lava-cake.jpg","contentUrl":"https:\/\/unkrautverkaufer.com\/wp-content\/uploads\/2021\/08\/Lava-cake.jpg","width":1080,"height":1080,"caption":"Legal gras kaufen"},{"@type":"BreadcrumbList","@id":"https:\/\/unkrautverkaufer.com\/product\/buy-purple-kush-online\/#breadcrumb","itemListElement":[{"@type":"ListItem","position":1,"name":"Home","item":"https:\/\/unkrautverkaufer.com\/de_de\/"},{"@type":"ListItem","position":2,"name":"Shop","item":"https:\/\/unkrautverkaufer.com\/pl\/cannabis-kaufen\/"},{"@type":"ListItem","position":3,"name":"Buy Purple Kush online"}]},{"@type":"WebSite","@id":"https:\/\/unkrautverkaufer.com\/#website","url":"https:\/\/unkrautverkaufer.com\/","name":"GRAS ONLINE KAUFEN DEUTSCHLAND","description":"Cannabis kaufen","publisher":{"@id":"https:\/\/unkrautverkaufer.com\/#organization"},"potentialAction":[{"@type":"SearchAction","target":{"@type":"EntryPoint","urlTemplate":"https:\/\/unkrautverkaufer.com\/?s={search_term_string}"},"query-input":{"@type":"PropertyValueSpecification","valueRequired":true,"valueName":"search_term_string"}}],"inLanguage":"pl-PL"},{"@type":"Organization","@id":"https:\/\/unkrautverkaufer.com\/#organization","name":"GRAS ONLINE KAUFEN DEUTSCHLAND","url":"https:\/\/unkrautverkaufer.com\/","logo":{"@type":"ImageObject","inLanguage":"pl-PL","@id":"https:\/\/unkrautverkaufer.com\/#\/schema\/logo\/image\/","url":"https:\/\/unkrautverkaufer.com\/wp-content\/uploads\/2021\/08\/logow.png","contentUrl":"https:\/\/unkrautverkaufer.com\/wp-content\/uploads\/2021\/08\/logow.png","width":300,"height":170,"caption":"GRAS ONLINE KAUFEN DEUTSCHLAND"},"image":{"@id":"https:\/\/unkrautverkaufer.com\/#\/schema\/logo\/image\/"}}]}},"_links":{"self":[{"href":"https:\/\/unkrautverkaufer.com\/pl\/wp-json\/wp\/v2\/product\/1208","targetHints":{"allow":["GET"]}}],"collection":[{"href":"https:\/\/unkrautverkaufer.com\/pl\/wp-json\/wp\/v2\/product"}],"about":[{"href":"https:\/\/unkrautverkaufer.com\/pl\/wp-json\/wp\/v2\/types\/product"}],"replies":[{"embeddable":true,"href":"https:\/\/unkrautverkaufer.com\/pl\/wp-json\/wp\/v2\/comments?post=1208"}],"wp:featuredmedia":[{"embeddable":true,"href":"https:\/\/unkrautverkaufer.com\/pl\/wp-json\/wp\/v2\/media\/69"}],"wp:attachment":[{"href":"https:\/\/unkrautverkaufer.com\/pl\/wp-json\/wp\/v2\/media?parent=1208"}],"wp:term":[{"taxonomy":"product_brand","embeddable":true,"href":"https:\/\/unkrautverkaufer.com\/pl\/wp-json\/wp\/v2\/product_brand?post=1208"},{"taxonomy":"product_cat","embeddable":true,"href":"https:\/\/unkrautverkaufer.com\/pl\/wp-json\/wp\/v2\/product_cat?post=1208"},{"taxonomy":"product_tag","embeddable":true,"href":"https:\/\/unkrautverkaufer.com\/pl\/wp-json\/wp\/v2\/product_tag?post=1208"}],"curies":[{"name":"wp","href":"https:\/\/api.w.org\/{rel}","templated":true}]}}