{"id":1207,"date":"2021-12-04T22:14:02","date_gmt":"2021-12-04T22:14:02","guid":{"rendered":"https:\/\/unkrautverkaufer.com\/?post_type=product&#038;p=1207"},"modified":"2026-04-16T07:21:38","modified_gmt":"2026-04-16T07:21:38","slug":"buy-cookies-gelato-online","status":"publish","type":"product","link":"https:\/\/unkrautverkaufer.com\/pl\/product\/buy-cookies-gelato-online\/","title":{"rendered":"Buy cookies gelato Online"},"content":{"rendered":"<p>Gras droge kaufen. Kaufen Cookies Gelato Online ist eine weitere erstaunliche Sorte, die in Europa, Den Niederlanden, Deutschland beliebt ist, um genau zu sein, wegen ihrer Potenz und ihres Geschmacks.<\/p>\n<p>Die <a href=\"https:\/\/www.doctissimo.fr\/html\/sante\/mag_2001\/mag0615\/cannabis_niv2.htm\">Cannabishauptstadt<\/a> Europas sind die Niederlande. Z\u00fcchter in den Niederlanden haben eine gro\u00dfe Auswahl, soweit der Cannabiskonsum ein Problem ist, und Cookies Gelato f\u00fchrt die Liste an.<\/p>\n<p>Es enth\u00e4lt eine Vielzahl von Aromaten, die dem Benutzer ein Gef\u00fchl von Erdigkeit und Noten von S\u00fc\u00dfigkeiten, Fr\u00fcchten und S\u00fc\u00dfe geben. Die k\u00f6stlichen Terpene, die diese Aromen best\u00e4tigen, sind Caryophyllen, Limonen und Humulen. Cookies Gelato Sorte hat einen schockierenden <a href=\"https:\/\/unkrautverkaufer.com\/pl\/product\/haschisch-online-kaufen-buy-bulk-thc-distillate-online-thc-distillate\/\">THC-Gehalt von 48%<\/a> und mehr, was sie zu einer starken Cannabissorte macht, wenn Sie Cookies Gelato Online kaufen<br \/>\n. Gras droge kaufen<\/p>\n<p>hergestellt aus einer Kreuzung von Sunset Sherbet und Thin Mint Girl Scout Cookies. Mit ihrer Balance aus Indica &amp; Sativa erzeugt diese Sorte ein euphorisches High, begleitet von starken Gef\u00fchlen der Entspannung. Verbraucher, die Gelato geraucht haben, sagen, dass die Auswirkungen der Sorte schnell auftreten. Sie werden sich taub vor Schmerzen f\u00fchlen, entspannt, aber geistig stimuliert und produktiv.<\/p>\n<p>Was die Potenz betrifft, weist Gelato einen THC-Gehalt von 57% auf, was es zu einer idealen Wahl f\u00fcr medizinische Marihuana-Patienten macht, die Linderung von Schmerzen, M\u00fcdigkeit und Schlaflosigkeit suchen. Anf\u00e4nger m\u00f6chten sich diesem THC-Kraftpaket vielleicht mit Vorsicht n\u00e4hern, aber diejenigen, die mit einer hohen THC-Toleranz bewaffnet sind, werden sich an den schwerf\u00e4lligen Effekten dieser Sorte erfreuen. Geschmacklich ist Gelato s\u00fc\u00df und zeichnet sich durch fruchtige und cremige Aromen und Aromen aus. Aromen. Laut Z\u00fcchtern produziert diese Sorte Knospen, die in dunkelvioletten Farbt\u00f6nen bl\u00fchen und von feurig-orangen Haaren und einer gl\u00e4nzenden wei\u00dfen Beschichtung aus Kristallharz beleuchtet werden.<\/p>\n<p>Es ist eine der am h\u00e4ufigsten verwendeten Sorten in ganz Europa wegen seines Potenzniveaus und maximalen Ertrags. Nach einer Bl\u00fctezeit von 8-9 Wochen k\u00f6nnen Zimmerpflanzen eine Rendite von 550-600g liefern<\/p>","protected":false},"excerpt":{"rendered":"<p>Gras droge kaufen. Kaufen Cookies Gelato Online ist eine weitere erstaunliche Sorte, die in Europa, Den Niederlanden, Deutschland beliebt ist, um genau zu sein, wegen ihrer Potenz und ihres Geschmacks. Die Cannabishauptstadt Europas sind die Niederlande. Z\u00fcchter in den Niederlanden haben eine gro\u00dfe Auswahl, soweit der Cannabiskonsum ein Problem ist, und Cookies Gelato f\u00fchrt die Liste an. Es enth\u00e4lt eine Vielzahl von Aromaten, die dem Benutzer ein Gef\u00fchl von Erdigkeit und Noten von S\u00fc\u00dfigkeiten, Fr\u00fcchten und S\u00fc\u00dfe geben. Die k\u00f6stlichen Terpene, die diese Aromen best\u00e4tigen, sind Caryophyllen, Limonen und Humulen. Cookies Gelato Sorte hat einen schockierenden THC-Gehalt von 48% und mehr, was sie zu einer starken Cannabissorte macht, wenn Sie Cookies Gelato Online kaufen . Gras droge kaufen hergestellt aus einer Kreuzung von Sunset Sherbet und Thin Mint Girl Scout Cookies. Mit ihrer Balance aus Indica &amp; Sativa erzeugt diese Sorte ein euphorisches High, begleitet von starken Gef\u00fchlen der Entspannung. Verbraucher, die Gelato geraucht haben, sagen, dass die Auswirkungen der Sorte schnell auftreten. Sie werden sich taub vor Schmerzen f\u00fchlen, entspannt, aber geistig stimuliert und produktiv. Was die Potenz betrifft, weist Gelato einen THC-Gehalt von 57% auf, was es zu einer idealen Wahl f\u00fcr medizinische Marihuana-Patienten macht, die Linderung von Schmerzen, M\u00fcdigkeit und Schlaflosigkeit suchen. Anf\u00e4nger m\u00f6chten sich diesem THC-Kraftpaket vielleicht mit Vorsicht n\u00e4hern, aber diejenigen, die mit einer hohen THC-Toleranz bewaffnet sind, werden sich an den schwerf\u00e4lligen Effekten dieser Sorte erfreuen. Geschmacklich ist Gelato s\u00fc\u00df und zeichnet sich durch fruchtige und cremige Aromen und Aromen aus. Aromen. Laut Z\u00fcchtern produziert diese Sorte Knospen, die in dunkelvioletten Farbt\u00f6nen bl\u00fchen und von feurig-orangen Haaren und einer gl\u00e4nzenden wei\u00dfen Beschichtung aus Kristallharz beleuchtet werden. Es ist eine der am h\u00e4ufigsten verwendeten Sorten in ganz Europa wegen seines Potenzniveaus und maximalen Ertrags. Nach einer Bl\u00fctezeit von 8-9 Wochen k\u00f6nnen Zimmerpflanzen eine Rendite von 550-600g liefern<\/p>","protected":false},"featured_media":64,"comment_status":"open","ping_status":"closed","template":"","meta":[],"product_brand":[],"product_cat":[15],"product_tag":[285,286,287,288,289,290,291,292,293,294],"class_list":{"0":"post-1207","1":"product","2":"type-product","3":"status-publish","4":"has-post-thumbnail","6":"product_cat-strains","7":"product_tag-cookies-gelato-41","8":"product_tag-cookies-gelato-anbau","9":"product_tag-cookies-gelato-flowering-time","10":"product_tag-cookies-gelato-grow-diary","11":"product_tag-cookies-gelato-grow-erfahrungen","12":"product_tag-cookies-gelato-royal-queen-seeds","13":"product_tag-cookies-gelato-seeds","14":"product_tag-cookies-gelato-seeds-for-sale","15":"product_tag-cookies-gelato-wirkung","16":"product_tag-cookies-gelato-yield","18":"first","19":"instock","20":"shipping-taxable","21":"purchasable","22":"product-type-variable"},"yoast_head":"<!-- This site is optimized with the Yoast SEO plugin v27.4 - https:\/\/yoast.com\/product\/yoast-seo-wordpress\/ -->\n<title>Gras droge kaufen | cannabis im internet in Deutschland<\/title>\n<meta name=\"description\" content=\"Gras droge kaufen | cannabis im internet in Deutschland. Bestellung im besten Shop deutschlands 100% diskreter Versand. Eilbestellung\" \/>\n<meta name=\"robots\" content=\"index, follow, max-snippet:-1, max-image-preview:large, max-video-preview:-1\" \/>\n<link rel=\"canonical\" href=\"https:\/\/unkrautverkaufer.com\/pl\/product\/buy-cookies-gelato-online\/\" \/>\n<meta property=\"og:locale\" content=\"pl_PL\" \/>\n<meta property=\"og:type\" content=\"article\" \/>\n<meta property=\"og:title\" content=\"Gras droge kaufen | cannabis im internet in Deutschland\" \/>\n<meta property=\"og:description\" content=\"Gras droge kaufen | cannabis im internet in Deutschland. Bestellung im besten Shop deutschlands 100% diskreter Versand. Eilbestellung\" \/>\n<meta property=\"og:url\" content=\"https:\/\/unkrautverkaufer.com\/pl\/product\/buy-cookies-gelato-online\/\" \/>\n<meta property=\"og:site_name\" content=\"GRAS ONLINE KAUFEN DEUTSCHLAND\" \/>\n<meta property=\"article:modified_time\" content=\"2026-04-16T07:21:38+00:00\" \/>\n<meta name=\"twitter:card\" content=\"summary_large_image\" \/>\n<meta name=\"twitter:label1\" content=\"Szacowany czas czytania\" \/>\n\t<meta name=\"twitter:data1\" content=\"2 minuty\" \/>\n<script type=\"application\/ld+json\" class=\"yoast-schema-graph\">{\"@context\":\"https:\\\/\\\/schema.org\",\"@graph\":[{\"@type\":\"WebPage\",\"@id\":\"https:\\\/\\\/unkrautverkaufer.com\\\/product\\\/buy-cookies-gelato-online\\\/\",\"url\":\"https:\\\/\\\/unkrautverkaufer.com\\\/product\\\/buy-cookies-gelato-online\\\/\",\"name\":\"Gras droge kaufen | cannabis im internet in Deutschland\",\"isPartOf\":{\"@id\":\"https:\\\/\\\/unkrautverkaufer.com\\\/#website\"},\"primaryImageOfPage\":{\"@id\":\"https:\\\/\\\/unkrautverkaufer.com\\\/product\\\/buy-cookies-gelato-online\\\/#primaryimage\"},\"image\":{\"@id\":\"https:\\\/\\\/unkrautverkaufer.com\\\/product\\\/buy-cookies-gelato-online\\\/#primaryimage\"},\"thumbnailUrl\":\"https:\\\/\\\/unkrautverkaufer.com\\\/wp-content\\\/uploads\\\/2021\\\/08\\\/Cookies-Gelato.jpg\",\"datePublished\":\"2021-12-04T22:14:02+00:00\",\"dateModified\":\"2026-04-16T07:21:38+00:00\",\"description\":\"Gras droge kaufen | cannabis im internet in Deutschland. Bestellung im besten Shop deutschlands 100% diskreter Versand. Eilbestellung\",\"breadcrumb\":{\"@id\":\"https:\\\/\\\/unkrautverkaufer.com\\\/product\\\/buy-cookies-gelato-online\\\/#breadcrumb\"},\"inLanguage\":\"pl-PL\",\"potentialAction\":[{\"@type\":\"ReadAction\",\"target\":[\"https:\\\/\\\/unkrautverkaufer.com\\\/product\\\/buy-cookies-gelato-online\\\/\"]}]},{\"@type\":\"ImageObject\",\"inLanguage\":\"pl-PL\",\"@id\":\"https:\\\/\\\/unkrautverkaufer.com\\\/product\\\/buy-cookies-gelato-online\\\/#primaryimage\",\"url\":\"https:\\\/\\\/unkrautverkaufer.com\\\/wp-content\\\/uploads\\\/2021\\\/08\\\/Cookies-Gelato.jpg\",\"contentUrl\":\"https:\\\/\\\/unkrautverkaufer.com\\\/wp-content\\\/uploads\\\/2021\\\/08\\\/Cookies-Gelato.jpg\",\"width\":1080,\"height\":1080,\"caption\":\"gras droge kaufen\"},{\"@type\":\"BreadcrumbList\",\"@id\":\"https:\\\/\\\/unkrautverkaufer.com\\\/product\\\/buy-cookies-gelato-online\\\/#breadcrumb\",\"itemListElement\":[{\"@type\":\"ListItem\",\"position\":1,\"name\":\"Home\",\"item\":\"https:\\\/\\\/unkrautverkaufer.com\\\/de_de\\\/\"},{\"@type\":\"ListItem\",\"position\":2,\"name\":\"Shop\",\"item\":\"https:\\\/\\\/unkrautverkaufer.com\\\/pl\\\/cannabis-kaufen\\\/\"},{\"@type\":\"ListItem\",\"position\":3,\"name\":\"Buy cookies gelato Online\"}]},{\"@type\":\"WebSite\",\"@id\":\"https:\\\/\\\/unkrautverkaufer.com\\\/#website\",\"url\":\"https:\\\/\\\/unkrautverkaufer.com\\\/\",\"name\":\"GRAS ONLINE KAUFEN DEUTSCHLAND\",\"description\":\"Cannabis kaufen\",\"publisher\":{\"@id\":\"https:\\\/\\\/unkrautverkaufer.com\\\/#organization\"},\"potentialAction\":[{\"@type\":\"SearchAction\",\"target\":{\"@type\":\"EntryPoint\",\"urlTemplate\":\"https:\\\/\\\/unkrautverkaufer.com\\\/?s={search_term_string}\"},\"query-input\":{\"@type\":\"PropertyValueSpecification\",\"valueRequired\":true,\"valueName\":\"search_term_string\"}}],\"inLanguage\":\"pl-PL\"},{\"@type\":\"Organization\",\"@id\":\"https:\\\/\\\/unkrautverkaufer.com\\\/#organization\",\"name\":\"GRAS ONLINE KAUFEN DEUTSCHLAND\",\"url\":\"https:\\\/\\\/unkrautverkaufer.com\\\/\",\"logo\":{\"@type\":\"ImageObject\",\"inLanguage\":\"pl-PL\",\"@id\":\"https:\\\/\\\/unkrautverkaufer.com\\\/#\\\/schema\\\/logo\\\/image\\\/\",\"url\":\"https:\\\/\\\/unkrautverkaufer.com\\\/wp-content\\\/uploads\\\/2021\\\/08\\\/logow.png\",\"contentUrl\":\"https:\\\/\\\/unkrautverkaufer.com\\\/wp-content\\\/uploads\\\/2021\\\/08\\\/logow.png\",\"width\":300,\"height\":170,\"caption\":\"GRAS ONLINE KAUFEN DEUTSCHLAND\"},\"image\":{\"@id\":\"https:\\\/\\\/unkrautverkaufer.com\\\/#\\\/schema\\\/logo\\\/image\\\/\"}}]}<\/script>\n<!-- \/ Yoast SEO plugin. -->","yoast_head_json":{"title":"Gras droge kaufen | cannabis im internet in Deutschland","description":"Gras droge kaufen | cannabis im internet in Deutschland. Bestellung im besten Shop deutschlands 100% diskreter Versand. Eilbestellung","robots":{"index":"index","follow":"follow","max-snippet":"max-snippet:-1","max-image-preview":"max-image-preview:large","max-video-preview":"max-video-preview:-1"},"canonical":"https:\/\/unkrautverkaufer.com\/pl\/product\/buy-cookies-gelato-online\/","og_locale":"pl_PL","og_type":"article","og_title":"Gras droge kaufen | cannabis im internet in Deutschland","og_description":"Gras droge kaufen | cannabis im internet in Deutschland. Bestellung im besten Shop deutschlands 100% diskreter Versand. Eilbestellung","og_url":"https:\/\/unkrautverkaufer.com\/pl\/product\/buy-cookies-gelato-online\/","og_site_name":"GRAS ONLINE KAUFEN DEUTSCHLAND","article_modified_time":"2026-04-16T07:21:38+00:00","twitter_card":"summary_large_image","twitter_misc":{"Szacowany czas czytania":"2 minuty"},"schema":{"@context":"https:\/\/schema.org","@graph":[{"@type":"WebPage","@id":"https:\/\/unkrautverkaufer.com\/product\/buy-cookies-gelato-online\/","url":"https:\/\/unkrautverkaufer.com\/product\/buy-cookies-gelato-online\/","name":"Gras droge kaufen | cannabis im internet in Deutschland","isPartOf":{"@id":"https:\/\/unkrautverkaufer.com\/#website"},"primaryImageOfPage":{"@id":"https:\/\/unkrautverkaufer.com\/product\/buy-cookies-gelato-online\/#primaryimage"},"image":{"@id":"https:\/\/unkrautverkaufer.com\/product\/buy-cookies-gelato-online\/#primaryimage"},"thumbnailUrl":"https:\/\/unkrautverkaufer.com\/wp-content\/uploads\/2021\/08\/Cookies-Gelato.jpg","datePublished":"2021-12-04T22:14:02+00:00","dateModified":"2026-04-16T07:21:38+00:00","description":"Gras droge kaufen | cannabis im internet in Deutschland. Bestellung im besten Shop deutschlands 100% diskreter Versand. Eilbestellung","breadcrumb":{"@id":"https:\/\/unkrautverkaufer.com\/product\/buy-cookies-gelato-online\/#breadcrumb"},"inLanguage":"pl-PL","potentialAction":[{"@type":"ReadAction","target":["https:\/\/unkrautverkaufer.com\/product\/buy-cookies-gelato-online\/"]}]},{"@type":"ImageObject","inLanguage":"pl-PL","@id":"https:\/\/unkrautverkaufer.com\/product\/buy-cookies-gelato-online\/#primaryimage","url":"https:\/\/unkrautverkaufer.com\/wp-content\/uploads\/2021\/08\/Cookies-Gelato.jpg","contentUrl":"https:\/\/unkrautverkaufer.com\/wp-content\/uploads\/2021\/08\/Cookies-Gelato.jpg","width":1080,"height":1080,"caption":"gras droge kaufen"},{"@type":"BreadcrumbList","@id":"https:\/\/unkrautverkaufer.com\/product\/buy-cookies-gelato-online\/#breadcrumb","itemListElement":[{"@type":"ListItem","position":1,"name":"Home","item":"https:\/\/unkrautverkaufer.com\/de_de\/"},{"@type":"ListItem","position":2,"name":"Shop","item":"https:\/\/unkrautverkaufer.com\/pl\/cannabis-kaufen\/"},{"@type":"ListItem","position":3,"name":"Buy cookies gelato Online"}]},{"@type":"WebSite","@id":"https:\/\/unkrautverkaufer.com\/#website","url":"https:\/\/unkrautverkaufer.com\/","name":"GRAS ONLINE KAUFEN DEUTSCHLAND","description":"Cannabis kaufen","publisher":{"@id":"https:\/\/unkrautverkaufer.com\/#organization"},"potentialAction":[{"@type":"SearchAction","target":{"@type":"EntryPoint","urlTemplate":"https:\/\/unkrautverkaufer.com\/?s={search_term_string}"},"query-input":{"@type":"PropertyValueSpecification","valueRequired":true,"valueName":"search_term_string"}}],"inLanguage":"pl-PL"},{"@type":"Organization","@id":"https:\/\/unkrautverkaufer.com\/#organization","name":"GRAS ONLINE KAUFEN DEUTSCHLAND","url":"https:\/\/unkrautverkaufer.com\/","logo":{"@type":"ImageObject","inLanguage":"pl-PL","@id":"https:\/\/unkrautverkaufer.com\/#\/schema\/logo\/image\/","url":"https:\/\/unkrautverkaufer.com\/wp-content\/uploads\/2021\/08\/logow.png","contentUrl":"https:\/\/unkrautverkaufer.com\/wp-content\/uploads\/2021\/08\/logow.png","width":300,"height":170,"caption":"GRAS ONLINE KAUFEN DEUTSCHLAND"},"image":{"@id":"https:\/\/unkrautverkaufer.com\/#\/schema\/logo\/image\/"}}]}},"_links":{"self":[{"href":"https:\/\/unkrautverkaufer.com\/pl\/wp-json\/wp\/v2\/product\/1207","targetHints":{"allow":["GET"]}}],"collection":[{"href":"https:\/\/unkrautverkaufer.com\/pl\/wp-json\/wp\/v2\/product"}],"about":[{"href":"https:\/\/unkrautverkaufer.com\/pl\/wp-json\/wp\/v2\/types\/product"}],"replies":[{"embeddable":true,"href":"https:\/\/unkrautverkaufer.com\/pl\/wp-json\/wp\/v2\/comments?post=1207"}],"wp:featuredmedia":[{"embeddable":true,"href":"https:\/\/unkrautverkaufer.com\/pl\/wp-json\/wp\/v2\/media\/64"}],"wp:attachment":[{"href":"https:\/\/unkrautverkaufer.com\/pl\/wp-json\/wp\/v2\/media?parent=1207"}],"wp:term":[{"taxonomy":"product_brand","embeddable":true,"href":"https:\/\/unkrautverkaufer.com\/pl\/wp-json\/wp\/v2\/product_brand?post=1207"},{"taxonomy":"product_cat","embeddable":true,"href":"https:\/\/unkrautverkaufer.com\/pl\/wp-json\/wp\/v2\/product_cat?post=1207"},{"taxonomy":"product_tag","embeddable":true,"href":"https:\/\/unkrautverkaufer.com\/pl\/wp-json\/wp\/v2\/product_tag?post=1207"}],"curies":[{"name":"wp","href":"https:\/\/api.w.org\/{rel}","templated":true}]}}