{"id":1199,"date":"2021-12-04T22:13:59","date_gmt":"2021-12-04T22:13:59","guid":{"rendered":"https:\/\/unkrautverkaufer.com\/?post_type=product&#038;p=1199"},"modified":"2026-04-04T03:51:29","modified_gmt":"2026-04-04T03:51:29","slug":"buy-blue-dream-online","status":"publish","type":"product","link":"https:\/\/unkrautverkaufer.com\/nl\/product\/buy-blue-dream-online\/","title":{"rendered":"Buy blue dream Online"},"content":{"rendered":"<p>Wo Bekommt Man Gras Her, Mit einem vergleichsweise hohen THC-Bereich, der durchschnittlich bei einem Kaffee von 17% und einem High von 24% liegt. Diese vertr\u00e4umte Knospe hat ganz einfach Anziehungskraft und Geschmack, um den Tisch zur\u00fcckzubringen. Die CBD- und CBN-Werte erreichen 2% bzw. 1%.<\/p>\n<p>Dies macht dies zu einer stellaren Sorte f\u00fcr die Behandlung einer Vielzahl von Beschwerden. Die k\u00f6stlichen Aromen von Heidelbeere und Zucker sind lang anhaltend. Und bleiben Sie in der Luft und auf Ihrer Zunge, lange nachdem der Rauch verschwunden ist. Die Nugs sind lang und buschig, mit tiefblauen Farbt\u00f6nen, weil Bernstein. Und blaue Haare und eine F\u00fclle von milchig wei\u00dfen Trichomen. Wo Bekommt Man Gras Her<\/p>\n<p>Effekte<br \/>\nEs beginnt mit einem zerebralen Ansturm, der Motivation und erh\u00f6hten Fokus mit sich bringt. Genie\u00dfen Sie dies also durch jeden vollgepackten Zeitplan, weil die hohen Builds. Sie fallen in einen ultra-entspannten Zustand, weil Sie sich dunstig und total ruhig f\u00fchlst. Dieses bet\u00e4ubende Gef\u00fchl wird Sie schmerzfrei und auf jede Aufgabe vorbereitet finden. blue dream online kaufen<\/p>\n<p>Dies ist eine Brise einer Pflanze und kann den neuen oder unerfahrenen Z\u00fcchter mit Freude singen lassen. Die Bl\u00fctezeit auf diesem Edelstein betr\u00e4gt etwa 10 Wochen f\u00fcr Indoor-Systeme. Oder Ende September bis Anfang Oktober f\u00fcr Outdoor-Setups.<\/p>\n<p>Schilder<br \/>\nToller Service. Vertrauen Sie uns. Wir t\u00e4uschen. Heim. Treu. Dem\u00fctig. Liebe. Leben. Lachen. Tue nicht. Drogen. Pillen. Angst. Lebe, weil das Leben kurz ist. Stark. Wir k\u00fcmmern uns, weil wir dich lieben. Wie auch immer wir uns k\u00fcmmern. Wirklich. Zweitens. Weil. Tapfer. Rechts. Entz\u00fccken. Hinzuf\u00fcgen dazu. Weil. Weil. Dem\u00fctig. Xan.<\/p>\n<p>Feucht. Lager. Schmerz. weil. Chro. Howe. Nr. 1. W. Wann. Auto. FedE. DHL. Dann. Achtern. Weil. Heim. Weil. Aber. Au\u00dferdem. Dann. Weil. G. F. W. T. Dann. Aber.<\/p>","protected":false},"excerpt":{"rendered":"<p>Kaufen Sie blue dream online, weil es eine starke Kreuzung zwischen den beliebten klassischen Sorten Blueberry und Haze ist. Blue Dream (auch als Azure Haze bezeichnet) kann eine leicht sativa-dominante Sorte sein, die in Geheimnisse geh\u00fcllt ist. Die Sorte erregte die Aufmerksamkeit des legend\u00e4ren Z\u00fcchters DJ Short, der hart daran gearbeitet hat, uns die Version anzubieten, die wir heute haben.<\/p>","protected":false},"featured_media":23,"comment_status":"open","ping_status":"closed","template":"","meta":[],"product_brand":[],"product_cat":[15],"product_tag":[214,215,216,217,218,219,220],"class_list":{"0":"post-1199","1":"product","2":"type-product","3":"status-publish","4":"has-post-thumbnail","6":"product_cat-strains","7":"product_tag-blue-dream-2-strain","8":"product_tag-blue-dream-cbd","9":"product_tag-blue-dream-price","10":"product_tag-blue-dream-stiiizy","11":"product_tag-blue-dream-vape","12":"product_tag-fluresh-blue-dream","13":"product_tag-strains-like-blue-dream","15":"first","16":"instock","17":"shipping-taxable","18":"purchasable","19":"product-type-variable"},"yoast_head":"<!-- This site is optimized with the Yoast SEO plugin v27.3 - https:\/\/yoast.com\/product\/yoast-seo-wordpress\/ -->\n<title>Wo Bekommt Man Gras Her | Wo Bekomme ich Gras | wie gras kaufen.<\/title>\n<meta name=\"description\" content=\"Wo Bekommt Man Gras Her | Wo Bekomme ich Gras | wie gras kaufen. Der beste Ort, um Gras in Deutschland diskret online zu bekommen.\" \/>\n<meta name=\"robots\" content=\"index, follow, max-snippet:-1, max-image-preview:large, max-video-preview:-1\" \/>\n<link rel=\"canonical\" href=\"https:\/\/unkrautverkaufer.com\/nl\/product\/buy-blue-dream-online\/\" \/>\n<meta property=\"og:locale\" content=\"nl_NL\" \/>\n<meta property=\"og:type\" content=\"article\" \/>\n<meta property=\"og:title\" content=\"Wo Bekommt Man Gras Her | Wo Bekomme ich Gras | wie gras kaufen.\" \/>\n<meta property=\"og:description\" content=\"Wo Bekommt Man Gras Her | Wo Bekomme ich Gras | wie gras kaufen. Der beste Ort, um Gras in Deutschland diskret online zu bekommen.\" \/>\n<meta property=\"og:url\" content=\"https:\/\/unkrautverkaufer.com\/nl\/product\/buy-blue-dream-online\/\" \/>\n<meta property=\"og:site_name\" content=\"GRAS ONLINE KAUFEN DEUTSCHLAND\" \/>\n<meta property=\"article:modified_time\" content=\"2026-04-04T03:51:29+00:00\" \/>\n<meta name=\"twitter:card\" content=\"summary_large_image\" \/>\n<meta name=\"twitter:label1\" content=\"Verwachte leestijd\" \/>\n\t<meta name=\"twitter:data1\" content=\"2 minuten\" \/>\n<script type=\"application\/ld+json\" class=\"yoast-schema-graph\">{\"@context\":\"https:\\\/\\\/schema.org\",\"@graph\":[{\"@type\":\"WebPage\",\"@id\":\"https:\\\/\\\/unkrautverkaufer.com\\\/product\\\/buy-blue-dream-online\\\/\",\"url\":\"https:\\\/\\\/unkrautverkaufer.com\\\/product\\\/buy-blue-dream-online\\\/\",\"name\":\"Wo Bekommt Man Gras Her | Wo Bekomme ich Gras | wie gras kaufen.\",\"isPartOf\":{\"@id\":\"https:\\\/\\\/unkrautverkaufer.com\\\/#website\"},\"primaryImageOfPage\":{\"@id\":\"https:\\\/\\\/unkrautverkaufer.com\\\/product\\\/buy-blue-dream-online\\\/#primaryimage\"},\"image\":{\"@id\":\"https:\\\/\\\/unkrautverkaufer.com\\\/product\\\/buy-blue-dream-online\\\/#primaryimage\"},\"thumbnailUrl\":\"https:\\\/\\\/unkrautverkaufer.com\\\/wp-content\\\/uploads\\\/2021\\\/08\\\/blue-dream.jpg\",\"datePublished\":\"2021-12-04T22:13:59+00:00\",\"dateModified\":\"2026-04-04T03:51:29+00:00\",\"description\":\"Wo Bekommt Man Gras Her | Wo Bekomme ich Gras | wie gras kaufen. Der beste Ort, um Gras in Deutschland diskret online zu bekommen.\",\"breadcrumb\":{\"@id\":\"https:\\\/\\\/unkrautverkaufer.com\\\/product\\\/buy-blue-dream-online\\\/#breadcrumb\"},\"inLanguage\":\"nl-NL\",\"potentialAction\":[{\"@type\":\"ReadAction\",\"target\":[\"https:\\\/\\\/unkrautverkaufer.com\\\/product\\\/buy-blue-dream-online\\\/\"]}]},{\"@type\":\"ImageObject\",\"inLanguage\":\"nl-NL\",\"@id\":\"https:\\\/\\\/unkrautverkaufer.com\\\/product\\\/buy-blue-dream-online\\\/#primaryimage\",\"url\":\"https:\\\/\\\/unkrautverkaufer.com\\\/wp-content\\\/uploads\\\/2021\\\/08\\\/blue-dream.jpg\",\"contentUrl\":\"https:\\\/\\\/unkrautverkaufer.com\\\/wp-content\\\/uploads\\\/2021\\\/08\\\/blue-dream.jpg\",\"width\":1080,\"height\":1350,\"caption\":\"cali gras kaufen - blue dream\"},{\"@type\":\"BreadcrumbList\",\"@id\":\"https:\\\/\\\/unkrautverkaufer.com\\\/product\\\/buy-blue-dream-online\\\/#breadcrumb\",\"itemListElement\":[{\"@type\":\"ListItem\",\"position\":1,\"name\":\"Home\",\"item\":\"https:\\\/\\\/unkrautverkaufer.com\\\/de_de\\\/\"},{\"@type\":\"ListItem\",\"position\":2,\"name\":\"Shop\",\"item\":\"https:\\\/\\\/unkrautverkaufer.com\\\/pl\\\/cannabis-kaufen\\\/\"},{\"@type\":\"ListItem\",\"position\":3,\"name\":\"Buy blue dream Online\"}]},{\"@type\":\"WebSite\",\"@id\":\"https:\\\/\\\/unkrautverkaufer.com\\\/#website\",\"url\":\"https:\\\/\\\/unkrautverkaufer.com\\\/\",\"name\":\"GRAS ONLINE KAUFEN DEUTSCHLAND\",\"description\":\"Cannabis kaufen\",\"publisher\":{\"@id\":\"https:\\\/\\\/unkrautverkaufer.com\\\/#organization\"},\"potentialAction\":[{\"@type\":\"SearchAction\",\"target\":{\"@type\":\"EntryPoint\",\"urlTemplate\":\"https:\\\/\\\/unkrautverkaufer.com\\\/?s={search_term_string}\"},\"query-input\":{\"@type\":\"PropertyValueSpecification\",\"valueRequired\":true,\"valueName\":\"search_term_string\"}}],\"inLanguage\":\"nl-NL\"},{\"@type\":\"Organization\",\"@id\":\"https:\\\/\\\/unkrautverkaufer.com\\\/#organization\",\"name\":\"GRAS ONLINE KAUFEN DEUTSCHLAND\",\"url\":\"https:\\\/\\\/unkrautverkaufer.com\\\/\",\"logo\":{\"@type\":\"ImageObject\",\"inLanguage\":\"nl-NL\",\"@id\":\"https:\\\/\\\/unkrautverkaufer.com\\\/#\\\/schema\\\/logo\\\/image\\\/\",\"url\":\"https:\\\/\\\/unkrautverkaufer.com\\\/wp-content\\\/uploads\\\/2021\\\/08\\\/logow.png\",\"contentUrl\":\"https:\\\/\\\/unkrautverkaufer.com\\\/wp-content\\\/uploads\\\/2021\\\/08\\\/logow.png\",\"width\":300,\"height\":170,\"caption\":\"GRAS ONLINE KAUFEN DEUTSCHLAND\"},\"image\":{\"@id\":\"https:\\\/\\\/unkrautverkaufer.com\\\/#\\\/schema\\\/logo\\\/image\\\/\"}}]}<\/script>\n<!-- \/ Yoast SEO plugin. -->","yoast_head_json":{"title":"Wo Bekommt Man Gras Her | Wo Bekomme ich Gras | wie gras kaufen.","description":"Wo Bekommt Man Gras Her | Wo Bekomme ich Gras | wie gras kaufen. Der beste Ort, um Gras in Deutschland diskret online zu bekommen.","robots":{"index":"index","follow":"follow","max-snippet":"max-snippet:-1","max-image-preview":"max-image-preview:large","max-video-preview":"max-video-preview:-1"},"canonical":"https:\/\/unkrautverkaufer.com\/nl\/product\/buy-blue-dream-online\/","og_locale":"nl_NL","og_type":"article","og_title":"Wo Bekommt Man Gras Her | Wo Bekomme ich Gras | wie gras kaufen.","og_description":"Wo Bekommt Man Gras Her | Wo Bekomme ich Gras | wie gras kaufen. Der beste Ort, um Gras in Deutschland diskret online zu bekommen.","og_url":"https:\/\/unkrautverkaufer.com\/nl\/product\/buy-blue-dream-online\/","og_site_name":"GRAS ONLINE KAUFEN DEUTSCHLAND","article_modified_time":"2026-04-04T03:51:29+00:00","twitter_card":"summary_large_image","twitter_misc":{"Verwachte leestijd":"2 minuten"},"schema":{"@context":"https:\/\/schema.org","@graph":[{"@type":"WebPage","@id":"https:\/\/unkrautverkaufer.com\/product\/buy-blue-dream-online\/","url":"https:\/\/unkrautverkaufer.com\/product\/buy-blue-dream-online\/","name":"Wo Bekommt Man Gras Her | Wo Bekomme ich Gras | wie gras kaufen.","isPartOf":{"@id":"https:\/\/unkrautverkaufer.com\/#website"},"primaryImageOfPage":{"@id":"https:\/\/unkrautverkaufer.com\/product\/buy-blue-dream-online\/#primaryimage"},"image":{"@id":"https:\/\/unkrautverkaufer.com\/product\/buy-blue-dream-online\/#primaryimage"},"thumbnailUrl":"https:\/\/unkrautverkaufer.com\/wp-content\/uploads\/2021\/08\/blue-dream.jpg","datePublished":"2021-12-04T22:13:59+00:00","dateModified":"2026-04-04T03:51:29+00:00","description":"Wo Bekommt Man Gras Her | Wo Bekomme ich Gras | wie gras kaufen. Der beste Ort, um Gras in Deutschland diskret online zu bekommen.","breadcrumb":{"@id":"https:\/\/unkrautverkaufer.com\/product\/buy-blue-dream-online\/#breadcrumb"},"inLanguage":"nl-NL","potentialAction":[{"@type":"ReadAction","target":["https:\/\/unkrautverkaufer.com\/product\/buy-blue-dream-online\/"]}]},{"@type":"ImageObject","inLanguage":"nl-NL","@id":"https:\/\/unkrautverkaufer.com\/product\/buy-blue-dream-online\/#primaryimage","url":"https:\/\/unkrautverkaufer.com\/wp-content\/uploads\/2021\/08\/blue-dream.jpg","contentUrl":"https:\/\/unkrautverkaufer.com\/wp-content\/uploads\/2021\/08\/blue-dream.jpg","width":1080,"height":1350,"caption":"cali gras kaufen - blue dream"},{"@type":"BreadcrumbList","@id":"https:\/\/unkrautverkaufer.com\/product\/buy-blue-dream-online\/#breadcrumb","itemListElement":[{"@type":"ListItem","position":1,"name":"Home","item":"https:\/\/unkrautverkaufer.com\/de_de\/"},{"@type":"ListItem","position":2,"name":"Shop","item":"https:\/\/unkrautverkaufer.com\/pl\/cannabis-kaufen\/"},{"@type":"ListItem","position":3,"name":"Buy blue dream Online"}]},{"@type":"WebSite","@id":"https:\/\/unkrautverkaufer.com\/#website","url":"https:\/\/unkrautverkaufer.com\/","name":"GRAS ONLINE KAUFEN DEUTSCHLAND","description":"Cannabis kaufen","publisher":{"@id":"https:\/\/unkrautverkaufer.com\/#organization"},"potentialAction":[{"@type":"SearchAction","target":{"@type":"EntryPoint","urlTemplate":"https:\/\/unkrautverkaufer.com\/?s={search_term_string}"},"query-input":{"@type":"PropertyValueSpecification","valueRequired":true,"valueName":"search_term_string"}}],"inLanguage":"nl-NL"},{"@type":"Organization","@id":"https:\/\/unkrautverkaufer.com\/#organization","name":"GRAS ONLINE KAUFEN DEUTSCHLAND","url":"https:\/\/unkrautverkaufer.com\/","logo":{"@type":"ImageObject","inLanguage":"nl-NL","@id":"https:\/\/unkrautverkaufer.com\/#\/schema\/logo\/image\/","url":"https:\/\/unkrautverkaufer.com\/wp-content\/uploads\/2021\/08\/logow.png","contentUrl":"https:\/\/unkrautverkaufer.com\/wp-content\/uploads\/2021\/08\/logow.png","width":300,"height":170,"caption":"GRAS ONLINE KAUFEN DEUTSCHLAND"},"image":{"@id":"https:\/\/unkrautverkaufer.com\/#\/schema\/logo\/image\/"}}]}},"_links":{"self":[{"href":"https:\/\/unkrautverkaufer.com\/nl\/wp-json\/wp\/v2\/product\/1199","targetHints":{"allow":["GET"]}}],"collection":[{"href":"https:\/\/unkrautverkaufer.com\/nl\/wp-json\/wp\/v2\/product"}],"about":[{"href":"https:\/\/unkrautverkaufer.com\/nl\/wp-json\/wp\/v2\/types\/product"}],"replies":[{"embeddable":true,"href":"https:\/\/unkrautverkaufer.com\/nl\/wp-json\/wp\/v2\/comments?post=1199"}],"wp:featuredmedia":[{"embeddable":true,"href":"https:\/\/unkrautverkaufer.com\/nl\/wp-json\/wp\/v2\/media\/23"}],"wp:attachment":[{"href":"https:\/\/unkrautverkaufer.com\/nl\/wp-json\/wp\/v2\/media?parent=1199"}],"wp:term":[{"taxonomy":"product_brand","embeddable":true,"href":"https:\/\/unkrautverkaufer.com\/nl\/wp-json\/wp\/v2\/product_brand?post=1199"},{"taxonomy":"product_cat","embeddable":true,"href":"https:\/\/unkrautverkaufer.com\/nl\/wp-json\/wp\/v2\/product_cat?post=1199"},{"taxonomy":"product_tag","embeddable":true,"href":"https:\/\/unkrautverkaufer.com\/nl\/wp-json\/wp\/v2\/product_tag?post=1199"}],"curies":[{"name":"wp","href":"https:\/\/api.w.org\/{rel}","templated":true}]}}