{"id":1209,"date":"2021-12-04T22:14:02","date_gmt":"2021-12-04T22:14:02","guid":{"rendered":"https:\/\/unkrautverkaufer.com\/?post_type=product&#038;p=1209"},"modified":"2026-02-26T12:37:22","modified_gmt":"2026-02-26T12:37:22","slug":"buy-triple-g-online","status":"publish","type":"product","link":"https:\/\/unkrautverkaufer.com\/fr\/product\/buy-triple-g-online\/","title":{"rendered":"Buy Triple G online"},"content":{"rendered":"<p>Gras shop online verkaufen Sie das <a href=\"https:\/\/unkrautverkaufer.com\/fr\/product\/blue-dream\/\">beste Unkraut<\/a> zu sehr erschwinglichen Preisen mit den folgenden positiven Effekten,<br \/>\nDie anf\u00e4nglichen Effekte von Triple G konzentrieren sich erheblich darauf, Ihre Stimmung zu heben. Und ihren Geist zu kl\u00e4ren, Sie frei von negativen Gedanken und Sorgen zu lassen, und stattdessen liberal, um die Konsequenzen von Buy Triple G online voll zu genie\u00dfen.<\/p>\n<p>Die Wirkung von Triple G verst\u00e4rkt sich schnell zusammen mit Ihrer Stimmung. Von einem friedlichen, gl\u00fccklichen Zustand zu einem echten Gef\u00fchl der Euphorie \u00fcberzugehen.<\/p>\n<p>Das Gef\u00fchl der Euphorie setzt sich w\u00e4hrend des gesamten Hochs und fort. <a href=\"https:\/\/www.passeportsante.net\/fr\/Solutions\/PlantesSupplements\/Fiche.aspx?doc=marijuana_ps\">cannabis<\/a>, Schafft es sogar, sich den tiefen beruhigenden Effekten zu stellen, die sich sp\u00e4ter durchsetzen und das Denken erschweren.<\/p>\n<p>Wenn sich Triple G niederl\u00e4sst und Sie die gr\u00f6\u00dfte Stufe des Hochs betreten. Die meisten Menschen beschreiben ein Gef\u00fchl von so intensiver Entspannung, dass sie sich einfach nur entspannen und ihre Umgebung aufnehmen wollen, weil Sie das Beste bekommen m\u00fcssen<\/p>\n<p>Schilder<\/p>\n<p>Gras shop online. Toller Service. Vertrauen Sie uns. Wir liefern. Heim. Treu. Dem\u00fctig. Liebe. Leben. Lachen. Tue nicht. Drogen. Pillen. Angst. Lebe, weil das Leben kurz ist. Stark. Wir k\u00fcmmern uns, weil wir dich lieben. Wie auch immer wir uns k\u00fcmmern. Wirklich. Zweitens. Weil. Tapfer. Rechts. Entz\u00fccken. Hinzuf\u00fcgen dazu. Weil. Weil. Dem\u00fctig. Xan.<\/p>\n<p>Feucht. Lager. Schmerz. weil. Chro. Howe. Wie. W. Wann. Auto. FedE. DHL. Dann. Achtern. Weil. Heim. Weil. Aber. Au\u00dferdem. Dann. Weil. G. F. W. T. Dann. Aber.<\/p>\n<p>Schilder<\/p>\n<p>&nbsp;<\/p>","protected":false},"excerpt":{"rendered":"<p>Was ist die Tripple G Strain?<br \/>\nKaufen Sie TRIPPLE G online Weed kann eine starke Hybride mit einer Stunde Indica \/ 40% Sativa Divide sein.<\/p>\n<p>W\u00e4hrend diese Zahlen Sie dazu bringen w\u00fcrden, das zu glauben. TRIPPLE G kann eine relativ ausgewogene Sorte sein. Dies ist oft erheblich nicht der Fall. Seine Indica-Seite ist sicherlich dominanter.<\/p>\n<p>TRIPPLE G hat es sogar geschafft, Auszeichnungen f\u00fcr seine St\u00e4rke zu gewinnen. Darunter der Gewinn von Best Indica beim High Times Cannabis Cup 2013. Viele reine Indica-Sorten schlagen.<\/p>\n<p>TRIPPLE G ist fest ein Festmitglied der OG-Familie, wobei XXX OG und Alpha OG die Elternst\u00e4mme sind.<\/p>\n<p>Das Ergebnis ist eine Sorte, die es geschafft hat, viele davon zu behalten. Konsequenzen, die TRIPPLE G zu einer so sympathischen Gruppe von Sorten auf der ganzen Welt machen. Tripple G Aroma- und Geschmacksprofil passen auch erheblich zu dem, was Sie von einem Mitglied der OG-Familie erwarten w\u00fcrden.<\/p>\n<p>TRIPPLE G hat sich zu einer der beliebtesten Sorten in S\u00fcdkalifornien gemacht. Dank seiner Potenz und damit dem tiefen Gef\u00fchl der Entspannung, das es bietet.<\/p>","protected":false},"featured_media":74,"comment_status":"open","ping_status":"closed","template":"","meta":[],"product_brand":[],"product_cat":[15],"product_tag":[310,311,312,313,314,315,316,317,318,319,320,321],"class_list":{"0":"post-1209","1":"product","2":"type-product","3":"status-publish","4":"has-post-thumbnail","6":"product_cat-strains","7":"product_tag-hulkberry","8":"product_tag-hulkberry-zamnesia","9":"product_tag-runtz-wirkung","10":"product_tag-runtz-zamnesia","11":"product_tag-sweet-zz-zamnesia","12":"product_tag-triple-g","13":"product_tag-triple-g-grow-report","14":"product_tag-triple-g-strain-leafly","15":"product_tag-triple-g-strain-seedfinder","16":"product_tag-triple-g-wirkung","17":"product_tag-wedding-gelato","18":"product_tag-zamnesia-ice","20":"first","21":"instock","22":"shipping-taxable","23":"purchasable","24":"product-type-variable"},"yoast_head":"<!-- This site is optimized with the Yoast SEO plugin v27.3 - https:\/\/yoast.com\/product\/yoast-seo-wordpress\/ -->\n<title>Gras shop online | Triple G online kaufen | Express- und diskrete Lieferung<\/title>\n<meta name=\"description\" content=\"Gras shop online | Triple G online kaufen | Express- und diskrete Lieferung Bestellung im besten Shop deutschlands 100% diskreter Versand\" \/>\n<meta name=\"robots\" content=\"index, follow, max-snippet:-1, max-image-preview:large, max-video-preview:-1\" \/>\n<link rel=\"canonical\" href=\"https:\/\/unkrautverkaufer.com\/fr\/product\/buy-triple-g-online\/\" \/>\n<meta property=\"og:locale\" content=\"fr_FR\" \/>\n<meta property=\"og:type\" content=\"article\" \/>\n<meta property=\"og:title\" content=\"Gras shop online | Triple G online kaufen | Express- und diskrete Lieferung\" \/>\n<meta property=\"og:description\" content=\"Gras shop online | Triple G online kaufen | Express- und diskrete Lieferung Bestellung im besten Shop deutschlands 100% diskreter Versand\" \/>\n<meta property=\"og:url\" content=\"https:\/\/unkrautverkaufer.com\/fr\/product\/buy-triple-g-online\/\" \/>\n<meta property=\"og:site_name\" content=\"GRAS ONLINE KAUFEN DEUTSCHLAND\" \/>\n<meta property=\"article:modified_time\" content=\"2026-02-26T12:37:22+00:00\" \/>\n<meta name=\"twitter:card\" content=\"summary_large_image\" \/>\n<meta name=\"twitter:label1\" content=\"Dur\u00e9e de lecture estim\u00e9e\" \/>\n\t<meta name=\"twitter:data1\" content=\"2 minutes\" \/>\n<script type=\"application\/ld+json\" class=\"yoast-schema-graph\">{\"@context\":\"https:\\\/\\\/schema.org\",\"@graph\":[{\"@type\":\"WebPage\",\"@id\":\"https:\\\/\\\/unkrautverkaufer.com\\\/product\\\/buy-triple-g-online\\\/\",\"url\":\"https:\\\/\\\/unkrautverkaufer.com\\\/product\\\/buy-triple-g-online\\\/\",\"name\":\"Gras shop online | Triple G online kaufen | Express- und diskrete Lieferung\",\"isPartOf\":{\"@id\":\"https:\\\/\\\/unkrautverkaufer.com\\\/#website\"},\"primaryImageOfPage\":{\"@id\":\"https:\\\/\\\/unkrautverkaufer.com\\\/product\\\/buy-triple-g-online\\\/#primaryimage\"},\"image\":{\"@id\":\"https:\\\/\\\/unkrautverkaufer.com\\\/product\\\/buy-triple-g-online\\\/#primaryimage\"},\"thumbnailUrl\":\"https:\\\/\\\/unkrautverkaufer.com\\\/wp-content\\\/uploads\\\/2021\\\/08\\\/Godfather-OG.jpg\",\"datePublished\":\"2021-12-04T22:14:02+00:00\",\"dateModified\":\"2026-02-26T12:37:22+00:00\",\"description\":\"Gras shop online | Triple G online kaufen | Express- und diskrete Lieferung Bestellung im besten Shop deutschlands 100% diskreter Versand\",\"breadcrumb\":{\"@id\":\"https:\\\/\\\/unkrautverkaufer.com\\\/product\\\/buy-triple-g-online\\\/#breadcrumb\"},\"inLanguage\":\"fr-FR\",\"potentialAction\":[{\"@type\":\"ReadAction\",\"target\":[\"https:\\\/\\\/unkrautverkaufer.com\\\/product\\\/buy-triple-g-online\\\/\"]}]},{\"@type\":\"ImageObject\",\"inLanguage\":\"fr-FR\",\"@id\":\"https:\\\/\\\/unkrautverkaufer.com\\\/product\\\/buy-triple-g-online\\\/#primaryimage\",\"url\":\"https:\\\/\\\/unkrautverkaufer.com\\\/wp-content\\\/uploads\\\/2021\\\/08\\\/Godfather-OG.jpg\",\"contentUrl\":\"https:\\\/\\\/unkrautverkaufer.com\\\/wp-content\\\/uploads\\\/2021\\\/08\\\/Godfather-OG.jpg\",\"width\":1080,\"height\":1080,\"caption\":\"Gras shop online\"},{\"@type\":\"BreadcrumbList\",\"@id\":\"https:\\\/\\\/unkrautverkaufer.com\\\/product\\\/buy-triple-g-online\\\/#breadcrumb\",\"itemListElement\":[{\"@type\":\"ListItem\",\"position\":1,\"name\":\"Home\",\"item\":\"https:\\\/\\\/unkrautverkaufer.com\\\/de_de\\\/\"},{\"@type\":\"ListItem\",\"position\":2,\"name\":\"Shop\",\"item\":\"https:\\\/\\\/unkrautverkaufer.com\\\/pl\\\/cannabis-kaufen\\\/\"},{\"@type\":\"ListItem\",\"position\":3,\"name\":\"Buy Triple G online\"}]},{\"@type\":\"WebSite\",\"@id\":\"https:\\\/\\\/unkrautverkaufer.com\\\/#website\",\"url\":\"https:\\\/\\\/unkrautverkaufer.com\\\/\",\"name\":\"GRAS ONLINE KAUFEN DEUTSCHLAND\",\"description\":\"Cannabis kaufen\",\"publisher\":{\"@id\":\"https:\\\/\\\/unkrautverkaufer.com\\\/#organization\"},\"potentialAction\":[{\"@type\":\"SearchAction\",\"target\":{\"@type\":\"EntryPoint\",\"urlTemplate\":\"https:\\\/\\\/unkrautverkaufer.com\\\/?s={search_term_string}\"},\"query-input\":{\"@type\":\"PropertyValueSpecification\",\"valueRequired\":true,\"valueName\":\"search_term_string\"}}],\"inLanguage\":\"fr-FR\"},{\"@type\":\"Organization\",\"@id\":\"https:\\\/\\\/unkrautverkaufer.com\\\/#organization\",\"name\":\"GRAS ONLINE KAUFEN DEUTSCHLAND\",\"url\":\"https:\\\/\\\/unkrautverkaufer.com\\\/\",\"logo\":{\"@type\":\"ImageObject\",\"inLanguage\":\"fr-FR\",\"@id\":\"https:\\\/\\\/unkrautverkaufer.com\\\/#\\\/schema\\\/logo\\\/image\\\/\",\"url\":\"https:\\\/\\\/unkrautverkaufer.com\\\/wp-content\\\/uploads\\\/2021\\\/08\\\/logow.png\",\"contentUrl\":\"https:\\\/\\\/unkrautverkaufer.com\\\/wp-content\\\/uploads\\\/2021\\\/08\\\/logow.png\",\"width\":300,\"height\":170,\"caption\":\"GRAS ONLINE KAUFEN DEUTSCHLAND\"},\"image\":{\"@id\":\"https:\\\/\\\/unkrautverkaufer.com\\\/#\\\/schema\\\/logo\\\/image\\\/\"}}]}<\/script>\n<!-- \/ Yoast SEO plugin. -->","yoast_head_json":{"title":"Gras shop online | Triple G online kaufen | Express- und diskrete Lieferung","description":"Gras shop online | Triple G online kaufen | Express- und diskrete Lieferung Bestellung im besten Shop deutschlands 100% diskreter Versand","robots":{"index":"index","follow":"follow","max-snippet":"max-snippet:-1","max-image-preview":"max-image-preview:large","max-video-preview":"max-video-preview:-1"},"canonical":"https:\/\/unkrautverkaufer.com\/fr\/product\/buy-triple-g-online\/","og_locale":"fr_FR","og_type":"article","og_title":"Gras shop online | Triple G online kaufen | Express- und diskrete Lieferung","og_description":"Gras shop online | Triple G online kaufen | Express- und diskrete Lieferung Bestellung im besten Shop deutschlands 100% diskreter Versand","og_url":"https:\/\/unkrautverkaufer.com\/fr\/product\/buy-triple-g-online\/","og_site_name":"GRAS ONLINE KAUFEN DEUTSCHLAND","article_modified_time":"2026-02-26T12:37:22+00:00","twitter_card":"summary_large_image","twitter_misc":{"Dur\u00e9e de lecture estim\u00e9e":"2 minutes"},"schema":{"@context":"https:\/\/schema.org","@graph":[{"@type":"WebPage","@id":"https:\/\/unkrautverkaufer.com\/product\/buy-triple-g-online\/","url":"https:\/\/unkrautverkaufer.com\/product\/buy-triple-g-online\/","name":"Gras shop online | Triple G online kaufen | Express- und diskrete Lieferung","isPartOf":{"@id":"https:\/\/unkrautverkaufer.com\/#website"},"primaryImageOfPage":{"@id":"https:\/\/unkrautverkaufer.com\/product\/buy-triple-g-online\/#primaryimage"},"image":{"@id":"https:\/\/unkrautverkaufer.com\/product\/buy-triple-g-online\/#primaryimage"},"thumbnailUrl":"https:\/\/unkrautverkaufer.com\/wp-content\/uploads\/2021\/08\/Godfather-OG.jpg","datePublished":"2021-12-04T22:14:02+00:00","dateModified":"2026-02-26T12:37:22+00:00","description":"Gras shop online | Triple G online kaufen | Express- und diskrete Lieferung Bestellung im besten Shop deutschlands 100% diskreter Versand","breadcrumb":{"@id":"https:\/\/unkrautverkaufer.com\/product\/buy-triple-g-online\/#breadcrumb"},"inLanguage":"fr-FR","potentialAction":[{"@type":"ReadAction","target":["https:\/\/unkrautverkaufer.com\/product\/buy-triple-g-online\/"]}]},{"@type":"ImageObject","inLanguage":"fr-FR","@id":"https:\/\/unkrautverkaufer.com\/product\/buy-triple-g-online\/#primaryimage","url":"https:\/\/unkrautverkaufer.com\/wp-content\/uploads\/2021\/08\/Godfather-OG.jpg","contentUrl":"https:\/\/unkrautverkaufer.com\/wp-content\/uploads\/2021\/08\/Godfather-OG.jpg","width":1080,"height":1080,"caption":"Gras shop online"},{"@type":"BreadcrumbList","@id":"https:\/\/unkrautverkaufer.com\/product\/buy-triple-g-online\/#breadcrumb","itemListElement":[{"@type":"ListItem","position":1,"name":"Home","item":"https:\/\/unkrautverkaufer.com\/de_de\/"},{"@type":"ListItem","position":2,"name":"Shop","item":"https:\/\/unkrautverkaufer.com\/pl\/cannabis-kaufen\/"},{"@type":"ListItem","position":3,"name":"Buy Triple G online"}]},{"@type":"WebSite","@id":"https:\/\/unkrautverkaufer.com\/#website","url":"https:\/\/unkrautverkaufer.com\/","name":"GRAS ONLINE KAUFEN DEUTSCHLAND","description":"Cannabis kaufen","publisher":{"@id":"https:\/\/unkrautverkaufer.com\/#organization"},"potentialAction":[{"@type":"SearchAction","target":{"@type":"EntryPoint","urlTemplate":"https:\/\/unkrautverkaufer.com\/?s={search_term_string}"},"query-input":{"@type":"PropertyValueSpecification","valueRequired":true,"valueName":"search_term_string"}}],"inLanguage":"fr-FR"},{"@type":"Organization","@id":"https:\/\/unkrautverkaufer.com\/#organization","name":"GRAS ONLINE KAUFEN DEUTSCHLAND","url":"https:\/\/unkrautverkaufer.com\/","logo":{"@type":"ImageObject","inLanguage":"fr-FR","@id":"https:\/\/unkrautverkaufer.com\/#\/schema\/logo\/image\/","url":"https:\/\/unkrautverkaufer.com\/wp-content\/uploads\/2021\/08\/logow.png","contentUrl":"https:\/\/unkrautverkaufer.com\/wp-content\/uploads\/2021\/08\/logow.png","width":300,"height":170,"caption":"GRAS ONLINE KAUFEN DEUTSCHLAND"},"image":{"@id":"https:\/\/unkrautverkaufer.com\/#\/schema\/logo\/image\/"}}]}},"_links":{"self":[{"href":"https:\/\/unkrautverkaufer.com\/fr\/wp-json\/wp\/v2\/product\/1209","targetHints":{"allow":["GET"]}}],"collection":[{"href":"https:\/\/unkrautverkaufer.com\/fr\/wp-json\/wp\/v2\/product"}],"about":[{"href":"https:\/\/unkrautverkaufer.com\/fr\/wp-json\/wp\/v2\/types\/product"}],"replies":[{"embeddable":true,"href":"https:\/\/unkrautverkaufer.com\/fr\/wp-json\/wp\/v2\/comments?post=1209"}],"wp:featuredmedia":[{"embeddable":true,"href":"https:\/\/unkrautverkaufer.com\/fr\/wp-json\/wp\/v2\/media\/74"}],"wp:attachment":[{"href":"https:\/\/unkrautverkaufer.com\/fr\/wp-json\/wp\/v2\/media?parent=1209"}],"wp:term":[{"taxonomy":"product_brand","embeddable":true,"href":"https:\/\/unkrautverkaufer.com\/fr\/wp-json\/wp\/v2\/product_brand?post=1209"},{"taxonomy":"product_cat","embeddable":true,"href":"https:\/\/unkrautverkaufer.com\/fr\/wp-json\/wp\/v2\/product_cat?post=1209"},{"taxonomy":"product_tag","embeddable":true,"href":"https:\/\/unkrautverkaufer.com\/fr\/wp-json\/wp\/v2\/product_tag?post=1209"}],"curies":[{"name":"wp","href":"https:\/\/api.w.org\/{rel}","templated":true}]}}