{"id":1201,"date":"2021-12-04T22:14:00","date_gmt":"2021-12-04T22:14:00","guid":{"rendered":"https:\/\/unkrautverkaufer.com\/?post_type=product&#038;p=1201"},"modified":"2026-04-07T10:11:11","modified_gmt":"2026-04-07T10:11:11","slug":"buy-northern-lights-online","status":"publish","type":"product","link":"https:\/\/unkrautverkaufer.com\/fr\/product\/buy-northern-lights-online\/","title":{"rendered":"Buy northern lights online"},"content":{"rendered":"<p>Haschisch Kaufen Online Shop, Wie die meisten seiner indica-basierten Vorfahren und Nachkommen. Es ist eine der reinsten <a href=\"https:\/\/fr.wikipedia.org\/wiki\/Cannabis_indica#:~:text=Le%20Chanvre%20indien%20(Cannabis%20sativa,reste%20cependant%20une%20esp%C3%A8ce%20pr%C3%A9sum%C3%A9e.\">Indica<\/a>-Sorten (95 Pc. Indica, 5 St\u00fcck <a href=\"https:\/\/unkrautverkaufer.com\/fr\/product\/sour-diesel\/\">Sativa<\/a>). Viele w\u00e4hlen es f\u00fcr den schweren K\u00f6rper hoch, um ihre Ketten von chronischen Schmerzen auch zu schw\u00e4chen. Und daher werden die starken appetitinduzierenden Effekte denjenigen nicht helfen, die von Solchen Essst\u00f6rungen wie Anorexie betroffen sind. Nordlichter online kaufen<\/p>\n<p>Die genaue Abstammung und Geschichte von Northern Light sind geheimnisvoll. Aber es wird allgemein angenommen, dass es sich um eine Mischung aus zwei Landrassenbausteinsorten handelt &#8211; Thai und Afghani. Wir wissen, dass die Sorte in Holland perfektioniert wurde und erst in den letzten Jahren begonnen hat, ihren Dank an Amerika zu bilden.<\/p>\n<p>Die Sorte bl\u00fcht 6 bis acht Wochen und liefert bis zu 125 Gramm pro Quadratmeter. Innerhalb des durchschnittlichen Gew\u00e4chshausaufbaus produziert Aurora Borealis etwa 100 Gramm pro Pflanze. Diese Sorte kann eine definitive Wahl f\u00fcr Menschen sein, die Qualit\u00e4t und Leichtigkeit der Quantit\u00e4t vorziehen. Seit seinem Aufkommen in der medizinischen Szene gibt es jedoch viele Nachahmungen und viele Z\u00fcchter haben es mit etwas gekreuzt, aber einen gleichwertigen Namen behalten. Haschisch Kaufen Online Shop<\/p>\n<p>&nbsp;<\/p>\n<p>Schilder<br \/>\nToller Service. Vertrauen Sie uns. Wir t\u00e4uschen. Heim. Treu. Dem\u00fctig. Liebe. Leben. Lachen. Tue nicht. Drogen. Pillen. Angst. Lebe, weil das Leben kurz ist. Stark. Wir k\u00fcmmern uns, weil wir dich lieben. Wie auch immer wir uns k\u00fcmmern. Wirklich. Zweitens. Weil. Tapfer. Rechts. Entz\u00fccken. Hinzuf\u00fcgen dazu. Weil. Weil. Dem\u00fctig. Xan.<\/p>\n<p>Feucht. Lager. Schmerz. weil. Chro. Howe. Wie. W. Wann. Auto. FedE. DHL. Dann. Achtern. Weil. Heim. Weil. Aber. Au\u00dferdem. Dann. Weil. G. F. W. T. Dann. Aber.<\/p>","protected":false},"excerpt":{"rendered":"<p>Kaufen Sie Northern Lights online, fr\u00fcher als CI #5 F1 bezeichnet, ist eine Geschenk gewinnende Indica dominante Sorte. . Die Sorte ist schnell in Apotheken in ganz Deutschland und Europa erh\u00e4ltlich<\/p>\n<p>Von vielen als Zwei-Hit-and-Quit-Sorte bekannt, schl\u00e4gt Aurora Borealis den K\u00f6rper in einen wunderbar bet\u00e4ubenden, faulen Modus. Der Wille, auf der Couch Platz zu nehmen und die Entscheidung von Munchies zu h\u00f6ren, k\u00f6nnte auch f\u00fcr Anf\u00e4nger selbst in niedrigeren Dosen \u00fcberw\u00e4ltigend sein.<\/p>\n<p>Begleitend dieses K\u00f6rperhochs vielleicht ein sch\u00f6nes Gef\u00fchl von Wohlbefinden und Gl\u00fcck.<\/p>\n<p>Die durchschnittlichen negativen T\u00e4ter bleiben bestehen &#8211; Xerostomie und Augen, Schwindel, Paranoia und Angst in h\u00f6heren Dosen<\/p>\n<p>.<\/p>","protected":false},"featured_media":33,"comment_status":"open","ping_status":"closed","template":"","meta":[],"product_brand":[],"product_cat":[15],"product_tag":[234,235,236,237,238,239,240,241],"class_list":{"0":"post-1201","1":"product","2":"type-product","3":"status-publish","4":"has-post-thumbnail","6":"product_cat-strains","7":"product_tag-best-northern-lights-strain","8":"product_tag-northern-lights-5-strain","9":"product_tag-northern-lights-alaska","10":"product_tag-northern-lights-strain-cartridge","11":"product_tag-northern-lights-strain-las-vegas","12":"product_tag-northern-lights-strain-yield","13":"product_tag-northern-lights-terpenes","14":"product_tag-strawberry-northern-lights-strain","16":"first","17":"instock","18":"shipping-taxable","19":"purchasable","20":"product-type-variable"},"yoast_head":"<!-- This site is optimized with the Yoast SEO plugin v27.3 - https:\/\/yoast.com\/product\/yoast-seo-wordpress\/ -->\n<title>Haschisch Kaufen Online Shop | Haschisch Kaufen im Internet<\/title>\n<meta name=\"description\" content=\"Haschisch Kaufen Online Shop, Haschisch Kaufen im Internet wo Sie das beste Haschisch zu sehr erschwinglichen Preisen bekommen k\u00f6nnen.\" \/>\n<meta name=\"robots\" content=\"index, follow, max-snippet:-1, max-image-preview:large, max-video-preview:-1\" \/>\n<link rel=\"canonical\" href=\"https:\/\/unkrautverkaufer.com\/fr\/product\/buy-northern-lights-online\/\" \/>\n<meta property=\"og:locale\" content=\"fr_FR\" \/>\n<meta property=\"og:type\" content=\"article\" \/>\n<meta property=\"og:title\" content=\"Haschisch Kaufen Online Shop | Haschisch Kaufen im Internet\" \/>\n<meta property=\"og:description\" content=\"Haschisch Kaufen Online Shop, Haschisch Kaufen im Internet wo Sie das beste Haschisch zu sehr erschwinglichen Preisen bekommen k\u00f6nnen.\" \/>\n<meta property=\"og:url\" content=\"https:\/\/unkrautverkaufer.com\/fr\/product\/buy-northern-lights-online\/\" \/>\n<meta property=\"og:site_name\" content=\"GRAS ONLINE KAUFEN DEUTSCHLAND\" \/>\n<meta property=\"article:modified_time\" content=\"2026-04-07T10:11:11+00:00\" \/>\n<meta name=\"twitter:card\" content=\"summary_large_image\" \/>\n<meta name=\"twitter:label1\" content=\"Dur\u00e9e de lecture estim\u00e9e\" \/>\n\t<meta name=\"twitter:data1\" content=\"2 minutes\" \/>\n<script type=\"application\/ld+json\" class=\"yoast-schema-graph\">{\"@context\":\"https:\\\/\\\/schema.org\",\"@graph\":[{\"@type\":\"WebPage\",\"@id\":\"https:\\\/\\\/unkrautverkaufer.com\\\/product\\\/buy-northern-lights-online\\\/\",\"url\":\"https:\\\/\\\/unkrautverkaufer.com\\\/product\\\/buy-northern-lights-online\\\/\",\"name\":\"Haschisch Kaufen Online Shop | Haschisch Kaufen im Internet\",\"isPartOf\":{\"@id\":\"https:\\\/\\\/unkrautverkaufer.com\\\/#website\"},\"primaryImageOfPage\":{\"@id\":\"https:\\\/\\\/unkrautverkaufer.com\\\/product\\\/buy-northern-lights-online\\\/#primaryimage\"},\"image\":{\"@id\":\"https:\\\/\\\/unkrautverkaufer.com\\\/product\\\/buy-northern-lights-online\\\/#primaryimage\"},\"thumbnailUrl\":\"https:\\\/\\\/unkrautverkaufer.com\\\/wp-content\\\/uploads\\\/2021\\\/08\\\/Northern-Lights.jpg\",\"datePublished\":\"2021-12-04T22:14:00+00:00\",\"dateModified\":\"2026-04-07T10:11:11+00:00\",\"description\":\"Haschisch Kaufen Online Shop, Haschisch Kaufen im Internet wo Sie das beste Haschisch zu sehr erschwinglichen Preisen bekommen k\u00f6nnen.\",\"breadcrumb\":{\"@id\":\"https:\\\/\\\/unkrautverkaufer.com\\\/product\\\/buy-northern-lights-online\\\/#breadcrumb\"},\"inLanguage\":\"fr-FR\",\"potentialAction\":[{\"@type\":\"ReadAction\",\"target\":[\"https:\\\/\\\/unkrautverkaufer.com\\\/product\\\/buy-northern-lights-online\\\/\"]}]},{\"@type\":\"ImageObject\",\"inLanguage\":\"fr-FR\",\"@id\":\"https:\\\/\\\/unkrautverkaufer.com\\\/product\\\/buy-northern-lights-online\\\/#primaryimage\",\"url\":\"https:\\\/\\\/unkrautverkaufer.com\\\/wp-content\\\/uploads\\\/2021\\\/08\\\/Northern-Lights.jpg\",\"contentUrl\":\"https:\\\/\\\/unkrautverkaufer.com\\\/wp-content\\\/uploads\\\/2021\\\/08\\\/Northern-Lights.jpg\",\"width\":1080,\"height\":1080,\"caption\":\"Haschisch Kaufen Online Shop\"},{\"@type\":\"BreadcrumbList\",\"@id\":\"https:\\\/\\\/unkrautverkaufer.com\\\/product\\\/buy-northern-lights-online\\\/#breadcrumb\",\"itemListElement\":[{\"@type\":\"ListItem\",\"position\":1,\"name\":\"Home\",\"item\":\"https:\\\/\\\/unkrautverkaufer.com\\\/de_de\\\/\"},{\"@type\":\"ListItem\",\"position\":2,\"name\":\"Shop\",\"item\":\"https:\\\/\\\/unkrautverkaufer.com\\\/pl\\\/cannabis-kaufen\\\/\"},{\"@type\":\"ListItem\",\"position\":3,\"name\":\"Buy northern lights online\"}]},{\"@type\":\"WebSite\",\"@id\":\"https:\\\/\\\/unkrautverkaufer.com\\\/#website\",\"url\":\"https:\\\/\\\/unkrautverkaufer.com\\\/\",\"name\":\"GRAS ONLINE KAUFEN DEUTSCHLAND\",\"description\":\"Cannabis kaufen\",\"publisher\":{\"@id\":\"https:\\\/\\\/unkrautverkaufer.com\\\/#organization\"},\"potentialAction\":[{\"@type\":\"SearchAction\",\"target\":{\"@type\":\"EntryPoint\",\"urlTemplate\":\"https:\\\/\\\/unkrautverkaufer.com\\\/?s={search_term_string}\"},\"query-input\":{\"@type\":\"PropertyValueSpecification\",\"valueRequired\":true,\"valueName\":\"search_term_string\"}}],\"inLanguage\":\"fr-FR\"},{\"@type\":\"Organization\",\"@id\":\"https:\\\/\\\/unkrautverkaufer.com\\\/#organization\",\"name\":\"GRAS ONLINE KAUFEN DEUTSCHLAND\",\"url\":\"https:\\\/\\\/unkrautverkaufer.com\\\/\",\"logo\":{\"@type\":\"ImageObject\",\"inLanguage\":\"fr-FR\",\"@id\":\"https:\\\/\\\/unkrautverkaufer.com\\\/#\\\/schema\\\/logo\\\/image\\\/\",\"url\":\"https:\\\/\\\/unkrautverkaufer.com\\\/wp-content\\\/uploads\\\/2021\\\/08\\\/logow.png\",\"contentUrl\":\"https:\\\/\\\/unkrautverkaufer.com\\\/wp-content\\\/uploads\\\/2021\\\/08\\\/logow.png\",\"width\":300,\"height\":170,\"caption\":\"GRAS ONLINE KAUFEN DEUTSCHLAND\"},\"image\":{\"@id\":\"https:\\\/\\\/unkrautverkaufer.com\\\/#\\\/schema\\\/logo\\\/image\\\/\"}}]}<\/script>\n<!-- \/ Yoast SEO plugin. -->","yoast_head_json":{"title":"Haschisch Kaufen Online Shop | Haschisch Kaufen im Internet","description":"Haschisch Kaufen Online Shop, Haschisch Kaufen im Internet wo Sie das beste Haschisch zu sehr erschwinglichen Preisen bekommen k\u00f6nnen.","robots":{"index":"index","follow":"follow","max-snippet":"max-snippet:-1","max-image-preview":"max-image-preview:large","max-video-preview":"max-video-preview:-1"},"canonical":"https:\/\/unkrautverkaufer.com\/fr\/product\/buy-northern-lights-online\/","og_locale":"fr_FR","og_type":"article","og_title":"Haschisch Kaufen Online Shop | Haschisch Kaufen im Internet","og_description":"Haschisch Kaufen Online Shop, Haschisch Kaufen im Internet wo Sie das beste Haschisch zu sehr erschwinglichen Preisen bekommen k\u00f6nnen.","og_url":"https:\/\/unkrautverkaufer.com\/fr\/product\/buy-northern-lights-online\/","og_site_name":"GRAS ONLINE KAUFEN DEUTSCHLAND","article_modified_time":"2026-04-07T10:11:11+00:00","twitter_card":"summary_large_image","twitter_misc":{"Dur\u00e9e de lecture estim\u00e9e":"2 minutes"},"schema":{"@context":"https:\/\/schema.org","@graph":[{"@type":"WebPage","@id":"https:\/\/unkrautverkaufer.com\/product\/buy-northern-lights-online\/","url":"https:\/\/unkrautverkaufer.com\/product\/buy-northern-lights-online\/","name":"Haschisch Kaufen Online Shop | Haschisch Kaufen im Internet","isPartOf":{"@id":"https:\/\/unkrautverkaufer.com\/#website"},"primaryImageOfPage":{"@id":"https:\/\/unkrautverkaufer.com\/product\/buy-northern-lights-online\/#primaryimage"},"image":{"@id":"https:\/\/unkrautverkaufer.com\/product\/buy-northern-lights-online\/#primaryimage"},"thumbnailUrl":"https:\/\/unkrautverkaufer.com\/wp-content\/uploads\/2021\/08\/Northern-Lights.jpg","datePublished":"2021-12-04T22:14:00+00:00","dateModified":"2026-04-07T10:11:11+00:00","description":"Haschisch Kaufen Online Shop, Haschisch Kaufen im Internet wo Sie das beste Haschisch zu sehr erschwinglichen Preisen bekommen k\u00f6nnen.","breadcrumb":{"@id":"https:\/\/unkrautverkaufer.com\/product\/buy-northern-lights-online\/#breadcrumb"},"inLanguage":"fr-FR","potentialAction":[{"@type":"ReadAction","target":["https:\/\/unkrautverkaufer.com\/product\/buy-northern-lights-online\/"]}]},{"@type":"ImageObject","inLanguage":"fr-FR","@id":"https:\/\/unkrautverkaufer.com\/product\/buy-northern-lights-online\/#primaryimage","url":"https:\/\/unkrautverkaufer.com\/wp-content\/uploads\/2021\/08\/Northern-Lights.jpg","contentUrl":"https:\/\/unkrautverkaufer.com\/wp-content\/uploads\/2021\/08\/Northern-Lights.jpg","width":1080,"height":1080,"caption":"Haschisch Kaufen Online Shop"},{"@type":"BreadcrumbList","@id":"https:\/\/unkrautverkaufer.com\/product\/buy-northern-lights-online\/#breadcrumb","itemListElement":[{"@type":"ListItem","position":1,"name":"Home","item":"https:\/\/unkrautverkaufer.com\/de_de\/"},{"@type":"ListItem","position":2,"name":"Shop","item":"https:\/\/unkrautverkaufer.com\/pl\/cannabis-kaufen\/"},{"@type":"ListItem","position":3,"name":"Buy northern lights online"}]},{"@type":"WebSite","@id":"https:\/\/unkrautverkaufer.com\/#website","url":"https:\/\/unkrautverkaufer.com\/","name":"GRAS ONLINE KAUFEN DEUTSCHLAND","description":"Cannabis kaufen","publisher":{"@id":"https:\/\/unkrautverkaufer.com\/#organization"},"potentialAction":[{"@type":"SearchAction","target":{"@type":"EntryPoint","urlTemplate":"https:\/\/unkrautverkaufer.com\/?s={search_term_string}"},"query-input":{"@type":"PropertyValueSpecification","valueRequired":true,"valueName":"search_term_string"}}],"inLanguage":"fr-FR"},{"@type":"Organization","@id":"https:\/\/unkrautverkaufer.com\/#organization","name":"GRAS ONLINE KAUFEN DEUTSCHLAND","url":"https:\/\/unkrautverkaufer.com\/","logo":{"@type":"ImageObject","inLanguage":"fr-FR","@id":"https:\/\/unkrautverkaufer.com\/#\/schema\/logo\/image\/","url":"https:\/\/unkrautverkaufer.com\/wp-content\/uploads\/2021\/08\/logow.png","contentUrl":"https:\/\/unkrautverkaufer.com\/wp-content\/uploads\/2021\/08\/logow.png","width":300,"height":170,"caption":"GRAS ONLINE KAUFEN DEUTSCHLAND"},"image":{"@id":"https:\/\/unkrautverkaufer.com\/#\/schema\/logo\/image\/"}}]}},"_links":{"self":[{"href":"https:\/\/unkrautverkaufer.com\/fr\/wp-json\/wp\/v2\/product\/1201","targetHints":{"allow":["GET"]}}],"collection":[{"href":"https:\/\/unkrautverkaufer.com\/fr\/wp-json\/wp\/v2\/product"}],"about":[{"href":"https:\/\/unkrautverkaufer.com\/fr\/wp-json\/wp\/v2\/types\/product"}],"replies":[{"embeddable":true,"href":"https:\/\/unkrautverkaufer.com\/fr\/wp-json\/wp\/v2\/comments?post=1201"}],"wp:featuredmedia":[{"embeddable":true,"href":"https:\/\/unkrautverkaufer.com\/fr\/wp-json\/wp\/v2\/media\/33"}],"wp:attachment":[{"href":"https:\/\/unkrautverkaufer.com\/fr\/wp-json\/wp\/v2\/media?parent=1201"}],"wp:term":[{"taxonomy":"product_brand","embeddable":true,"href":"https:\/\/unkrautverkaufer.com\/fr\/wp-json\/wp\/v2\/product_brand?post=1201"},{"taxonomy":"product_cat","embeddable":true,"href":"https:\/\/unkrautverkaufer.com\/fr\/wp-json\/wp\/v2\/product_cat?post=1201"},{"taxonomy":"product_tag","embeddable":true,"href":"https:\/\/unkrautverkaufer.com\/fr\/wp-json\/wp\/v2\/product_tag?post=1201"}],"curies":[{"name":"wp","href":"https:\/\/api.w.org\/{rel}","templated":true}]}}