{"id":1198,"date":"2021-12-04T22:13:59","date_gmt":"2021-12-04T22:13:59","guid":{"rendered":"https:\/\/unkrautverkaufer.com\/?post_type=product&#038;p=1198"},"modified":"2026-04-03T10:41:14","modified_gmt":"2026-04-03T10:41:14","slug":"buy-green-crack-online","status":"publish","type":"product","link":"https:\/\/unkrautverkaufer.com\/es\/product\/buy-green-crack-online\/","title":{"rendered":"Buy green crack Online"},"content":{"rendered":"<p>wo kriegt man gras her, Richtig gereift, haben die Bl\u00fcten einen hellen Zitrusduft mit sanften Untert\u00f6nen von Erdigkeit und Holz. Der Rauch ist extrem glatt und hinterl\u00e4sst einen Hauch am h\u00f6chsten Gaumen und damit an der R\u00fcckseite der Zunge, wie Mango. Beim Ausatmen schmeckt Rauch vage haschig und w\u00fcrzig, vielleicht ein Beweis f\u00fcr Afghani in seiner Abstammung.<\/p>\n<p>Trotz meist indica k\u00f6rperlicher Eigenschaften zeichnet sich <a href=\"https:\/\/unkrautverkaufer.com\/es\/about\/\">Green Crack<\/a> durch ein starkes und lebhaftes Sativa-High aus. Es bietet den Benutzern einen Energieauftrieb, der sich bald als zerebrale Denkweise manifestiert, was dies zu einer hervorragenden Wake- und Bake-Sorte macht. G.<\/p>\n<p>Effekte<br \/>\nGreen Crack kann auch einige leicht psychedelische Effekte haben, einschlie\u00dflich visueller Verzerrungen und insbesondere eines seltsamen Gef\u00fchls Ihrer Zeitdilatation. Da sich die Benutzer angehoben und ziemlich verdrahtet f\u00fchlen k\u00f6nnen, wird diese Sorte nicht empfohlen, sp\u00e4t im Dunkeln verwendet zu werden. Weil es nicht viele k\u00f6rperlich entspannende <a href=\"https:\/\/fr.wikipedia.org\/wiki\/Cannabis_indica#:~:text=Le%20Chanvre%20indien%20(Cannabis%20sativa,reste%20cependant%20une%20esp%C3%A8ce%20pr%C3%A9sum%C3%A9e.\">Indica-Eigenschaften<\/a> hat. wo kriegt man gras her<\/p>\n<p>Green Crack kann eine relativ einfach zu z\u00fcchtende Sorte und eine ehrliche Wahl f\u00fcr Neuank\u00f6mmlinge in den Anbau sein. Es kann drinnen oder drau\u00dfen gedeihen, obwohl der Anbau im Freien eine stabile Sonnenquelle erfordert. Und konstante Temperaturen zwischen 72 und 80 Grad Fahrenheit. Es ist leichter in Innenr\u00e4umen zu z\u00fcchten, wo die Bedingungen oft kontrolliert werden. Green Crack online kaufen<\/p>\n<p>Schilder<br \/>\nToller Service. Vertrauen Sie uns. Wir t\u00e4uschen. Heim. Treu. Dem\u00fctig. Liebe. Leben. Lachen. Tue nicht. Drogen. Pillen. Angst. Lebe, weil das Leben kurz ist. Stark. Wir k\u00fcmmern uns, weil wir dich lieben. Wie auch immer wir uns k\u00fcmmern. Wirklich. Zweitens. Weil. Tapfer. Rechts. Entz\u00fccken. Hinzuf\u00fcgen dazu. Weil. Weil. Dem\u00fctig. Xan.<\/p>\n<p>Feucht. Lager. Schmerz. weil. Chro. Howe. Wie. W. Wann. Auto. FedE. DHL. Dann. Achtern. Weil. Heim. Weil. Aber. Au\u00dferdem. Dann. Weil. G. F. W. T. Dann. Aber.<\/p>","protected":false},"excerpt":{"rendered":"<p>Green Crack online kaufen. Manchmal sind Schockwerte oft ein enormer Vorteil bei der Benennung und Vermarktung von Belastungen. Obwohl einige immer noch den Namen Cush bevorzugen, um unerw\u00fcnschte Cannabis-Stigmatisierung zu umgehen. Die Liebe zu dieser fruchtigen und erdigen Sorte ist einhellig. Es liefert ein trippiges und energetisches High, das perfekt f\u00fcr den Tagesgebrauch ist. Seine Potenz &#8211; Green Crack hat einen durchschnittlichen THC-Gehalt von 56% &#8211; sorgt daf\u00fcr, dass Sie sich stundenlang angehoben f\u00fchlen, um zur\u00fcckzukehren.<\/p>","protected":false},"featured_media":18,"comment_status":"open","ping_status":"closed","template":"","meta":[],"product_brand":[],"product_cat":[15],"product_tag":[207,208,209,210,211,212,213],"class_list":{"0":"post-1198","1":"product","2":"type-product","3":"status-publish","4":"has-post-thumbnail","6":"product_cat-strains","7":"product_tag-gods-green-crack-strain","8":"product_tag-green-crack-calgary","9":"product_tag-green-crack-cartridge-1000mg","10":"product_tag-green-crack-denver","11":"product_tag-green-crack-strain-delta","12":"product_tag-green-crack-strain-massachusetts","13":"product_tag-super-green-crack-strain","15":"first","16":"instock","17":"shipping-taxable","18":"purchasable","19":"product-type-variable"},"yoast_head":"<!-- This site is optimized with the Yoast SEO plugin v27.3 - https:\/\/yoast.com\/product\/yoast-seo-wordpress\/ -->\n<title>Wo Kriegt Man Gras Her | Wo Kriege ich Gras Her | gras Hamburg kaufen<\/title>\n<meta name=\"description\" content=\"wo kriegt man gras her, Wo Kriege ich Gras Her. Gras kaufen in Berlin, Gras in Hambueg diskret kaufen Versand in ganz Deutschland.\" \/>\n<meta name=\"robots\" content=\"index, follow, max-snippet:-1, max-image-preview:large, max-video-preview:-1\" \/>\n<link rel=\"canonical\" href=\"https:\/\/unkrautverkaufer.com\/es\/product\/buy-green-crack-online\/\" \/>\n<meta property=\"og:locale\" content=\"es_ES\" \/>\n<meta property=\"og:type\" content=\"article\" \/>\n<meta property=\"og:title\" content=\"Wo Kriegt Man Gras Her | Wo Kriege ich Gras Her | gras Hamburg kaufen\" \/>\n<meta property=\"og:description\" content=\"wo kriegt man gras her, Wo Kriege ich Gras Her. Gras kaufen in Berlin, Gras in Hambueg diskret kaufen Versand in ganz Deutschland.\" \/>\n<meta property=\"og:url\" content=\"https:\/\/unkrautverkaufer.com\/es\/product\/buy-green-crack-online\/\" \/>\n<meta property=\"og:site_name\" content=\"GRAS ONLINE KAUFEN DEUTSCHLAND\" \/>\n<meta property=\"article:modified_time\" content=\"2026-04-03T10:41:14+00:00\" \/>\n<meta name=\"twitter:card\" content=\"summary_large_image\" \/>\n<meta name=\"twitter:label1\" content=\"Tiempo de lectura\" \/>\n\t<meta name=\"twitter:data1\" content=\"2 minutos\" \/>\n<script type=\"application\/ld+json\" class=\"yoast-schema-graph\">{\"@context\":\"https:\\\/\\\/schema.org\",\"@graph\":[{\"@type\":\"WebPage\",\"@id\":\"https:\\\/\\\/unkrautverkaufer.com\\\/product\\\/buy-green-crack-online\\\/\",\"url\":\"https:\\\/\\\/unkrautverkaufer.com\\\/product\\\/buy-green-crack-online\\\/\",\"name\":\"Wo Kriegt Man Gras Her | Wo Kriege ich Gras Her | gras Hamburg kaufen\",\"isPartOf\":{\"@id\":\"https:\\\/\\\/unkrautverkaufer.com\\\/#website\"},\"primaryImageOfPage\":{\"@id\":\"https:\\\/\\\/unkrautverkaufer.com\\\/product\\\/buy-green-crack-online\\\/#primaryimage\"},\"image\":{\"@id\":\"https:\\\/\\\/unkrautverkaufer.com\\\/product\\\/buy-green-crack-online\\\/#primaryimage\"},\"thumbnailUrl\":\"https:\\\/\\\/unkrautverkaufer.com\\\/wp-content\\\/uploads\\\/2021\\\/08\\\/green-crack.jpg\",\"datePublished\":\"2021-12-04T22:13:59+00:00\",\"dateModified\":\"2026-04-03T10:41:14+00:00\",\"description\":\"wo kriegt man gras her, Wo Kriege ich Gras Her. Gras kaufen in Berlin, Gras in Hambueg diskret kaufen Versand in ganz Deutschland.\",\"breadcrumb\":{\"@id\":\"https:\\\/\\\/unkrautverkaufer.com\\\/product\\\/buy-green-crack-online\\\/#breadcrumb\"},\"inLanguage\":\"es\",\"potentialAction\":[{\"@type\":\"ReadAction\",\"target\":[\"https:\\\/\\\/unkrautverkaufer.com\\\/product\\\/buy-green-crack-online\\\/\"]}]},{\"@type\":\"ImageObject\",\"inLanguage\":\"es\",\"@id\":\"https:\\\/\\\/unkrautverkaufer.com\\\/product\\\/buy-green-crack-online\\\/#primaryimage\",\"url\":\"https:\\\/\\\/unkrautverkaufer.com\\\/wp-content\\\/uploads\\\/2021\\\/08\\\/green-crack.jpg\",\"contentUrl\":\"https:\\\/\\\/unkrautverkaufer.com\\\/wp-content\\\/uploads\\\/2021\\\/08\\\/green-crack.jpg\",\"width\":1080,\"height\":1188,\"caption\":\"wo kriegt man gras her\"},{\"@type\":\"BreadcrumbList\",\"@id\":\"https:\\\/\\\/unkrautverkaufer.com\\\/product\\\/buy-green-crack-online\\\/#breadcrumb\",\"itemListElement\":[{\"@type\":\"ListItem\",\"position\":1,\"name\":\"Home\",\"item\":\"https:\\\/\\\/unkrautverkaufer.com\\\/de_de\\\/\"},{\"@type\":\"ListItem\",\"position\":2,\"name\":\"Shop\",\"item\":\"https:\\\/\\\/unkrautverkaufer.com\\\/pl\\\/cannabis-kaufen\\\/\"},{\"@type\":\"ListItem\",\"position\":3,\"name\":\"Buy green crack Online\"}]},{\"@type\":\"WebSite\",\"@id\":\"https:\\\/\\\/unkrautverkaufer.com\\\/#website\",\"url\":\"https:\\\/\\\/unkrautverkaufer.com\\\/\",\"name\":\"GRAS ONLINE KAUFEN DEUTSCHLAND\",\"description\":\"Cannabis kaufen\",\"publisher\":{\"@id\":\"https:\\\/\\\/unkrautverkaufer.com\\\/#organization\"},\"potentialAction\":[{\"@type\":\"SearchAction\",\"target\":{\"@type\":\"EntryPoint\",\"urlTemplate\":\"https:\\\/\\\/unkrautverkaufer.com\\\/?s={search_term_string}\"},\"query-input\":{\"@type\":\"PropertyValueSpecification\",\"valueRequired\":true,\"valueName\":\"search_term_string\"}}],\"inLanguage\":\"es\"},{\"@type\":\"Organization\",\"@id\":\"https:\\\/\\\/unkrautverkaufer.com\\\/#organization\",\"name\":\"GRAS ONLINE KAUFEN DEUTSCHLAND\",\"url\":\"https:\\\/\\\/unkrautverkaufer.com\\\/\",\"logo\":{\"@type\":\"ImageObject\",\"inLanguage\":\"es\",\"@id\":\"https:\\\/\\\/unkrautverkaufer.com\\\/#\\\/schema\\\/logo\\\/image\\\/\",\"url\":\"https:\\\/\\\/unkrautverkaufer.com\\\/wp-content\\\/uploads\\\/2021\\\/08\\\/logow.png\",\"contentUrl\":\"https:\\\/\\\/unkrautverkaufer.com\\\/wp-content\\\/uploads\\\/2021\\\/08\\\/logow.png\",\"width\":300,\"height\":170,\"caption\":\"GRAS ONLINE KAUFEN DEUTSCHLAND\"},\"image\":{\"@id\":\"https:\\\/\\\/unkrautverkaufer.com\\\/#\\\/schema\\\/logo\\\/image\\\/\"}}]}<\/script>\n<!-- \/ Yoast SEO plugin. -->","yoast_head_json":{"title":"Wo Kriegt Man Gras Her | Wo Kriege ich Gras Her | gras Hamburg kaufen","description":"wo kriegt man gras her, Wo Kriege ich Gras Her. Gras kaufen in Berlin, Gras in Hambueg diskret kaufen Versand in ganz Deutschland.","robots":{"index":"index","follow":"follow","max-snippet":"max-snippet:-1","max-image-preview":"max-image-preview:large","max-video-preview":"max-video-preview:-1"},"canonical":"https:\/\/unkrautverkaufer.com\/es\/product\/buy-green-crack-online\/","og_locale":"es_ES","og_type":"article","og_title":"Wo Kriegt Man Gras Her | Wo Kriege ich Gras Her | gras Hamburg kaufen","og_description":"wo kriegt man gras her, Wo Kriege ich Gras Her. Gras kaufen in Berlin, Gras in Hambueg diskret kaufen Versand in ganz Deutschland.","og_url":"https:\/\/unkrautverkaufer.com\/es\/product\/buy-green-crack-online\/","og_site_name":"GRAS ONLINE KAUFEN DEUTSCHLAND","article_modified_time":"2026-04-03T10:41:14+00:00","twitter_card":"summary_large_image","twitter_misc":{"Tiempo de lectura":"2 minutos"},"schema":{"@context":"https:\/\/schema.org","@graph":[{"@type":"WebPage","@id":"https:\/\/unkrautverkaufer.com\/product\/buy-green-crack-online\/","url":"https:\/\/unkrautverkaufer.com\/product\/buy-green-crack-online\/","name":"Wo Kriegt Man Gras Her | Wo Kriege ich Gras Her | gras Hamburg kaufen","isPartOf":{"@id":"https:\/\/unkrautverkaufer.com\/#website"},"primaryImageOfPage":{"@id":"https:\/\/unkrautverkaufer.com\/product\/buy-green-crack-online\/#primaryimage"},"image":{"@id":"https:\/\/unkrautverkaufer.com\/product\/buy-green-crack-online\/#primaryimage"},"thumbnailUrl":"https:\/\/unkrautverkaufer.com\/wp-content\/uploads\/2021\/08\/green-crack.jpg","datePublished":"2021-12-04T22:13:59+00:00","dateModified":"2026-04-03T10:41:14+00:00","description":"wo kriegt man gras her, Wo Kriege ich Gras Her. Gras kaufen in Berlin, Gras in Hambueg diskret kaufen Versand in ganz Deutschland.","breadcrumb":{"@id":"https:\/\/unkrautverkaufer.com\/product\/buy-green-crack-online\/#breadcrumb"},"inLanguage":"es","potentialAction":[{"@type":"ReadAction","target":["https:\/\/unkrautverkaufer.com\/product\/buy-green-crack-online\/"]}]},{"@type":"ImageObject","inLanguage":"es","@id":"https:\/\/unkrautverkaufer.com\/product\/buy-green-crack-online\/#primaryimage","url":"https:\/\/unkrautverkaufer.com\/wp-content\/uploads\/2021\/08\/green-crack.jpg","contentUrl":"https:\/\/unkrautverkaufer.com\/wp-content\/uploads\/2021\/08\/green-crack.jpg","width":1080,"height":1188,"caption":"wo kriegt man gras her"},{"@type":"BreadcrumbList","@id":"https:\/\/unkrautverkaufer.com\/product\/buy-green-crack-online\/#breadcrumb","itemListElement":[{"@type":"ListItem","position":1,"name":"Home","item":"https:\/\/unkrautverkaufer.com\/de_de\/"},{"@type":"ListItem","position":2,"name":"Shop","item":"https:\/\/unkrautverkaufer.com\/pl\/cannabis-kaufen\/"},{"@type":"ListItem","position":3,"name":"Buy green crack Online"}]},{"@type":"WebSite","@id":"https:\/\/unkrautverkaufer.com\/#website","url":"https:\/\/unkrautverkaufer.com\/","name":"GRAS ONLINE KAUFEN DEUTSCHLAND","description":"Cannabis kaufen","publisher":{"@id":"https:\/\/unkrautverkaufer.com\/#organization"},"potentialAction":[{"@type":"SearchAction","target":{"@type":"EntryPoint","urlTemplate":"https:\/\/unkrautverkaufer.com\/?s={search_term_string}"},"query-input":{"@type":"PropertyValueSpecification","valueRequired":true,"valueName":"search_term_string"}}],"inLanguage":"es"},{"@type":"Organization","@id":"https:\/\/unkrautverkaufer.com\/#organization","name":"GRAS ONLINE KAUFEN DEUTSCHLAND","url":"https:\/\/unkrautverkaufer.com\/","logo":{"@type":"ImageObject","inLanguage":"es","@id":"https:\/\/unkrautverkaufer.com\/#\/schema\/logo\/image\/","url":"https:\/\/unkrautverkaufer.com\/wp-content\/uploads\/2021\/08\/logow.png","contentUrl":"https:\/\/unkrautverkaufer.com\/wp-content\/uploads\/2021\/08\/logow.png","width":300,"height":170,"caption":"GRAS ONLINE KAUFEN DEUTSCHLAND"},"image":{"@id":"https:\/\/unkrautverkaufer.com\/#\/schema\/logo\/image\/"}}]}},"_links":{"self":[{"href":"https:\/\/unkrautverkaufer.com\/es\/wp-json\/wp\/v2\/product\/1198","targetHints":{"allow":["GET"]}}],"collection":[{"href":"https:\/\/unkrautverkaufer.com\/es\/wp-json\/wp\/v2\/product"}],"about":[{"href":"https:\/\/unkrautverkaufer.com\/es\/wp-json\/wp\/v2\/types\/product"}],"replies":[{"embeddable":true,"href":"https:\/\/unkrautverkaufer.com\/es\/wp-json\/wp\/v2\/comments?post=1198"}],"wp:featuredmedia":[{"embeddable":true,"href":"https:\/\/unkrautverkaufer.com\/es\/wp-json\/wp\/v2\/media\/18"}],"wp:attachment":[{"href":"https:\/\/unkrautverkaufer.com\/es\/wp-json\/wp\/v2\/media?parent=1198"}],"wp:term":[{"taxonomy":"product_brand","embeddable":true,"href":"https:\/\/unkrautverkaufer.com\/es\/wp-json\/wp\/v2\/product_brand?post=1198"},{"taxonomy":"product_cat","embeddable":true,"href":"https:\/\/unkrautverkaufer.com\/es\/wp-json\/wp\/v2\/product_cat?post=1198"},{"taxonomy":"product_tag","embeddable":true,"href":"https:\/\/unkrautverkaufer.com\/es\/wp-json\/wp\/v2\/product_tag?post=1198"}],"curies":[{"name":"wp","href":"https:\/\/api.w.org\/{rel}","templated":true}]}}