{"id":1197,"date":"2021-12-04T22:13:59","date_gmt":"2021-12-04T22:13:59","guid":{"rendered":"https:\/\/unkrautverkaufer.com\/?post_type=product&#038;p=1197"},"modified":"2026-04-04T05:31:16","modified_gmt":"2026-04-04T05:31:16","slug":"buy-sour-diesel-online","status":"publish","type":"product","link":"https:\/\/unkrautverkaufer.com\/es\/product\/buy-sour-diesel-online\/","title":{"rendered":"Buy Sour Diesel Online"},"content":{"rendered":"<p>cbd joints kaufen, Die Sour Diesel Strain, manchmal auch Sour D genannt, ist eine belebende Sativa-dominante Sorte, die nach ihrem scharfen, diesel\u00e4hnlichen Aroma benannt ist. Diese schnell wirkende Sorte liefert energetisierende, vertr\u00e4umte zerebrale Effekte, die Sour Diesel zu seinem legend\u00e4ren Status gebracht haben. <a href=\"https:\/\/www.healthline.com\/health\/medical-marijuana\/benefits-of-marijuana\">Stress, Schmerzen und Depressionen l\u00f6sen<\/a> sich in lang anhaltender Linderung auf, was Sour Diesel zu einer Top-Wahl unter medizinischen Patienten macht. Kaufen Sie Sour Diesel Online.<\/p>\n<p>Sour Diesel hat runde, mittelgro\u00dfe Knospen mit Bl\u00e4ttern, die gelblich-gr\u00fcn erscheinen. Rote Haare, die Stempel genannt werden, Strukturen, die Pollen von m\u00e4nnlichen Pflanzen fangen, kontrastieren mit den dicht gepackten Bl\u00e4ttern. Wenn <a href=\"https:\/\/unkrautverkaufer.com\/es\/contact\/\">Sour Diesel<\/a> richtig ausgeh\u00e4rtet ist, sind die Bl\u00fcten etwas klebrig. Das Abstauben von Trichomen ist nicht so sofort offensichtlich, da es sich um eine harzigere Sorte wie White Widow handelt. Dennoch zeigt das Aufbrechen von Knospen Trichome, die das Innere der dichten Bl\u00fcten bedecken. cbd joints kaufen<\/p>\n<p>Die Knospen haben einen \u00fcberw\u00e4ltigenden Geruch, der den Namen dieser Sorte widerspiegelt. Es ist extrem fast wie Benzin. Der Geruch hat auch einige Ankl\u00e4nge von Orange. Das Aufbrechen oder Schleifen der Knospen verst\u00e4rkt diesen Duft. Es f\u00fcgt Komponenten von Moschus und Kiefernsaft hinzu.<\/p>\n<p>Bis zu 43-48% THC<\/p>\n<p>Geschmacksrichtungen: Zitrusfr\u00fcchte, Zitrone, erdig<\/p>\n<p>Effekte: Gl\u00fccklich, Euphorisch, Erhoben, Energisch, Kreativ<\/p>\n<p>Medizinisch: Depressionen, Stress, M\u00fcdigkeit, Schmerzen, Kopfschmerzen<\/p>\n<p>Schilder<br \/>\nToller Service. Vertrauen Sie uns. Wir t\u00e4uschen. Heim. Treu. Dem\u00fctig. Liebe. Leben. Lachen. Tue nicht. Drogen. Pillen. Angst. Lebe, weil das Leben kurz ist. Stark. Wir k\u00fcmmern uns, weil wir dich lieben. Wie auch immer wir uns k\u00fcmmern. Wirklich. Zweitens. Weil. Tapfer. Rechts. Entz\u00fccken. Hinzuf\u00fcgen dazu. Weil. Weil. Dem\u00fctig. Xan.<\/p>\n<p>Feucht. Lager. Schmerz. weil. Chro. Howe. Wie. W. Wann. Auto. FedE. DHL. Dann. Achtern. Weil. Heim. Weil. Aber. Au\u00dferdem. Dann. Weil. G. F. W. T. Dann. Aber.<\/p>\n<p>Verwandte Produkte<\/p>","protected":false},"excerpt":{"rendered":"<p>Sour Diesel Grade A Regal (Sativa) zum Online-Verkauf in Deutschland, Gro\u00dfbritannien. Sie k\u00f6nnen es in unserem Weed Online-Shop kaufen. Wir haben Marihuana zum Verkauf, Unkraut zum Verkauf online. Stammname: Saurer Diesel<br \/>\nBesoldungsgruppe: A<\/p>","protected":false},"featured_media":13,"comment_status":"open","ping_status":"closed","template":"","meta":[],"product_brand":[],"product_cat":[15],"product_tag":[200,201,202,203,204,205,206],"class_list":{"0":"post-1197","1":"product","2":"type-product","3":"status-publish","4":"has-post-thumbnail","6":"product_cat-strains","7":"product_tag-pics-of-sour-diesel","8":"product_tag-sour-diesel-effects","9":"product_tag-sour-diesel-near-me","10":"product_tag-sour-diesel-shatter","11":"product_tag-sour-diesel-side-effects","12":"product_tag-sour-diesel-strains","13":"product_tag-sour-diesel-zayn","15":"first","16":"instock","17":"shipping-taxable","18":"purchasable","19":"product-type-variable"},"yoast_head":"<!-- This site is optimized with the Yoast SEO plugin v27.3 - https:\/\/yoast.com\/product\/yoast-seo-wordpress\/ -->\n<title>cbd joints kaufen | cannabis kaufen online bestellen | gras shop<\/title>\n<meta name=\"description\" content=\"cbd joints kaufen Kaufen Sie die besten cbd Gelenke online alle laborgetestet zu Gro\u00dfhandelspreisen. kostenloser Versand in ganz Deutschland.\" \/>\n<meta name=\"robots\" content=\"index, follow, max-snippet:-1, max-image-preview:large, max-video-preview:-1\" \/>\n<link rel=\"canonical\" href=\"https:\/\/unkrautverkaufer.com\/es\/product\/buy-sour-diesel-online\/\" \/>\n<meta property=\"og:locale\" content=\"es_ES\" \/>\n<meta property=\"og:type\" content=\"article\" \/>\n<meta property=\"og:title\" content=\"cbd joints kaufen | cannabis kaufen online bestellen | gras shop\" \/>\n<meta property=\"og:description\" content=\"cbd joints kaufen Kaufen Sie die besten cbd Gelenke online alle laborgetestet zu Gro\u00dfhandelspreisen. kostenloser Versand in ganz Deutschland.\" \/>\n<meta property=\"og:url\" content=\"https:\/\/unkrautverkaufer.com\/es\/product\/buy-sour-diesel-online\/\" \/>\n<meta property=\"og:site_name\" content=\"GRAS ONLINE KAUFEN DEUTSCHLAND\" \/>\n<meta property=\"article:modified_time\" content=\"2026-04-04T05:31:16+00:00\" \/>\n<meta name=\"twitter:card\" content=\"summary_large_image\" \/>\n<meta name=\"twitter:label1\" content=\"Tiempo de lectura\" \/>\n\t<meta name=\"twitter:data1\" content=\"2 minutos\" \/>\n<script type=\"application\/ld+json\" class=\"yoast-schema-graph\">{\"@context\":\"https:\\\/\\\/schema.org\",\"@graph\":[{\"@type\":\"WebPage\",\"@id\":\"https:\\\/\\\/unkrautverkaufer.com\\\/product\\\/buy-sour-diesel-online\\\/\",\"url\":\"https:\\\/\\\/unkrautverkaufer.com\\\/product\\\/buy-sour-diesel-online\\\/\",\"name\":\"cbd joints kaufen | cannabis kaufen online bestellen | gras shop\",\"isPartOf\":{\"@id\":\"https:\\\/\\\/unkrautverkaufer.com\\\/#website\"},\"primaryImageOfPage\":{\"@id\":\"https:\\\/\\\/unkrautverkaufer.com\\\/product\\\/buy-sour-diesel-online\\\/#primaryimage\"},\"image\":{\"@id\":\"https:\\\/\\\/unkrautverkaufer.com\\\/product\\\/buy-sour-diesel-online\\\/#primaryimage\"},\"thumbnailUrl\":\"https:\\\/\\\/unkrautverkaufer.com\\\/wp-content\\\/uploads\\\/2021\\\/08\\\/Sour-Diesel.jpg\",\"datePublished\":\"2021-12-04T22:13:59+00:00\",\"dateModified\":\"2026-04-04T05:31:16+00:00\",\"description\":\"cbd joints kaufen Kaufen Sie die besten cbd Gelenke online alle laborgetestet zu Gro\u00dfhandelspreisen. kostenloser Versand in ganz Deutschland.\",\"breadcrumb\":{\"@id\":\"https:\\\/\\\/unkrautverkaufer.com\\\/product\\\/buy-sour-diesel-online\\\/#breadcrumb\"},\"inLanguage\":\"es\",\"potentialAction\":[{\"@type\":\"ReadAction\",\"target\":[\"https:\\\/\\\/unkrautverkaufer.com\\\/product\\\/buy-sour-diesel-online\\\/\"]}]},{\"@type\":\"ImageObject\",\"inLanguage\":\"es\",\"@id\":\"https:\\\/\\\/unkrautverkaufer.com\\\/product\\\/buy-sour-diesel-online\\\/#primaryimage\",\"url\":\"https:\\\/\\\/unkrautverkaufer.com\\\/wp-content\\\/uploads\\\/2021\\\/08\\\/Sour-Diesel.jpg\",\"contentUrl\":\"https:\\\/\\\/unkrautverkaufer.com\\\/wp-content\\\/uploads\\\/2021\\\/08\\\/Sour-Diesel.jpg\",\"width\":600,\"height\":400,\"caption\":\"cali gras kaufen\"},{\"@type\":\"BreadcrumbList\",\"@id\":\"https:\\\/\\\/unkrautverkaufer.com\\\/product\\\/buy-sour-diesel-online\\\/#breadcrumb\",\"itemListElement\":[{\"@type\":\"ListItem\",\"position\":1,\"name\":\"Home\",\"item\":\"https:\\\/\\\/unkrautverkaufer.com\\\/de_de\\\/\"},{\"@type\":\"ListItem\",\"position\":2,\"name\":\"Shop\",\"item\":\"https:\\\/\\\/unkrautverkaufer.com\\\/pl\\\/cannabis-kaufen\\\/\"},{\"@type\":\"ListItem\",\"position\":3,\"name\":\"Buy Sour Diesel Online\"}]},{\"@type\":\"WebSite\",\"@id\":\"https:\\\/\\\/unkrautverkaufer.com\\\/#website\",\"url\":\"https:\\\/\\\/unkrautverkaufer.com\\\/\",\"name\":\"GRAS ONLINE KAUFEN DEUTSCHLAND\",\"description\":\"Cannabis kaufen\",\"publisher\":{\"@id\":\"https:\\\/\\\/unkrautverkaufer.com\\\/#organization\"},\"potentialAction\":[{\"@type\":\"SearchAction\",\"target\":{\"@type\":\"EntryPoint\",\"urlTemplate\":\"https:\\\/\\\/unkrautverkaufer.com\\\/?s={search_term_string}\"},\"query-input\":{\"@type\":\"PropertyValueSpecification\",\"valueRequired\":true,\"valueName\":\"search_term_string\"}}],\"inLanguage\":\"es\"},{\"@type\":\"Organization\",\"@id\":\"https:\\\/\\\/unkrautverkaufer.com\\\/#organization\",\"name\":\"GRAS ONLINE KAUFEN DEUTSCHLAND\",\"url\":\"https:\\\/\\\/unkrautverkaufer.com\\\/\",\"logo\":{\"@type\":\"ImageObject\",\"inLanguage\":\"es\",\"@id\":\"https:\\\/\\\/unkrautverkaufer.com\\\/#\\\/schema\\\/logo\\\/image\\\/\",\"url\":\"https:\\\/\\\/unkrautverkaufer.com\\\/wp-content\\\/uploads\\\/2021\\\/08\\\/logow.png\",\"contentUrl\":\"https:\\\/\\\/unkrautverkaufer.com\\\/wp-content\\\/uploads\\\/2021\\\/08\\\/logow.png\",\"width\":300,\"height\":170,\"caption\":\"GRAS ONLINE KAUFEN DEUTSCHLAND\"},\"image\":{\"@id\":\"https:\\\/\\\/unkrautverkaufer.com\\\/#\\\/schema\\\/logo\\\/image\\\/\"}}]}<\/script>\n<!-- \/ Yoast SEO plugin. -->","yoast_head_json":{"title":"cbd joints kaufen | cannabis kaufen online bestellen | gras shop","description":"cbd joints kaufen Kaufen Sie die besten cbd Gelenke online alle laborgetestet zu Gro\u00dfhandelspreisen. kostenloser Versand in ganz Deutschland.","robots":{"index":"index","follow":"follow","max-snippet":"max-snippet:-1","max-image-preview":"max-image-preview:large","max-video-preview":"max-video-preview:-1"},"canonical":"https:\/\/unkrautverkaufer.com\/es\/product\/buy-sour-diesel-online\/","og_locale":"es_ES","og_type":"article","og_title":"cbd joints kaufen | cannabis kaufen online bestellen | gras shop","og_description":"cbd joints kaufen Kaufen Sie die besten cbd Gelenke online alle laborgetestet zu Gro\u00dfhandelspreisen. kostenloser Versand in ganz Deutschland.","og_url":"https:\/\/unkrautverkaufer.com\/es\/product\/buy-sour-diesel-online\/","og_site_name":"GRAS ONLINE KAUFEN DEUTSCHLAND","article_modified_time":"2026-04-04T05:31:16+00:00","twitter_card":"summary_large_image","twitter_misc":{"Tiempo de lectura":"2 minutos"},"schema":{"@context":"https:\/\/schema.org","@graph":[{"@type":"WebPage","@id":"https:\/\/unkrautverkaufer.com\/product\/buy-sour-diesel-online\/","url":"https:\/\/unkrautverkaufer.com\/product\/buy-sour-diesel-online\/","name":"cbd joints kaufen | cannabis kaufen online bestellen | gras shop","isPartOf":{"@id":"https:\/\/unkrautverkaufer.com\/#website"},"primaryImageOfPage":{"@id":"https:\/\/unkrautverkaufer.com\/product\/buy-sour-diesel-online\/#primaryimage"},"image":{"@id":"https:\/\/unkrautverkaufer.com\/product\/buy-sour-diesel-online\/#primaryimage"},"thumbnailUrl":"https:\/\/unkrautverkaufer.com\/wp-content\/uploads\/2021\/08\/Sour-Diesel.jpg","datePublished":"2021-12-04T22:13:59+00:00","dateModified":"2026-04-04T05:31:16+00:00","description":"cbd joints kaufen Kaufen Sie die besten cbd Gelenke online alle laborgetestet zu Gro\u00dfhandelspreisen. kostenloser Versand in ganz Deutschland.","breadcrumb":{"@id":"https:\/\/unkrautverkaufer.com\/product\/buy-sour-diesel-online\/#breadcrumb"},"inLanguage":"es","potentialAction":[{"@type":"ReadAction","target":["https:\/\/unkrautverkaufer.com\/product\/buy-sour-diesel-online\/"]}]},{"@type":"ImageObject","inLanguage":"es","@id":"https:\/\/unkrautverkaufer.com\/product\/buy-sour-diesel-online\/#primaryimage","url":"https:\/\/unkrautverkaufer.com\/wp-content\/uploads\/2021\/08\/Sour-Diesel.jpg","contentUrl":"https:\/\/unkrautverkaufer.com\/wp-content\/uploads\/2021\/08\/Sour-Diesel.jpg","width":600,"height":400,"caption":"cali gras kaufen"},{"@type":"BreadcrumbList","@id":"https:\/\/unkrautverkaufer.com\/product\/buy-sour-diesel-online\/#breadcrumb","itemListElement":[{"@type":"ListItem","position":1,"name":"Home","item":"https:\/\/unkrautverkaufer.com\/de_de\/"},{"@type":"ListItem","position":2,"name":"Shop","item":"https:\/\/unkrautverkaufer.com\/pl\/cannabis-kaufen\/"},{"@type":"ListItem","position":3,"name":"Buy Sour Diesel Online"}]},{"@type":"WebSite","@id":"https:\/\/unkrautverkaufer.com\/#website","url":"https:\/\/unkrautverkaufer.com\/","name":"GRAS ONLINE KAUFEN DEUTSCHLAND","description":"Cannabis kaufen","publisher":{"@id":"https:\/\/unkrautverkaufer.com\/#organization"},"potentialAction":[{"@type":"SearchAction","target":{"@type":"EntryPoint","urlTemplate":"https:\/\/unkrautverkaufer.com\/?s={search_term_string}"},"query-input":{"@type":"PropertyValueSpecification","valueRequired":true,"valueName":"search_term_string"}}],"inLanguage":"es"},{"@type":"Organization","@id":"https:\/\/unkrautverkaufer.com\/#organization","name":"GRAS ONLINE KAUFEN DEUTSCHLAND","url":"https:\/\/unkrautverkaufer.com\/","logo":{"@type":"ImageObject","inLanguage":"es","@id":"https:\/\/unkrautverkaufer.com\/#\/schema\/logo\/image\/","url":"https:\/\/unkrautverkaufer.com\/wp-content\/uploads\/2021\/08\/logow.png","contentUrl":"https:\/\/unkrautverkaufer.com\/wp-content\/uploads\/2021\/08\/logow.png","width":300,"height":170,"caption":"GRAS ONLINE KAUFEN DEUTSCHLAND"},"image":{"@id":"https:\/\/unkrautverkaufer.com\/#\/schema\/logo\/image\/"}}]}},"_links":{"self":[{"href":"https:\/\/unkrautverkaufer.com\/es\/wp-json\/wp\/v2\/product\/1197","targetHints":{"allow":["GET"]}}],"collection":[{"href":"https:\/\/unkrautverkaufer.com\/es\/wp-json\/wp\/v2\/product"}],"about":[{"href":"https:\/\/unkrautverkaufer.com\/es\/wp-json\/wp\/v2\/types\/product"}],"replies":[{"embeddable":true,"href":"https:\/\/unkrautverkaufer.com\/es\/wp-json\/wp\/v2\/comments?post=1197"}],"wp:featuredmedia":[{"embeddable":true,"href":"https:\/\/unkrautverkaufer.com\/es\/wp-json\/wp\/v2\/media\/13"}],"wp:attachment":[{"href":"https:\/\/unkrautverkaufer.com\/es\/wp-json\/wp\/v2\/media?parent=1197"}],"wp:term":[{"taxonomy":"product_brand","embeddable":true,"href":"https:\/\/unkrautverkaufer.com\/es\/wp-json\/wp\/v2\/product_brand?post=1197"},{"taxonomy":"product_cat","embeddable":true,"href":"https:\/\/unkrautverkaufer.com\/es\/wp-json\/wp\/v2\/product_cat?post=1197"},{"taxonomy":"product_tag","embeddable":true,"href":"https:\/\/unkrautverkaufer.com\/es\/wp-json\/wp\/v2\/product_tag?post=1197"}],"curies":[{"name":"wp","href":"https:\/\/api.w.org\/{rel}","templated":true}]}}