{"id":1278,"date":"2021-12-04T22:14:23","date_gmt":"2021-12-04T22:14:23","guid":{"rendered":"https:\/\/unkrautverkaufer.com\/?post_type=product&#038;p=1278"},"modified":"2026-04-14T04:31:31","modified_gmt":"2026-04-14T04:31:31","slug":"kaufen-sie-6-gemischte-stamme-30g-2","status":"publish","type":"product","link":"https:\/\/unkrautverkaufer.com\/en\/product\/kaufen-sie-6-gemischte-stamme-30g-2\/","title":{"rendered":"Kaufen Sie 6 gemischte St\u00e4mme (30g)"},"content":{"rendered":"<p>Hier mischen wir Ihnen 6 verschiedene Geschmacksrichtungen in der Mindestmenge von einer Unze (30 grams ) Sie k\u00f6nnen auch verlangen, ein paar Unzen zu bekommen, um eine Vielzahl von verschiedenen St\u00e4mmen pro Unze zu bekommen. <a href=\"https:\/\/unkrautverkaufer.com\/en\/product\/cbd-joints-kaufen-sour-diesel\/\">Diese St\u00e4mme sind jeweils<\/a> separat gekennzeichnet. Z.B. gemischte <a href=\"https:\/\/de.wikipedia.org\/wiki\/Gras\">Weed-St\u00e4mme online<\/a>.<\/p>\n<p>&#8211; 5 Gramm DURBAN POISON<br \/>\n&#8211; 5 Gramm SUPPER LEMON HAZE<br \/>\n&#8211; 5 Gramm SOUR DIESEL<br \/>\n&#8211; 5 Gramm BLUE DREAM<br \/>\n&#8211; 5 Gramm GRAND DADDY PURPLE<br \/>\n&#8211; 5 Gramm GREEN CRACK<\/p>","protected":false},"excerpt":{"rendered":"<p>Hier mischen wir Ihnen 6 verschiedene Geschmacksrichtungen in der Mindestmenge von einer Unze (30 grams ) Sie k\u00f6nnen auch verlangen, ein paar Unzen zu bekommen, um eine Vielzahl von verschiedenen St\u00e4mmen pro Unze zu bekommen. Diese St\u00e4mme sind jeweils separat gekennzeichnet. Z.B. gemischte Weed-St\u00e4mme online. &#8211; 5 Gramm DURBAN POISON &#8211; 5 Gramm SUPPER LEMON HAZE &#8211; 5 Gramm SOUR DIESEL &#8211; 5 Gramm BLUE DREAM &#8211; 5 Gramm GRAND DADDY PURPLE &#8211; 5 Gramm GREEN CRACK<\/p>","protected":false},"featured_media":700,"comment_status":"open","ping_status":"closed","template":"","meta":[],"product_brand":[],"product_cat":[15],"product_tag":[],"class_list":{"0":"post-1278","1":"product","2":"type-product","3":"status-publish","4":"has-post-thumbnail","6":"product_cat-strains","8":"first","9":"instock","10":"shipping-taxable","11":"purchasable","12":"product-type-simple"},"yoast_head":"<!-- This site is optimized with the Yoast SEO plugin v27.4 - https:\/\/yoast.com\/product\/yoast-seo-wordpress\/ -->\n<title>Marihuana Bestellen Online | gras im internet bestellt | Gemischte St\u00e4mme<\/title>\n<meta name=\"description\" content=\"marihuana bestellen online | gras im internet bestellt, die beste Kombination, die Sie bekommen k\u00f6nnen, wenn Sie Gras online kaufen.\" \/>\n<meta name=\"robots\" content=\"index, follow, max-snippet:-1, max-image-preview:large, max-video-preview:-1\" \/>\n<link rel=\"canonical\" href=\"https:\/\/unkrautverkaufer.com\/en\/product\/kaufen-sie-6-gemischte-stamme-30g-2\/\" \/>\n<meta property=\"og:locale\" content=\"en_GB\" \/>\n<meta property=\"og:type\" content=\"article\" \/>\n<meta property=\"og:title\" content=\"Marihuana Bestellen Online | gras im internet bestellt | Gemischte St\u00e4mme\" \/>\n<meta property=\"og:description\" content=\"marihuana bestellen online | gras im internet bestellt, die beste Kombination, die Sie bekommen k\u00f6nnen, wenn Sie Gras online kaufen.\" \/>\n<meta property=\"og:url\" content=\"https:\/\/unkrautverkaufer.com\/en\/product\/kaufen-sie-6-gemischte-stamme-30g-2\/\" \/>\n<meta property=\"og:site_name\" content=\"GRAS ONLINE KAUFEN DEUTSCHLAND\" \/>\n<meta property=\"article:modified_time\" content=\"2026-04-14T04:31:31+00:00\" \/>\n<meta name=\"twitter:card\" content=\"summary_large_image\" \/>\n<meta name=\"twitter:label1\" content=\"Estimated reading time\" \/>\n\t<meta name=\"twitter:data1\" content=\"1 minute\" \/>\n<script type=\"application\/ld+json\" class=\"yoast-schema-graph\">{\"@context\":\"https:\\\/\\\/schema.org\",\"@graph\":[{\"@type\":\"WebPage\",\"@id\":\"https:\\\/\\\/unkrautverkaufer.com\\\/product\\\/kaufen-sie-6-gemischte-stamme-30g-2\\\/\",\"url\":\"https:\\\/\\\/unkrautverkaufer.com\\\/product\\\/kaufen-sie-6-gemischte-stamme-30g-2\\\/\",\"name\":\"Marihuana Bestellen Online | gras im internet bestellt | Gemischte St\u00e4mme\",\"isPartOf\":{\"@id\":\"https:\\\/\\\/unkrautverkaufer.com\\\/#website\"},\"primaryImageOfPage\":{\"@id\":\"https:\\\/\\\/unkrautverkaufer.com\\\/product\\\/kaufen-sie-6-gemischte-stamme-30g-2\\\/#primaryimage\"},\"image\":{\"@id\":\"https:\\\/\\\/unkrautverkaufer.com\\\/product\\\/kaufen-sie-6-gemischte-stamme-30g-2\\\/#primaryimage\"},\"thumbnailUrl\":\"https:\\\/\\\/unkrautverkaufer.com\\\/wp-content\\\/uploads\\\/2021\\\/12\\\/girls-scout.jpg\",\"datePublished\":\"2021-12-04T22:14:23+00:00\",\"dateModified\":\"2026-04-14T04:31:31+00:00\",\"description\":\"marihuana bestellen online | gras im internet bestellt, die beste Kombination, die Sie bekommen k\u00f6nnen, wenn Sie Gras online kaufen.\",\"breadcrumb\":{\"@id\":\"https:\\\/\\\/unkrautverkaufer.com\\\/product\\\/kaufen-sie-6-gemischte-stamme-30g-2\\\/#breadcrumb\"},\"inLanguage\":\"en-GB\",\"potentialAction\":[{\"@type\":\"ReadAction\",\"target\":[\"https:\\\/\\\/unkrautverkaufer.com\\\/product\\\/kaufen-sie-6-gemischte-stamme-30g-2\\\/\"]}]},{\"@type\":\"ImageObject\",\"inLanguage\":\"en-GB\",\"@id\":\"https:\\\/\\\/unkrautverkaufer.com\\\/product\\\/kaufen-sie-6-gemischte-stamme-30g-2\\\/#primaryimage\",\"url\":\"https:\\\/\\\/unkrautverkaufer.com\\\/wp-content\\\/uploads\\\/2021\\\/12\\\/girls-scout.jpg\",\"contentUrl\":\"https:\\\/\\\/unkrautverkaufer.com\\\/wp-content\\\/uploads\\\/2021\\\/12\\\/girls-scout.jpg\",\"width\":716,\"height\":895},{\"@type\":\"BreadcrumbList\",\"@id\":\"https:\\\/\\\/unkrautverkaufer.com\\\/product\\\/kaufen-sie-6-gemischte-stamme-30g-2\\\/#breadcrumb\",\"itemListElement\":[{\"@type\":\"ListItem\",\"position\":1,\"name\":\"Home\",\"item\":\"https:\\\/\\\/unkrautverkaufer.com\\\/de_de\\\/\"},{\"@type\":\"ListItem\",\"position\":2,\"name\":\"Shop\",\"item\":\"https:\\\/\\\/unkrautverkaufer.com\\\/pl\\\/cannabis-kaufen\\\/\"},{\"@type\":\"ListItem\",\"position\":3,\"name\":\"Kaufen Sie 6 gemischte St\u00e4mme (30g)\"}]},{\"@type\":\"WebSite\",\"@id\":\"https:\\\/\\\/unkrautverkaufer.com\\\/#website\",\"url\":\"https:\\\/\\\/unkrautverkaufer.com\\\/\",\"name\":\"GRAS ONLINE KAUFEN DEUTSCHLAND\",\"description\":\"Cannabis kaufen\",\"publisher\":{\"@id\":\"https:\\\/\\\/unkrautverkaufer.com\\\/#organization\"},\"potentialAction\":[{\"@type\":\"SearchAction\",\"target\":{\"@type\":\"EntryPoint\",\"urlTemplate\":\"https:\\\/\\\/unkrautverkaufer.com\\\/?s={search_term_string}\"},\"query-input\":{\"@type\":\"PropertyValueSpecification\",\"valueRequired\":true,\"valueName\":\"search_term_string\"}}],\"inLanguage\":\"en-GB\"},{\"@type\":\"Organization\",\"@id\":\"https:\\\/\\\/unkrautverkaufer.com\\\/#organization\",\"name\":\"GRAS ONLINE KAUFEN DEUTSCHLAND\",\"url\":\"https:\\\/\\\/unkrautverkaufer.com\\\/\",\"logo\":{\"@type\":\"ImageObject\",\"inLanguage\":\"en-GB\",\"@id\":\"https:\\\/\\\/unkrautverkaufer.com\\\/#\\\/schema\\\/logo\\\/image\\\/\",\"url\":\"https:\\\/\\\/unkrautverkaufer.com\\\/wp-content\\\/uploads\\\/2021\\\/08\\\/logow.png\",\"contentUrl\":\"https:\\\/\\\/unkrautverkaufer.com\\\/wp-content\\\/uploads\\\/2021\\\/08\\\/logow.png\",\"width\":300,\"height\":170,\"caption\":\"GRAS ONLINE KAUFEN DEUTSCHLAND\"},\"image\":{\"@id\":\"https:\\\/\\\/unkrautverkaufer.com\\\/#\\\/schema\\\/logo\\\/image\\\/\"}}]}<\/script>\n<!-- \/ Yoast SEO plugin. -->","yoast_head_json":{"title":"Marihuana Bestellen Online | gras im internet bestellt | Gemischte St\u00e4mme","description":"marihuana bestellen online | gras im internet bestellt, die beste Kombination, die Sie bekommen k\u00f6nnen, wenn Sie Gras online kaufen.","robots":{"index":"index","follow":"follow","max-snippet":"max-snippet:-1","max-image-preview":"max-image-preview:large","max-video-preview":"max-video-preview:-1"},"canonical":"https:\/\/unkrautverkaufer.com\/en\/product\/kaufen-sie-6-gemischte-stamme-30g-2\/","og_locale":"en_GB","og_type":"article","og_title":"Marihuana Bestellen Online | gras im internet bestellt | Gemischte St\u00e4mme","og_description":"marihuana bestellen online | gras im internet bestellt, die beste Kombination, die Sie bekommen k\u00f6nnen, wenn Sie Gras online kaufen.","og_url":"https:\/\/unkrautverkaufer.com\/en\/product\/kaufen-sie-6-gemischte-stamme-30g-2\/","og_site_name":"GRAS ONLINE KAUFEN DEUTSCHLAND","article_modified_time":"2026-04-14T04:31:31+00:00","twitter_card":"summary_large_image","twitter_misc":{"Estimated reading time":"1 minute"},"schema":{"@context":"https:\/\/schema.org","@graph":[{"@type":"WebPage","@id":"https:\/\/unkrautverkaufer.com\/product\/kaufen-sie-6-gemischte-stamme-30g-2\/","url":"https:\/\/unkrautverkaufer.com\/product\/kaufen-sie-6-gemischte-stamme-30g-2\/","name":"Marihuana Bestellen Online | gras im internet bestellt | Gemischte St\u00e4mme","isPartOf":{"@id":"https:\/\/unkrautverkaufer.com\/#website"},"primaryImageOfPage":{"@id":"https:\/\/unkrautverkaufer.com\/product\/kaufen-sie-6-gemischte-stamme-30g-2\/#primaryimage"},"image":{"@id":"https:\/\/unkrautverkaufer.com\/product\/kaufen-sie-6-gemischte-stamme-30g-2\/#primaryimage"},"thumbnailUrl":"https:\/\/unkrautverkaufer.com\/wp-content\/uploads\/2021\/12\/girls-scout.jpg","datePublished":"2021-12-04T22:14:23+00:00","dateModified":"2026-04-14T04:31:31+00:00","description":"marihuana bestellen online | gras im internet bestellt, die beste Kombination, die Sie bekommen k\u00f6nnen, wenn Sie Gras online kaufen.","breadcrumb":{"@id":"https:\/\/unkrautverkaufer.com\/product\/kaufen-sie-6-gemischte-stamme-30g-2\/#breadcrumb"},"inLanguage":"en-GB","potentialAction":[{"@type":"ReadAction","target":["https:\/\/unkrautverkaufer.com\/product\/kaufen-sie-6-gemischte-stamme-30g-2\/"]}]},{"@type":"ImageObject","inLanguage":"en-GB","@id":"https:\/\/unkrautverkaufer.com\/product\/kaufen-sie-6-gemischte-stamme-30g-2\/#primaryimage","url":"https:\/\/unkrautverkaufer.com\/wp-content\/uploads\/2021\/12\/girls-scout.jpg","contentUrl":"https:\/\/unkrautverkaufer.com\/wp-content\/uploads\/2021\/12\/girls-scout.jpg","width":716,"height":895},{"@type":"BreadcrumbList","@id":"https:\/\/unkrautverkaufer.com\/product\/kaufen-sie-6-gemischte-stamme-30g-2\/#breadcrumb","itemListElement":[{"@type":"ListItem","position":1,"name":"Home","item":"https:\/\/unkrautverkaufer.com\/de_de\/"},{"@type":"ListItem","position":2,"name":"Shop","item":"https:\/\/unkrautverkaufer.com\/pl\/cannabis-kaufen\/"},{"@type":"ListItem","position":3,"name":"Kaufen Sie 6 gemischte St\u00e4mme (30g)"}]},{"@type":"WebSite","@id":"https:\/\/unkrautverkaufer.com\/#website","url":"https:\/\/unkrautverkaufer.com\/","name":"GRAS ONLINE KAUFEN DEUTSCHLAND","description":"Cannabis kaufen","publisher":{"@id":"https:\/\/unkrautverkaufer.com\/#organization"},"potentialAction":[{"@type":"SearchAction","target":{"@type":"EntryPoint","urlTemplate":"https:\/\/unkrautverkaufer.com\/?s={search_term_string}"},"query-input":{"@type":"PropertyValueSpecification","valueRequired":true,"valueName":"search_term_string"}}],"inLanguage":"en-GB"},{"@type":"Organization","@id":"https:\/\/unkrautverkaufer.com\/#organization","name":"GRAS ONLINE KAUFEN DEUTSCHLAND","url":"https:\/\/unkrautverkaufer.com\/","logo":{"@type":"ImageObject","inLanguage":"en-GB","@id":"https:\/\/unkrautverkaufer.com\/#\/schema\/logo\/image\/","url":"https:\/\/unkrautverkaufer.com\/wp-content\/uploads\/2021\/08\/logow.png","contentUrl":"https:\/\/unkrautverkaufer.com\/wp-content\/uploads\/2021\/08\/logow.png","width":300,"height":170,"caption":"GRAS ONLINE KAUFEN DEUTSCHLAND"},"image":{"@id":"https:\/\/unkrautverkaufer.com\/#\/schema\/logo\/image\/"}}]}},"_links":{"self":[{"href":"https:\/\/unkrautverkaufer.com\/en\/wp-json\/wp\/v2\/product\/1278","targetHints":{"allow":["GET"]}}],"collection":[{"href":"https:\/\/unkrautverkaufer.com\/en\/wp-json\/wp\/v2\/product"}],"about":[{"href":"https:\/\/unkrautverkaufer.com\/en\/wp-json\/wp\/v2\/types\/product"}],"replies":[{"embeddable":true,"href":"https:\/\/unkrautverkaufer.com\/en\/wp-json\/wp\/v2\/comments?post=1278"}],"wp:featuredmedia":[{"embeddable":true,"href":"https:\/\/unkrautverkaufer.com\/en\/wp-json\/wp\/v2\/media\/700"}],"wp:attachment":[{"href":"https:\/\/unkrautverkaufer.com\/en\/wp-json\/wp\/v2\/media?parent=1278"}],"wp:term":[{"taxonomy":"product_brand","embeddable":true,"href":"https:\/\/unkrautverkaufer.com\/en\/wp-json\/wp\/v2\/product_brand?post=1278"},{"taxonomy":"product_cat","embeddable":true,"href":"https:\/\/unkrautverkaufer.com\/en\/wp-json\/wp\/v2\/product_cat?post=1278"},{"taxonomy":"product_tag","embeddable":true,"href":"https:\/\/unkrautverkaufer.com\/en\/wp-json\/wp\/v2\/product_tag?post=1278"}],"curies":[{"name":"wp","href":"https:\/\/api.w.org\/{rel}","templated":true}]}}