{"id":4907,"date":"2026-01-30T17:18:02","date_gmt":"2026-01-30T17:18:02","guid":{"rendered":"https:\/\/unkrautverkaufer.com\/?post_type=product&#038;p=4907"},"modified":"2026-02-24T04:28:41","modified_gmt":"2026-02-24T04:28:41","slug":"4-mec","status":"publish","type":"product","link":"https:\/\/unkrautverkaufer.com\/cs\/product\/4-mec\/","title":{"rendered":"4-MEC"},"content":{"rendered":"<h3 style=\"text-align: center\"><strong>4-MEC<\/strong><\/h3>\n<p>4-MEC is the most famous cathinone research chemical synthesised during the last century. Its pharmacology can provide strong binding to noradrenalin, dopamine and serotonin transporters. Which could potentially be used as a potential anti-depressant like Ephedrone in 1940 was used in the Soviet Union. Further it give the chemical compound the possibility to be used in medical trials as a weight loss supplement. It might have also a similar way of action like the synthetic cathinone and amfepramone. Please note that it can be studied only under optimal laboratory conditions. Further more, that in vivo research involving live organisms is not allowed. \u00a0It can be safely stored for up to 2 years on room temperature<a href=\"https:\/\/weightlossmedicationpharmacy.com\/shop\/\">. <\/a><\/p>\n<p>Please verify local legislation for the legal status of it in your country before placing an order. Is a substituted cathinone which has a similar chemical structure to methcathinone. On like the most cathinones it is a psychocactive stimulant. It shares many of the same chemical properties. In addition like 4-MMC and is currently enjoying just as much attention from the global research community. We have recently made it possible to purchase 4-MEC, which has been used as a viable research alternative to much sought-after. Never the less largely illegal psychoactive synthetic cathinones like mephedrone or 4-MEC. It provides you with the amazing possibility to <a href=\"https:\/\/researchchemicalshop.com\/shop\/\">buy<\/a> and a very pure form from a certified vendor, so that you can make your scientific research with the best available chemical materials.<\/p>","protected":false},"excerpt":{"rendered":"<p>4-MEC 4-MEC is the most famous cathinone research chemical synthesised during the last century. Its pharmacology can provide strong binding to noradrenalin, dopamine and serotonin transporters. Which could potentially be used as a potential anti-depressant like Ephedrone in 1940 was used in the Soviet Union. Further it give the chemical compound the possibility to be used in medical trials as a weight loss supplement. It might have also a similar way of action like the synthetic cathinone and amfepramone. Please note that it can be studied only under optimal laboratory conditions. Further more, that in vivo research involving live organisms is not allowed. \u00a0It can be safely stored for up to 2 years on room temperature. Please verify local legislation for the legal status of it in your country before placing an order. Is a substituted cathinone which has a similar chemical structure to methcathinone. On like the most cathinones it is a psychocactive stimulant. It shares many of the same chemical properties. In addition like 4-MMC and is currently enjoying just as much attention from the global research community. We have recently made it possible to purchase 4-MEC, which has been used as a viable research alternative to much sought-after. Never the less largely illegal psychoactive synthetic cathinones like mephedrone or 4-MEC. It provides you with the amazing possibility to buy and a very pure form from a certified vendor, so that you can make your scientific research with the best available chemical materials.<\/p>","protected":false},"featured_media":4914,"comment_status":"closed","ping_status":"closed","template":"","meta":[],"product_brand":[],"product_cat":[15],"product_tag":[2997,3794,3795,3796,3797,3798,3799,3800,3801,3802,3803,3804,3805,3806,3807,3808,2999,3000,3001,3002,3003,3004,3005,3020,3021,3023,3024,3025,3026,3027,3028,3029,3030,3031,3032,3033,3034,3035,3036,3037,3038,3039,3040,3041,3042,3043,3044,3045,3046,3048,3049,3050,3051,3052,3809,3055],"class_list":{"0":"post-4907","1":"product","2":"type-product","3":"status-publish","4":"has-post-thumbnail","6":"product_cat-strains","7":"product_tag-2c-research-chemical","8":"product_tag-4-mec","9":"product_tag-4-mec-achat","10":"product_tag-4-mec-buy","11":"product_tag-4-mec-drug","12":"product_tag-4-mec-effects","13":"product_tag-4-mec-experience","14":"product_tag-4-mec-for-sale-usa","15":"product_tag-4-mec-psychonaut","16":"product_tag-4-mec-reddit","17":"product_tag-4-mec-review","18":"product_tag-4-mec-vs-3-mmc","19":"product_tag-4-mmc-vs-4-mec","20":"product_tag-buy-4-mec","21":"product_tag-buy-4-mec-online","22":"product_tag-buy-4-mec-online-san-francisco","23":"product_tag-buy-research-chemical","24":"product_tag-buy-research-chemicals","25":"product_tag-buy-research-chemicals-online","26":"product_tag-cabergoline-research-chemical","27":"product_tag-canadian-research-chemicals","28":"product_tag-domestic-research-chemicals","29":"product_tag-enclomiphene-research-chemical","30":"product_tag-legal-research-chemicals","31":"product_tag-opioid-research-chemicals","32":"product_tag-order-research-chemicals","33":"product_tag-quality-research-chemicals","34":"product_tag-reddit-research-chemicals","35":"product_tag-research-chemical","36":"product_tag-research-chemical-drugs","37":"product_tag-research-chemical-forum","38":"product_tag-research-chemical-opiates","39":"product_tag-research-chemical-reddit","40":"product_tag-research-chemical-shop","41":"product_tag-research-chemical-sources","42":"product_tag-research-chemical-store","43":"product_tag-research-chemical-supply","44":"product_tag-research-chemical-vendor-usa","45":"product_tag-research-chemical-vendors","46":"product_tag-research-chemical-vendors-reddit","47":"product_tag-research-chemicals","48":"product_tag-research-chemicals-for-sale","49":"product_tag-research-chemicals-kopen","50":"product_tag-research-chemicals-online","51":"product_tag-research-chemicals-reddit","52":"product_tag-research-chemicals-sale","53":"product_tag-research-chemicals-store","54":"product_tag-semaglutide-research-chemical","55":"product_tag-sunnyside-research-chemicals","56":"product_tag-tadalafil-research-chemical","57":"product_tag-tirzepatide-research-chemical","58":"product_tag-tirzepatide-research-chemical-for-sale","59":"product_tag-toronto-research-chemicals","60":"product_tag-what-are-research-chemicals","61":"product_tag-what-is-4-mec","62":"product_tag-where-to-buy-research-chemicals","64":"first","65":"instock","66":"shipping-taxable","67":"purchasable","68":"product-type-variable"},"yoast_head":"<!-- This site is optimized with the Yoast SEO plugin v27.3 - https:\/\/yoast.com\/product\/yoast-seo-wordpress\/ -->\n<title>4-MEC - GRAS ONLINE KAUFEN DEUTSCHLAND<\/title>\n<meta name=\"robots\" content=\"index, follow, max-snippet:-1, max-image-preview:large, max-video-preview:-1\" \/>\n<link rel=\"canonical\" href=\"https:\/\/unkrautverkaufer.com\/cs\/product\/4-mec\/\" \/>\n<meta property=\"og:locale\" content=\"cs_CZ\" \/>\n<meta property=\"og:type\" content=\"article\" \/>\n<meta property=\"og:title\" content=\"4-MEC - GRAS ONLINE KAUFEN DEUTSCHLAND\" \/>\n<meta property=\"og:description\" content=\"4-MEC 4-MEC is the most famous cathinone research chemical synthesised during the last century. Its pharmacology can provide strong binding to noradrenalin, dopamine and serotonin transporters. Which could potentially be used as a potential anti-depressant like Ephedrone in 1940 was used in the Soviet Union. Further it give the chemical compound the possibility to be used in medical trials as a weight loss supplement. It might have also a similar way of action like the synthetic cathinone and amfepramone. Please note that it can be studied only under optimal laboratory conditions. Further more, that in vivo research involving live organisms is not allowed. \u00a0It can be safely stored for up to 2 years on room temperature. Please verify local legislation for the legal status of it in your country before placing an order. Is a substituted cathinone which has a similar chemical structure to methcathinone. On like the most cathinones it is a psychocactive stimulant. It shares many of the same chemical properties. In addition like 4-MMC and is currently enjoying just as much attention from the global research community. We have recently made it possible to purchase 4-MEC, which has been used as a viable research alternative to much sought-after. Never the less largely illegal psychoactive synthetic cathinones like mephedrone or 4-MEC. It provides you with the amazing possibility to buy and a very pure form from a certified vendor, so that you can make your scientific research with the best available chemical materials.\" \/>\n<meta property=\"og:url\" content=\"https:\/\/unkrautverkaufer.com\/cs\/product\/4-mec\/\" \/>\n<meta property=\"og:site_name\" content=\"GRAS ONLINE KAUFEN DEUTSCHLAND\" \/>\n<meta property=\"article:modified_time\" content=\"2026-02-24T04:28:41+00:00\" \/>\n<meta name=\"twitter:card\" content=\"summary_large_image\" \/>\n<meta name=\"twitter:label1\" content=\"Odhadovan\u00e1 doba \u010dten\u00ed\" \/>\n\t<meta name=\"twitter:data1\" content=\"1 minuta\" \/>\n<script type=\"application\/ld+json\" class=\"yoast-schema-graph\">{\"@context\":\"https:\\\/\\\/schema.org\",\"@graph\":[{\"@type\":\"WebPage\",\"@id\":\"https:\\\/\\\/unkrautverkaufer.com\\\/product\\\/4-mec\\\/\",\"url\":\"https:\\\/\\\/unkrautverkaufer.com\\\/product\\\/4-mec\\\/\",\"name\":\"4-MEC - GRAS ONLINE KAUFEN DEUTSCHLAND\",\"isPartOf\":{\"@id\":\"https:\\\/\\\/unkrautverkaufer.com\\\/#website\"},\"primaryImageOfPage\":{\"@id\":\"https:\\\/\\\/unkrautverkaufer.com\\\/product\\\/4-mec\\\/#primaryimage\"},\"image\":{\"@id\":\"https:\\\/\\\/unkrautverkaufer.com\\\/product\\\/4-mec\\\/#primaryimage\"},\"thumbnailUrl\":\"https:\\\/\\\/unkrautverkaufer.com\\\/wp-content\\\/uploads\\\/2026\\\/01\\\/4-MEC.jpg\",\"datePublished\":\"2026-01-30T17:18:02+00:00\",\"dateModified\":\"2026-02-24T04:28:41+00:00\",\"breadcrumb\":{\"@id\":\"https:\\\/\\\/unkrautverkaufer.com\\\/product\\\/4-mec\\\/#breadcrumb\"},\"inLanguage\":\"cs\",\"potentialAction\":[{\"@type\":\"ReadAction\",\"target\":[\"https:\\\/\\\/unkrautverkaufer.com\\\/product\\\/4-mec\\\/\"]}]},{\"@type\":\"ImageObject\",\"inLanguage\":\"cs\",\"@id\":\"https:\\\/\\\/unkrautverkaufer.com\\\/product\\\/4-mec\\\/#primaryimage\",\"url\":\"https:\\\/\\\/unkrautverkaufer.com\\\/wp-content\\\/uploads\\\/2026\\\/01\\\/4-MEC.jpg\",\"contentUrl\":\"https:\\\/\\\/unkrautverkaufer.com\\\/wp-content\\\/uploads\\\/2026\\\/01\\\/4-MEC.jpg\",\"width\":600,\"height\":600},{\"@type\":\"BreadcrumbList\",\"@id\":\"https:\\\/\\\/unkrautverkaufer.com\\\/product\\\/4-mec\\\/#breadcrumb\",\"itemListElement\":[{\"@type\":\"ListItem\",\"position\":1,\"name\":\"Home\",\"item\":\"https:\\\/\\\/unkrautverkaufer.com\\\/de_de\\\/\"},{\"@type\":\"ListItem\",\"position\":2,\"name\":\"Shop\",\"item\":\"https:\\\/\\\/unkrautverkaufer.com\\\/pl\\\/cannabis-kaufen\\\/\"},{\"@type\":\"ListItem\",\"position\":3,\"name\":\"4-MEC\"}]},{\"@type\":\"WebSite\",\"@id\":\"https:\\\/\\\/unkrautverkaufer.com\\\/#website\",\"url\":\"https:\\\/\\\/unkrautverkaufer.com\\\/\",\"name\":\"GRAS ONLINE KAUFEN DEUTSCHLAND\",\"description\":\"Cannabis kaufen\",\"publisher\":{\"@id\":\"https:\\\/\\\/unkrautverkaufer.com\\\/#organization\"},\"potentialAction\":[{\"@type\":\"SearchAction\",\"target\":{\"@type\":\"EntryPoint\",\"urlTemplate\":\"https:\\\/\\\/unkrautverkaufer.com\\\/?s={search_term_string}\"},\"query-input\":{\"@type\":\"PropertyValueSpecification\",\"valueRequired\":true,\"valueName\":\"search_term_string\"}}],\"inLanguage\":\"cs\"},{\"@type\":\"Organization\",\"@id\":\"https:\\\/\\\/unkrautverkaufer.com\\\/#organization\",\"name\":\"GRAS ONLINE KAUFEN DEUTSCHLAND\",\"url\":\"https:\\\/\\\/unkrautverkaufer.com\\\/\",\"logo\":{\"@type\":\"ImageObject\",\"inLanguage\":\"cs\",\"@id\":\"https:\\\/\\\/unkrautverkaufer.com\\\/#\\\/schema\\\/logo\\\/image\\\/\",\"url\":\"https:\\\/\\\/unkrautverkaufer.com\\\/wp-content\\\/uploads\\\/2021\\\/08\\\/logow.png\",\"contentUrl\":\"https:\\\/\\\/unkrautverkaufer.com\\\/wp-content\\\/uploads\\\/2021\\\/08\\\/logow.png\",\"width\":300,\"height\":170,\"caption\":\"GRAS ONLINE KAUFEN DEUTSCHLAND\"},\"image\":{\"@id\":\"https:\\\/\\\/unkrautverkaufer.com\\\/#\\\/schema\\\/logo\\\/image\\\/\"}}]}<\/script>\n<!-- \/ Yoast SEO plugin. -->","yoast_head_json":{"title":"4-MEC - GRAS ONLINE KAUFEN DEUTSCHLAND","robots":{"index":"index","follow":"follow","max-snippet":"max-snippet:-1","max-image-preview":"max-image-preview:large","max-video-preview":"max-video-preview:-1"},"canonical":"https:\/\/unkrautverkaufer.com\/cs\/product\/4-mec\/","og_locale":"cs_CZ","og_type":"article","og_title":"4-MEC - GRAS ONLINE KAUFEN DEUTSCHLAND","og_description":"4-MEC 4-MEC is the most famous cathinone research chemical synthesised during the last century. Its pharmacology can provide strong binding to noradrenalin, dopamine and serotonin transporters. Which could potentially be used as a potential anti-depressant like Ephedrone in 1940 was used in the Soviet Union. Further it give the chemical compound the possibility to be used in medical trials as a weight loss supplement. It might have also a similar way of action like the synthetic cathinone and amfepramone. Please note that it can be studied only under optimal laboratory conditions. Further more, that in vivo research involving live organisms is not allowed. \u00a0It can be safely stored for up to 2 years on room temperature. Please verify local legislation for the legal status of it in your country before placing an order. Is a substituted cathinone which has a similar chemical structure to methcathinone. On like the most cathinones it is a psychocactive stimulant. It shares many of the same chemical properties. In addition like 4-MMC and is currently enjoying just as much attention from the global research community. We have recently made it possible to purchase 4-MEC, which has been used as a viable research alternative to much sought-after. Never the less largely illegal psychoactive synthetic cathinones like mephedrone or 4-MEC. It provides you with the amazing possibility to buy and a very pure form from a certified vendor, so that you can make your scientific research with the best available chemical materials.","og_url":"https:\/\/unkrautverkaufer.com\/cs\/product\/4-mec\/","og_site_name":"GRAS ONLINE KAUFEN DEUTSCHLAND","article_modified_time":"2026-02-24T04:28:41+00:00","twitter_card":"summary_large_image","twitter_misc":{"Odhadovan\u00e1 doba \u010dten\u00ed":"1 minuta"},"schema":{"@context":"https:\/\/schema.org","@graph":[{"@type":"WebPage","@id":"https:\/\/unkrautverkaufer.com\/product\/4-mec\/","url":"https:\/\/unkrautverkaufer.com\/product\/4-mec\/","name":"4-MEC - GRAS ONLINE KAUFEN DEUTSCHLAND","isPartOf":{"@id":"https:\/\/unkrautverkaufer.com\/#website"},"primaryImageOfPage":{"@id":"https:\/\/unkrautverkaufer.com\/product\/4-mec\/#primaryimage"},"image":{"@id":"https:\/\/unkrautverkaufer.com\/product\/4-mec\/#primaryimage"},"thumbnailUrl":"https:\/\/unkrautverkaufer.com\/wp-content\/uploads\/2026\/01\/4-MEC.jpg","datePublished":"2026-01-30T17:18:02+00:00","dateModified":"2026-02-24T04:28:41+00:00","breadcrumb":{"@id":"https:\/\/unkrautverkaufer.com\/product\/4-mec\/#breadcrumb"},"inLanguage":"cs","potentialAction":[{"@type":"ReadAction","target":["https:\/\/unkrautverkaufer.com\/product\/4-mec\/"]}]},{"@type":"ImageObject","inLanguage":"cs","@id":"https:\/\/unkrautverkaufer.com\/product\/4-mec\/#primaryimage","url":"https:\/\/unkrautverkaufer.com\/wp-content\/uploads\/2026\/01\/4-MEC.jpg","contentUrl":"https:\/\/unkrautverkaufer.com\/wp-content\/uploads\/2026\/01\/4-MEC.jpg","width":600,"height":600},{"@type":"BreadcrumbList","@id":"https:\/\/unkrautverkaufer.com\/product\/4-mec\/#breadcrumb","itemListElement":[{"@type":"ListItem","position":1,"name":"Home","item":"https:\/\/unkrautverkaufer.com\/de_de\/"},{"@type":"ListItem","position":2,"name":"Shop","item":"https:\/\/unkrautverkaufer.com\/pl\/cannabis-kaufen\/"},{"@type":"ListItem","position":3,"name":"4-MEC"}]},{"@type":"WebSite","@id":"https:\/\/unkrautverkaufer.com\/#website","url":"https:\/\/unkrautverkaufer.com\/","name":"GRAS ONLINE KAUFEN DEUTSCHLAND","description":"Cannabis kaufen","publisher":{"@id":"https:\/\/unkrautverkaufer.com\/#organization"},"potentialAction":[{"@type":"SearchAction","target":{"@type":"EntryPoint","urlTemplate":"https:\/\/unkrautverkaufer.com\/?s={search_term_string}"},"query-input":{"@type":"PropertyValueSpecification","valueRequired":true,"valueName":"search_term_string"}}],"inLanguage":"cs"},{"@type":"Organization","@id":"https:\/\/unkrautverkaufer.com\/#organization","name":"GRAS ONLINE KAUFEN DEUTSCHLAND","url":"https:\/\/unkrautverkaufer.com\/","logo":{"@type":"ImageObject","inLanguage":"cs","@id":"https:\/\/unkrautverkaufer.com\/#\/schema\/logo\/image\/","url":"https:\/\/unkrautverkaufer.com\/wp-content\/uploads\/2021\/08\/logow.png","contentUrl":"https:\/\/unkrautverkaufer.com\/wp-content\/uploads\/2021\/08\/logow.png","width":300,"height":170,"caption":"GRAS ONLINE KAUFEN DEUTSCHLAND"},"image":{"@id":"https:\/\/unkrautverkaufer.com\/#\/schema\/logo\/image\/"}}]}},"_links":{"self":[{"href":"https:\/\/unkrautverkaufer.com\/cs\/wp-json\/wp\/v2\/product\/4907","targetHints":{"allow":["GET"]}}],"collection":[{"href":"https:\/\/unkrautverkaufer.com\/cs\/wp-json\/wp\/v2\/product"}],"about":[{"href":"https:\/\/unkrautverkaufer.com\/cs\/wp-json\/wp\/v2\/types\/product"}],"replies":[{"embeddable":true,"href":"https:\/\/unkrautverkaufer.com\/cs\/wp-json\/wp\/v2\/comments?post=4907"}],"wp:featuredmedia":[{"embeddable":true,"href":"https:\/\/unkrautverkaufer.com\/cs\/wp-json\/wp\/v2\/media\/4914"}],"wp:attachment":[{"href":"https:\/\/unkrautverkaufer.com\/cs\/wp-json\/wp\/v2\/media?parent=4907"}],"wp:term":[{"taxonomy":"product_brand","embeddable":true,"href":"https:\/\/unkrautverkaufer.com\/cs\/wp-json\/wp\/v2\/product_brand?post=4907"},{"taxonomy":"product_cat","embeddable":true,"href":"https:\/\/unkrautverkaufer.com\/cs\/wp-json\/wp\/v2\/product_cat?post=4907"},{"taxonomy":"product_tag","embeddable":true,"href":"https:\/\/unkrautverkaufer.com\/cs\/wp-json\/wp\/v2\/product_tag?post=4907"}],"curies":[{"name":"wp","href":"https:\/\/api.w.org\/{rel}","templated":true}]}}