{"id":4893,"date":"2026-01-30T17:18:00","date_gmt":"2026-01-30T17:18:00","guid":{"rendered":"https:\/\/unkrautverkaufer.com\/?post_type=product&#038;p=4893"},"modified":"2026-04-02T16:51:44","modified_gmt":"2026-04-02T16:51:44","slug":"5-apdb","status":"publish","type":"product","link":"https:\/\/unkrautverkaufer.com\/cs\/product\/5-apdb\/","title":{"rendered":"5-APDB"},"content":{"rendered":"<h3 style=\"text-align: center\"><strong>5-APDB<\/strong><\/h3>\n<p>5-APDB belongs to phenethylamine and amphetamine chemical classes and has the molecular formula C18H22ClNO3 \u2022 HCl . The formula weight has the value 177.242 g\/mol. The toxicological and physiological properties are not known<a href=\"https:\/\/wholemeltextractsonline.com\/shop\/\">.<\/a><\/p>\n<h2>How To Buy 5-APDB Online?<\/h2>\n<p>We offers you the possibility to get it online without hassles or awkwardness. We work endlessly to make sure you save money every time you order online from our research chemicals <a href=\"https:\/\/researchchemicalshop.com\/shop\/\">shop<\/a>. Our goal is to make our clients pay less and get more.<\/p>\n<h3>Product Information<\/h3>\n<table class=\"shop_attributes\">\n<tbody>\n<tr>\n<th>Synonyms<\/th>\n<td>1-(2,3-dihydro-1-benzofuran-5-yl)propan-2-amine<\/td>\n<\/tr>\n<tr>\n<th>IUPAC<\/th>\n<td>5-(2-Aminopropyl)-2,3-dihydrobenzofuran<\/td>\n<\/tr>\n<tr>\n<th>Formula<\/th>\n<td>C11H15NO<\/td>\n<\/tr>\n<tr>\n<th>Molecular weight<\/th>\n<td>177.242 g\/mol<\/td>\n<\/tr>\n<tr>\n<th>CAS<\/th>\n<td>152623-94-4<\/td>\n<\/tr>\n<tr>\n<th>Appearance<\/th>\n<td>A crystalline solid<\/td>\n<\/tr>\n<tr>\n<th>Purity<\/th>\n<td>\u226598%<\/td>\n<\/tr>\n<\/tbody>\n<\/table>","protected":false},"excerpt":{"rendered":"<p>5-APDB 5-APDB belongs to phenethylamine and amphetamine chemical classes and has the molecular formula C18H22ClNO3 \u2022 HCl . The formula weight has the value 177.242 g\/mol. The toxicological and physiological properties are not known. How To Buy 5-APDB Online? We offers you the possibility to get it online without hassles or awkwardness. We work endlessly to make sure you save money every time you order online from our research chemicals shop. Our goal is to make our clients pay less and get more. Product Information Synonyms 1-(2,3-dihydro-1-benzofuran-5-yl)propan-2-amine IUPAC 5-(2-Aminopropyl)-2,3-dihydrobenzofuran Formula C11H15NO Molecular weight 177.242 g\/mol CAS 152623-94-4 Appearance A crystalline solid Purity \u226598%<\/p>","protected":false},"featured_media":4912,"comment_status":"closed","ping_status":"closed","template":"","meta":[],"product_brand":[],"product_cat":[15],"product_tag":[2997,3788,3789,3790,3791,2999,3000,3001,3002,3003,3004,3005,3020,3021,3023,3024,3025,3026,3027,3028,3029,3030,3031,3032,3033,3034,3035,3036,3037,3038,3039,3040,3041,3042,3043,3044,3045,3046,3048,3049,3050,3051,3052,3055],"class_list":{"0":"post-4893","1":"product","2":"type-product","3":"status-publish","4":"has-post-thumbnail","6":"product_cat-strains","7":"product_tag-2c-research-chemical","8":"product_tag-5-apdb","9":"product_tag-5-apdb-buy","10":"product_tag-5-apdb-erowid","11":"product_tag-5-apdb-reddit","12":"product_tag-buy-research-chemical","13":"product_tag-buy-research-chemicals","14":"product_tag-buy-research-chemicals-online","15":"product_tag-cabergoline-research-chemical","16":"product_tag-canadian-research-chemicals","17":"product_tag-domestic-research-chemicals","18":"product_tag-enclomiphene-research-chemical","19":"product_tag-legal-research-chemicals","20":"product_tag-opioid-research-chemicals","21":"product_tag-order-research-chemicals","22":"product_tag-quality-research-chemicals","23":"product_tag-reddit-research-chemicals","24":"product_tag-research-chemical","25":"product_tag-research-chemical-drugs","26":"product_tag-research-chemical-forum","27":"product_tag-research-chemical-opiates","28":"product_tag-research-chemical-reddit","29":"product_tag-research-chemical-shop","30":"product_tag-research-chemical-sources","31":"product_tag-research-chemical-store","32":"product_tag-research-chemical-supply","33":"product_tag-research-chemical-vendor-usa","34":"product_tag-research-chemical-vendors","35":"product_tag-research-chemical-vendors-reddit","36":"product_tag-research-chemicals","37":"product_tag-research-chemicals-for-sale","38":"product_tag-research-chemicals-kopen","39":"product_tag-research-chemicals-online","40":"product_tag-research-chemicals-reddit","41":"product_tag-research-chemicals-sale","42":"product_tag-research-chemicals-store","43":"product_tag-semaglutide-research-chemical","44":"product_tag-sunnyside-research-chemicals","45":"product_tag-tadalafil-research-chemical","46":"product_tag-tirzepatide-research-chemical","47":"product_tag-tirzepatide-research-chemical-for-sale","48":"product_tag-toronto-research-chemicals","49":"product_tag-what-are-research-chemicals","50":"product_tag-where-to-buy-research-chemicals","52":"first","53":"instock","54":"shipping-taxable","55":"purchasable","56":"product-type-variable"},"yoast_head":"<!-- This site is optimized with the Yoast SEO plugin v27.3 - https:\/\/yoast.com\/product\/yoast-seo-wordpress\/ -->\n<title>5-APDB - GRAS ONLINE KAUFEN DEUTSCHLAND<\/title>\n<meta name=\"robots\" content=\"index, follow, max-snippet:-1, max-image-preview:large, max-video-preview:-1\" \/>\n<link rel=\"canonical\" href=\"https:\/\/unkrautverkaufer.com\/cs\/product\/5-apdb\/\" \/>\n<meta property=\"og:locale\" content=\"cs_CZ\" \/>\n<meta property=\"og:type\" content=\"article\" \/>\n<meta property=\"og:title\" content=\"5-APDB - GRAS ONLINE KAUFEN DEUTSCHLAND\" \/>\n<meta property=\"og:description\" content=\"5-APDB 5-APDB belongs to phenethylamine and amphetamine chemical classes and has the molecular formula C18H22ClNO3 \u2022 HCl . The formula weight has the value 177.242 g\/mol. The toxicological and physiological properties are not known. How To Buy 5-APDB Online? We offers you the possibility to get it online without hassles or awkwardness. We work endlessly to make sure you save money every time you order online from our research chemicals shop. Our goal is to make our clients pay less and get more. Product Information Synonyms 1-(2,3-dihydro-1-benzofuran-5-yl)propan-2-amine IUPAC 5-(2-Aminopropyl)-2,3-dihydrobenzofuran Formula C11H15NO Molecular weight 177.242 g\/mol CAS 152623-94-4 Appearance A crystalline solid Purity \u226598%\" \/>\n<meta property=\"og:url\" content=\"https:\/\/unkrautverkaufer.com\/cs\/product\/5-apdb\/\" \/>\n<meta property=\"og:site_name\" content=\"GRAS ONLINE KAUFEN DEUTSCHLAND\" \/>\n<meta property=\"article:modified_time\" content=\"2026-04-02T16:51:44+00:00\" \/>\n<meta name=\"twitter:card\" content=\"summary_large_image\" \/>\n<meta name=\"twitter:label1\" content=\"Odhadovan\u00e1 doba \u010dten\u00ed\" \/>\n\t<meta name=\"twitter:data1\" content=\"1 minuta\" \/>\n<script type=\"application\/ld+json\" class=\"yoast-schema-graph\">{\"@context\":\"https:\\\/\\\/schema.org\",\"@graph\":[{\"@type\":\"WebPage\",\"@id\":\"https:\\\/\\\/unkrautverkaufer.com\\\/product\\\/5-apdb\\\/\",\"url\":\"https:\\\/\\\/unkrautverkaufer.com\\\/product\\\/5-apdb\\\/\",\"name\":\"5-APDB - GRAS ONLINE KAUFEN DEUTSCHLAND\",\"isPartOf\":{\"@id\":\"https:\\\/\\\/unkrautverkaufer.com\\\/#website\"},\"primaryImageOfPage\":{\"@id\":\"https:\\\/\\\/unkrautverkaufer.com\\\/product\\\/5-apdb\\\/#primaryimage\"},\"image\":{\"@id\":\"https:\\\/\\\/unkrautverkaufer.com\\\/product\\\/5-apdb\\\/#primaryimage\"},\"thumbnailUrl\":\"https:\\\/\\\/unkrautverkaufer.com\\\/wp-content\\\/uploads\\\/2026\\\/01\\\/5-APDB.jpg\",\"datePublished\":\"2026-01-30T17:18:00+00:00\",\"dateModified\":\"2026-04-02T16:51:44+00:00\",\"breadcrumb\":{\"@id\":\"https:\\\/\\\/unkrautverkaufer.com\\\/product\\\/5-apdb\\\/#breadcrumb\"},\"inLanguage\":\"cs\",\"potentialAction\":[{\"@type\":\"ReadAction\",\"target\":[\"https:\\\/\\\/unkrautverkaufer.com\\\/product\\\/5-apdb\\\/\"]}]},{\"@type\":\"ImageObject\",\"inLanguage\":\"cs\",\"@id\":\"https:\\\/\\\/unkrautverkaufer.com\\\/product\\\/5-apdb\\\/#primaryimage\",\"url\":\"https:\\\/\\\/unkrautverkaufer.com\\\/wp-content\\\/uploads\\\/2026\\\/01\\\/5-APDB.jpg\",\"contentUrl\":\"https:\\\/\\\/unkrautverkaufer.com\\\/wp-content\\\/uploads\\\/2026\\\/01\\\/5-APDB.jpg\",\"width\":650,\"height\":650},{\"@type\":\"BreadcrumbList\",\"@id\":\"https:\\\/\\\/unkrautverkaufer.com\\\/product\\\/5-apdb\\\/#breadcrumb\",\"itemListElement\":[{\"@type\":\"ListItem\",\"position\":1,\"name\":\"Home\",\"item\":\"https:\\\/\\\/unkrautverkaufer.com\\\/de_de\\\/\"},{\"@type\":\"ListItem\",\"position\":2,\"name\":\"Shop\",\"item\":\"https:\\\/\\\/unkrautverkaufer.com\\\/pl\\\/cannabis-kaufen\\\/\"},{\"@type\":\"ListItem\",\"position\":3,\"name\":\"5-APDB\"}]},{\"@type\":\"WebSite\",\"@id\":\"https:\\\/\\\/unkrautverkaufer.com\\\/#website\",\"url\":\"https:\\\/\\\/unkrautverkaufer.com\\\/\",\"name\":\"GRAS ONLINE KAUFEN DEUTSCHLAND\",\"description\":\"Cannabis kaufen\",\"publisher\":{\"@id\":\"https:\\\/\\\/unkrautverkaufer.com\\\/#organization\"},\"potentialAction\":[{\"@type\":\"SearchAction\",\"target\":{\"@type\":\"EntryPoint\",\"urlTemplate\":\"https:\\\/\\\/unkrautverkaufer.com\\\/?s={search_term_string}\"},\"query-input\":{\"@type\":\"PropertyValueSpecification\",\"valueRequired\":true,\"valueName\":\"search_term_string\"}}],\"inLanguage\":\"cs\"},{\"@type\":\"Organization\",\"@id\":\"https:\\\/\\\/unkrautverkaufer.com\\\/#organization\",\"name\":\"GRAS ONLINE KAUFEN DEUTSCHLAND\",\"url\":\"https:\\\/\\\/unkrautverkaufer.com\\\/\",\"logo\":{\"@type\":\"ImageObject\",\"inLanguage\":\"cs\",\"@id\":\"https:\\\/\\\/unkrautverkaufer.com\\\/#\\\/schema\\\/logo\\\/image\\\/\",\"url\":\"https:\\\/\\\/unkrautverkaufer.com\\\/wp-content\\\/uploads\\\/2021\\\/08\\\/logow.png\",\"contentUrl\":\"https:\\\/\\\/unkrautverkaufer.com\\\/wp-content\\\/uploads\\\/2021\\\/08\\\/logow.png\",\"width\":300,\"height\":170,\"caption\":\"GRAS ONLINE KAUFEN DEUTSCHLAND\"},\"image\":{\"@id\":\"https:\\\/\\\/unkrautverkaufer.com\\\/#\\\/schema\\\/logo\\\/image\\\/\"}}]}<\/script>\n<!-- \/ Yoast SEO plugin. -->","yoast_head_json":{"title":"5-APDB - GRAS ONLINE KAUFEN DEUTSCHLAND","robots":{"index":"index","follow":"follow","max-snippet":"max-snippet:-1","max-image-preview":"max-image-preview:large","max-video-preview":"max-video-preview:-1"},"canonical":"https:\/\/unkrautverkaufer.com\/cs\/product\/5-apdb\/","og_locale":"cs_CZ","og_type":"article","og_title":"5-APDB - GRAS ONLINE KAUFEN DEUTSCHLAND","og_description":"5-APDB 5-APDB belongs to phenethylamine and amphetamine chemical classes and has the molecular formula C18H22ClNO3 \u2022 HCl . The formula weight has the value 177.242 g\/mol. The toxicological and physiological properties are not known. How To Buy 5-APDB Online? We offers you the possibility to get it online without hassles or awkwardness. We work endlessly to make sure you save money every time you order online from our research chemicals shop. Our goal is to make our clients pay less and get more. Product Information Synonyms 1-(2,3-dihydro-1-benzofuran-5-yl)propan-2-amine IUPAC 5-(2-Aminopropyl)-2,3-dihydrobenzofuran Formula C11H15NO Molecular weight 177.242 g\/mol CAS 152623-94-4 Appearance A crystalline solid Purity \u226598%","og_url":"https:\/\/unkrautverkaufer.com\/cs\/product\/5-apdb\/","og_site_name":"GRAS ONLINE KAUFEN DEUTSCHLAND","article_modified_time":"2026-04-02T16:51:44+00:00","twitter_card":"summary_large_image","twitter_misc":{"Odhadovan\u00e1 doba \u010dten\u00ed":"1 minuta"},"schema":{"@context":"https:\/\/schema.org","@graph":[{"@type":"WebPage","@id":"https:\/\/unkrautverkaufer.com\/product\/5-apdb\/","url":"https:\/\/unkrautverkaufer.com\/product\/5-apdb\/","name":"5-APDB - GRAS ONLINE KAUFEN DEUTSCHLAND","isPartOf":{"@id":"https:\/\/unkrautverkaufer.com\/#website"},"primaryImageOfPage":{"@id":"https:\/\/unkrautverkaufer.com\/product\/5-apdb\/#primaryimage"},"image":{"@id":"https:\/\/unkrautverkaufer.com\/product\/5-apdb\/#primaryimage"},"thumbnailUrl":"https:\/\/unkrautverkaufer.com\/wp-content\/uploads\/2026\/01\/5-APDB.jpg","datePublished":"2026-01-30T17:18:00+00:00","dateModified":"2026-04-02T16:51:44+00:00","breadcrumb":{"@id":"https:\/\/unkrautverkaufer.com\/product\/5-apdb\/#breadcrumb"},"inLanguage":"cs","potentialAction":[{"@type":"ReadAction","target":["https:\/\/unkrautverkaufer.com\/product\/5-apdb\/"]}]},{"@type":"ImageObject","inLanguage":"cs","@id":"https:\/\/unkrautverkaufer.com\/product\/5-apdb\/#primaryimage","url":"https:\/\/unkrautverkaufer.com\/wp-content\/uploads\/2026\/01\/5-APDB.jpg","contentUrl":"https:\/\/unkrautverkaufer.com\/wp-content\/uploads\/2026\/01\/5-APDB.jpg","width":650,"height":650},{"@type":"BreadcrumbList","@id":"https:\/\/unkrautverkaufer.com\/product\/5-apdb\/#breadcrumb","itemListElement":[{"@type":"ListItem","position":1,"name":"Home","item":"https:\/\/unkrautverkaufer.com\/de_de\/"},{"@type":"ListItem","position":2,"name":"Shop","item":"https:\/\/unkrautverkaufer.com\/pl\/cannabis-kaufen\/"},{"@type":"ListItem","position":3,"name":"5-APDB"}]},{"@type":"WebSite","@id":"https:\/\/unkrautverkaufer.com\/#website","url":"https:\/\/unkrautverkaufer.com\/","name":"GRAS ONLINE KAUFEN DEUTSCHLAND","description":"Cannabis kaufen","publisher":{"@id":"https:\/\/unkrautverkaufer.com\/#organization"},"potentialAction":[{"@type":"SearchAction","target":{"@type":"EntryPoint","urlTemplate":"https:\/\/unkrautverkaufer.com\/?s={search_term_string}"},"query-input":{"@type":"PropertyValueSpecification","valueRequired":true,"valueName":"search_term_string"}}],"inLanguage":"cs"},{"@type":"Organization","@id":"https:\/\/unkrautverkaufer.com\/#organization","name":"GRAS ONLINE KAUFEN DEUTSCHLAND","url":"https:\/\/unkrautverkaufer.com\/","logo":{"@type":"ImageObject","inLanguage":"cs","@id":"https:\/\/unkrautverkaufer.com\/#\/schema\/logo\/image\/","url":"https:\/\/unkrautverkaufer.com\/wp-content\/uploads\/2021\/08\/logow.png","contentUrl":"https:\/\/unkrautverkaufer.com\/wp-content\/uploads\/2021\/08\/logow.png","width":300,"height":170,"caption":"GRAS ONLINE KAUFEN DEUTSCHLAND"},"image":{"@id":"https:\/\/unkrautverkaufer.com\/#\/schema\/logo\/image\/"}}]}},"_links":{"self":[{"href":"https:\/\/unkrautverkaufer.com\/cs\/wp-json\/wp\/v2\/product\/4893","targetHints":{"allow":["GET"]}}],"collection":[{"href":"https:\/\/unkrautverkaufer.com\/cs\/wp-json\/wp\/v2\/product"}],"about":[{"href":"https:\/\/unkrautverkaufer.com\/cs\/wp-json\/wp\/v2\/types\/product"}],"replies":[{"embeddable":true,"href":"https:\/\/unkrautverkaufer.com\/cs\/wp-json\/wp\/v2\/comments?post=4893"}],"wp:featuredmedia":[{"embeddable":true,"href":"https:\/\/unkrautverkaufer.com\/cs\/wp-json\/wp\/v2\/media\/4912"}],"wp:attachment":[{"href":"https:\/\/unkrautverkaufer.com\/cs\/wp-json\/wp\/v2\/media?parent=4893"}],"wp:term":[{"taxonomy":"product_brand","embeddable":true,"href":"https:\/\/unkrautverkaufer.com\/cs\/wp-json\/wp\/v2\/product_brand?post=4893"},{"taxonomy":"product_cat","embeddable":true,"href":"https:\/\/unkrautverkaufer.com\/cs\/wp-json\/wp\/v2\/product_cat?post=4893"},{"taxonomy":"product_tag","embeddable":true,"href":"https:\/\/unkrautverkaufer.com\/cs\/wp-json\/wp\/v2\/product_tag?post=4893"}],"curies":[{"name":"wp","href":"https:\/\/api.w.org\/{rel}","templated":true}]}}