{"id":4821,"date":"2026-01-30T17:17:29","date_gmt":"2026-01-30T17:17:29","guid":{"rendered":"https:\/\/unkrautverkaufer.com\/?post_type=product&#038;p=4821"},"modified":"2026-04-11T03:31:08","modified_gmt":"2026-04-11T03:31:08","slug":"butylone","status":"publish","type":"product","link":"https:\/\/unkrautverkaufer.com\/cs\/product\/butylone\/","title":{"rendered":"Butylone"},"content":{"rendered":"<h3 style=\"text-align: center\"><strong>Butylone<\/strong><\/h3>\n<p>Butylone is regarded as a superb option for methylone and ethylone. It is actually, specifically, starting to be a typical alternative for methylone due to non-availability in the later in the market<a href=\"https:\/\/elfbarvapesshop.com\/shop\/\">.<\/a><\/p>\n<h2>How To Buy Butylone Online ?<\/h2>\n<p>We offers you the possibility to get it online without hassles or awkwardness. We work endlessly to make sure you save money every time you order online from our research chemicals <a href=\"https:\/\/researchchemicalshop.com\/shop\/\">shop<\/a>. Our goal is to make our clients pay less and get more.<\/p>\n<h2>Product Information<\/h2>\n<table class=\"shop_attributes\" width=\"866\">\n<tbody>\n<tr>\n<th>Product name<\/th>\n<td>\u03b2-keto-N-methylbenzodioxolylbutanamine (\u03b2k-MBDB)<\/td>\n<\/tr>\n<tr>\n<th>CAS<\/th>\n<td>802575-11-7<\/td>\n<\/tr>\n<tr>\n<th>ChemSpider<\/th>\n<td>21073070<\/td>\n<\/tr>\n<tr>\n<th>PubChem CID<\/th>\n<td>56843046<\/td>\n<\/tr>\n<tr>\n<th>Formula<\/th>\n<td>C12H15NO3<\/td>\n<\/tr>\n<tr>\n<th>Molecular Mass<\/th>\n<td>221.2524 g\/mol<\/td>\n<\/tr>\n<tr>\n<th>Storage<\/th>\n<td>Room temperature<\/td>\n<\/tr>\n<\/tbody>\n<\/table>","protected":false},"excerpt":{"rendered":"<p>Butylone Butylone is regarded as a superb option for methylone and ethylone. It is actually, specifically, starting to be a typical alternative for methylone due to non-availability in the later in the market. How To Buy Butylone Online ? We offers you the possibility to get it online without hassles or awkwardness. We work endlessly to make sure you save money every time you order online from our research chemicals shop. Our goal is to make our clients pay less and get more. Product Information Product name \u03b2-keto-N-methylbenzodioxolylbutanamine (\u03b2k-MBDB) CAS 802575-11-7 ChemSpider 21073070 PubChem CID 56843046 Formula C12H15NO3 Molecular Mass 221.2524 g\/mol Storage Room temperature<\/p>","protected":false},"featured_media":4843,"comment_status":"closed","ping_status":"closed","template":"","meta":[],"product_brand":[],"product_cat":[15],"product_tag":[2997,3656,3657,3658,3659,3660,3661,3662,3663,3664,3665,3666,3667,3668,3669,2999,3000,3001,3002,3003,3004,3005,3670,3671,3672,3020,3673,3674,3675,3021,3023,3024,3025,3026,3027,3028,3029,3030,3031,3032,3033,3034,3035,3036,3037,3038,3039,3040,3041,3042,3043,3044,3045,3046,3048,3049,3050,3051,3052,3055],"class_list":{"0":"post-4821","1":"product","2":"type-product","3":"status-publish","4":"has-post-thumbnail","6":"product_cat-strains","7":"product_tag-2c-research-chemical","8":"product_tag-butylone","9":"product_tag-butylone-crystals","10":"product_tag-butylone-drug","11":"product_tag-butylone-effects","12":"product_tag-butylone-erowid","13":"product_tag-butylone-for-sale","14":"product_tag-butylone-hcl","15":"product_tag-butylone-legal-status-usa","16":"product_tag-butylone-reddit","17":"product_tag-butylone-research-chemical","18":"product_tag-butylone-research-chemical-buy","19":"product_tag-butylone-research-chemical-vendors","20":"product_tag-butylone-suppliers","21":"product_tag-butylone-vs-molly","22":"product_tag-buy-research-chemical","23":"product_tag-buy-research-chemicals","24":"product_tag-buy-research-chemicals-online","25":"product_tag-cabergoline-research-chemical","26":"product_tag-canadian-research-chemicals","27":"product_tag-domestic-research-chemicals","28":"product_tag-enclomiphene-research-chemical","29":"product_tag-how-to-make-butylone","30":"product_tag-is-butylone-legal-in-the-us","31":"product_tag-isopropyl-butylone","32":"product_tag-legal-research-chemicals","33":"product_tag-methylone","34":"product_tag-n-cyclohexyl-butylone","35":"product_tag-n-isopropyl-butylone","36":"product_tag-opioid-research-chemicals","37":"product_tag-order-research-chemicals","38":"product_tag-quality-research-chemicals","39":"product_tag-reddit-research-chemicals","40":"product_tag-research-chemical","41":"product_tag-research-chemical-drugs","42":"product_tag-research-chemical-forum","43":"product_tag-research-chemical-opiates","44":"product_tag-research-chemical-reddit","45":"product_tag-research-chemical-shop","46":"product_tag-research-chemical-sources","47":"product_tag-research-chemical-store","48":"product_tag-research-chemical-supply","49":"product_tag-research-chemical-vendor-usa","50":"product_tag-research-chemical-vendors","51":"product_tag-research-chemical-vendors-reddit","52":"product_tag-research-chemicals","53":"product_tag-research-chemicals-for-sale","54":"product_tag-research-chemicals-kopen","55":"product_tag-research-chemicals-online","56":"product_tag-research-chemicals-reddit","57":"product_tag-research-chemicals-sale","58":"product_tag-research-chemicals-store","59":"product_tag-semaglutide-research-chemical","60":"product_tag-sunnyside-research-chemicals","61":"product_tag-tadalafil-research-chemical","62":"product_tag-tirzepatide-research-chemical","63":"product_tag-tirzepatide-research-chemical-for-sale","64":"product_tag-toronto-research-chemicals","65":"product_tag-what-are-research-chemicals","66":"product_tag-where-to-buy-research-chemicals","68":"first","69":"instock","70":"shipping-taxable","71":"purchasable","72":"product-type-variable"},"yoast_head":"<!-- This site is optimized with the Yoast SEO plugin v27.3 - https:\/\/yoast.com\/product\/yoast-seo-wordpress\/ -->\n<title>Butylone - GRAS ONLINE KAUFEN DEUTSCHLAND<\/title>\n<meta name=\"robots\" content=\"index, follow, max-snippet:-1, max-image-preview:large, max-video-preview:-1\" \/>\n<link rel=\"canonical\" href=\"https:\/\/unkrautverkaufer.com\/cs\/product\/butylone\/\" \/>\n<meta property=\"og:locale\" content=\"cs_CZ\" \/>\n<meta property=\"og:type\" content=\"article\" \/>\n<meta property=\"og:title\" content=\"Butylone - GRAS ONLINE KAUFEN DEUTSCHLAND\" \/>\n<meta property=\"og:description\" content=\"Butylone Butylone is regarded as a superb option for methylone and ethylone. It is actually, specifically, starting to be a typical alternative for methylone due to non-availability in the later in the market. How To Buy Butylone Online ? We offers you the possibility to get it online without hassles or awkwardness. We work endlessly to make sure you save money every time you order online from our research chemicals shop. Our goal is to make our clients pay less and get more. Product Information Product name \u03b2-keto-N-methylbenzodioxolylbutanamine (\u03b2k-MBDB) CAS 802575-11-7 ChemSpider 21073070 PubChem CID 56843046 Formula C12H15NO3 Molecular Mass 221.2524 g\/mol Storage Room temperature\" \/>\n<meta property=\"og:url\" content=\"https:\/\/unkrautverkaufer.com\/cs\/product\/butylone\/\" \/>\n<meta property=\"og:site_name\" content=\"GRAS ONLINE KAUFEN DEUTSCHLAND\" \/>\n<meta property=\"article:modified_time\" content=\"2026-04-11T03:31:08+00:00\" \/>\n<meta name=\"twitter:card\" content=\"summary_large_image\" \/>\n<meta name=\"twitter:label1\" content=\"Odhadovan\u00e1 doba \u010dten\u00ed\" \/>\n\t<meta name=\"twitter:data1\" content=\"1 minuta\" \/>\n<script type=\"application\/ld+json\" class=\"yoast-schema-graph\">{\"@context\":\"https:\\\/\\\/schema.org\",\"@graph\":[{\"@type\":\"WebPage\",\"@id\":\"https:\\\/\\\/unkrautverkaufer.com\\\/product\\\/butylone\\\/\",\"url\":\"https:\\\/\\\/unkrautverkaufer.com\\\/product\\\/butylone\\\/\",\"name\":\"Butylone - GRAS ONLINE KAUFEN DEUTSCHLAND\",\"isPartOf\":{\"@id\":\"https:\\\/\\\/unkrautverkaufer.com\\\/#website\"},\"primaryImageOfPage\":{\"@id\":\"https:\\\/\\\/unkrautverkaufer.com\\\/product\\\/butylone\\\/#primaryimage\"},\"image\":{\"@id\":\"https:\\\/\\\/unkrautverkaufer.com\\\/product\\\/butylone\\\/#primaryimage\"},\"thumbnailUrl\":\"https:\\\/\\\/unkrautverkaufer.com\\\/wp-content\\\/uploads\\\/2026\\\/01\\\/Butylone.jpg\",\"datePublished\":\"2026-01-30T17:17:29+00:00\",\"dateModified\":\"2026-04-11T03:31:08+00:00\",\"breadcrumb\":{\"@id\":\"https:\\\/\\\/unkrautverkaufer.com\\\/product\\\/butylone\\\/#breadcrumb\"},\"inLanguage\":\"cs\",\"potentialAction\":[{\"@type\":\"ReadAction\",\"target\":[\"https:\\\/\\\/unkrautverkaufer.com\\\/product\\\/butylone\\\/\"]}]},{\"@type\":\"ImageObject\",\"inLanguage\":\"cs\",\"@id\":\"https:\\\/\\\/unkrautverkaufer.com\\\/product\\\/butylone\\\/#primaryimage\",\"url\":\"https:\\\/\\\/unkrautverkaufer.com\\\/wp-content\\\/uploads\\\/2026\\\/01\\\/Butylone.jpg\",\"contentUrl\":\"https:\\\/\\\/unkrautverkaufer.com\\\/wp-content\\\/uploads\\\/2026\\\/01\\\/Butylone.jpg\",\"width\":409,\"height\":650},{\"@type\":\"BreadcrumbList\",\"@id\":\"https:\\\/\\\/unkrautverkaufer.com\\\/product\\\/butylone\\\/#breadcrumb\",\"itemListElement\":[{\"@type\":\"ListItem\",\"position\":1,\"name\":\"Home\",\"item\":\"https:\\\/\\\/unkrautverkaufer.com\\\/de_de\\\/\"},{\"@type\":\"ListItem\",\"position\":2,\"name\":\"Shop\",\"item\":\"https:\\\/\\\/unkrautverkaufer.com\\\/pl\\\/cannabis-kaufen\\\/\"},{\"@type\":\"ListItem\",\"position\":3,\"name\":\"Butylone\"}]},{\"@type\":\"WebSite\",\"@id\":\"https:\\\/\\\/unkrautverkaufer.com\\\/#website\",\"url\":\"https:\\\/\\\/unkrautverkaufer.com\\\/\",\"name\":\"GRAS ONLINE KAUFEN DEUTSCHLAND\",\"description\":\"Cannabis kaufen\",\"publisher\":{\"@id\":\"https:\\\/\\\/unkrautverkaufer.com\\\/#organization\"},\"potentialAction\":[{\"@type\":\"SearchAction\",\"target\":{\"@type\":\"EntryPoint\",\"urlTemplate\":\"https:\\\/\\\/unkrautverkaufer.com\\\/?s={search_term_string}\"},\"query-input\":{\"@type\":\"PropertyValueSpecification\",\"valueRequired\":true,\"valueName\":\"search_term_string\"}}],\"inLanguage\":\"cs\"},{\"@type\":\"Organization\",\"@id\":\"https:\\\/\\\/unkrautverkaufer.com\\\/#organization\",\"name\":\"GRAS ONLINE KAUFEN DEUTSCHLAND\",\"url\":\"https:\\\/\\\/unkrautverkaufer.com\\\/\",\"logo\":{\"@type\":\"ImageObject\",\"inLanguage\":\"cs\",\"@id\":\"https:\\\/\\\/unkrautverkaufer.com\\\/#\\\/schema\\\/logo\\\/image\\\/\",\"url\":\"https:\\\/\\\/unkrautverkaufer.com\\\/wp-content\\\/uploads\\\/2021\\\/08\\\/logow.png\",\"contentUrl\":\"https:\\\/\\\/unkrautverkaufer.com\\\/wp-content\\\/uploads\\\/2021\\\/08\\\/logow.png\",\"width\":300,\"height\":170,\"caption\":\"GRAS ONLINE KAUFEN DEUTSCHLAND\"},\"image\":{\"@id\":\"https:\\\/\\\/unkrautverkaufer.com\\\/#\\\/schema\\\/logo\\\/image\\\/\"}}]}<\/script>\n<!-- \/ Yoast SEO plugin. -->","yoast_head_json":{"title":"Butylone - GRAS ONLINE KAUFEN DEUTSCHLAND","robots":{"index":"index","follow":"follow","max-snippet":"max-snippet:-1","max-image-preview":"max-image-preview:large","max-video-preview":"max-video-preview:-1"},"canonical":"https:\/\/unkrautverkaufer.com\/cs\/product\/butylone\/","og_locale":"cs_CZ","og_type":"article","og_title":"Butylone - GRAS ONLINE KAUFEN DEUTSCHLAND","og_description":"Butylone Butylone is regarded as a superb option for methylone and ethylone. It is actually, specifically, starting to be a typical alternative for methylone due to non-availability in the later in the market. How To Buy Butylone Online ? We offers you the possibility to get it online without hassles or awkwardness. We work endlessly to make sure you save money every time you order online from our research chemicals shop. Our goal is to make our clients pay less and get more. Product Information Product name \u03b2-keto-N-methylbenzodioxolylbutanamine (\u03b2k-MBDB) CAS 802575-11-7 ChemSpider 21073070 PubChem CID 56843046 Formula C12H15NO3 Molecular Mass 221.2524 g\/mol Storage Room temperature","og_url":"https:\/\/unkrautverkaufer.com\/cs\/product\/butylone\/","og_site_name":"GRAS ONLINE KAUFEN DEUTSCHLAND","article_modified_time":"2026-04-11T03:31:08+00:00","twitter_card":"summary_large_image","twitter_misc":{"Odhadovan\u00e1 doba \u010dten\u00ed":"1 minuta"},"schema":{"@context":"https:\/\/schema.org","@graph":[{"@type":"WebPage","@id":"https:\/\/unkrautverkaufer.com\/product\/butylone\/","url":"https:\/\/unkrautverkaufer.com\/product\/butylone\/","name":"Butylone - GRAS ONLINE KAUFEN DEUTSCHLAND","isPartOf":{"@id":"https:\/\/unkrautverkaufer.com\/#website"},"primaryImageOfPage":{"@id":"https:\/\/unkrautverkaufer.com\/product\/butylone\/#primaryimage"},"image":{"@id":"https:\/\/unkrautverkaufer.com\/product\/butylone\/#primaryimage"},"thumbnailUrl":"https:\/\/unkrautverkaufer.com\/wp-content\/uploads\/2026\/01\/Butylone.jpg","datePublished":"2026-01-30T17:17:29+00:00","dateModified":"2026-04-11T03:31:08+00:00","breadcrumb":{"@id":"https:\/\/unkrautverkaufer.com\/product\/butylone\/#breadcrumb"},"inLanguage":"cs","potentialAction":[{"@type":"ReadAction","target":["https:\/\/unkrautverkaufer.com\/product\/butylone\/"]}]},{"@type":"ImageObject","inLanguage":"cs","@id":"https:\/\/unkrautverkaufer.com\/product\/butylone\/#primaryimage","url":"https:\/\/unkrautverkaufer.com\/wp-content\/uploads\/2026\/01\/Butylone.jpg","contentUrl":"https:\/\/unkrautverkaufer.com\/wp-content\/uploads\/2026\/01\/Butylone.jpg","width":409,"height":650},{"@type":"BreadcrumbList","@id":"https:\/\/unkrautverkaufer.com\/product\/butylone\/#breadcrumb","itemListElement":[{"@type":"ListItem","position":1,"name":"Home","item":"https:\/\/unkrautverkaufer.com\/de_de\/"},{"@type":"ListItem","position":2,"name":"Shop","item":"https:\/\/unkrautverkaufer.com\/pl\/cannabis-kaufen\/"},{"@type":"ListItem","position":3,"name":"Butylone"}]},{"@type":"WebSite","@id":"https:\/\/unkrautverkaufer.com\/#website","url":"https:\/\/unkrautverkaufer.com\/","name":"GRAS ONLINE KAUFEN DEUTSCHLAND","description":"Cannabis kaufen","publisher":{"@id":"https:\/\/unkrautverkaufer.com\/#organization"},"potentialAction":[{"@type":"SearchAction","target":{"@type":"EntryPoint","urlTemplate":"https:\/\/unkrautverkaufer.com\/?s={search_term_string}"},"query-input":{"@type":"PropertyValueSpecification","valueRequired":true,"valueName":"search_term_string"}}],"inLanguage":"cs"},{"@type":"Organization","@id":"https:\/\/unkrautverkaufer.com\/#organization","name":"GRAS ONLINE KAUFEN DEUTSCHLAND","url":"https:\/\/unkrautverkaufer.com\/","logo":{"@type":"ImageObject","inLanguage":"cs","@id":"https:\/\/unkrautverkaufer.com\/#\/schema\/logo\/image\/","url":"https:\/\/unkrautverkaufer.com\/wp-content\/uploads\/2021\/08\/logow.png","contentUrl":"https:\/\/unkrautverkaufer.com\/wp-content\/uploads\/2021\/08\/logow.png","width":300,"height":170,"caption":"GRAS ONLINE KAUFEN DEUTSCHLAND"},"image":{"@id":"https:\/\/unkrautverkaufer.com\/#\/schema\/logo\/image\/"}}]}},"_links":{"self":[{"href":"https:\/\/unkrautverkaufer.com\/cs\/wp-json\/wp\/v2\/product\/4821","targetHints":{"allow":["GET"]}}],"collection":[{"href":"https:\/\/unkrautverkaufer.com\/cs\/wp-json\/wp\/v2\/product"}],"about":[{"href":"https:\/\/unkrautverkaufer.com\/cs\/wp-json\/wp\/v2\/types\/product"}],"replies":[{"embeddable":true,"href":"https:\/\/unkrautverkaufer.com\/cs\/wp-json\/wp\/v2\/comments?post=4821"}],"wp:featuredmedia":[{"embeddable":true,"href":"https:\/\/unkrautverkaufer.com\/cs\/wp-json\/wp\/v2\/media\/4843"}],"wp:attachment":[{"href":"https:\/\/unkrautverkaufer.com\/cs\/wp-json\/wp\/v2\/media?parent=4821"}],"wp:term":[{"taxonomy":"product_brand","embeddable":true,"href":"https:\/\/unkrautverkaufer.com\/cs\/wp-json\/wp\/v2\/product_brand?post=4821"},{"taxonomy":"product_cat","embeddable":true,"href":"https:\/\/unkrautverkaufer.com\/cs\/wp-json\/wp\/v2\/product_cat?post=4821"},{"taxonomy":"product_tag","embeddable":true,"href":"https:\/\/unkrautverkaufer.com\/cs\/wp-json\/wp\/v2\/product_tag?post=4821"}],"curies":[{"name":"wp","href":"https:\/\/api.w.org\/{rel}","templated":true}]}}