{"id":4782,"date":"2026-01-30T17:17:13","date_gmt":"2026-01-30T17:17:13","guid":{"rendered":"https:\/\/unkrautverkaufer.com\/?post_type=product&#038;p=4782"},"modified":"2026-04-08T16:51:10","modified_gmt":"2026-04-08T16:51:10","slug":"jwh-251","status":"publish","type":"product","link":"https:\/\/unkrautverkaufer.com\/cs\/product\/jwh-251\/","title":{"rendered":"JWH-251"},"content":{"rendered":"<h3 style=\"text-align: center\"><strong>JWH-251<\/strong><\/h3>\n<p>JWH-251(1-pentyl-3-(2-methylphenylacetyl)indole) is a synthetic cannabinoid from the phenylacetylindole family, which acts as a cannabinoid agonist with about 5x selectivity for CB1 with a Ki of 29nM and 146nM at CB2<a href=\"https:\/\/kreamdisposableshop.com\/shop\/\">.<\/a><\/p>\n<h2>How To Buy JWH Online?<\/h2>\n<p>We offers you the possibility to get it online without hassles or awkwardness. We work endlessly to make sure you save money every time you order online from our research chemicals <a href=\"https:\/\/researchchemicalshop.com\/shop\/\">shop<\/a>. Our goal is to make our clients pay less and get more.<\/p>\n<h2>Product Information<\/h2>\n<table class=\"shop_attributes\" width=\"961\">\n<tbody>\n<tr>\n<th>Synonyms<\/th>\n<td>(1-pentyl-3-(2-methylphenylacetyl)indole<\/td>\n<\/tr>\n<tr>\n<th>IUPAC<\/th>\n<td>2-(2-methylphenyl)-1-(1-pentyl-1H-indol-3-yl)ethanone<\/td>\n<\/tr>\n<tr>\n<th>Formula<\/th>\n<td>C22H25NO<\/td>\n<\/tr>\n<tr>\n<th>Molecular weight<\/th>\n<td>319.440 g\/mol<\/td>\n<\/tr>\n<tr>\n<th>CAS<\/th>\n<td>864445-39-6<\/td>\n<\/tr>\n<tr>\n<th>Appearance<\/th>\n<td>white &#038; crystalline<\/td>\n<\/tr>\n<tr>\n<th>Purity<\/th>\n<td>\u2265 99%<\/td>\n<\/tr>\n<\/tbody>\n<\/table>","protected":false},"excerpt":{"rendered":"<p>JWH-251 JWH-251(1-pentyl-3-(2-methylphenylacetyl)indole) is a synthetic cannabinoid from the phenylacetylindole family, which acts as a cannabinoid agonist with about 5x selectivity for CB1 with a Ki of 29nM and 146nM at CB2. How To Buy JWH Online? We offers you the possibility to get it online without hassles or awkwardness. We work endlessly to make sure you save money every time you order online from our research chemicals shop. Our goal is to make our clients pay less and get more. Product Information Synonyms (1-pentyl-3-(2-methylphenylacetyl)indole IUPAC 2-(2-methylphenyl)-1-(1-pentyl-1H-indol-3-yl)ethanone Formula C22H25NO Molecular weight 319.440 g\/mol CAS 864445-39-6 Appearance white &#038; crystalline Purity \u2265 99%<\/p>","protected":false},"featured_media":4808,"comment_status":"closed","ping_status":"closed","template":"","meta":[],"product_brand":[],"product_cat":[15],"product_tag":[3577,2997,2999,3000,3001,3002,3003,3004,3005,3578,3020,3021,3023,3024,3025,3026,3027,3028,3029,3030,3031,3032,3033,3034,3035,3036,3037,3038,3039,3040,3041,3042,3043,3044,3045,3046,3048,3049,3050,3051,3052,3055],"class_list":{"0":"post-4782","1":"product","2":"type-product","3":"status-publish","4":"has-post-thumbnail","6":"product_cat-strains","7":"product_tag-1-pentyl-3-2-methylphenylacetylindole","8":"product_tag-2c-research-chemical","9":"product_tag-buy-research-chemical","10":"product_tag-buy-research-chemicals","11":"product_tag-buy-research-chemicals-online","12":"product_tag-cabergoline-research-chemical","13":"product_tag-canadian-research-chemicals","14":"product_tag-domestic-research-chemicals","15":"product_tag-enclomiphene-research-chemical","16":"product_tag-jwh-251","17":"product_tag-legal-research-chemicals","18":"product_tag-opioid-research-chemicals","19":"product_tag-order-research-chemicals","20":"product_tag-quality-research-chemicals","21":"product_tag-reddit-research-chemicals","22":"product_tag-research-chemical","23":"product_tag-research-chemical-drugs","24":"product_tag-research-chemical-forum","25":"product_tag-research-chemical-opiates","26":"product_tag-research-chemical-reddit","27":"product_tag-research-chemical-shop","28":"product_tag-research-chemical-sources","29":"product_tag-research-chemical-store","30":"product_tag-research-chemical-supply","31":"product_tag-research-chemical-vendor-usa","32":"product_tag-research-chemical-vendors","33":"product_tag-research-chemical-vendors-reddit","34":"product_tag-research-chemicals","35":"product_tag-research-chemicals-for-sale","36":"product_tag-research-chemicals-kopen","37":"product_tag-research-chemicals-online","38":"product_tag-research-chemicals-reddit","39":"product_tag-research-chemicals-sale","40":"product_tag-research-chemicals-store","41":"product_tag-semaglutide-research-chemical","42":"product_tag-sunnyside-research-chemicals","43":"product_tag-tadalafil-research-chemical","44":"product_tag-tirzepatide-research-chemical","45":"product_tag-tirzepatide-research-chemical-for-sale","46":"product_tag-toronto-research-chemicals","47":"product_tag-what-are-research-chemicals","48":"product_tag-where-to-buy-research-chemicals","50":"first","51":"instock","52":"shipping-taxable","53":"purchasable","54":"product-type-variable"},"yoast_head":"<!-- This site is optimized with the Yoast SEO plugin v27.3 - https:\/\/yoast.com\/product\/yoast-seo-wordpress\/ -->\n<title>JWH-251 - GRAS ONLINE KAUFEN DEUTSCHLAND<\/title>\n<meta name=\"robots\" content=\"index, follow, max-snippet:-1, max-image-preview:large, max-video-preview:-1\" \/>\n<link rel=\"canonical\" href=\"https:\/\/unkrautverkaufer.com\/cs\/product\/jwh-251\/\" \/>\n<meta property=\"og:locale\" content=\"cs_CZ\" \/>\n<meta property=\"og:type\" content=\"article\" \/>\n<meta property=\"og:title\" content=\"JWH-251 - GRAS ONLINE KAUFEN DEUTSCHLAND\" \/>\n<meta property=\"og:description\" content=\"JWH-251 JWH-251(1-pentyl-3-(2-methylphenylacetyl)indole) is a synthetic cannabinoid from the phenylacetylindole family, which acts as a cannabinoid agonist with about 5x selectivity for CB1 with a Ki of 29nM and 146nM at CB2. How To Buy JWH Online? We offers you the possibility to get it online without hassles or awkwardness. We work endlessly to make sure you save money every time you order online from our research chemicals shop. Our goal is to make our clients pay less and get more. Product Information Synonyms (1-pentyl-3-(2-methylphenylacetyl)indole IUPAC 2-(2-methylphenyl)-1-(1-pentyl-1H-indol-3-yl)ethanone Formula C22H25NO Molecular weight 319.440 g\/mol CAS 864445-39-6 Appearance white &#038; crystalline Purity \u2265 99%\" \/>\n<meta property=\"og:url\" content=\"https:\/\/unkrautverkaufer.com\/cs\/product\/jwh-251\/\" \/>\n<meta property=\"og:site_name\" content=\"GRAS ONLINE KAUFEN DEUTSCHLAND\" \/>\n<meta property=\"article:modified_time\" content=\"2026-04-08T16:51:10+00:00\" \/>\n<meta name=\"twitter:card\" content=\"summary_large_image\" \/>\n<meta name=\"twitter:label1\" content=\"Odhadovan\u00e1 doba \u010dten\u00ed\" \/>\n\t<meta name=\"twitter:data1\" content=\"1 minuta\" \/>\n<script type=\"application\/ld+json\" class=\"yoast-schema-graph\">{\"@context\":\"https:\\\/\\\/schema.org\",\"@graph\":[{\"@type\":\"WebPage\",\"@id\":\"https:\\\/\\\/unkrautverkaufer.com\\\/product\\\/jwh-251\\\/\",\"url\":\"https:\\\/\\\/unkrautverkaufer.com\\\/product\\\/jwh-251\\\/\",\"name\":\"JWH-251 - GRAS ONLINE KAUFEN DEUTSCHLAND\",\"isPartOf\":{\"@id\":\"https:\\\/\\\/unkrautverkaufer.com\\\/#website\"},\"primaryImageOfPage\":{\"@id\":\"https:\\\/\\\/unkrautverkaufer.com\\\/product\\\/jwh-251\\\/#primaryimage\"},\"image\":{\"@id\":\"https:\\\/\\\/unkrautverkaufer.com\\\/product\\\/jwh-251\\\/#primaryimage\"},\"thumbnailUrl\":\"https:\\\/\\\/unkrautverkaufer.com\\\/wp-content\\\/uploads\\\/2026\\\/01\\\/JWH-251.jpg\",\"datePublished\":\"2026-01-30T17:17:13+00:00\",\"dateModified\":\"2026-04-08T16:51:10+00:00\",\"breadcrumb\":{\"@id\":\"https:\\\/\\\/unkrautverkaufer.com\\\/product\\\/jwh-251\\\/#breadcrumb\"},\"inLanguage\":\"cs\",\"potentialAction\":[{\"@type\":\"ReadAction\",\"target\":[\"https:\\\/\\\/unkrautverkaufer.com\\\/product\\\/jwh-251\\\/\"]}]},{\"@type\":\"ImageObject\",\"inLanguage\":\"cs\",\"@id\":\"https:\\\/\\\/unkrautverkaufer.com\\\/product\\\/jwh-251\\\/#primaryimage\",\"url\":\"https:\\\/\\\/unkrautverkaufer.com\\\/wp-content\\\/uploads\\\/2026\\\/01\\\/JWH-251.jpg\",\"contentUrl\":\"https:\\\/\\\/unkrautverkaufer.com\\\/wp-content\\\/uploads\\\/2026\\\/01\\\/JWH-251.jpg\",\"width\":600,\"height\":600},{\"@type\":\"BreadcrumbList\",\"@id\":\"https:\\\/\\\/unkrautverkaufer.com\\\/product\\\/jwh-251\\\/#breadcrumb\",\"itemListElement\":[{\"@type\":\"ListItem\",\"position\":1,\"name\":\"Home\",\"item\":\"https:\\\/\\\/unkrautverkaufer.com\\\/de_de\\\/\"},{\"@type\":\"ListItem\",\"position\":2,\"name\":\"Shop\",\"item\":\"https:\\\/\\\/unkrautverkaufer.com\\\/pl\\\/cannabis-kaufen\\\/\"},{\"@type\":\"ListItem\",\"position\":3,\"name\":\"JWH-251\"}]},{\"@type\":\"WebSite\",\"@id\":\"https:\\\/\\\/unkrautverkaufer.com\\\/#website\",\"url\":\"https:\\\/\\\/unkrautverkaufer.com\\\/\",\"name\":\"GRAS ONLINE KAUFEN DEUTSCHLAND\",\"description\":\"Cannabis kaufen\",\"publisher\":{\"@id\":\"https:\\\/\\\/unkrautverkaufer.com\\\/#organization\"},\"potentialAction\":[{\"@type\":\"SearchAction\",\"target\":{\"@type\":\"EntryPoint\",\"urlTemplate\":\"https:\\\/\\\/unkrautverkaufer.com\\\/?s={search_term_string}\"},\"query-input\":{\"@type\":\"PropertyValueSpecification\",\"valueRequired\":true,\"valueName\":\"search_term_string\"}}],\"inLanguage\":\"cs\"},{\"@type\":\"Organization\",\"@id\":\"https:\\\/\\\/unkrautverkaufer.com\\\/#organization\",\"name\":\"GRAS ONLINE KAUFEN DEUTSCHLAND\",\"url\":\"https:\\\/\\\/unkrautverkaufer.com\\\/\",\"logo\":{\"@type\":\"ImageObject\",\"inLanguage\":\"cs\",\"@id\":\"https:\\\/\\\/unkrautverkaufer.com\\\/#\\\/schema\\\/logo\\\/image\\\/\",\"url\":\"https:\\\/\\\/unkrautverkaufer.com\\\/wp-content\\\/uploads\\\/2021\\\/08\\\/logow.png\",\"contentUrl\":\"https:\\\/\\\/unkrautverkaufer.com\\\/wp-content\\\/uploads\\\/2021\\\/08\\\/logow.png\",\"width\":300,\"height\":170,\"caption\":\"GRAS ONLINE KAUFEN DEUTSCHLAND\"},\"image\":{\"@id\":\"https:\\\/\\\/unkrautverkaufer.com\\\/#\\\/schema\\\/logo\\\/image\\\/\"}}]}<\/script>\n<!-- \/ Yoast SEO plugin. -->","yoast_head_json":{"title":"JWH-251 - GRAS ONLINE KAUFEN DEUTSCHLAND","robots":{"index":"index","follow":"follow","max-snippet":"max-snippet:-1","max-image-preview":"max-image-preview:large","max-video-preview":"max-video-preview:-1"},"canonical":"https:\/\/unkrautverkaufer.com\/cs\/product\/jwh-251\/","og_locale":"cs_CZ","og_type":"article","og_title":"JWH-251 - GRAS ONLINE KAUFEN DEUTSCHLAND","og_description":"JWH-251 JWH-251(1-pentyl-3-(2-methylphenylacetyl)indole) is a synthetic cannabinoid from the phenylacetylindole family, which acts as a cannabinoid agonist with about 5x selectivity for CB1 with a Ki of 29nM and 146nM at CB2. How To Buy JWH Online? We offers you the possibility to get it online without hassles or awkwardness. We work endlessly to make sure you save money every time you order online from our research chemicals shop. Our goal is to make our clients pay less and get more. Product Information Synonyms (1-pentyl-3-(2-methylphenylacetyl)indole IUPAC 2-(2-methylphenyl)-1-(1-pentyl-1H-indol-3-yl)ethanone Formula C22H25NO Molecular weight 319.440 g\/mol CAS 864445-39-6 Appearance white &#038; crystalline Purity \u2265 99%","og_url":"https:\/\/unkrautverkaufer.com\/cs\/product\/jwh-251\/","og_site_name":"GRAS ONLINE KAUFEN DEUTSCHLAND","article_modified_time":"2026-04-08T16:51:10+00:00","twitter_card":"summary_large_image","twitter_misc":{"Odhadovan\u00e1 doba \u010dten\u00ed":"1 minuta"},"schema":{"@context":"https:\/\/schema.org","@graph":[{"@type":"WebPage","@id":"https:\/\/unkrautverkaufer.com\/product\/jwh-251\/","url":"https:\/\/unkrautverkaufer.com\/product\/jwh-251\/","name":"JWH-251 - GRAS ONLINE KAUFEN DEUTSCHLAND","isPartOf":{"@id":"https:\/\/unkrautverkaufer.com\/#website"},"primaryImageOfPage":{"@id":"https:\/\/unkrautverkaufer.com\/product\/jwh-251\/#primaryimage"},"image":{"@id":"https:\/\/unkrautverkaufer.com\/product\/jwh-251\/#primaryimage"},"thumbnailUrl":"https:\/\/unkrautverkaufer.com\/wp-content\/uploads\/2026\/01\/JWH-251.jpg","datePublished":"2026-01-30T17:17:13+00:00","dateModified":"2026-04-08T16:51:10+00:00","breadcrumb":{"@id":"https:\/\/unkrautverkaufer.com\/product\/jwh-251\/#breadcrumb"},"inLanguage":"cs","potentialAction":[{"@type":"ReadAction","target":["https:\/\/unkrautverkaufer.com\/product\/jwh-251\/"]}]},{"@type":"ImageObject","inLanguage":"cs","@id":"https:\/\/unkrautverkaufer.com\/product\/jwh-251\/#primaryimage","url":"https:\/\/unkrautverkaufer.com\/wp-content\/uploads\/2026\/01\/JWH-251.jpg","contentUrl":"https:\/\/unkrautverkaufer.com\/wp-content\/uploads\/2026\/01\/JWH-251.jpg","width":600,"height":600},{"@type":"BreadcrumbList","@id":"https:\/\/unkrautverkaufer.com\/product\/jwh-251\/#breadcrumb","itemListElement":[{"@type":"ListItem","position":1,"name":"Home","item":"https:\/\/unkrautverkaufer.com\/de_de\/"},{"@type":"ListItem","position":2,"name":"Shop","item":"https:\/\/unkrautverkaufer.com\/pl\/cannabis-kaufen\/"},{"@type":"ListItem","position":3,"name":"JWH-251"}]},{"@type":"WebSite","@id":"https:\/\/unkrautverkaufer.com\/#website","url":"https:\/\/unkrautverkaufer.com\/","name":"GRAS ONLINE KAUFEN DEUTSCHLAND","description":"Cannabis kaufen","publisher":{"@id":"https:\/\/unkrautverkaufer.com\/#organization"},"potentialAction":[{"@type":"SearchAction","target":{"@type":"EntryPoint","urlTemplate":"https:\/\/unkrautverkaufer.com\/?s={search_term_string}"},"query-input":{"@type":"PropertyValueSpecification","valueRequired":true,"valueName":"search_term_string"}}],"inLanguage":"cs"},{"@type":"Organization","@id":"https:\/\/unkrautverkaufer.com\/#organization","name":"GRAS ONLINE KAUFEN DEUTSCHLAND","url":"https:\/\/unkrautverkaufer.com\/","logo":{"@type":"ImageObject","inLanguage":"cs","@id":"https:\/\/unkrautverkaufer.com\/#\/schema\/logo\/image\/","url":"https:\/\/unkrautverkaufer.com\/wp-content\/uploads\/2021\/08\/logow.png","contentUrl":"https:\/\/unkrautverkaufer.com\/wp-content\/uploads\/2021\/08\/logow.png","width":300,"height":170,"caption":"GRAS ONLINE KAUFEN DEUTSCHLAND"},"image":{"@id":"https:\/\/unkrautverkaufer.com\/#\/schema\/logo\/image\/"}}]}},"_links":{"self":[{"href":"https:\/\/unkrautverkaufer.com\/cs\/wp-json\/wp\/v2\/product\/4782","targetHints":{"allow":["GET"]}}],"collection":[{"href":"https:\/\/unkrautverkaufer.com\/cs\/wp-json\/wp\/v2\/product"}],"about":[{"href":"https:\/\/unkrautverkaufer.com\/cs\/wp-json\/wp\/v2\/types\/product"}],"replies":[{"embeddable":true,"href":"https:\/\/unkrautverkaufer.com\/cs\/wp-json\/wp\/v2\/comments?post=4782"}],"wp:featuredmedia":[{"embeddable":true,"href":"https:\/\/unkrautverkaufer.com\/cs\/wp-json\/wp\/v2\/media\/4808"}],"wp:attachment":[{"href":"https:\/\/unkrautverkaufer.com\/cs\/wp-json\/wp\/v2\/media?parent=4782"}],"wp:term":[{"taxonomy":"product_brand","embeddable":true,"href":"https:\/\/unkrautverkaufer.com\/cs\/wp-json\/wp\/v2\/product_brand?post=4782"},{"taxonomy":"product_cat","embeddable":true,"href":"https:\/\/unkrautverkaufer.com\/cs\/wp-json\/wp\/v2\/product_cat?post=4782"},{"taxonomy":"product_tag","embeddable":true,"href":"https:\/\/unkrautverkaufer.com\/cs\/wp-json\/wp\/v2\/product_tag?post=4782"}],"curies":[{"name":"wp","href":"https:\/\/api.w.org\/{rel}","templated":true}]}}