{"id":4245,"date":"2026-01-30T17:09:18","date_gmt":"2026-01-30T17:09:18","guid":{"rendered":"https:\/\/unkrautverkaufer.com\/?post_type=product&#038;p=4245"},"modified":"2026-04-10T10:21:10","modified_gmt":"2026-04-10T10:21:10","slug":"buy-u47700-online","status":"publish","type":"product","link":"https:\/\/unkrautverkaufer.com\/cs\/product\/buy-u47700-online\/","title":{"rendered":"Buy U47700\u00a0 Online"},"content":{"rendered":"<h1>Where to Order u-47700 powder for sale online<\/h1>\n<p>U-47700 is an opioid\u00a0sedative\u00a0research chemical developed by a team at Upjohn in the 1970s.\u00a0<strong>U-47700 powder for sale online<\/strong> was derived from an earlier opioid AH-7921. It is selective for the \u00b5-opioid receptor, having around 7.5 x the <a href=\"https:\/\/goodfellasvendor.co\/\">potency<\/a> of morphine in animal models.<\/p>\n<p>U-47700 became the lead compound of selective\u00a0kappa-opioid receptor\u00a0ligands such as U-50488, U-51754 (containing a single methylene spacer difference) and U-69,593, which share very similar structures. Although not used medically, the selective kappa ligands are used in research. Buy U-47700 Online.<\/p>\n<p><strong>U-47700 for sale online<\/strong>\u00a0is highly selective for the \u00b5-opioid receptor and is believed to be roughly 7 to 8 times as powerful as morphine dose-per-dose. It is believed to be a strong kappa agonist, so should not produce substantial degrees of dysphoria or other unwanted effects.<\/p>\n<h2>Buy\u00a0U-47700 powder online \u2013\u00a0<a href=\"https:\/\/chemcrystals.com\/product\/buy-u47700-online\/\">U-47700<\/a> for sale online Supplier<\/h2>\n<p>We are leading and reliable suppliers of best quality and purity\u00a0U-47700 Powder online at very affordable prices. We delivery securely to USA, Canada, Europe and many more countries with No problems. Our chemicals are of the best quality and purity at the best prices.<\/p>\n<h3>U-47700 powder for sale near me | U-47700 for sale USA<\/h3>\n<p>*Don\u2019t take medicine if you are lactating, planning for pregnancy or pregnant.<br \/> *Evade medication if allergic to its ingredients.u-47700 powder for sale online<br \/> *Keep this medicine away from the reach of pets, kids, and individuals with the same qualities.<\/p>\n<h4>Buy Pinky Powder Online<\/h4>","protected":false},"excerpt":{"rendered":"<p>Where to Order u-47700 powder for sale online U-47700 is an opioid\u00a0sedative\u00a0research chemical developed by a team at Upjohn in the 1970s.\u00a0U-47700 powder for sale online was derived from an earlier opioid AH-7921. It is selective for the \u00b5-opioid receptor, having around 7.5 x the potency of morphine in animal models. U-47700 became the lead compound of selective\u00a0kappa-opioid receptor\u00a0ligands such as U-50488, U-51754 (containing a single methylene spacer difference) and U-69,593, which share very similar structures. Although not used medically, the selective kappa ligands are used in research. Buy U-47700 Online. U-47700 for sale online\u00a0is highly selective for the \u00b5-opioid receptor and is believed to be roughly 7 to 8 times as powerful as morphine dose-per-dose. It is believed to be a strong kappa agonist, so should not produce substantial degrees of dysphoria or other unwanted effects. Buy\u00a0U-47700 powder online \u2013\u00a0U-47700 for sale online Supplier We are leading and reliable suppliers of best quality and purity\u00a0U-47700 Powder online at very affordable prices. We delivery securely to USA, Canada, Europe and many more countries with No problems. Our chemicals are of the best quality and purity at the best prices. U-47700 powder for sale near me | U-47700 for sale USA *Don\u2019t take medicine if you are lactating, planning for pregnancy or pregnant. *Evade medication if allergic to its ingredients.u-47700 powder for sale online *Keep this medicine away from the reach of pets, kids, and individuals with the same qualities. Buy Pinky Powder Online<\/p>","protected":false},"featured_media":4268,"comment_status":"closed","ping_status":"closed","template":"","meta":[],"product_brand":[],"product_cat":[1839],"product_tag":[2487,2488,2489,2490,2491,2492,2493,2494,2495,2496],"class_list":{"0":"post-4245","1":"product","2":"type-product","3":"status-publish","4":"has-post-thumbnail","6":"product_cat-research-chemicals","7":"product_tag-buy-u-47700-powder","8":"product_tag-buy-u47700-online","9":"product_tag-order-u-47700-powder-for-sale-online","10":"product_tag-u-47700-for-sale","11":"product_tag-u-47700-for-sale-online","12":"product_tag-u-47700-powder-for-sale-online","13":"product_tag-u47700-for-sale","14":"product_tag-u47700-supplier","15":"product_tag-u47700-uk","16":"product_tag-u47700-vendor","18":"first","19":"instock","20":"shipping-taxable","21":"purchasable","22":"product-type-variable"},"yoast_head":"<!-- This site is optimized with the Yoast SEO plugin v27.3 - https:\/\/yoast.com\/product\/yoast-seo-wordpress\/ -->\n<title>Buy U47700\u00a0 Online - GRAS ONLINE KAUFEN DEUTSCHLAND<\/title>\n<meta name=\"robots\" content=\"index, follow, max-snippet:-1, max-image-preview:large, max-video-preview:-1\" \/>\n<link rel=\"canonical\" href=\"https:\/\/unkrautverkaufer.com\/cs\/product\/buy-u47700-online\/\" \/>\n<meta property=\"og:locale\" content=\"cs_CZ\" \/>\n<meta property=\"og:type\" content=\"article\" \/>\n<meta property=\"og:title\" content=\"Buy U47700\u00a0 Online - GRAS ONLINE KAUFEN DEUTSCHLAND\" \/>\n<meta property=\"og:description\" content=\"Where to Order u-47700 powder for sale online U-47700 is an opioid\u00a0sedative\u00a0research chemical developed by a team at Upjohn in the 1970s.\u00a0U-47700 powder for sale online was derived from an earlier opioid AH-7921. It is selective for the \u00b5-opioid receptor, having around 7.5 x the potency of morphine in animal models. U-47700 became the lead compound of selective\u00a0kappa-opioid receptor\u00a0ligands such as U-50488, U-51754 (containing a single methylene spacer difference) and U-69,593, which share very similar structures. Although not used medically, the selective kappa ligands are used in research. Buy U-47700 Online. U-47700 for sale online\u00a0is highly selective for the \u00b5-opioid receptor and is believed to be roughly 7 to 8 times as powerful as morphine dose-per-dose. It is believed to be a strong kappa agonist, so should not produce substantial degrees of dysphoria or other unwanted effects. Buy\u00a0U-47700 powder online \u2013\u00a0U-47700 for sale online Supplier We are leading and reliable suppliers of best quality and purity\u00a0U-47700 Powder online at very affordable prices. We delivery securely to USA, Canada, Europe and many more countries with No problems. Our chemicals are of the best quality and purity at the best prices. U-47700 powder for sale near me | U-47700 for sale USA *Don\u2019t take medicine if you are lactating, planning for pregnancy or pregnant. *Evade medication if allergic to its ingredients.u-47700 powder for sale online *Keep this medicine away from the reach of pets, kids, and individuals with the same qualities. Buy Pinky Powder Online\" \/>\n<meta property=\"og:url\" content=\"https:\/\/unkrautverkaufer.com\/cs\/product\/buy-u47700-online\/\" \/>\n<meta property=\"og:site_name\" content=\"GRAS ONLINE KAUFEN DEUTSCHLAND\" \/>\n<meta property=\"article:modified_time\" content=\"2026-04-10T10:21:10+00:00\" \/>\n<meta name=\"twitter:card\" content=\"summary_large_image\" \/>\n<meta name=\"twitter:label1\" content=\"Odhadovan\u00e1 doba \u010dten\u00ed\" \/>\n\t<meta name=\"twitter:data1\" content=\"1 minuta\" \/>\n<script type=\"application\/ld+json\" class=\"yoast-schema-graph\">{\"@context\":\"https:\\\/\\\/schema.org\",\"@graph\":[{\"@type\":\"WebPage\",\"@id\":\"https:\\\/\\\/unkrautverkaufer.com\\\/product\\\/buy-u47700-online\\\/\",\"url\":\"https:\\\/\\\/unkrautverkaufer.com\\\/product\\\/buy-u47700-online\\\/\",\"name\":\"Buy U47700\u00a0 Online - GRAS ONLINE KAUFEN DEUTSCHLAND\",\"isPartOf\":{\"@id\":\"https:\\\/\\\/unkrautverkaufer.com\\\/#website\"},\"primaryImageOfPage\":{\"@id\":\"https:\\\/\\\/unkrautverkaufer.com\\\/product\\\/buy-u47700-online\\\/#primaryimage\"},\"image\":{\"@id\":\"https:\\\/\\\/unkrautverkaufer.com\\\/product\\\/buy-u47700-online\\\/#primaryimage\"},\"thumbnailUrl\":\"https:\\\/\\\/unkrautverkaufer.com\\\/wp-content\\\/uploads\\\/2026\\\/01\\\/Alprazolam-Powder-1.jpeg\",\"datePublished\":\"2026-01-30T17:09:18+00:00\",\"dateModified\":\"2026-04-10T10:21:10+00:00\",\"breadcrumb\":{\"@id\":\"https:\\\/\\\/unkrautverkaufer.com\\\/product\\\/buy-u47700-online\\\/#breadcrumb\"},\"inLanguage\":\"cs\",\"potentialAction\":[{\"@type\":\"ReadAction\",\"target\":[\"https:\\\/\\\/unkrautverkaufer.com\\\/product\\\/buy-u47700-online\\\/\"]}]},{\"@type\":\"ImageObject\",\"inLanguage\":\"cs\",\"@id\":\"https:\\\/\\\/unkrautverkaufer.com\\\/product\\\/buy-u47700-online\\\/#primaryimage\",\"url\":\"https:\\\/\\\/unkrautverkaufer.com\\\/wp-content\\\/uploads\\\/2026\\\/01\\\/Alprazolam-Powder-1.jpeg\",\"contentUrl\":\"https:\\\/\\\/unkrautverkaufer.com\\\/wp-content\\\/uploads\\\/2026\\\/01\\\/Alprazolam-Powder-1.jpeg\",\"width\":600,\"height\":400},{\"@type\":\"BreadcrumbList\",\"@id\":\"https:\\\/\\\/unkrautverkaufer.com\\\/product\\\/buy-u47700-online\\\/#breadcrumb\",\"itemListElement\":[{\"@type\":\"ListItem\",\"position\":1,\"name\":\"Home\",\"item\":\"https:\\\/\\\/unkrautverkaufer.com\\\/de_de\\\/\"},{\"@type\":\"ListItem\",\"position\":2,\"name\":\"Shop\",\"item\":\"https:\\\/\\\/unkrautverkaufer.com\\\/pl\\\/cannabis-kaufen\\\/\"},{\"@type\":\"ListItem\",\"position\":3,\"name\":\"Buy U47700\u00a0 Online\"}]},{\"@type\":\"WebSite\",\"@id\":\"https:\\\/\\\/unkrautverkaufer.com\\\/#website\",\"url\":\"https:\\\/\\\/unkrautverkaufer.com\\\/\",\"name\":\"GRAS ONLINE KAUFEN DEUTSCHLAND\",\"description\":\"Cannabis kaufen\",\"publisher\":{\"@id\":\"https:\\\/\\\/unkrautverkaufer.com\\\/#organization\"},\"potentialAction\":[{\"@type\":\"SearchAction\",\"target\":{\"@type\":\"EntryPoint\",\"urlTemplate\":\"https:\\\/\\\/unkrautverkaufer.com\\\/?s={search_term_string}\"},\"query-input\":{\"@type\":\"PropertyValueSpecification\",\"valueRequired\":true,\"valueName\":\"search_term_string\"}}],\"inLanguage\":\"cs\"},{\"@type\":\"Organization\",\"@id\":\"https:\\\/\\\/unkrautverkaufer.com\\\/#organization\",\"name\":\"GRAS ONLINE KAUFEN DEUTSCHLAND\",\"url\":\"https:\\\/\\\/unkrautverkaufer.com\\\/\",\"logo\":{\"@type\":\"ImageObject\",\"inLanguage\":\"cs\",\"@id\":\"https:\\\/\\\/unkrautverkaufer.com\\\/#\\\/schema\\\/logo\\\/image\\\/\",\"url\":\"https:\\\/\\\/unkrautverkaufer.com\\\/wp-content\\\/uploads\\\/2021\\\/08\\\/logow.png\",\"contentUrl\":\"https:\\\/\\\/unkrautverkaufer.com\\\/wp-content\\\/uploads\\\/2021\\\/08\\\/logow.png\",\"width\":300,\"height\":170,\"caption\":\"GRAS ONLINE KAUFEN DEUTSCHLAND\"},\"image\":{\"@id\":\"https:\\\/\\\/unkrautverkaufer.com\\\/#\\\/schema\\\/logo\\\/image\\\/\"}}]}<\/script>\n<!-- \/ Yoast SEO plugin. -->","yoast_head_json":{"title":"Buy U47700\u00a0 Online - GRAS ONLINE KAUFEN DEUTSCHLAND","robots":{"index":"index","follow":"follow","max-snippet":"max-snippet:-1","max-image-preview":"max-image-preview:large","max-video-preview":"max-video-preview:-1"},"canonical":"https:\/\/unkrautverkaufer.com\/cs\/product\/buy-u47700-online\/","og_locale":"cs_CZ","og_type":"article","og_title":"Buy U47700\u00a0 Online - GRAS ONLINE KAUFEN DEUTSCHLAND","og_description":"Where to Order u-47700 powder for sale online U-47700 is an opioid\u00a0sedative\u00a0research chemical developed by a team at Upjohn in the 1970s.\u00a0U-47700 powder for sale online was derived from an earlier opioid AH-7921. It is selective for the \u00b5-opioid receptor, having around 7.5 x the potency of morphine in animal models. U-47700 became the lead compound of selective\u00a0kappa-opioid receptor\u00a0ligands such as U-50488, U-51754 (containing a single methylene spacer difference) and U-69,593, which share very similar structures. Although not used medically, the selective kappa ligands are used in research. Buy U-47700 Online. U-47700 for sale online\u00a0is highly selective for the \u00b5-opioid receptor and is believed to be roughly 7 to 8 times as powerful as morphine dose-per-dose. It is believed to be a strong kappa agonist, so should not produce substantial degrees of dysphoria or other unwanted effects. Buy\u00a0U-47700 powder online \u2013\u00a0U-47700 for sale online Supplier We are leading and reliable suppliers of best quality and purity\u00a0U-47700 Powder online at very affordable prices. We delivery securely to USA, Canada, Europe and many more countries with No problems. Our chemicals are of the best quality and purity at the best prices. U-47700 powder for sale near me | U-47700 for sale USA *Don\u2019t take medicine if you are lactating, planning for pregnancy or pregnant. *Evade medication if allergic to its ingredients.u-47700 powder for sale online *Keep this medicine away from the reach of pets, kids, and individuals with the same qualities. Buy Pinky Powder Online","og_url":"https:\/\/unkrautverkaufer.com\/cs\/product\/buy-u47700-online\/","og_site_name":"GRAS ONLINE KAUFEN DEUTSCHLAND","article_modified_time":"2026-04-10T10:21:10+00:00","twitter_card":"summary_large_image","twitter_misc":{"Odhadovan\u00e1 doba \u010dten\u00ed":"1 minuta"},"schema":{"@context":"https:\/\/schema.org","@graph":[{"@type":"WebPage","@id":"https:\/\/unkrautverkaufer.com\/product\/buy-u47700-online\/","url":"https:\/\/unkrautverkaufer.com\/product\/buy-u47700-online\/","name":"Buy U47700\u00a0 Online - GRAS ONLINE KAUFEN DEUTSCHLAND","isPartOf":{"@id":"https:\/\/unkrautverkaufer.com\/#website"},"primaryImageOfPage":{"@id":"https:\/\/unkrautverkaufer.com\/product\/buy-u47700-online\/#primaryimage"},"image":{"@id":"https:\/\/unkrautverkaufer.com\/product\/buy-u47700-online\/#primaryimage"},"thumbnailUrl":"https:\/\/unkrautverkaufer.com\/wp-content\/uploads\/2026\/01\/Alprazolam-Powder-1.jpeg","datePublished":"2026-01-30T17:09:18+00:00","dateModified":"2026-04-10T10:21:10+00:00","breadcrumb":{"@id":"https:\/\/unkrautverkaufer.com\/product\/buy-u47700-online\/#breadcrumb"},"inLanguage":"cs","potentialAction":[{"@type":"ReadAction","target":["https:\/\/unkrautverkaufer.com\/product\/buy-u47700-online\/"]}]},{"@type":"ImageObject","inLanguage":"cs","@id":"https:\/\/unkrautverkaufer.com\/product\/buy-u47700-online\/#primaryimage","url":"https:\/\/unkrautverkaufer.com\/wp-content\/uploads\/2026\/01\/Alprazolam-Powder-1.jpeg","contentUrl":"https:\/\/unkrautverkaufer.com\/wp-content\/uploads\/2026\/01\/Alprazolam-Powder-1.jpeg","width":600,"height":400},{"@type":"BreadcrumbList","@id":"https:\/\/unkrautverkaufer.com\/product\/buy-u47700-online\/#breadcrumb","itemListElement":[{"@type":"ListItem","position":1,"name":"Home","item":"https:\/\/unkrautverkaufer.com\/de_de\/"},{"@type":"ListItem","position":2,"name":"Shop","item":"https:\/\/unkrautverkaufer.com\/pl\/cannabis-kaufen\/"},{"@type":"ListItem","position":3,"name":"Buy U47700\u00a0 Online"}]},{"@type":"WebSite","@id":"https:\/\/unkrautverkaufer.com\/#website","url":"https:\/\/unkrautverkaufer.com\/","name":"GRAS ONLINE KAUFEN DEUTSCHLAND","description":"Cannabis kaufen","publisher":{"@id":"https:\/\/unkrautverkaufer.com\/#organization"},"potentialAction":[{"@type":"SearchAction","target":{"@type":"EntryPoint","urlTemplate":"https:\/\/unkrautverkaufer.com\/?s={search_term_string}"},"query-input":{"@type":"PropertyValueSpecification","valueRequired":true,"valueName":"search_term_string"}}],"inLanguage":"cs"},{"@type":"Organization","@id":"https:\/\/unkrautverkaufer.com\/#organization","name":"GRAS ONLINE KAUFEN DEUTSCHLAND","url":"https:\/\/unkrautverkaufer.com\/","logo":{"@type":"ImageObject","inLanguage":"cs","@id":"https:\/\/unkrautverkaufer.com\/#\/schema\/logo\/image\/","url":"https:\/\/unkrautverkaufer.com\/wp-content\/uploads\/2021\/08\/logow.png","contentUrl":"https:\/\/unkrautverkaufer.com\/wp-content\/uploads\/2021\/08\/logow.png","width":300,"height":170,"caption":"GRAS ONLINE KAUFEN DEUTSCHLAND"},"image":{"@id":"https:\/\/unkrautverkaufer.com\/#\/schema\/logo\/image\/"}}]}},"_links":{"self":[{"href":"https:\/\/unkrautverkaufer.com\/cs\/wp-json\/wp\/v2\/product\/4245","targetHints":{"allow":["GET"]}}],"collection":[{"href":"https:\/\/unkrautverkaufer.com\/cs\/wp-json\/wp\/v2\/product"}],"about":[{"href":"https:\/\/unkrautverkaufer.com\/cs\/wp-json\/wp\/v2\/types\/product"}],"replies":[{"embeddable":true,"href":"https:\/\/unkrautverkaufer.com\/cs\/wp-json\/wp\/v2\/comments?post=4245"}],"wp:featuredmedia":[{"embeddable":true,"href":"https:\/\/unkrautverkaufer.com\/cs\/wp-json\/wp\/v2\/media\/4268"}],"wp:attachment":[{"href":"https:\/\/unkrautverkaufer.com\/cs\/wp-json\/wp\/v2\/media?parent=4245"}],"wp:term":[{"taxonomy":"product_brand","embeddable":true,"href":"https:\/\/unkrautverkaufer.com\/cs\/wp-json\/wp\/v2\/product_brand?post=4245"},{"taxonomy":"product_cat","embeddable":true,"href":"https:\/\/unkrautverkaufer.com\/cs\/wp-json\/wp\/v2\/product_cat?post=4245"},{"taxonomy":"product_tag","embeddable":true,"href":"https:\/\/unkrautverkaufer.com\/cs\/wp-json\/wp\/v2\/product_tag?post=4245"}],"curies":[{"name":"wp","href":"https:\/\/api.w.org\/{rel}","templated":true}]}}