{"id":4219,"date":"2026-01-30T17:09:03","date_gmt":"2026-01-30T17:09:03","guid":{"rendered":"https:\/\/unkrautverkaufer.com\/?post_type=product&#038;p=4219"},"modified":"2026-04-10T02:31:31","modified_gmt":"2026-04-10T02:31:31","slug":"buy-2c-b-online","status":"publish","type":"product","link":"https:\/\/unkrautverkaufer.com\/cs\/product\/buy-2c-b-online\/","title":{"rendered":"Buy 2C-B Online"},"content":{"rendered":"<h1 style=\"text-align: center\">Buy 2C-B Online | \u00a0<a href=\"https:\/\/chemcrystals.com\/product\/buy-2c-b-online\/\">2C-B<\/a> for sale<\/h1>\n<p>2C-B is a lesser-known novel psychedelic material of the phenethylamine. And benzodihydrodifuran classes that creates a selection of psychedelic and also entactogenic results when carried out. Reports have actually characterized its effects profile as possessing attributes of 2C-B, mescaline and also MDA. With a duration of 6\u2013 8 hours (or as much as 12 hrs in larger doses).<\/p>\n<h1 style=\"text-align: center\">\u00a02C-B Suppliers Online<\/h1>\n<p>2C-B is a by-product of the 2C-x household of psychedelic phenethylamines. Particularly 2C<a href=\"https:\/\/fentvendor.com\/\">\u2013<\/a>B, of which it significantly varies from in terms of its strength, metabolic rate, and prospective poisoning. It was first manufactured by Aaron P. Monte in 1996<\/p>\n<p>2C-B is frequently described as an \u201centactogen\u201d\u2013 a term recommended by David Nichols in 1986 to replace the more restrictive \u201cempathogen\u201d in reference to MDMA. It defines a class of medications that produce a \u201ctouching within,\u201d or introspective state.<\/p>\n<h3 style=\"text-align: center\">Where to buy <span style=\"font-size: 25.92px;color: #333333\">2C<a href=\"https:\/\/ketamineinjectionbuy.com\/\">\u2013<\/a>B Online discreetly<\/span><\/h3>\n<p>Lots of individuals locate 2C-B to be a type of cleansing self-therapy device, offering effective. In some cases life-changing, understandings concerning themselves as well as the nature of their fact. Really feeling \u201cat one with the universe\u201d prevails on the drug, as are fresh perspectives on negative characteristic, assumed patterns, and damaging actions.<\/p>\n<p>\u00a0<\/p>\n<p>\u00a0<\/p>\n<p>\u00a0<\/p>\n<p><em>FEEDBACKS<\/em><\/p>","protected":false},"excerpt":{"rendered":"<h2>Buy 2C-B Cheap and discreetly<\/h2>\n<p>\u00a0<\/p>","protected":false},"featured_media":4235,"comment_status":"closed","ping_status":"closed","template":"","meta":[],"product_brand":[],"product_cat":[1839],"product_tag":[2455,2456,2457,2458,2459,2460],"class_list":{"0":"post-4219","1":"product","2":"type-product","3":"status-publish","4":"has-post-thumbnail","6":"product_cat-research-chemicals","7":"product_tag-2c-b-for-sale","8":"product_tag-2c-b-supplier","9":"product_tag-2c-b-suppliers-online","10":"product_tag-buy-2c-b","11":"product_tag-buy-2c-b-online","12":"product_tag-where-to-buy-2c-b-online-discreetly","14":"first","15":"instock","16":"shipping-taxable","17":"purchasable","18":"product-type-variable"},"yoast_head":"<!-- This site is optimized with the Yoast SEO plugin v27.3 - https:\/\/yoast.com\/product\/yoast-seo-wordpress\/ -->\n<title>Buy 2C-B Online - GRAS ONLINE KAUFEN DEUTSCHLAND<\/title>\n<meta name=\"robots\" content=\"index, follow, max-snippet:-1, max-image-preview:large, max-video-preview:-1\" \/>\n<link rel=\"canonical\" href=\"https:\/\/unkrautverkaufer.com\/cs\/product\/buy-2c-b-online\/\" \/>\n<meta property=\"og:locale\" content=\"cs_CZ\" \/>\n<meta property=\"og:type\" content=\"article\" \/>\n<meta property=\"og:title\" content=\"Buy 2C-B Online - GRAS ONLINE KAUFEN DEUTSCHLAND\" \/>\n<meta property=\"og:description\" content=\"Buy 2C-B Cheap and discreetly \u00a0\" \/>\n<meta property=\"og:url\" content=\"https:\/\/unkrautverkaufer.com\/cs\/product\/buy-2c-b-online\/\" \/>\n<meta property=\"og:site_name\" content=\"GRAS ONLINE KAUFEN DEUTSCHLAND\" \/>\n<meta property=\"article:modified_time\" content=\"2026-04-10T02:31:31+00:00\" \/>\n<meta name=\"twitter:card\" content=\"summary_large_image\" \/>\n<meta name=\"twitter:label1\" content=\"Odhadovan\u00e1 doba \u010dten\u00ed\" \/>\n\t<meta name=\"twitter:data1\" content=\"1 minuta\" \/>\n<script type=\"application\/ld+json\" class=\"yoast-schema-graph\">{\"@context\":\"https:\\\/\\\/schema.org\",\"@graph\":[{\"@type\":\"WebPage\",\"@id\":\"https:\\\/\\\/unkrautverkaufer.com\\\/product\\\/buy-2c-b-online\\\/\",\"url\":\"https:\\\/\\\/unkrautverkaufer.com\\\/product\\\/buy-2c-b-online\\\/\",\"name\":\"Buy 2C-B Online - GRAS ONLINE KAUFEN DEUTSCHLAND\",\"isPartOf\":{\"@id\":\"https:\\\/\\\/unkrautverkaufer.com\\\/#website\"},\"primaryImageOfPage\":{\"@id\":\"https:\\\/\\\/unkrautverkaufer.com\\\/product\\\/buy-2c-b-online\\\/#primaryimage\"},\"image\":{\"@id\":\"https:\\\/\\\/unkrautverkaufer.com\\\/product\\\/buy-2c-b-online\\\/#primaryimage\"},\"thumbnailUrl\":\"https:\\\/\\\/unkrautverkaufer.com\\\/wp-content\\\/uploads\\\/2026\\\/01\\\/Etizolam.jpeg\",\"datePublished\":\"2026-01-30T17:09:03+00:00\",\"dateModified\":\"2026-04-10T02:31:31+00:00\",\"breadcrumb\":{\"@id\":\"https:\\\/\\\/unkrautverkaufer.com\\\/product\\\/buy-2c-b-online\\\/#breadcrumb\"},\"inLanguage\":\"cs\",\"potentialAction\":[{\"@type\":\"ReadAction\",\"target\":[\"https:\\\/\\\/unkrautverkaufer.com\\\/product\\\/buy-2c-b-online\\\/\"]}]},{\"@type\":\"ImageObject\",\"inLanguage\":\"cs\",\"@id\":\"https:\\\/\\\/unkrautverkaufer.com\\\/product\\\/buy-2c-b-online\\\/#primaryimage\",\"url\":\"https:\\\/\\\/unkrautverkaufer.com\\\/wp-content\\\/uploads\\\/2026\\\/01\\\/Etizolam.jpeg\",\"contentUrl\":\"https:\\\/\\\/unkrautverkaufer.com\\\/wp-content\\\/uploads\\\/2026\\\/01\\\/Etizolam.jpeg\",\"width\":620,\"height\":410},{\"@type\":\"BreadcrumbList\",\"@id\":\"https:\\\/\\\/unkrautverkaufer.com\\\/product\\\/buy-2c-b-online\\\/#breadcrumb\",\"itemListElement\":[{\"@type\":\"ListItem\",\"position\":1,\"name\":\"Home\",\"item\":\"https:\\\/\\\/unkrautverkaufer.com\\\/de_de\\\/\"},{\"@type\":\"ListItem\",\"position\":2,\"name\":\"Shop\",\"item\":\"https:\\\/\\\/unkrautverkaufer.com\\\/pl\\\/cannabis-kaufen\\\/\"},{\"@type\":\"ListItem\",\"position\":3,\"name\":\"Buy 2C-B Online\"}]},{\"@type\":\"WebSite\",\"@id\":\"https:\\\/\\\/unkrautverkaufer.com\\\/#website\",\"url\":\"https:\\\/\\\/unkrautverkaufer.com\\\/\",\"name\":\"GRAS ONLINE KAUFEN DEUTSCHLAND\",\"description\":\"Cannabis kaufen\",\"publisher\":{\"@id\":\"https:\\\/\\\/unkrautverkaufer.com\\\/#organization\"},\"potentialAction\":[{\"@type\":\"SearchAction\",\"target\":{\"@type\":\"EntryPoint\",\"urlTemplate\":\"https:\\\/\\\/unkrautverkaufer.com\\\/?s={search_term_string}\"},\"query-input\":{\"@type\":\"PropertyValueSpecification\",\"valueRequired\":true,\"valueName\":\"search_term_string\"}}],\"inLanguage\":\"cs\"},{\"@type\":\"Organization\",\"@id\":\"https:\\\/\\\/unkrautverkaufer.com\\\/#organization\",\"name\":\"GRAS ONLINE KAUFEN DEUTSCHLAND\",\"url\":\"https:\\\/\\\/unkrautverkaufer.com\\\/\",\"logo\":{\"@type\":\"ImageObject\",\"inLanguage\":\"cs\",\"@id\":\"https:\\\/\\\/unkrautverkaufer.com\\\/#\\\/schema\\\/logo\\\/image\\\/\",\"url\":\"https:\\\/\\\/unkrautverkaufer.com\\\/wp-content\\\/uploads\\\/2021\\\/08\\\/logow.png\",\"contentUrl\":\"https:\\\/\\\/unkrautverkaufer.com\\\/wp-content\\\/uploads\\\/2021\\\/08\\\/logow.png\",\"width\":300,\"height\":170,\"caption\":\"GRAS ONLINE KAUFEN DEUTSCHLAND\"},\"image\":{\"@id\":\"https:\\\/\\\/unkrautverkaufer.com\\\/#\\\/schema\\\/logo\\\/image\\\/\"}}]}<\/script>\n<!-- \/ Yoast SEO plugin. -->","yoast_head_json":{"title":"Buy 2C-B Online - GRAS ONLINE KAUFEN DEUTSCHLAND","robots":{"index":"index","follow":"follow","max-snippet":"max-snippet:-1","max-image-preview":"max-image-preview:large","max-video-preview":"max-video-preview:-1"},"canonical":"https:\/\/unkrautverkaufer.com\/cs\/product\/buy-2c-b-online\/","og_locale":"cs_CZ","og_type":"article","og_title":"Buy 2C-B Online - GRAS ONLINE KAUFEN DEUTSCHLAND","og_description":"Buy 2C-B Cheap and discreetly \u00a0","og_url":"https:\/\/unkrautverkaufer.com\/cs\/product\/buy-2c-b-online\/","og_site_name":"GRAS ONLINE KAUFEN DEUTSCHLAND","article_modified_time":"2026-04-10T02:31:31+00:00","twitter_card":"summary_large_image","twitter_misc":{"Odhadovan\u00e1 doba \u010dten\u00ed":"1 minuta"},"schema":{"@context":"https:\/\/schema.org","@graph":[{"@type":"WebPage","@id":"https:\/\/unkrautverkaufer.com\/product\/buy-2c-b-online\/","url":"https:\/\/unkrautverkaufer.com\/product\/buy-2c-b-online\/","name":"Buy 2C-B Online - GRAS ONLINE KAUFEN DEUTSCHLAND","isPartOf":{"@id":"https:\/\/unkrautverkaufer.com\/#website"},"primaryImageOfPage":{"@id":"https:\/\/unkrautverkaufer.com\/product\/buy-2c-b-online\/#primaryimage"},"image":{"@id":"https:\/\/unkrautverkaufer.com\/product\/buy-2c-b-online\/#primaryimage"},"thumbnailUrl":"https:\/\/unkrautverkaufer.com\/wp-content\/uploads\/2026\/01\/Etizolam.jpeg","datePublished":"2026-01-30T17:09:03+00:00","dateModified":"2026-04-10T02:31:31+00:00","breadcrumb":{"@id":"https:\/\/unkrautverkaufer.com\/product\/buy-2c-b-online\/#breadcrumb"},"inLanguage":"cs","potentialAction":[{"@type":"ReadAction","target":["https:\/\/unkrautverkaufer.com\/product\/buy-2c-b-online\/"]}]},{"@type":"ImageObject","inLanguage":"cs","@id":"https:\/\/unkrautverkaufer.com\/product\/buy-2c-b-online\/#primaryimage","url":"https:\/\/unkrautverkaufer.com\/wp-content\/uploads\/2026\/01\/Etizolam.jpeg","contentUrl":"https:\/\/unkrautverkaufer.com\/wp-content\/uploads\/2026\/01\/Etizolam.jpeg","width":620,"height":410},{"@type":"BreadcrumbList","@id":"https:\/\/unkrautverkaufer.com\/product\/buy-2c-b-online\/#breadcrumb","itemListElement":[{"@type":"ListItem","position":1,"name":"Home","item":"https:\/\/unkrautverkaufer.com\/de_de\/"},{"@type":"ListItem","position":2,"name":"Shop","item":"https:\/\/unkrautverkaufer.com\/pl\/cannabis-kaufen\/"},{"@type":"ListItem","position":3,"name":"Buy 2C-B Online"}]},{"@type":"WebSite","@id":"https:\/\/unkrautverkaufer.com\/#website","url":"https:\/\/unkrautverkaufer.com\/","name":"GRAS ONLINE KAUFEN DEUTSCHLAND","description":"Cannabis kaufen","publisher":{"@id":"https:\/\/unkrautverkaufer.com\/#organization"},"potentialAction":[{"@type":"SearchAction","target":{"@type":"EntryPoint","urlTemplate":"https:\/\/unkrautverkaufer.com\/?s={search_term_string}"},"query-input":{"@type":"PropertyValueSpecification","valueRequired":true,"valueName":"search_term_string"}}],"inLanguage":"cs"},{"@type":"Organization","@id":"https:\/\/unkrautverkaufer.com\/#organization","name":"GRAS ONLINE KAUFEN DEUTSCHLAND","url":"https:\/\/unkrautverkaufer.com\/","logo":{"@type":"ImageObject","inLanguage":"cs","@id":"https:\/\/unkrautverkaufer.com\/#\/schema\/logo\/image\/","url":"https:\/\/unkrautverkaufer.com\/wp-content\/uploads\/2021\/08\/logow.png","contentUrl":"https:\/\/unkrautverkaufer.com\/wp-content\/uploads\/2021\/08\/logow.png","width":300,"height":170,"caption":"GRAS ONLINE KAUFEN DEUTSCHLAND"},"image":{"@id":"https:\/\/unkrautverkaufer.com\/#\/schema\/logo\/image\/"}}]}},"_links":{"self":[{"href":"https:\/\/unkrautverkaufer.com\/cs\/wp-json\/wp\/v2\/product\/4219","targetHints":{"allow":["GET"]}}],"collection":[{"href":"https:\/\/unkrautverkaufer.com\/cs\/wp-json\/wp\/v2\/product"}],"about":[{"href":"https:\/\/unkrautverkaufer.com\/cs\/wp-json\/wp\/v2\/types\/product"}],"replies":[{"embeddable":true,"href":"https:\/\/unkrautverkaufer.com\/cs\/wp-json\/wp\/v2\/comments?post=4219"}],"wp:featuredmedia":[{"embeddable":true,"href":"https:\/\/unkrautverkaufer.com\/cs\/wp-json\/wp\/v2\/media\/4235"}],"wp:attachment":[{"href":"https:\/\/unkrautverkaufer.com\/cs\/wp-json\/wp\/v2\/media?parent=4219"}],"wp:term":[{"taxonomy":"product_brand","embeddable":true,"href":"https:\/\/unkrautverkaufer.com\/cs\/wp-json\/wp\/v2\/product_brand?post=4219"},{"taxonomy":"product_cat","embeddable":true,"href":"https:\/\/unkrautverkaufer.com\/cs\/wp-json\/wp\/v2\/product_cat?post=4219"},{"taxonomy":"product_tag","embeddable":true,"href":"https:\/\/unkrautverkaufer.com\/cs\/wp-json\/wp\/v2\/product_tag?post=4219"}],"curies":[{"name":"wp","href":"https:\/\/api.w.org\/{rel}","templated":true}]}}