{"id":4078,"date":"2026-01-30T17:07:57","date_gmt":"2026-01-30T17:07:57","guid":{"rendered":"https:\/\/unkrautverkaufer.com\/?post_type=product&#038;p=4078"},"modified":"2026-04-07T12:51:33","modified_gmt":"2026-04-07T12:51:33","slug":"order-2fdck-2-fluorodeschloroketamine","status":"publish","type":"product","link":"https:\/\/unkrautverkaufer.com\/cs\/product\/order-2fdck-2-fluorodeschloroketamine\/","title":{"rendered":"Order 2FDCK 2-Fluorodeschloroketamine"},"content":{"rendered":"<div><\/div>\n<h1>Buy 2FDCK 2-Fluorodeschloroketamine Online | CAS Number: 111982-50-4. \u2013 2fdck Research chemical for Sale<\/h1>\n<div><\/div>\n<div>2-Fluorodeschloroketamine (also known as 2\u2032-Fl-2-Oxo-PCM, Fluoroketamine and 2-FDCK) is a dissociative anesthetic related to ketamine. 2FDCK CAS Number: 111982-50-4. 2F-DCK,2-FDCK, 2FDCK,2-fluorodeschloroketamine 99.8%. Buy <a href=\"https:\/\/clinicalresearchchemicals.com\/product\/buy-2fdck-2-fluo\u2026eschloroketamine\/\">2FDCK 2-Fluorodeschloroketamine<\/a><\/div>\n<div><\/div>\n<div>Furthermore,: 2-FDCK is, like ketamine, related to arylcyclohexylamines and deschloroketamine anf it is reported by researchers to produce similar results. 2-FDCK is not as heavily experimented with as ketamine is, however, a lot of excitement is building around 2-FDCK. When compared to synthetics such as diphenidine and methoxphenidine, 2-FDCK is probably one of the most anticipated research chemicals of all time in the dissociative class.<\/div>\n<div><\/div>\n<div><\/div>\n<h2>Buy 2-FDCK hydrochloride online here.<\/h2>\n<div><\/div>\n<div>2-Fl-2\u2032-Oxo-PCM,also known as 2-Fluorodeschloroketamine, <a href=\"https:\/\/realchems.com\/2-fdck\">2-FDCK<\/a>, and inaccurately as 2-Fluroketamine, Fluoroketamine, and 2-FK, is a lesser-known novel dissociative substance of the arylcyclohexylamine class. It is chemically similar to ketamine and deschloroketamine (DCK). It is thought to act as an NMDA receptor antagonist, although research is currently limited. Arylcyclohexylamines drugs like 2-FDCK are named for their structures which include a cyclohexane ring bound to an aromatic ring along with an amine group.<\/div>\n<div><\/div>\n<h3>Storage conditions of 2-FDCK HCl.<\/h3>\n<div><\/div>\n<div>Once you\u2019ve received your 2-FDCK Hydrochloride item, don\u2019t forget to store it far from sunlight, dry places and room temperature of 20-25\u00baC at maximum. If you want to highly preserve the quality of 2-FDCK Hydrochloride, RareChems suggests you to get a vacuum sealing machine. Don\u2019t forget to ask us if you have any doubt or questions about that.<\/div>\n<div><\/div>\n<h4>Handling your 2-FDCK Hydrochloride.<\/h4>\n<div><\/div>\n<div>We strongly recommend you to take special safety measures when handling your 2-FDCK Hydrochloride like wearing a FFP-2 mask or gloves.<\/div>\n<div><\/div>\n<h3>Where to buy 2-FDCK Hydrochloride?<\/h3>\n<div><\/div>\n<div>You can buy research chemicals including 2-FDCK Hydrochloride in our website. All our research chemicals are tested and analized before setting them for sale. It\u2019s the only way to confirm our top quality 2-FDCK Hydrochloride. If you need the results or need further assistance, don\u2019t hesitate to contact us. 2-FDCK Hydrochloride is only available in powder form, but we have some other research chemicals in blotter and pellets form.Buy 2fdck Crystals<\/div>\n<div><\/div>\n<div>Special terms and conditions to buy 2-FDCK Hydrochloride.Buy 2fdck in UK<\/div>\n<div>You can buy 2-FDCK Hydrochloride online here, however you must be at least 18 years old and understand all terms and conditions stated in our website and during the checkout process. If you meet all these conditions, just use the sign up form, insert your first shipping address and start buying!. Buy 2fdck Crystals<\/div>","protected":false},"excerpt":{"rendered":"<p>Buy 2-FDCK hydrochloride online here.<\/p>","protected":false},"featured_media":4094,"comment_status":"closed","ping_status":"closed","template":"","meta":[],"product_brand":[],"product_cat":[1839],"product_tag":[2130,2131,2132,2133,2134,2135,2136,2137,2138,2139,2140,2141,2142,2143,2144,2145],"class_list":{"0":"post-4078","1":"product","2":"type-product","3":"status-publish","4":"has-post-thumbnail","6":"product_cat-research-chemicals","7":"product_tag-2-fdck-australia","8":"product_tag-2-fdck-canada","9":"product_tag-2-fdck-for-sale-brazil","10":"product_tag-2-fdck-germany","11":"product_tag-2-fdck-mexico","12":"product_tag-2-fdck-russia","13":"product_tag-2-fdck-uk","14":"product_tag-2-fdck-usa","15":"product_tag-2-fluorodeschloroketamine","16":"product_tag-2fdck","17":"product_tag-best-ketamine-dispensary","18":"product_tag-buy-2fdck","19":"product_tag-buy-2fdck-2-fluorodeschloroketamine","20":"product_tag-buy-ketamine-online","21":"product_tag-for-sale-2-fdck","22":"product_tag-ketamine-for-sale","24":"first","25":"instock","26":"shipping-taxable","27":"purchasable","28":"product-type-variable"},"yoast_head":"<!-- This site is optimized with the Yoast SEO plugin v27.3 - https:\/\/yoast.com\/product\/yoast-seo-wordpress\/ -->\n<title>Order 2FDCK 2-Fluorodeschloroketamine - GRAS ONLINE KAUFEN DEUTSCHLAND<\/title>\n<meta name=\"robots\" content=\"index, follow, max-snippet:-1, max-image-preview:large, max-video-preview:-1\" \/>\n<link rel=\"canonical\" href=\"https:\/\/unkrautverkaufer.com\/cs\/product\/order-2fdck-2-fluorodeschloroketamine\/\" \/>\n<meta property=\"og:locale\" content=\"cs_CZ\" \/>\n<meta property=\"og:type\" content=\"article\" \/>\n<meta property=\"og:title\" content=\"Order 2FDCK 2-Fluorodeschloroketamine - GRAS ONLINE KAUFEN DEUTSCHLAND\" \/>\n<meta property=\"og:description\" content=\"Buy 2-FDCK hydrochloride online here.\" \/>\n<meta property=\"og:url\" content=\"https:\/\/unkrautverkaufer.com\/cs\/product\/order-2fdck-2-fluorodeschloroketamine\/\" \/>\n<meta property=\"og:site_name\" content=\"GRAS ONLINE KAUFEN DEUTSCHLAND\" \/>\n<meta property=\"article:modified_time\" content=\"2026-04-07T12:51:33+00:00\" \/>\n<meta name=\"twitter:card\" content=\"summary_large_image\" \/>\n<meta name=\"twitter:label1\" content=\"Odhadovan\u00e1 doba \u010dten\u00ed\" \/>\n\t<meta name=\"twitter:data1\" content=\"2 minuty\" \/>\n<script type=\"application\/ld+json\" class=\"yoast-schema-graph\">{\"@context\":\"https:\\\/\\\/schema.org\",\"@graph\":[{\"@type\":\"WebPage\",\"@id\":\"https:\\\/\\\/unkrautverkaufer.com\\\/product\\\/order-2fdck-2-fluorodeschloroketamine\\\/\",\"url\":\"https:\\\/\\\/unkrautverkaufer.com\\\/product\\\/order-2fdck-2-fluorodeschloroketamine\\\/\",\"name\":\"Order 2FDCK 2-Fluorodeschloroketamine - GRAS ONLINE KAUFEN DEUTSCHLAND\",\"isPartOf\":{\"@id\":\"https:\\\/\\\/unkrautverkaufer.com\\\/#website\"},\"primaryImageOfPage\":{\"@id\":\"https:\\\/\\\/unkrautverkaufer.com\\\/product\\\/order-2fdck-2-fluorodeschloroketamine\\\/#primaryimage\"},\"image\":{\"@id\":\"https:\\\/\\\/unkrautverkaufer.com\\\/product\\\/order-2fdck-2-fluorodeschloroketamine\\\/#primaryimage\"},\"thumbnailUrl\":\"https:\\\/\\\/unkrautverkaufer.com\\\/wp-content\\\/uploads\\\/2026\\\/01\\\/Buy-2FDCK-Online.jpeg\",\"datePublished\":\"2026-01-30T17:07:57+00:00\",\"dateModified\":\"2026-04-07T12:51:33+00:00\",\"breadcrumb\":{\"@id\":\"https:\\\/\\\/unkrautverkaufer.com\\\/product\\\/order-2fdck-2-fluorodeschloroketamine\\\/#breadcrumb\"},\"inLanguage\":\"cs\",\"potentialAction\":[{\"@type\":\"ReadAction\",\"target\":[\"https:\\\/\\\/unkrautverkaufer.com\\\/product\\\/order-2fdck-2-fluorodeschloroketamine\\\/\"]}]},{\"@type\":\"ImageObject\",\"inLanguage\":\"cs\",\"@id\":\"https:\\\/\\\/unkrautverkaufer.com\\\/product\\\/order-2fdck-2-fluorodeschloroketamine\\\/#primaryimage\",\"url\":\"https:\\\/\\\/unkrautverkaufer.com\\\/wp-content\\\/uploads\\\/2026\\\/01\\\/Buy-2FDCK-Online.jpeg\",\"contentUrl\":\"https:\\\/\\\/unkrautverkaufer.com\\\/wp-content\\\/uploads\\\/2026\\\/01\\\/Buy-2FDCK-Online.jpeg\",\"width\":474,\"height\":632},{\"@type\":\"BreadcrumbList\",\"@id\":\"https:\\\/\\\/unkrautverkaufer.com\\\/product\\\/order-2fdck-2-fluorodeschloroketamine\\\/#breadcrumb\",\"itemListElement\":[{\"@type\":\"ListItem\",\"position\":1,\"name\":\"Home\",\"item\":\"https:\\\/\\\/unkrautverkaufer.com\\\/de_de\\\/\"},{\"@type\":\"ListItem\",\"position\":2,\"name\":\"Shop\",\"item\":\"https:\\\/\\\/unkrautverkaufer.com\\\/pl\\\/cannabis-kaufen\\\/\"},{\"@type\":\"ListItem\",\"position\":3,\"name\":\"Order 2FDCK 2-Fluorodeschloroketamine\"}]},{\"@type\":\"WebSite\",\"@id\":\"https:\\\/\\\/unkrautverkaufer.com\\\/#website\",\"url\":\"https:\\\/\\\/unkrautverkaufer.com\\\/\",\"name\":\"GRAS ONLINE KAUFEN DEUTSCHLAND\",\"description\":\"Cannabis kaufen\",\"publisher\":{\"@id\":\"https:\\\/\\\/unkrautverkaufer.com\\\/#organization\"},\"potentialAction\":[{\"@type\":\"SearchAction\",\"target\":{\"@type\":\"EntryPoint\",\"urlTemplate\":\"https:\\\/\\\/unkrautverkaufer.com\\\/?s={search_term_string}\"},\"query-input\":{\"@type\":\"PropertyValueSpecification\",\"valueRequired\":true,\"valueName\":\"search_term_string\"}}],\"inLanguage\":\"cs\"},{\"@type\":\"Organization\",\"@id\":\"https:\\\/\\\/unkrautverkaufer.com\\\/#organization\",\"name\":\"GRAS ONLINE KAUFEN DEUTSCHLAND\",\"url\":\"https:\\\/\\\/unkrautverkaufer.com\\\/\",\"logo\":{\"@type\":\"ImageObject\",\"inLanguage\":\"cs\",\"@id\":\"https:\\\/\\\/unkrautverkaufer.com\\\/#\\\/schema\\\/logo\\\/image\\\/\",\"url\":\"https:\\\/\\\/unkrautverkaufer.com\\\/wp-content\\\/uploads\\\/2021\\\/08\\\/logow.png\",\"contentUrl\":\"https:\\\/\\\/unkrautverkaufer.com\\\/wp-content\\\/uploads\\\/2021\\\/08\\\/logow.png\",\"width\":300,\"height\":170,\"caption\":\"GRAS ONLINE KAUFEN DEUTSCHLAND\"},\"image\":{\"@id\":\"https:\\\/\\\/unkrautverkaufer.com\\\/#\\\/schema\\\/logo\\\/image\\\/\"}}]}<\/script>\n<!-- \/ Yoast SEO plugin. -->","yoast_head_json":{"title":"Order 2FDCK 2-Fluorodeschloroketamine - GRAS ONLINE KAUFEN DEUTSCHLAND","robots":{"index":"index","follow":"follow","max-snippet":"max-snippet:-1","max-image-preview":"max-image-preview:large","max-video-preview":"max-video-preview:-1"},"canonical":"https:\/\/unkrautverkaufer.com\/cs\/product\/order-2fdck-2-fluorodeschloroketamine\/","og_locale":"cs_CZ","og_type":"article","og_title":"Order 2FDCK 2-Fluorodeschloroketamine - GRAS ONLINE KAUFEN DEUTSCHLAND","og_description":"Buy 2-FDCK hydrochloride online here.","og_url":"https:\/\/unkrautverkaufer.com\/cs\/product\/order-2fdck-2-fluorodeschloroketamine\/","og_site_name":"GRAS ONLINE KAUFEN DEUTSCHLAND","article_modified_time":"2026-04-07T12:51:33+00:00","twitter_card":"summary_large_image","twitter_misc":{"Odhadovan\u00e1 doba \u010dten\u00ed":"2 minuty"},"schema":{"@context":"https:\/\/schema.org","@graph":[{"@type":"WebPage","@id":"https:\/\/unkrautverkaufer.com\/product\/order-2fdck-2-fluorodeschloroketamine\/","url":"https:\/\/unkrautverkaufer.com\/product\/order-2fdck-2-fluorodeschloroketamine\/","name":"Order 2FDCK 2-Fluorodeschloroketamine - GRAS ONLINE KAUFEN DEUTSCHLAND","isPartOf":{"@id":"https:\/\/unkrautverkaufer.com\/#website"},"primaryImageOfPage":{"@id":"https:\/\/unkrautverkaufer.com\/product\/order-2fdck-2-fluorodeschloroketamine\/#primaryimage"},"image":{"@id":"https:\/\/unkrautverkaufer.com\/product\/order-2fdck-2-fluorodeschloroketamine\/#primaryimage"},"thumbnailUrl":"https:\/\/unkrautverkaufer.com\/wp-content\/uploads\/2026\/01\/Buy-2FDCK-Online.jpeg","datePublished":"2026-01-30T17:07:57+00:00","dateModified":"2026-04-07T12:51:33+00:00","breadcrumb":{"@id":"https:\/\/unkrautverkaufer.com\/product\/order-2fdck-2-fluorodeschloroketamine\/#breadcrumb"},"inLanguage":"cs","potentialAction":[{"@type":"ReadAction","target":["https:\/\/unkrautverkaufer.com\/product\/order-2fdck-2-fluorodeschloroketamine\/"]}]},{"@type":"ImageObject","inLanguage":"cs","@id":"https:\/\/unkrautverkaufer.com\/product\/order-2fdck-2-fluorodeschloroketamine\/#primaryimage","url":"https:\/\/unkrautverkaufer.com\/wp-content\/uploads\/2026\/01\/Buy-2FDCK-Online.jpeg","contentUrl":"https:\/\/unkrautverkaufer.com\/wp-content\/uploads\/2026\/01\/Buy-2FDCK-Online.jpeg","width":474,"height":632},{"@type":"BreadcrumbList","@id":"https:\/\/unkrautverkaufer.com\/product\/order-2fdck-2-fluorodeschloroketamine\/#breadcrumb","itemListElement":[{"@type":"ListItem","position":1,"name":"Home","item":"https:\/\/unkrautverkaufer.com\/de_de\/"},{"@type":"ListItem","position":2,"name":"Shop","item":"https:\/\/unkrautverkaufer.com\/pl\/cannabis-kaufen\/"},{"@type":"ListItem","position":3,"name":"Order 2FDCK 2-Fluorodeschloroketamine"}]},{"@type":"WebSite","@id":"https:\/\/unkrautverkaufer.com\/#website","url":"https:\/\/unkrautverkaufer.com\/","name":"GRAS ONLINE KAUFEN DEUTSCHLAND","description":"Cannabis kaufen","publisher":{"@id":"https:\/\/unkrautverkaufer.com\/#organization"},"potentialAction":[{"@type":"SearchAction","target":{"@type":"EntryPoint","urlTemplate":"https:\/\/unkrautverkaufer.com\/?s={search_term_string}"},"query-input":{"@type":"PropertyValueSpecification","valueRequired":true,"valueName":"search_term_string"}}],"inLanguage":"cs"},{"@type":"Organization","@id":"https:\/\/unkrautverkaufer.com\/#organization","name":"GRAS ONLINE KAUFEN DEUTSCHLAND","url":"https:\/\/unkrautverkaufer.com\/","logo":{"@type":"ImageObject","inLanguage":"cs","@id":"https:\/\/unkrautverkaufer.com\/#\/schema\/logo\/image\/","url":"https:\/\/unkrautverkaufer.com\/wp-content\/uploads\/2021\/08\/logow.png","contentUrl":"https:\/\/unkrautverkaufer.com\/wp-content\/uploads\/2021\/08\/logow.png","width":300,"height":170,"caption":"GRAS ONLINE KAUFEN DEUTSCHLAND"},"image":{"@id":"https:\/\/unkrautverkaufer.com\/#\/schema\/logo\/image\/"}}]}},"_links":{"self":[{"href":"https:\/\/unkrautverkaufer.com\/cs\/wp-json\/wp\/v2\/product\/4078","targetHints":{"allow":["GET"]}}],"collection":[{"href":"https:\/\/unkrautverkaufer.com\/cs\/wp-json\/wp\/v2\/product"}],"about":[{"href":"https:\/\/unkrautverkaufer.com\/cs\/wp-json\/wp\/v2\/types\/product"}],"replies":[{"embeddable":true,"href":"https:\/\/unkrautverkaufer.com\/cs\/wp-json\/wp\/v2\/comments?post=4078"}],"wp:featuredmedia":[{"embeddable":true,"href":"https:\/\/unkrautverkaufer.com\/cs\/wp-json\/wp\/v2\/media\/4094"}],"wp:attachment":[{"href":"https:\/\/unkrautverkaufer.com\/cs\/wp-json\/wp\/v2\/media?parent=4078"}],"wp:term":[{"taxonomy":"product_brand","embeddable":true,"href":"https:\/\/unkrautverkaufer.com\/cs\/wp-json\/wp\/v2\/product_brand?post=4078"},{"taxonomy":"product_cat","embeddable":true,"href":"https:\/\/unkrautverkaufer.com\/cs\/wp-json\/wp\/v2\/product_cat?post=4078"},{"taxonomy":"product_tag","embeddable":true,"href":"https:\/\/unkrautverkaufer.com\/cs\/wp-json\/wp\/v2\/product_tag?post=4078"}],"curies":[{"name":"wp","href":"https:\/\/api.w.org\/{rel}","templated":true}]}}