{"id":4071,"date":"2026-01-30T17:07:55","date_gmt":"2026-01-30T17:07:55","guid":{"rendered":"https:\/\/unkrautverkaufer.com\/?post_type=product&#038;p=4071"},"modified":"2026-04-03T16:41:43","modified_gmt":"2026-04-03T16:41:43","slug":"methoxetamine-mxe-for-sale","status":"publish","type":"product","link":"https:\/\/unkrautverkaufer.com\/cs\/product\/methoxetamine-mxe-for-sale\/","title":{"rendered":"Methoxetamine (MXE)  For Sale"},"content":{"rendered":"<h1>Buy Methoxetamine (MXE) Online\u00a0 \u00a0|\u00a0 \u00a0CAS Number: 1239943-76-0 Research chemical for Sale<\/h1>\n<div><\/div>\n<div><a href=\"https:\/\/chemcrystals.com\/product\/methoxetamine-mxe-for-sale\/\">Methoxetamine (MXE)<\/a> is a dissociative drug, which means it causes people to feel separated or detached from their body or physical environment. Dissociatives are similar to psychedelics, they can cause hallucinations and other changes in thoughts, emotions and consciousness. It differs from many dissociatives such as ketamine and phencyclidine (PCP) that were developed as pharmaceutical drugs for use as general anesthetics in that it was designed for grey market distribution. Buy Methoxetamine (MXE) Online<\/div>\n<div><\/div>\n<div><\/div>\n<h2>Methoxetamine Supplier USA &#038; Canada MXE<\/h2>\n<div><\/div>\n<div>Furthermore,: Methoxetamine vendor MXE The molecular formula for Methoxetamine is C15H21NO2 with a molecular weight of 247.33 g\/mol. An average mass of 247.332703 Da and a monoisotopic mass of 247.157227 Da.methoxetamine vendor usa<\/div>\n<div><\/div>\n<div>Buy Methoxetamine Crystals, abbreviated as MXE, is a dissociative hallucinogen that has been sold as adesigner drug. It differs from many dissociatives such as ketamine and phencyclidine (PCP).<\/div>\n<div><\/div>\n<div><\/div>\n<h3>Methoxetamine (MXE) for sale online | methoxetamine vendor Australia MXE<\/h3>\n<div><\/div>\n<div>Buy Methoxetamine Online\u00a0 (MXE) CAS Number: 1239943-76-0\u00a0 was a newly reported \u2018legal high\u2019, now a Class B drug.We know that it is chemically related to \u2018dissociative anaesthetics\u2019 like ketamine and PCP.\u00a0 Therefore has similar effects and risks. From anecdotal reports. MXE appears to be much stronger than ketamine, suggesting a higher risk of overdose.Buy Methoxetamine in USA<\/div>\n<div><\/div>\n<div>Buy Methoxetamine Online\u00a0 Like all drugs, you can never be entirely sure that what you\u2019re using is actually MXE and not something with different effects and risks.methoxetamine vendor usa.<\/div>\n<div><\/div>\n<h4>Methoxetamine research chemicals \u2013 Buy Methoxetamine MXE Crystals near me<\/h4>\n<div><\/div>\n<div>Methoxetamine MXE For sale is highly effective at relieving depression quickly. Often within only a few minutes, and even at doses which produce little intoxication. Users may take the drug regularly to make difficult or painful emotions or memories more manageable and less intrusive. Potentially leading to psychological dependence.Buy Methoxetamine Research chemical<\/div>\n<div><\/div>\n<div>methoxetamine MXE vendor usa\u00a0 Like all drugs, you can never be entirely sure that what you\u2019re using is actually <a href=\"https:\/\/k2researchchems.com\/product\/methoxetamine-mxe\/\">MXE<\/a> and not something with different effects and risks.<\/div>\n<div><\/div>\n<div>Buy MXE\u00a0 is highly effective at relieving depression quickly. Often within only a few minutes, and even at doses which produce little intoxication.<\/div>","protected":false},"excerpt":{"rendered":"<p>Buy Methoxetamine (MXE) Online\u00a0 \u00a0|\u00a0 \u00a0CAS Number: 1239943-76-0 Research chemical for Sale Methoxetamine (MXE) is a dissociative drug, which means it causes people to feel separated or detached from their body or physical environment. Dissociatives are similar to psychedelics, they can cause hallucinations and other changes in thoughts, emotions and consciousness. It differs from many dissociatives such as ketamine and phencyclidine (PCP) that were developed as pharmaceutical drugs for use as general anesthetics in that it was designed for grey market distribution. Buy Methoxetamine (MXE) Online Methoxetamine Supplier USA &#038; Canada MXE Furthermore,: Methoxetamine vendor MXE The molecular formula for Methoxetamine is C15H21NO2 with a molecular weight of 247.33 g\/mol. An average mass of 247.332703 Da and a monoisotopic mass of 247.157227 Da.methoxetamine vendor usa Buy Methoxetamine Crystals, abbreviated as MXE, is a dissociative hallucinogen that has been sold as adesigner drug. It differs from many dissociatives such as ketamine and phencyclidine (PCP). Methoxetamine (MXE) for sale online | methoxetamine vendor Australia MXE Buy Methoxetamine Online\u00a0 (MXE) CAS Number: 1239943-76-0\u00a0 was a newly reported \u2018legal high\u2019, now a Class B drug.We know that it is chemically related to \u2018dissociative anaesthetics\u2019 like ketamine and PCP.\u00a0 Therefore has similar effects and risks. From anecdotal reports. MXE appears to be much stronger than ketamine, suggesting a higher risk of overdose.Buy Methoxetamine in USA Buy Methoxetamine Online\u00a0 Like all drugs, you can never be entirely sure that what you\u2019re using is actually MXE and not something with different effects and risks.methoxetamine vendor usa. Methoxetamine research chemicals \u2013 Buy Methoxetamine MXE Crystals near me Methoxetamine MXE For sale is highly effective at relieving depression quickly. Often within only a few minutes, and even at doses which produce little intoxication. Users may take the drug regularly to make difficult or painful emotions or memories more manageable and less intrusive. Potentially leading to psychological dependence.Buy Methoxetamine Research chemical methoxetamine MXE vendor usa\u00a0 Like all drugs, you can never be entirely sure that what you\u2019re using is actually MXE and not something with different effects and risks. Buy MXE\u00a0 is highly effective at relieving depression quickly. Often within only a few minutes, and even at doses which produce little intoxication.<\/p>","protected":false},"featured_media":4093,"comment_status":"closed","ping_status":"closed","template":"","meta":[],"product_brand":[],"product_cat":[1839],"product_tag":[2116,2117,2118,2119,2120,2121,2122,2123,2124,2125,2126,2127,2128,2129,1537],"class_list":{"0":"post-4071","1":"product","2":"type-product","3":"status-publish","4":"has-post-thumbnail","6":"product_cat-research-chemicals","7":"product_tag-buy-methoxetamine-mxe","8":"product_tag-buy-methoxetamine-mxe-australia","9":"product_tag-buy-methoxetamine-mxe-austria","10":"product_tag-buy-methoxetamine-mxe-germany","11":"product_tag-buy-methoxetamine-mxe-italy","12":"product_tag-buy-methoxetamine-mxe-spain","13":"product_tag-buy-methoxetamine-mxe-sweden","14":"product_tag-buy-methoxetamine-mxe-uk","15":"product_tag-buy-methoxetamine-mxe-usa","16":"product_tag-buy-methoxetamine-mxe-online-2","17":"product_tag-buy-methoxetamine-research-chemical","18":"product_tag-buy-mxe-crystals","19":"product_tag-methoxetamine","20":"product_tag-methoxetamine-mxe","21":"product_tag-methoxetamine-for-sale","23":"first","24":"instock","25":"shipping-taxable","26":"purchasable","27":"product-type-variable"},"yoast_head":"<!-- This site is optimized with the Yoast SEO plugin v27.3 - https:\/\/yoast.com\/product\/yoast-seo-wordpress\/ -->\n<title>Methoxetamine (MXE) For Sale - GRAS ONLINE KAUFEN DEUTSCHLAND<\/title>\n<meta name=\"robots\" content=\"index, follow, max-snippet:-1, max-image-preview:large, max-video-preview:-1\" \/>\n<link rel=\"canonical\" href=\"https:\/\/unkrautverkaufer.com\/cs\/product\/methoxetamine-mxe-for-sale\/\" \/>\n<meta property=\"og:locale\" content=\"cs_CZ\" \/>\n<meta property=\"og:type\" content=\"article\" \/>\n<meta property=\"og:title\" content=\"Methoxetamine (MXE) For Sale - GRAS ONLINE KAUFEN DEUTSCHLAND\" \/>\n<meta property=\"og:description\" content=\"Buy Methoxetamine (MXE) Online\u00a0 \u00a0|\u00a0 \u00a0CAS Number: 1239943-76-0 Research chemical for Sale Methoxetamine (MXE) is a dissociative drug, which means it causes people to feel separated or detached from their body or physical environment. Dissociatives are similar to psychedelics, they can cause hallucinations and other changes in thoughts, emotions and consciousness. It differs from many dissociatives such as ketamine and phencyclidine (PCP) that were developed as pharmaceutical drugs for use as general anesthetics in that it was designed for grey market distribution. Buy Methoxetamine (MXE) Online Methoxetamine Supplier USA &#038; Canada MXE Furthermore,: Methoxetamine vendor MXE The molecular formula for Methoxetamine is C15H21NO2 with a molecular weight of 247.33 g\/mol. An average mass of 247.332703 Da and a monoisotopic mass of 247.157227 Da.methoxetamine vendor usa Buy Methoxetamine Crystals, abbreviated as MXE, is a dissociative hallucinogen that has been sold as adesigner drug. It differs from many dissociatives such as ketamine and phencyclidine (PCP). Methoxetamine (MXE) for sale online | methoxetamine vendor Australia MXE Buy Methoxetamine Online\u00a0 (MXE) CAS Number: 1239943-76-0\u00a0 was a newly reported \u2018legal high\u2019, now a Class B drug.We know that it is chemically related to \u2018dissociative anaesthetics\u2019 like ketamine and PCP.\u00a0 Therefore has similar effects and risks. From anecdotal reports. MXE appears to be much stronger than ketamine, suggesting a higher risk of overdose.Buy Methoxetamine in USA Buy Methoxetamine Online\u00a0 Like all drugs, you can never be entirely sure that what you\u2019re using is actually MXE and not something with different effects and risks.methoxetamine vendor usa. Methoxetamine research chemicals \u2013 Buy Methoxetamine MXE Crystals near me Methoxetamine MXE For sale is highly effective at relieving depression quickly. Often within only a few minutes, and even at doses which produce little intoxication. Users may take the drug regularly to make difficult or painful emotions or memories more manageable and less intrusive. Potentially leading to psychological dependence.Buy Methoxetamine Research chemical methoxetamine MXE vendor usa\u00a0 Like all drugs, you can never be entirely sure that what you\u2019re using is actually MXE and not something with different effects and risks. Buy MXE\u00a0 is highly effective at relieving depression quickly. Often within only a few minutes, and even at doses which produce little intoxication.\" \/>\n<meta property=\"og:url\" content=\"https:\/\/unkrautverkaufer.com\/cs\/product\/methoxetamine-mxe-for-sale\/\" \/>\n<meta property=\"og:site_name\" content=\"GRAS ONLINE KAUFEN DEUTSCHLAND\" \/>\n<meta property=\"article:modified_time\" content=\"2026-04-03T16:41:43+00:00\" \/>\n<meta name=\"twitter:card\" content=\"summary_large_image\" \/>\n<meta name=\"twitter:label1\" content=\"Odhadovan\u00e1 doba \u010dten\u00ed\" \/>\n\t<meta name=\"twitter:data1\" content=\"2 minuty\" \/>\n<script type=\"application\/ld+json\" class=\"yoast-schema-graph\">{\"@context\":\"https:\\\/\\\/schema.org\",\"@graph\":[{\"@type\":\"WebPage\",\"@id\":\"https:\\\/\\\/unkrautverkaufer.com\\\/product\\\/methoxetamine-mxe-for-sale\\\/\",\"url\":\"https:\\\/\\\/unkrautverkaufer.com\\\/product\\\/methoxetamine-mxe-for-sale\\\/\",\"name\":\"Methoxetamine (MXE) For Sale - GRAS ONLINE KAUFEN DEUTSCHLAND\",\"isPartOf\":{\"@id\":\"https:\\\/\\\/unkrautverkaufer.com\\\/#website\"},\"primaryImageOfPage\":{\"@id\":\"https:\\\/\\\/unkrautverkaufer.com\\\/product\\\/methoxetamine-mxe-for-sale\\\/#primaryimage\"},\"image\":{\"@id\":\"https:\\\/\\\/unkrautverkaufer.com\\\/product\\\/methoxetamine-mxe-for-sale\\\/#primaryimage\"},\"thumbnailUrl\":\"https:\\\/\\\/unkrautverkaufer.com\\\/wp-content\\\/uploads\\\/2026\\\/01\\\/3-MMC-CRYSTAL.jpeg\",\"datePublished\":\"2026-01-30T17:07:55+00:00\",\"dateModified\":\"2026-04-03T16:41:43+00:00\",\"breadcrumb\":{\"@id\":\"https:\\\/\\\/unkrautverkaufer.com\\\/product\\\/methoxetamine-mxe-for-sale\\\/#breadcrumb\"},\"inLanguage\":\"cs\",\"potentialAction\":[{\"@type\":\"ReadAction\",\"target\":[\"https:\\\/\\\/unkrautverkaufer.com\\\/product\\\/methoxetamine-mxe-for-sale\\\/\"]}]},{\"@type\":\"ImageObject\",\"inLanguage\":\"cs\",\"@id\":\"https:\\\/\\\/unkrautverkaufer.com\\\/product\\\/methoxetamine-mxe-for-sale\\\/#primaryimage\",\"url\":\"https:\\\/\\\/unkrautverkaufer.com\\\/wp-content\\\/uploads\\\/2026\\\/01\\\/3-MMC-CRYSTAL.jpeg\",\"contentUrl\":\"https:\\\/\\\/unkrautverkaufer.com\\\/wp-content\\\/uploads\\\/2026\\\/01\\\/3-MMC-CRYSTAL.jpeg\",\"width\":600,\"height\":600},{\"@type\":\"BreadcrumbList\",\"@id\":\"https:\\\/\\\/unkrautverkaufer.com\\\/product\\\/methoxetamine-mxe-for-sale\\\/#breadcrumb\",\"itemListElement\":[{\"@type\":\"ListItem\",\"position\":1,\"name\":\"Home\",\"item\":\"https:\\\/\\\/unkrautverkaufer.com\\\/de_de\\\/\"},{\"@type\":\"ListItem\",\"position\":2,\"name\":\"Shop\",\"item\":\"https:\\\/\\\/unkrautverkaufer.com\\\/pl\\\/cannabis-kaufen\\\/\"},{\"@type\":\"ListItem\",\"position\":3,\"name\":\"Methoxetamine (MXE) For Sale\"}]},{\"@type\":\"WebSite\",\"@id\":\"https:\\\/\\\/unkrautverkaufer.com\\\/#website\",\"url\":\"https:\\\/\\\/unkrautverkaufer.com\\\/\",\"name\":\"GRAS ONLINE KAUFEN DEUTSCHLAND\",\"description\":\"Cannabis kaufen\",\"publisher\":{\"@id\":\"https:\\\/\\\/unkrautverkaufer.com\\\/#organization\"},\"potentialAction\":[{\"@type\":\"SearchAction\",\"target\":{\"@type\":\"EntryPoint\",\"urlTemplate\":\"https:\\\/\\\/unkrautverkaufer.com\\\/?s={search_term_string}\"},\"query-input\":{\"@type\":\"PropertyValueSpecification\",\"valueRequired\":true,\"valueName\":\"search_term_string\"}}],\"inLanguage\":\"cs\"},{\"@type\":\"Organization\",\"@id\":\"https:\\\/\\\/unkrautverkaufer.com\\\/#organization\",\"name\":\"GRAS ONLINE KAUFEN DEUTSCHLAND\",\"url\":\"https:\\\/\\\/unkrautverkaufer.com\\\/\",\"logo\":{\"@type\":\"ImageObject\",\"inLanguage\":\"cs\",\"@id\":\"https:\\\/\\\/unkrautverkaufer.com\\\/#\\\/schema\\\/logo\\\/image\\\/\",\"url\":\"https:\\\/\\\/unkrautverkaufer.com\\\/wp-content\\\/uploads\\\/2021\\\/08\\\/logow.png\",\"contentUrl\":\"https:\\\/\\\/unkrautverkaufer.com\\\/wp-content\\\/uploads\\\/2021\\\/08\\\/logow.png\",\"width\":300,\"height\":170,\"caption\":\"GRAS ONLINE KAUFEN DEUTSCHLAND\"},\"image\":{\"@id\":\"https:\\\/\\\/unkrautverkaufer.com\\\/#\\\/schema\\\/logo\\\/image\\\/\"}}]}<\/script>\n<!-- \/ Yoast SEO plugin. -->","yoast_head_json":{"title":"Methoxetamine (MXE) For Sale - GRAS ONLINE KAUFEN DEUTSCHLAND","robots":{"index":"index","follow":"follow","max-snippet":"max-snippet:-1","max-image-preview":"max-image-preview:large","max-video-preview":"max-video-preview:-1"},"canonical":"https:\/\/unkrautverkaufer.com\/cs\/product\/methoxetamine-mxe-for-sale\/","og_locale":"cs_CZ","og_type":"article","og_title":"Methoxetamine (MXE) For Sale - GRAS ONLINE KAUFEN DEUTSCHLAND","og_description":"Buy Methoxetamine (MXE) Online\u00a0 \u00a0|\u00a0 \u00a0CAS Number: 1239943-76-0 Research chemical for Sale Methoxetamine (MXE) is a dissociative drug, which means it causes people to feel separated or detached from their body or physical environment. Dissociatives are similar to psychedelics, they can cause hallucinations and other changes in thoughts, emotions and consciousness. It differs from many dissociatives such as ketamine and phencyclidine (PCP) that were developed as pharmaceutical drugs for use as general anesthetics in that it was designed for grey market distribution. Buy Methoxetamine (MXE) Online Methoxetamine Supplier USA &#038; Canada MXE Furthermore,: Methoxetamine vendor MXE The molecular formula for Methoxetamine is C15H21NO2 with a molecular weight of 247.33 g\/mol. An average mass of 247.332703 Da and a monoisotopic mass of 247.157227 Da.methoxetamine vendor usa Buy Methoxetamine Crystals, abbreviated as MXE, is a dissociative hallucinogen that has been sold as adesigner drug. It differs from many dissociatives such as ketamine and phencyclidine (PCP). Methoxetamine (MXE) for sale online | methoxetamine vendor Australia MXE Buy Methoxetamine Online\u00a0 (MXE) CAS Number: 1239943-76-0\u00a0 was a newly reported \u2018legal high\u2019, now a Class B drug.We know that it is chemically related to \u2018dissociative anaesthetics\u2019 like ketamine and PCP.\u00a0 Therefore has similar effects and risks. From anecdotal reports. MXE appears to be much stronger than ketamine, suggesting a higher risk of overdose.Buy Methoxetamine in USA Buy Methoxetamine Online\u00a0 Like all drugs, you can never be entirely sure that what you\u2019re using is actually MXE and not something with different effects and risks.methoxetamine vendor usa. Methoxetamine research chemicals \u2013 Buy Methoxetamine MXE Crystals near me Methoxetamine MXE For sale is highly effective at relieving depression quickly. Often within only a few minutes, and even at doses which produce little intoxication. Users may take the drug regularly to make difficult or painful emotions or memories more manageable and less intrusive. Potentially leading to psychological dependence.Buy Methoxetamine Research chemical methoxetamine MXE vendor usa\u00a0 Like all drugs, you can never be entirely sure that what you\u2019re using is actually MXE and not something with different effects and risks. Buy MXE\u00a0 is highly effective at relieving depression quickly. Often within only a few minutes, and even at doses which produce little intoxication.","og_url":"https:\/\/unkrautverkaufer.com\/cs\/product\/methoxetamine-mxe-for-sale\/","og_site_name":"GRAS ONLINE KAUFEN DEUTSCHLAND","article_modified_time":"2026-04-03T16:41:43+00:00","twitter_card":"summary_large_image","twitter_misc":{"Odhadovan\u00e1 doba \u010dten\u00ed":"2 minuty"},"schema":{"@context":"https:\/\/schema.org","@graph":[{"@type":"WebPage","@id":"https:\/\/unkrautverkaufer.com\/product\/methoxetamine-mxe-for-sale\/","url":"https:\/\/unkrautverkaufer.com\/product\/methoxetamine-mxe-for-sale\/","name":"Methoxetamine (MXE) For Sale - GRAS ONLINE KAUFEN DEUTSCHLAND","isPartOf":{"@id":"https:\/\/unkrautverkaufer.com\/#website"},"primaryImageOfPage":{"@id":"https:\/\/unkrautverkaufer.com\/product\/methoxetamine-mxe-for-sale\/#primaryimage"},"image":{"@id":"https:\/\/unkrautverkaufer.com\/product\/methoxetamine-mxe-for-sale\/#primaryimage"},"thumbnailUrl":"https:\/\/unkrautverkaufer.com\/wp-content\/uploads\/2026\/01\/3-MMC-CRYSTAL.jpeg","datePublished":"2026-01-30T17:07:55+00:00","dateModified":"2026-04-03T16:41:43+00:00","breadcrumb":{"@id":"https:\/\/unkrautverkaufer.com\/product\/methoxetamine-mxe-for-sale\/#breadcrumb"},"inLanguage":"cs","potentialAction":[{"@type":"ReadAction","target":["https:\/\/unkrautverkaufer.com\/product\/methoxetamine-mxe-for-sale\/"]}]},{"@type":"ImageObject","inLanguage":"cs","@id":"https:\/\/unkrautverkaufer.com\/product\/methoxetamine-mxe-for-sale\/#primaryimage","url":"https:\/\/unkrautverkaufer.com\/wp-content\/uploads\/2026\/01\/3-MMC-CRYSTAL.jpeg","contentUrl":"https:\/\/unkrautverkaufer.com\/wp-content\/uploads\/2026\/01\/3-MMC-CRYSTAL.jpeg","width":600,"height":600},{"@type":"BreadcrumbList","@id":"https:\/\/unkrautverkaufer.com\/product\/methoxetamine-mxe-for-sale\/#breadcrumb","itemListElement":[{"@type":"ListItem","position":1,"name":"Home","item":"https:\/\/unkrautverkaufer.com\/de_de\/"},{"@type":"ListItem","position":2,"name":"Shop","item":"https:\/\/unkrautverkaufer.com\/pl\/cannabis-kaufen\/"},{"@type":"ListItem","position":3,"name":"Methoxetamine (MXE) For Sale"}]},{"@type":"WebSite","@id":"https:\/\/unkrautverkaufer.com\/#website","url":"https:\/\/unkrautverkaufer.com\/","name":"GRAS ONLINE KAUFEN DEUTSCHLAND","description":"Cannabis kaufen","publisher":{"@id":"https:\/\/unkrautverkaufer.com\/#organization"},"potentialAction":[{"@type":"SearchAction","target":{"@type":"EntryPoint","urlTemplate":"https:\/\/unkrautverkaufer.com\/?s={search_term_string}"},"query-input":{"@type":"PropertyValueSpecification","valueRequired":true,"valueName":"search_term_string"}}],"inLanguage":"cs"},{"@type":"Organization","@id":"https:\/\/unkrautverkaufer.com\/#organization","name":"GRAS ONLINE KAUFEN DEUTSCHLAND","url":"https:\/\/unkrautverkaufer.com\/","logo":{"@type":"ImageObject","inLanguage":"cs","@id":"https:\/\/unkrautverkaufer.com\/#\/schema\/logo\/image\/","url":"https:\/\/unkrautverkaufer.com\/wp-content\/uploads\/2021\/08\/logow.png","contentUrl":"https:\/\/unkrautverkaufer.com\/wp-content\/uploads\/2021\/08\/logow.png","width":300,"height":170,"caption":"GRAS ONLINE KAUFEN DEUTSCHLAND"},"image":{"@id":"https:\/\/unkrautverkaufer.com\/#\/schema\/logo\/image\/"}}]}},"_links":{"self":[{"href":"https:\/\/unkrautverkaufer.com\/cs\/wp-json\/wp\/v2\/product\/4071","targetHints":{"allow":["GET"]}}],"collection":[{"href":"https:\/\/unkrautverkaufer.com\/cs\/wp-json\/wp\/v2\/product"}],"about":[{"href":"https:\/\/unkrautverkaufer.com\/cs\/wp-json\/wp\/v2\/types\/product"}],"replies":[{"embeddable":true,"href":"https:\/\/unkrautverkaufer.com\/cs\/wp-json\/wp\/v2\/comments?post=4071"}],"wp:featuredmedia":[{"embeddable":true,"href":"https:\/\/unkrautverkaufer.com\/cs\/wp-json\/wp\/v2\/media\/4093"}],"wp:attachment":[{"href":"https:\/\/unkrautverkaufer.com\/cs\/wp-json\/wp\/v2\/media?parent=4071"}],"wp:term":[{"taxonomy":"product_brand","embeddable":true,"href":"https:\/\/unkrautverkaufer.com\/cs\/wp-json\/wp\/v2\/product_brand?post=4071"},{"taxonomy":"product_cat","embeddable":true,"href":"https:\/\/unkrautverkaufer.com\/cs\/wp-json\/wp\/v2\/product_cat?post=4071"},{"taxonomy":"product_tag","embeddable":true,"href":"https:\/\/unkrautverkaufer.com\/cs\/wp-json\/wp\/v2\/product_tag?post=4071"}],"curies":[{"name":"wp","href":"https:\/\/api.w.org\/{rel}","templated":true}]}}