{"id":4038,"date":"2026-01-30T17:07:43","date_gmt":"2026-01-30T17:07:43","guid":{"rendered":"https:\/\/unkrautverkaufer.com\/?post_type=product&#038;p=4038"},"modified":"2026-04-13T14:41:38","modified_gmt":"2026-04-13T14:41:38","slug":"buy-carfentanil-powder","status":"publish","type":"product","link":"https:\/\/unkrautverkaufer.com\/cs\/product\/buy-carfentanil-powder\/","title":{"rendered":"Buy Carfentanil Powder"},"content":{"rendered":"<h1>Where to <a href=\"https:\/\/chemcrystals.com\/product\/buy-carfentanil-powder\/\">Order Carfentanil Powder<\/a> For Sale Online \u2013 Carfentanil for sale Online discreetly<\/h1>\n<p>Carfentanil is a synthetic opioid analgesic drug developed in the 1970s. It was designed to be 100 times stronger than morphine, but its potency was never fully realized due to manufacturing problems. Carfentanyl for sale is often used as a veterinary tranquilizer and euthanasia agent. It is 50-100 times more potent than fentanyl and 10,000 times more potent than heroin. Its effects are similar to those of phencyclidine (PCP) and ketamine.<\/p>\n<h2>Where to Buy Carfentanil Powder?<\/h2>\n<p>You can purchase Carfentanil online at our website. We have been selling high quality products since 2010. You can order Carfentanil powder directly from our website. Our customers are always satisfied with our service and product quality.<\/p>\n<h3>How to Use Carfentanil?<\/h3>\n<p>Use Carfentanil only under medical supervision. Do not use it if you are pregnant or breastfeeding. If you are using it for the first time, start low and work your way up slowly. Start with 1\/10th of a grain per kilogram of body weight. Buy Carfentanil Powder<\/p>\n<h4>What Are the Side Effects of Carfentanil Abuse?<\/h4>\n<p>The side effects of Carfentanill abuse may include nausea, vomiting, dizziness, hallucinations, confusion, seizures, respiratory depression, coma, and death.<\/p>\n<p>Carfentanil is a synthetic opioid analgesic. It is a derivative of fentanyl, which is a potent narcotic painkiller. Order Carfentanil is 50 times stronger than morphine and 100 times stronger than heroin.<\/p>\n<p>\u00a0<\/p>\n<h3>How To Buy Carfentranil Powder?<\/h3>\n<p>You can purchase <a href=\"https:\/\/goodfellasvendor.co\/\">carfentanil<\/a> online from our website. You just need to follow three simple steps below:<\/p>\n<p><strong>Step 1: Choose Your Favorite Package<\/strong><\/p>\n<p>We offer two different packages: 2g and 5g sample packs.<\/p>\n<p>You can choose any of these packages according to your requirement.<\/p>\n<p><strong>Step 2: Add Items To Cart<\/strong><\/p>\n<p>Add items to cart and proceed to checkout.<\/p>\n<p><strong>Step 3: Place Order And Pay<\/strong><\/p>\n<p>Place order and pay via the Payment Modes available on the website.<\/p>\n<p>After placing your order, we will send you an email confirmation<a href=\"https:\/\/crystalmethsuppliers.com\/\">.<\/a><\/p>\n<p>\u00a0<\/p>\n<p>\u00a0<\/p>","protected":false},"excerpt":{"rendered":"<p><em>where to buy <strong>Carfentanil<\/strong> Powder for sale Online from <strong>us<\/strong><\/em><\/p>","protected":false},"featured_media":4059,"comment_status":"closed","ping_status":"closed","template":"","meta":[],"product_brand":[],"product_cat":[1838,1839],"product_tag":[2049,2050,2051,2052,2053,2054,2055,2056,2057,2025],"class_list":{"0":"post-4038","1":"product","2":"type-product","3":"status-publish","4":"has-post-thumbnail","6":"product_cat-pharmaceutical-powders","7":"product_cat-research-chemicals","8":"product_tag-buy-carfentanil-powder","9":"product_tag-buy-carfentanil-powder-australia","10":"product_tag-buy-carfentanil-powder-canada","11":"product_tag-buy-carfentanil-powder-eu","12":"product_tag-buy-carfentanil-powder-europe","13":"product_tag-buy-carfentanil-powder-germany","14":"product_tag-buy-carfentanil-powder-italy","15":"product_tag-buy-carfentanil-powder-spain","16":"product_tag-buy-carfentanil-powder-uk","17":"product_tag-buy-carfentanil-powder-usa","19":"first","20":"instock","21":"shipping-taxable","22":"purchasable","23":"product-type-variable"},"yoast_head":"<!-- This site is optimized with the Yoast SEO plugin v27.4 - https:\/\/yoast.com\/product\/yoast-seo-wordpress\/ -->\n<title>Buy Carfentanil Powder - GRAS ONLINE KAUFEN DEUTSCHLAND<\/title>\n<meta name=\"robots\" content=\"index, follow, max-snippet:-1, max-image-preview:large, max-video-preview:-1\" \/>\n<link rel=\"canonical\" href=\"https:\/\/unkrautverkaufer.com\/cs\/product\/buy-carfentanil-powder\/\" \/>\n<meta property=\"og:locale\" content=\"cs_CZ\" \/>\n<meta property=\"og:type\" content=\"article\" \/>\n<meta property=\"og:title\" content=\"Buy Carfentanil Powder - GRAS ONLINE KAUFEN DEUTSCHLAND\" \/>\n<meta property=\"og:description\" content=\"where to buy Carfentanil Powder for sale Online from us\" \/>\n<meta property=\"og:url\" content=\"https:\/\/unkrautverkaufer.com\/cs\/product\/buy-carfentanil-powder\/\" \/>\n<meta property=\"og:site_name\" content=\"GRAS ONLINE KAUFEN DEUTSCHLAND\" \/>\n<meta property=\"article:modified_time\" content=\"2026-04-13T14:41:38+00:00\" \/>\n<meta name=\"twitter:card\" content=\"summary_large_image\" \/>\n<meta name=\"twitter:label1\" content=\"Odhadovan\u00e1 doba \u010dten\u00ed\" \/>\n\t<meta name=\"twitter:data1\" content=\"2 minuty\" \/>\n<script type=\"application\/ld+json\" class=\"yoast-schema-graph\">{\"@context\":\"https:\\\/\\\/schema.org\",\"@graph\":[{\"@type\":\"WebPage\",\"@id\":\"https:\\\/\\\/unkrautverkaufer.com\\\/product\\\/buy-carfentanil-powder\\\/\",\"url\":\"https:\\\/\\\/unkrautverkaufer.com\\\/product\\\/buy-carfentanil-powder\\\/\",\"name\":\"Buy Carfentanil Powder - GRAS ONLINE KAUFEN DEUTSCHLAND\",\"isPartOf\":{\"@id\":\"https:\\\/\\\/unkrautverkaufer.com\\\/#website\"},\"primaryImageOfPage\":{\"@id\":\"https:\\\/\\\/unkrautverkaufer.com\\\/product\\\/buy-carfentanil-powder\\\/#primaryimage\"},\"image\":{\"@id\":\"https:\\\/\\\/unkrautverkaufer.com\\\/product\\\/buy-carfentanil-powder\\\/#primaryimage\"},\"thumbnailUrl\":\"https:\\\/\\\/unkrautverkaufer.com\\\/wp-content\\\/uploads\\\/2026\\\/01\\\/Fentanyl.jpeg\",\"datePublished\":\"2026-01-30T17:07:43+00:00\",\"dateModified\":\"2026-04-13T14:41:38+00:00\",\"breadcrumb\":{\"@id\":\"https:\\\/\\\/unkrautverkaufer.com\\\/product\\\/buy-carfentanil-powder\\\/#breadcrumb\"},\"inLanguage\":\"cs\",\"potentialAction\":[{\"@type\":\"ReadAction\",\"target\":[\"https:\\\/\\\/unkrautverkaufer.com\\\/product\\\/buy-carfentanil-powder\\\/\"]}]},{\"@type\":\"ImageObject\",\"inLanguage\":\"cs\",\"@id\":\"https:\\\/\\\/unkrautverkaufer.com\\\/product\\\/buy-carfentanil-powder\\\/#primaryimage\",\"url\":\"https:\\\/\\\/unkrautverkaufer.com\\\/wp-content\\\/uploads\\\/2026\\\/01\\\/Fentanyl.jpeg\",\"contentUrl\":\"https:\\\/\\\/unkrautverkaufer.com\\\/wp-content\\\/uploads\\\/2026\\\/01\\\/Fentanyl.jpeg\",\"width\":1334,\"height\":1001},{\"@type\":\"BreadcrumbList\",\"@id\":\"https:\\\/\\\/unkrautverkaufer.com\\\/product\\\/buy-carfentanil-powder\\\/#breadcrumb\",\"itemListElement\":[{\"@type\":\"ListItem\",\"position\":1,\"name\":\"Home\",\"item\":\"https:\\\/\\\/unkrautverkaufer.com\\\/de_de\\\/\"},{\"@type\":\"ListItem\",\"position\":2,\"name\":\"Shop\",\"item\":\"https:\\\/\\\/unkrautverkaufer.com\\\/pl\\\/cannabis-kaufen\\\/\"},{\"@type\":\"ListItem\",\"position\":3,\"name\":\"Buy Carfentanil Powder\"}]},{\"@type\":\"WebSite\",\"@id\":\"https:\\\/\\\/unkrautverkaufer.com\\\/#website\",\"url\":\"https:\\\/\\\/unkrautverkaufer.com\\\/\",\"name\":\"GRAS ONLINE KAUFEN DEUTSCHLAND\",\"description\":\"Cannabis kaufen\",\"publisher\":{\"@id\":\"https:\\\/\\\/unkrautverkaufer.com\\\/#organization\"},\"potentialAction\":[{\"@type\":\"SearchAction\",\"target\":{\"@type\":\"EntryPoint\",\"urlTemplate\":\"https:\\\/\\\/unkrautverkaufer.com\\\/?s={search_term_string}\"},\"query-input\":{\"@type\":\"PropertyValueSpecification\",\"valueRequired\":true,\"valueName\":\"search_term_string\"}}],\"inLanguage\":\"cs\"},{\"@type\":\"Organization\",\"@id\":\"https:\\\/\\\/unkrautverkaufer.com\\\/#organization\",\"name\":\"GRAS ONLINE KAUFEN DEUTSCHLAND\",\"url\":\"https:\\\/\\\/unkrautverkaufer.com\\\/\",\"logo\":{\"@type\":\"ImageObject\",\"inLanguage\":\"cs\",\"@id\":\"https:\\\/\\\/unkrautverkaufer.com\\\/#\\\/schema\\\/logo\\\/image\\\/\",\"url\":\"https:\\\/\\\/unkrautverkaufer.com\\\/wp-content\\\/uploads\\\/2021\\\/08\\\/logow.png\",\"contentUrl\":\"https:\\\/\\\/unkrautverkaufer.com\\\/wp-content\\\/uploads\\\/2021\\\/08\\\/logow.png\",\"width\":300,\"height\":170,\"caption\":\"GRAS ONLINE KAUFEN DEUTSCHLAND\"},\"image\":{\"@id\":\"https:\\\/\\\/unkrautverkaufer.com\\\/#\\\/schema\\\/logo\\\/image\\\/\"}}]}<\/script>\n<!-- \/ Yoast SEO plugin. -->","yoast_head_json":{"title":"Buy Carfentanil Powder - GRAS ONLINE KAUFEN DEUTSCHLAND","robots":{"index":"index","follow":"follow","max-snippet":"max-snippet:-1","max-image-preview":"max-image-preview:large","max-video-preview":"max-video-preview:-1"},"canonical":"https:\/\/unkrautverkaufer.com\/cs\/product\/buy-carfentanil-powder\/","og_locale":"cs_CZ","og_type":"article","og_title":"Buy Carfentanil Powder - GRAS ONLINE KAUFEN DEUTSCHLAND","og_description":"where to buy Carfentanil Powder for sale Online from us","og_url":"https:\/\/unkrautverkaufer.com\/cs\/product\/buy-carfentanil-powder\/","og_site_name":"GRAS ONLINE KAUFEN DEUTSCHLAND","article_modified_time":"2026-04-13T14:41:38+00:00","twitter_card":"summary_large_image","twitter_misc":{"Odhadovan\u00e1 doba \u010dten\u00ed":"2 minuty"},"schema":{"@context":"https:\/\/schema.org","@graph":[{"@type":"WebPage","@id":"https:\/\/unkrautverkaufer.com\/product\/buy-carfentanil-powder\/","url":"https:\/\/unkrautverkaufer.com\/product\/buy-carfentanil-powder\/","name":"Buy Carfentanil Powder - GRAS ONLINE KAUFEN DEUTSCHLAND","isPartOf":{"@id":"https:\/\/unkrautverkaufer.com\/#website"},"primaryImageOfPage":{"@id":"https:\/\/unkrautverkaufer.com\/product\/buy-carfentanil-powder\/#primaryimage"},"image":{"@id":"https:\/\/unkrautverkaufer.com\/product\/buy-carfentanil-powder\/#primaryimage"},"thumbnailUrl":"https:\/\/unkrautverkaufer.com\/wp-content\/uploads\/2026\/01\/Fentanyl.jpeg","datePublished":"2026-01-30T17:07:43+00:00","dateModified":"2026-04-13T14:41:38+00:00","breadcrumb":{"@id":"https:\/\/unkrautverkaufer.com\/product\/buy-carfentanil-powder\/#breadcrumb"},"inLanguage":"cs","potentialAction":[{"@type":"ReadAction","target":["https:\/\/unkrautverkaufer.com\/product\/buy-carfentanil-powder\/"]}]},{"@type":"ImageObject","inLanguage":"cs","@id":"https:\/\/unkrautverkaufer.com\/product\/buy-carfentanil-powder\/#primaryimage","url":"https:\/\/unkrautverkaufer.com\/wp-content\/uploads\/2026\/01\/Fentanyl.jpeg","contentUrl":"https:\/\/unkrautverkaufer.com\/wp-content\/uploads\/2026\/01\/Fentanyl.jpeg","width":1334,"height":1001},{"@type":"BreadcrumbList","@id":"https:\/\/unkrautverkaufer.com\/product\/buy-carfentanil-powder\/#breadcrumb","itemListElement":[{"@type":"ListItem","position":1,"name":"Home","item":"https:\/\/unkrautverkaufer.com\/de_de\/"},{"@type":"ListItem","position":2,"name":"Shop","item":"https:\/\/unkrautverkaufer.com\/pl\/cannabis-kaufen\/"},{"@type":"ListItem","position":3,"name":"Buy Carfentanil Powder"}]},{"@type":"WebSite","@id":"https:\/\/unkrautverkaufer.com\/#website","url":"https:\/\/unkrautverkaufer.com\/","name":"GRAS ONLINE KAUFEN DEUTSCHLAND","description":"Cannabis kaufen","publisher":{"@id":"https:\/\/unkrautverkaufer.com\/#organization"},"potentialAction":[{"@type":"SearchAction","target":{"@type":"EntryPoint","urlTemplate":"https:\/\/unkrautverkaufer.com\/?s={search_term_string}"},"query-input":{"@type":"PropertyValueSpecification","valueRequired":true,"valueName":"search_term_string"}}],"inLanguage":"cs"},{"@type":"Organization","@id":"https:\/\/unkrautverkaufer.com\/#organization","name":"GRAS ONLINE KAUFEN DEUTSCHLAND","url":"https:\/\/unkrautverkaufer.com\/","logo":{"@type":"ImageObject","inLanguage":"cs","@id":"https:\/\/unkrautverkaufer.com\/#\/schema\/logo\/image\/","url":"https:\/\/unkrautverkaufer.com\/wp-content\/uploads\/2021\/08\/logow.png","contentUrl":"https:\/\/unkrautverkaufer.com\/wp-content\/uploads\/2021\/08\/logow.png","width":300,"height":170,"caption":"GRAS ONLINE KAUFEN DEUTSCHLAND"},"image":{"@id":"https:\/\/unkrautverkaufer.com\/#\/schema\/logo\/image\/"}}]}},"_links":{"self":[{"href":"https:\/\/unkrautverkaufer.com\/cs\/wp-json\/wp\/v2\/product\/4038","targetHints":{"allow":["GET"]}}],"collection":[{"href":"https:\/\/unkrautverkaufer.com\/cs\/wp-json\/wp\/v2\/product"}],"about":[{"href":"https:\/\/unkrautverkaufer.com\/cs\/wp-json\/wp\/v2\/types\/product"}],"replies":[{"embeddable":true,"href":"https:\/\/unkrautverkaufer.com\/cs\/wp-json\/wp\/v2\/comments?post=4038"}],"wp:featuredmedia":[{"embeddable":true,"href":"https:\/\/unkrautverkaufer.com\/cs\/wp-json\/wp\/v2\/media\/4059"}],"wp:attachment":[{"href":"https:\/\/unkrautverkaufer.com\/cs\/wp-json\/wp\/v2\/media?parent=4038"}],"wp:term":[{"taxonomy":"product_brand","embeddable":true,"href":"https:\/\/unkrautverkaufer.com\/cs\/wp-json\/wp\/v2\/product_brand?post=4038"},{"taxonomy":"product_cat","embeddable":true,"href":"https:\/\/unkrautverkaufer.com\/cs\/wp-json\/wp\/v2\/product_cat?post=4038"},{"taxonomy":"product_tag","embeddable":true,"href":"https:\/\/unkrautverkaufer.com\/cs\/wp-json\/wp\/v2\/product_tag?post=4038"}],"curies":[{"name":"wp","href":"https:\/\/api.w.org\/{rel}","templated":true}]}}