{"id":4016,"date":"2026-01-30T17:07:28","date_gmt":"2026-01-30T17:07:28","guid":{"rendered":"https:\/\/unkrautverkaufer.com\/?post_type=product&#038;p=4016"},"modified":"2026-04-04T11:41:41","modified_gmt":"2026-04-04T11:41:41","slug":"buy-4mmc-mephedrone-crystals-3-mmc","status":"publish","type":"product","link":"https:\/\/unkrautverkaufer.com\/cs\/product\/buy-4mmc-mephedrone-crystals-3-mmc\/","title":{"rendered":"Buy 4MMC Mephedrone Crystals 3-MMC"},"content":{"rendered":"<h1>\u00a0Buy 4MMC Mephedrone Crystals in Europe | 3-MMC Crystals for sale<\/h1>\n<p>We offer 4mmc mepehdrone crystals at wholesale prices. We have been selling 4mmc crystals since 2013 and we are still doing great. Our Mepehdrone crystals for sale are high quality and affordable. You can get them online from our website. We sell only high quality 4mmc crystals to buy online from legit suppliers like us. Our products are 100% pure and guaranteed to work.<\/p>\n<h2>Where to Buy Mephedrone Crystals \u2013 <a href=\"https:\/\/clinicalresearchchemicals.com\/?post_type=product&#038;p=3152&#038;preview=true\">Buy Mkat, Meow Meow Crystals for sale<\/a><\/h2>\n<p>Mephedrone is a synthetic cathinone derivative, similar to MDMA (ecstasy). It was first synthesized in 1958, and its effects were discovered in 1985. It is classified as a Schedule I drug under the United Nations Convention on Psychotropic Substances. In the UK, mephedrone is illegal at any dose. In the US, it is legal only if prescribed by a doctor.<\/p>\n<h3>\u00a0How To Buy Mephedrone Crystals<\/h3>\n<p>You can buy Mephedrone online from our website at clinicalresearchchemicals.com. If you want to buy Mephedrone crystal online, then you should make sure that you get quality products. There are many fake sites selling cheap Mephedrone, so you need to order from us as we do have high quality 4mmc for sale online safe and secure.<\/p>\n<h2>.<br \/> What Is Mephedrone 4-MMC?<\/h2>\n<p>Mephedrone, also known as 4-methylmethcathinone, is a psychoactive substance that produces euphoric and stimulating effects. It is a substituted cathinone derivative, structurally related to amphetamine and methamphetamine.<\/p>\n<h4>Effects Of Mephedrone<\/h4>\n<p>The effects of Mephedrone are similar to those of ecstasy. Users experience feelings of euphoria, increased energy levels, heightened awareness, and empathy. It is often taken orally, snorted, smoked, or injected.<\/p>\n<p>\u00a0<\/p>\n<h4>Uses Of Mephedrone Crystal Powder<\/h4>\n<p>Mephedrone crystal powder is used recreationally, and it is sometimes mixed with other substances. It is commonly used as a recreational drug, especially among young people.<\/p>\n<h3>How To Buy 4mmc Crystals?<\/h3>\n<p>You can purchase 3-mmc \u2013 4mmc crystals online from our <a href=\"https:\/\/clinicalresearchchemicals.com\/?post_type=product&#038;p=3152&#038;preview=true\">website<\/a>. You just need to follow three simple steps below:<\/p>\n<p><strong>Step 1: Choose Your Favorite Package<\/strong><\/p>\n<p>We offer two different packages: 28g and 50g sample packs.<\/p>\n<p>You can choose any of these packages according to your requirement.<\/p>\n<p><strong>Step 2: Add Items To Cart<\/strong><\/p>\n<p>Add items to cart and proceed to checkout.<\/p>\n<p><strong>Step 3: Place Order And Pay<\/strong><\/p>\n<p>Place order and pay via the Payment Modes available on the website.<\/p>\n<p>After placing your order, we will send you an email confirmation<a href=\"https:\/\/crystalmethsuppliers.com\/\">.<\/a><\/p>\n<p>\u00a0<\/p>\n<h3 class=\"ng-binding ng-scope\" style=\"color: #354254;font-family: Roboto, sans-serif;font-size: 15px;font-style: normal;font-weight: 400;letter-spacing: normal;text-align: start;text-indent: 0px;text-transform: none;white-space: normal;margin: 15px 0px\">\u00a0How Much Is A Crystal Of Mephedrone?<\/h3>\n<p class=\"ng-binding ng-scope\" style=\"color: #354254;font-family: Roboto, sans-serif;font-size: 15px;font-style: normal;font-weight: 400;letter-spacing: normal;text-align: start;text-indent: 0px;text-transform: none;white-space: normal;margin: 15px 0px\">A crystal of mephedrone is about 1\/8th of a gram. One gram of crystal costs around $18-$40 depending on your location and order quantity.<\/p>\n<p>\u00a0<\/p>\n<h4 class=\"ng-binding ng-scope\" style=\"color: #354254;font-family: Roboto, sans-serif;font-size: 15px;font-style: normal;font-weight: 400;letter-spacing: normal;text-align: start;text-indent: 0px;text-transform: none;white-space: normal;margin: 15px 0px\">Can I Get High From Taking Mephedrone<a href=\"https:\/\/3mmcbuy4mmc.com\/\">?<\/a><\/h4>\n<p class=\"ng-binding ng-scope\" style=\"color: #354254;font-family: Roboto, sans-serif;font-size: 15px;font-style: normal;font-weight: 400;letter-spacing: normal;text-align: start;text-indent: 0px;text-transform: none;white-space: normal;margin: 15px 0px\">Yes, you can get high from taking mephedrone for sale. However, it is not recommended because it is illegal in many countries.<\/p>\n<p>\u00a0<\/p>\n<h3 class=\"ng-binding ng-scope\" style=\"color: #354254;font-family: Roboto, sans-serif;font-size: 15px;font-style: normal;font-weight: 400;letter-spacing: normal;text-align: start;text-indent: 0px;text-transform: none;white-space: normal;margin: 15px 0px\">\u00a0Is There Any Side Effects To Taking Order Mephedrone Or Other Drugs?<\/h3>\n<p class=\"ng-binding ng-scope\" style=\"color: #354254;font-family: Roboto, sans-serif;font-size: 15px;font-style: normal;font-weight: 400;letter-spacing: normal;text-align: start;text-indent: 0px;text-transform: none;white-space: normal;margin: 15px 0px\">There are no known side effects to taking 4mmc or any other drugs.<\/p>\n<p>\u00a0<\/p>\n<h4 class=\"ng-binding ng-scope\" style=\"color: #354254;font-family: Roboto, sans-serif;font-size: 15px;font-style: normal;font-weight: 400;letter-spacing: normal;text-align: start;text-indent: 0px;text-transform: none;white-space: normal;margin: 15px 0px\">Is Mephedrone 4mmc Legal In My Country?<\/h4>\n<p class=\"ng-binding ng-scope\" style=\"color: #354254;font-family: Roboto, sans-serif;font-size: 15px;font-style: normal;font-weight: 400;letter-spacing: normal;text-align: start;text-indent: 0px;text-transform: none;white-space: normal;margin: 15px 0px\">Mephedrine is legal in some countries, but it is illegal in others. Check your local laws before buying mephedrone online.<\/p>\n<p>\u00a0<\/p>\n<h3 class=\"ng-binding ng-scope\" style=\"color: #354254;font-family: Roboto, sans-serif;font-size: 15px;font-style: normal;font-weight: 400;letter-spacing: normal;text-align: start;text-indent: 0px;text-transform: none;white-space: normal;margin: 15px 0px\">What Are The Risks Involved When Buying Mephedrone? Is It Safe?<\/h3>\n<p class=\"ng-binding ng-scope\" style=\"color: #354254;font-family: Roboto, sans-serif;font-size: 15px;font-style: normal;font-weight: 400;letter-spacing: normal;text-align: start;text-indent: 0px;text-transform: none;white-space: normal;margin: 15px 0px\">Buying mephedrone online is safe. However<a href=\"https:\/\/buy4mmcmephedroneforsale.com\/\">,<\/a> it is illegal in many places. Make sure you know where you are purchasing it from. 4MMC Mephedrone Crystals for sale<\/p>","protected":false},"excerpt":{"rendered":"<p>Best Place to Order <em><strong>3-MMC \u2013 4MMC Mephedrone<\/strong>\u00a0<\/em>Research chemicals safe and discreet.<\/p>","protected":false},"featured_media":4026,"comment_status":"closed","ping_status":"closed","template":"","meta":[],"product_brand":[],"product_cat":[1839],"product_tag":[2002,2003,2004,2005,2006,2007,2008,2009,2010,2011,2012,2013,2014,2015,2016,2017,2018,2019,2020,2021,2022,2023],"class_list":{"0":"post-4016","1":"product","2":"type-product","3":"status-publish","4":"has-post-thumbnail","6":"product_cat-research-chemicals","7":"product_tag-3-mmc-crystals-for-sale","8":"product_tag-4mmc-mephedrone-crystals-for-sale","9":"product_tag-buy-4mmc-mephedrone-crystals-australia","10":"product_tag-buy-4mmc-mephedrone-crystals-berlin","11":"product_tag-buy-4mmc-mephedrone-crystals-canada","12":"product_tag-buy-4mmc-mephedrone-crystals-czech","13":"product_tag-buy-4mmc-mephedrone-crystals-eu","14":"product_tag-buy-4mmc-mephedrone-crystals-finland","15":"product_tag-buy-4mmc-mephedrone-crystals-france","16":"product_tag-buy-4mmc-mephedrone-crystals-germany","17":"product_tag-buy-4mmc-mephedrone-crystals-ireland","18":"product_tag-buy-4mmc-mephedrone-crystals-poland","19":"product_tag-buy-4mmc-mephedrone-crystals-spain","20":"product_tag-buy-4mmc-mephedrone-crystals-uk","21":"product_tag-buy-4mmc-mephedrone-crystals-usa","22":"product_tag-buy-mephedrone-crystals","23":"product_tag-buy-mkat","24":"product_tag-how-to-buy-4mmc-crystals","25":"product_tag-meow-meow-crystals-for-sale","26":"product_tag-mephedrone-in-australia","27":"product_tag-what-is-mephedrone-4-mmc","28":"product_tag-where-to-buy-4mmc-mephedrone-crystals-in-europe","30":"first","31":"instock","32":"shipping-taxable","33":"purchasable","34":"product-type-variable"},"yoast_head":"<!-- This site is optimized with the Yoast SEO plugin v27.3 - https:\/\/yoast.com\/product\/yoast-seo-wordpress\/ -->\n<title>Buy 4MMC Mephedrone Crystals 3-MMC - GRAS ONLINE KAUFEN DEUTSCHLAND<\/title>\n<meta name=\"robots\" content=\"index, follow, max-snippet:-1, max-image-preview:large, max-video-preview:-1\" \/>\n<link rel=\"canonical\" href=\"https:\/\/unkrautverkaufer.com\/cs\/product\/buy-4mmc-mephedrone-crystals-3-mmc\/\" \/>\n<meta property=\"og:locale\" content=\"cs_CZ\" \/>\n<meta property=\"og:type\" content=\"article\" \/>\n<meta property=\"og:title\" content=\"Buy 4MMC Mephedrone Crystals 3-MMC - GRAS ONLINE KAUFEN DEUTSCHLAND\" \/>\n<meta property=\"og:description\" content=\"Best Place to Order 3-MMC \u2013 4MMC Mephedrone\u00a0Research chemicals safe and discreet.\" \/>\n<meta property=\"og:url\" content=\"https:\/\/unkrautverkaufer.com\/cs\/product\/buy-4mmc-mephedrone-crystals-3-mmc\/\" \/>\n<meta property=\"og:site_name\" content=\"GRAS ONLINE KAUFEN DEUTSCHLAND\" \/>\n<meta property=\"article:modified_time\" content=\"2026-04-04T11:41:41+00:00\" \/>\n<meta name=\"twitter:card\" content=\"summary_large_image\" \/>\n<meta name=\"twitter:label1\" content=\"Odhadovan\u00e1 doba \u010dten\u00ed\" \/>\n\t<meta name=\"twitter:data1\" content=\"3 minuty\" \/>\n<script type=\"application\/ld+json\" class=\"yoast-schema-graph\">{\"@context\":\"https:\\\/\\\/schema.org\",\"@graph\":[{\"@type\":\"WebPage\",\"@id\":\"https:\\\/\\\/unkrautverkaufer.com\\\/product\\\/buy-4mmc-mephedrone-crystals-3-mmc\\\/\",\"url\":\"https:\\\/\\\/unkrautverkaufer.com\\\/product\\\/buy-4mmc-mephedrone-crystals-3-mmc\\\/\",\"name\":\"Buy 4MMC Mephedrone Crystals 3-MMC - GRAS ONLINE KAUFEN DEUTSCHLAND\",\"isPartOf\":{\"@id\":\"https:\\\/\\\/unkrautverkaufer.com\\\/#website\"},\"primaryImageOfPage\":{\"@id\":\"https:\\\/\\\/unkrautverkaufer.com\\\/product\\\/buy-4mmc-mephedrone-crystals-3-mmc\\\/#primaryimage\"},\"image\":{\"@id\":\"https:\\\/\\\/unkrautverkaufer.com\\\/product\\\/buy-4mmc-mephedrone-crystals-3-mmc\\\/#primaryimage\"},\"thumbnailUrl\":\"https:\\\/\\\/unkrautverkaufer.com\\\/wp-content\\\/uploads\\\/2026\\\/01\\\/4MMC-2.jpeg\",\"datePublished\":\"2026-01-30T17:07:28+00:00\",\"dateModified\":\"2026-04-04T11:41:41+00:00\",\"breadcrumb\":{\"@id\":\"https:\\\/\\\/unkrautverkaufer.com\\\/product\\\/buy-4mmc-mephedrone-crystals-3-mmc\\\/#breadcrumb\"},\"inLanguage\":\"cs\",\"potentialAction\":[{\"@type\":\"ReadAction\",\"target\":[\"https:\\\/\\\/unkrautverkaufer.com\\\/product\\\/buy-4mmc-mephedrone-crystals-3-mmc\\\/\"]}]},{\"@type\":\"ImageObject\",\"inLanguage\":\"cs\",\"@id\":\"https:\\\/\\\/unkrautverkaufer.com\\\/product\\\/buy-4mmc-mephedrone-crystals-3-mmc\\\/#primaryimage\",\"url\":\"https:\\\/\\\/unkrautverkaufer.com\\\/wp-content\\\/uploads\\\/2026\\\/01\\\/4MMC-2.jpeg\",\"contentUrl\":\"https:\\\/\\\/unkrautverkaufer.com\\\/wp-content\\\/uploads\\\/2026\\\/01\\\/4MMC-2.jpeg\",\"width\":720,\"height\":1280},{\"@type\":\"BreadcrumbList\",\"@id\":\"https:\\\/\\\/unkrautverkaufer.com\\\/product\\\/buy-4mmc-mephedrone-crystals-3-mmc\\\/#breadcrumb\",\"itemListElement\":[{\"@type\":\"ListItem\",\"position\":1,\"name\":\"Home\",\"item\":\"https:\\\/\\\/unkrautverkaufer.com\\\/de_de\\\/\"},{\"@type\":\"ListItem\",\"position\":2,\"name\":\"Shop\",\"item\":\"https:\\\/\\\/unkrautverkaufer.com\\\/pl\\\/cannabis-kaufen\\\/\"},{\"@type\":\"ListItem\",\"position\":3,\"name\":\"Buy 4MMC Mephedrone Crystals 3-MMC\"}]},{\"@type\":\"WebSite\",\"@id\":\"https:\\\/\\\/unkrautverkaufer.com\\\/#website\",\"url\":\"https:\\\/\\\/unkrautverkaufer.com\\\/\",\"name\":\"GRAS ONLINE KAUFEN DEUTSCHLAND\",\"description\":\"Cannabis kaufen\",\"publisher\":{\"@id\":\"https:\\\/\\\/unkrautverkaufer.com\\\/#organization\"},\"potentialAction\":[{\"@type\":\"SearchAction\",\"target\":{\"@type\":\"EntryPoint\",\"urlTemplate\":\"https:\\\/\\\/unkrautverkaufer.com\\\/?s={search_term_string}\"},\"query-input\":{\"@type\":\"PropertyValueSpecification\",\"valueRequired\":true,\"valueName\":\"search_term_string\"}}],\"inLanguage\":\"cs\"},{\"@type\":\"Organization\",\"@id\":\"https:\\\/\\\/unkrautverkaufer.com\\\/#organization\",\"name\":\"GRAS ONLINE KAUFEN DEUTSCHLAND\",\"url\":\"https:\\\/\\\/unkrautverkaufer.com\\\/\",\"logo\":{\"@type\":\"ImageObject\",\"inLanguage\":\"cs\",\"@id\":\"https:\\\/\\\/unkrautverkaufer.com\\\/#\\\/schema\\\/logo\\\/image\\\/\",\"url\":\"https:\\\/\\\/unkrautverkaufer.com\\\/wp-content\\\/uploads\\\/2021\\\/08\\\/logow.png\",\"contentUrl\":\"https:\\\/\\\/unkrautverkaufer.com\\\/wp-content\\\/uploads\\\/2021\\\/08\\\/logow.png\",\"width\":300,\"height\":170,\"caption\":\"GRAS ONLINE KAUFEN DEUTSCHLAND\"},\"image\":{\"@id\":\"https:\\\/\\\/unkrautverkaufer.com\\\/#\\\/schema\\\/logo\\\/image\\\/\"}}]}<\/script>\n<!-- \/ Yoast SEO plugin. -->","yoast_head_json":{"title":"Buy 4MMC Mephedrone Crystals 3-MMC - GRAS ONLINE KAUFEN DEUTSCHLAND","robots":{"index":"index","follow":"follow","max-snippet":"max-snippet:-1","max-image-preview":"max-image-preview:large","max-video-preview":"max-video-preview:-1"},"canonical":"https:\/\/unkrautverkaufer.com\/cs\/product\/buy-4mmc-mephedrone-crystals-3-mmc\/","og_locale":"cs_CZ","og_type":"article","og_title":"Buy 4MMC Mephedrone Crystals 3-MMC - GRAS ONLINE KAUFEN DEUTSCHLAND","og_description":"Best Place to Order 3-MMC \u2013 4MMC Mephedrone\u00a0Research chemicals safe and discreet.","og_url":"https:\/\/unkrautverkaufer.com\/cs\/product\/buy-4mmc-mephedrone-crystals-3-mmc\/","og_site_name":"GRAS ONLINE KAUFEN DEUTSCHLAND","article_modified_time":"2026-04-04T11:41:41+00:00","twitter_card":"summary_large_image","twitter_misc":{"Odhadovan\u00e1 doba \u010dten\u00ed":"3 minuty"},"schema":{"@context":"https:\/\/schema.org","@graph":[{"@type":"WebPage","@id":"https:\/\/unkrautverkaufer.com\/product\/buy-4mmc-mephedrone-crystals-3-mmc\/","url":"https:\/\/unkrautverkaufer.com\/product\/buy-4mmc-mephedrone-crystals-3-mmc\/","name":"Buy 4MMC Mephedrone Crystals 3-MMC - GRAS ONLINE KAUFEN DEUTSCHLAND","isPartOf":{"@id":"https:\/\/unkrautverkaufer.com\/#website"},"primaryImageOfPage":{"@id":"https:\/\/unkrautverkaufer.com\/product\/buy-4mmc-mephedrone-crystals-3-mmc\/#primaryimage"},"image":{"@id":"https:\/\/unkrautverkaufer.com\/product\/buy-4mmc-mephedrone-crystals-3-mmc\/#primaryimage"},"thumbnailUrl":"https:\/\/unkrautverkaufer.com\/wp-content\/uploads\/2026\/01\/4MMC-2.jpeg","datePublished":"2026-01-30T17:07:28+00:00","dateModified":"2026-04-04T11:41:41+00:00","breadcrumb":{"@id":"https:\/\/unkrautverkaufer.com\/product\/buy-4mmc-mephedrone-crystals-3-mmc\/#breadcrumb"},"inLanguage":"cs","potentialAction":[{"@type":"ReadAction","target":["https:\/\/unkrautverkaufer.com\/product\/buy-4mmc-mephedrone-crystals-3-mmc\/"]}]},{"@type":"ImageObject","inLanguage":"cs","@id":"https:\/\/unkrautverkaufer.com\/product\/buy-4mmc-mephedrone-crystals-3-mmc\/#primaryimage","url":"https:\/\/unkrautverkaufer.com\/wp-content\/uploads\/2026\/01\/4MMC-2.jpeg","contentUrl":"https:\/\/unkrautverkaufer.com\/wp-content\/uploads\/2026\/01\/4MMC-2.jpeg","width":720,"height":1280},{"@type":"BreadcrumbList","@id":"https:\/\/unkrautverkaufer.com\/product\/buy-4mmc-mephedrone-crystals-3-mmc\/#breadcrumb","itemListElement":[{"@type":"ListItem","position":1,"name":"Home","item":"https:\/\/unkrautverkaufer.com\/de_de\/"},{"@type":"ListItem","position":2,"name":"Shop","item":"https:\/\/unkrautverkaufer.com\/pl\/cannabis-kaufen\/"},{"@type":"ListItem","position":3,"name":"Buy 4MMC Mephedrone Crystals 3-MMC"}]},{"@type":"WebSite","@id":"https:\/\/unkrautverkaufer.com\/#website","url":"https:\/\/unkrautverkaufer.com\/","name":"GRAS ONLINE KAUFEN DEUTSCHLAND","description":"Cannabis kaufen","publisher":{"@id":"https:\/\/unkrautverkaufer.com\/#organization"},"potentialAction":[{"@type":"SearchAction","target":{"@type":"EntryPoint","urlTemplate":"https:\/\/unkrautverkaufer.com\/?s={search_term_string}"},"query-input":{"@type":"PropertyValueSpecification","valueRequired":true,"valueName":"search_term_string"}}],"inLanguage":"cs"},{"@type":"Organization","@id":"https:\/\/unkrautverkaufer.com\/#organization","name":"GRAS ONLINE KAUFEN DEUTSCHLAND","url":"https:\/\/unkrautverkaufer.com\/","logo":{"@type":"ImageObject","inLanguage":"cs","@id":"https:\/\/unkrautverkaufer.com\/#\/schema\/logo\/image\/","url":"https:\/\/unkrautverkaufer.com\/wp-content\/uploads\/2021\/08\/logow.png","contentUrl":"https:\/\/unkrautverkaufer.com\/wp-content\/uploads\/2021\/08\/logow.png","width":300,"height":170,"caption":"GRAS ONLINE KAUFEN DEUTSCHLAND"},"image":{"@id":"https:\/\/unkrautverkaufer.com\/#\/schema\/logo\/image\/"}}]}},"_links":{"self":[{"href":"https:\/\/unkrautverkaufer.com\/cs\/wp-json\/wp\/v2\/product\/4016","targetHints":{"allow":["GET"]}}],"collection":[{"href":"https:\/\/unkrautverkaufer.com\/cs\/wp-json\/wp\/v2\/product"}],"about":[{"href":"https:\/\/unkrautverkaufer.com\/cs\/wp-json\/wp\/v2\/types\/product"}],"replies":[{"embeddable":true,"href":"https:\/\/unkrautverkaufer.com\/cs\/wp-json\/wp\/v2\/comments?post=4016"}],"wp:featuredmedia":[{"embeddable":true,"href":"https:\/\/unkrautverkaufer.com\/cs\/wp-json\/wp\/v2\/media\/4026"}],"wp:attachment":[{"href":"https:\/\/unkrautverkaufer.com\/cs\/wp-json\/wp\/v2\/media?parent=4016"}],"wp:term":[{"taxonomy":"product_brand","embeddable":true,"href":"https:\/\/unkrautverkaufer.com\/cs\/wp-json\/wp\/v2\/product_brand?post=4016"},{"taxonomy":"product_cat","embeddable":true,"href":"https:\/\/unkrautverkaufer.com\/cs\/wp-json\/wp\/v2\/product_cat?post=4016"},{"taxonomy":"product_tag","embeddable":true,"href":"https:\/\/unkrautverkaufer.com\/cs\/wp-json\/wp\/v2\/product_tag?post=4016"}],"curies":[{"name":"wp","href":"https:\/\/api.w.org\/{rel}","templated":true}]}}