{"id":3654,"date":"2025-11-17T16:25:42","date_gmt":"2025-11-17T16:25:42","guid":{"rendered":"https:\/\/unkrautverkaufer.com\/?post_type=product&#038;p=3654"},"modified":"2026-04-04T14:51:34","modified_gmt":"2026-04-04T14:51:34","slug":"buy-synthacaine-powder-cheap-online","status":"publish","type":"product","link":"https:\/\/unkrautverkaufer.com\/cs\/product\/buy-synthacaine-powder-cheap-online\/","title":{"rendered":"Buy Synthacaine Powder Cheap Online"},"content":{"rendered":"<h1>Buy Synthacaine Powder Cheap Online.<\/h1>\n<p>\u201cSynthacaine rock\u201d is a New Psychoactive Substance which is, because of its inborn psychoactive properties, answered to impersonate the impacts of cocaine and is thusly subsequently marked as \u201clegitimate cocaine\u201d. The lone scientific methodology answered to date for the detecting of \u201cSynthacaine\u201d is mass spectrometry. In this paper, we investigate and assess the scope of expected logical strategies for its evaluation and possible use in the field screening \u201cSynthacaine\u201d utilizing Raman spectroscopy, hypothetical (shading) testing, High-Performance Liquid Chromatography (HPLC), and electrochemistry. HPLC examination of road tests uncovers that \u201cSynthacaine\u201d involves a combination of methiopropamine (MPA) and 2-aminoindane (2-AI). Raman spectroscopy and hypothetical (shading) tests, the Marquis, Mandelin, Simon\u2019s and Robadope test, are assessed towards a potential in-the-field screening approach yet are found to not have the option to segregate between the two when they are both present in a similar example, just like the case in the genuine road tests. We report unexpectedly a novel backhanded electrochemical convention for the detecting of MPA and 2-AI which is autonomously approved in road tests with HPLC. This epic electrochemical methodology dependent on one-shot expendable financially savvy screen-printed graphite macro electrodes holds the potential for in-the-field screening for \u201cSynthacaine\u201d.<\/p>\n<p>&nbsp;<\/p>\n<pre><strong>Buy Synthacaine Powder Cheap Online - buy Synthacaine Powder Cheap , buy Synthacaine Powder Cheap usa , buy Synthacaine Powder Cheap online USA , Where to Buy Synthacaine Powder Cheap , Synthacaine Powder Cheap for sale, Synthacaine Powder Cheap for sale near me , buy Synthacaine Powder Cheap online near me , where to Buy Synthacaine Powder Cheap online , Synthacaine Powder Cheap for sale in usa , USA, canada,uk, buy, online, suppliers, safe delivery, You can still get Synthacaine Powder Cheap , Is Synthacaine Powder Cheap legal in usa, buy Synthacaine Powder Cheap online usa, how to order Synthacaine Powder Cheap , Is Synthacaine Powder Cheap legal in Canada<\/strong><\/pre>","protected":false},"excerpt":{"rendered":"<p>Buy Synthacaine Powder Cheap Online.\u00a0Synthacainepurity 99.8%<br \/>\nApplication Research Chemical \u2013 Appearance: Super Spun and Slight Off White in colour Very Strong at 100mgs<\/p>\n<pre><strong>Buy Synthacaine Powder Cheap Online - buy Synthacaine Powder Cheap , buy Synthacaine Powder Cheap usa , buy Synthacaine Powder Cheap online USA , Where to Buy Synthacaine Powder Cheap , Synthacaine Powder Cheap for sale, Synthacaine Powder Cheap for sale near me , buy Synthacaine Powder Cheap online near me , where to Buy Synthacaine Powder Cheap online , Synthacaine Powder Cheap for sale in usa , USA, canada,uk, buy, online, suppliers, safe delivery, You can still get Synthacaine Powder Cheap , Is Synthacaine Powder Cheap legal in usa, buy Synthacaine Powder Cheap online usa, how to order Synthacaine Powder Cheap , Is Synthacaine Powder Cheap legal in Canada<\/strong><\/pre>","protected":false},"featured_media":3673,"comment_status":"open","ping_status":"closed","template":"","meta":[],"product_brand":[],"product_cat":[1001],"product_tag":[1323,1324,1325,1326,1327,1328,1329,1330,1331,1332,1333,1334,1335,1336,1337,1338,1339],"class_list":{"0":"post-3654","1":"product","2":"type-product","3":"status-publish","4":"has-post-thumbnail","6":"product_cat-research-chemicals-and-bath-salt","7":"product_tag-buy-synthacaine-powder","8":"product_tag-buy-synthacaine-powder-cheap","9":"product_tag-buy-synthacaine-powder-cheap-online-near-me","10":"product_tag-buy-synthacaine-powder-cheap-online-usa","11":"product_tag-buy-synthacaine-powder-cheap-usa","12":"product_tag-buy-synthacaine-powder-in-usa","13":"product_tag-buy-synthacaine-powder-online","14":"product_tag-buy-synthacaine-powder-uk","15":"product_tag-how-to-order-synthacaine-powder-cheap","16":"product_tag-is-synthacaine-powder-cheap-legal-in-canada","17":"product_tag-is-synthacaine-powder-cheap-legal-in-usa","18":"product_tag-synthacaine-powder-cheap-for-sale","19":"product_tag-synthacaine-powder-cheap-for-sale-in-usa","20":"product_tag-synthacaine-powder-cheap-for-sale-near-me","21":"product_tag-where-to-buy-synthacaine-powder-cheap","22":"product_tag-where-to-buy-synthacaine-powder-cheap-online","23":"product_tag-you-can-still-get-synthacaine-powder-cheap","25":"first","26":"instock","27":"shipping-taxable","28":"purchasable","29":"product-type-variable"},"yoast_head":"<!-- This site is optimized with the Yoast SEO plugin v27.3 - https:\/\/yoast.com\/product\/yoast-seo-wordpress\/ -->\n<title>Buy Synthacaine Powder Cheap Online - Cheap price, Grade A++<\/title>\n<meta name=\"description\" content=\"Buy Synthacaine Powder Online at an affordable price at stonersmeds. All products are lab qualified and have premium quality.\" \/>\n<meta name=\"robots\" content=\"index, follow, max-snippet:-1, max-image-preview:large, max-video-preview:-1\" \/>\n<link rel=\"canonical\" href=\"https:\/\/unkrautverkaufer.com\/cs\/product\/synthacain-pulver-billig-online-kaufen\/\" \/>\n<meta property=\"og:locale\" content=\"cs_CZ\" \/>\n<meta property=\"og:type\" content=\"article\" \/>\n<meta property=\"og:title\" content=\"Buy Synthacaine Powder Cheap Online - Cheap price, Grade A++\" \/>\n<meta property=\"og:description\" content=\"Buy Synthacaine Powder Online at an affordable price at stonersmeds. All products are lab qualified and have premium quality.\" \/>\n<meta property=\"og:url\" content=\"https:\/\/unkrautverkaufer.com\/cs\/product\/synthacain-pulver-billig-online-kaufen\/\" \/>\n<meta property=\"og:site_name\" content=\"GRAS ONLINE KAUFEN DEUTSCHLAND\" \/>\n<meta property=\"article:modified_time\" content=\"2026-04-04T14:51:34+00:00\" \/>\n<meta property=\"og:image\" content=\"https:\/\/unkrautverkaufer.com\/wp-content\/uploads\/2025\/11\/Buy-Synthacaine-Powder-Cheap-Online.jpg\" \/>\n\t<meta property=\"og:image:width\" content=\"600\" \/>\n\t<meta property=\"og:image:height\" content=\"600\" \/>\n\t<meta property=\"og:image:type\" content=\"image\/jpeg\" \/>\n<meta name=\"twitter:card\" content=\"summary_large_image\" \/>\n<meta name=\"twitter:label1\" content=\"Odhadovan\u00e1 doba \u010dten\u00ed\" \/>\n\t<meta name=\"twitter:data1\" content=\"2 minuty\" \/>\n<script type=\"application\/ld+json\" class=\"yoast-schema-graph\">{\"@context\":\"https:\\\/\\\/schema.org\",\"@graph\":[{\"@type\":\"WebPage\",\"@id\":\"https:\\\/\\\/unkrautverkaufer.com\\\/product\\\/synthacain-pulver-billig-online-kaufen\\\/\",\"url\":\"https:\\\/\\\/unkrautverkaufer.com\\\/product\\\/synthacain-pulver-billig-online-kaufen\\\/\",\"name\":\"Buy Synthacaine Powder Cheap Online - Cheap price, Grade A++\",\"isPartOf\":{\"@id\":\"https:\\\/\\\/unkrautverkaufer.com\\\/#website\"},\"primaryImageOfPage\":{\"@id\":\"https:\\\/\\\/unkrautverkaufer.com\\\/product\\\/synthacain-pulver-billig-online-kaufen\\\/#primaryimage\"},\"image\":{\"@id\":\"https:\\\/\\\/unkrautverkaufer.com\\\/product\\\/synthacain-pulver-billig-online-kaufen\\\/#primaryimage\"},\"thumbnailUrl\":\"https:\\\/\\\/unkrautverkaufer.com\\\/wp-content\\\/uploads\\\/2025\\\/11\\\/Buy-Synthacaine-Powder-Cheap-Online.jpg\",\"datePublished\":\"2025-11-17T16:25:42+00:00\",\"dateModified\":\"2026-04-04T14:51:34+00:00\",\"description\":\"Buy Synthacaine Powder Online at an affordable price at stonersmeds. All products are lab qualified and have premium quality.\",\"breadcrumb\":{\"@id\":\"https:\\\/\\\/unkrautverkaufer.com\\\/product\\\/synthacain-pulver-billig-online-kaufen\\\/#breadcrumb\"},\"inLanguage\":\"cs\",\"potentialAction\":[{\"@type\":\"ReadAction\",\"target\":[\"https:\\\/\\\/unkrautverkaufer.com\\\/product\\\/synthacain-pulver-billig-online-kaufen\\\/\"]}]},{\"@type\":\"ImageObject\",\"inLanguage\":\"cs\",\"@id\":\"https:\\\/\\\/unkrautverkaufer.com\\\/product\\\/synthacain-pulver-billig-online-kaufen\\\/#primaryimage\",\"url\":\"https:\\\/\\\/unkrautverkaufer.com\\\/wp-content\\\/uploads\\\/2025\\\/11\\\/Buy-Synthacaine-Powder-Cheap-Online.jpg\",\"contentUrl\":\"https:\\\/\\\/unkrautverkaufer.com\\\/wp-content\\\/uploads\\\/2025\\\/11\\\/Buy-Synthacaine-Powder-Cheap-Online.jpg\",\"width\":600,\"height\":600},{\"@type\":\"BreadcrumbList\",\"@id\":\"https:\\\/\\\/unkrautverkaufer.com\\\/product\\\/synthacain-pulver-billig-online-kaufen\\\/#breadcrumb\",\"itemListElement\":[{\"@type\":\"ListItem\",\"position\":1,\"name\":\"Home\",\"item\":\"https:\\\/\\\/unkrautverkaufer.com\\\/de_de\\\/\"},{\"@type\":\"ListItem\",\"position\":2,\"name\":\"Shop\",\"item\":\"https:\\\/\\\/unkrautverkaufer.com\\\/pl\\\/cannabis-kaufen\\\/\"},{\"@type\":\"ListItem\",\"position\":3,\"name\":\"Buy Synthacaine Powder Cheap Online\"}]},{\"@type\":\"WebSite\",\"@id\":\"https:\\\/\\\/unkrautverkaufer.com\\\/#website\",\"url\":\"https:\\\/\\\/unkrautverkaufer.com\\\/\",\"name\":\"GRAS ONLINE KAUFEN DEUTSCHLAND\",\"description\":\"Cannabis kaufen\",\"publisher\":{\"@id\":\"https:\\\/\\\/unkrautverkaufer.com\\\/#organization\"},\"potentialAction\":[{\"@type\":\"SearchAction\",\"target\":{\"@type\":\"EntryPoint\",\"urlTemplate\":\"https:\\\/\\\/unkrautverkaufer.com\\\/?s={search_term_string}\"},\"query-input\":{\"@type\":\"PropertyValueSpecification\",\"valueRequired\":true,\"valueName\":\"search_term_string\"}}],\"inLanguage\":\"cs\"},{\"@type\":\"Organization\",\"@id\":\"https:\\\/\\\/unkrautverkaufer.com\\\/#organization\",\"name\":\"GRAS ONLINE KAUFEN DEUTSCHLAND\",\"url\":\"https:\\\/\\\/unkrautverkaufer.com\\\/\",\"logo\":{\"@type\":\"ImageObject\",\"inLanguage\":\"cs\",\"@id\":\"https:\\\/\\\/unkrautverkaufer.com\\\/#\\\/schema\\\/logo\\\/image\\\/\",\"url\":\"https:\\\/\\\/unkrautverkaufer.com\\\/wp-content\\\/uploads\\\/2021\\\/08\\\/logow.png\",\"contentUrl\":\"https:\\\/\\\/unkrautverkaufer.com\\\/wp-content\\\/uploads\\\/2021\\\/08\\\/logow.png\",\"width\":300,\"height\":170,\"caption\":\"GRAS ONLINE KAUFEN DEUTSCHLAND\"},\"image\":{\"@id\":\"https:\\\/\\\/unkrautverkaufer.com\\\/#\\\/schema\\\/logo\\\/image\\\/\"}}]}<\/script>\n<!-- \/ Yoast SEO plugin. -->","yoast_head_json":{"title":"Buy Synthacaine Powder Cheap Online - Cheap price, Grade A++","description":"Buy Synthacaine Powder Online at an affordable price at stonersmeds. All products are lab qualified and have premium quality.","robots":{"index":"index","follow":"follow","max-snippet":"max-snippet:-1","max-image-preview":"max-image-preview:large","max-video-preview":"max-video-preview:-1"},"canonical":"https:\/\/unkrautverkaufer.com\/cs\/product\/synthacain-pulver-billig-online-kaufen\/","og_locale":"cs_CZ","og_type":"article","og_title":"Buy Synthacaine Powder Cheap Online - Cheap price, Grade A++","og_description":"Buy Synthacaine Powder Online at an affordable price at stonersmeds. All products are lab qualified and have premium quality.","og_url":"https:\/\/unkrautverkaufer.com\/cs\/product\/synthacain-pulver-billig-online-kaufen\/","og_site_name":"GRAS ONLINE KAUFEN DEUTSCHLAND","article_modified_time":"2026-04-04T14:51:34+00:00","og_image":[{"width":600,"height":600,"url":"https:\/\/unkrautverkaufer.com\/wp-content\/uploads\/2025\/11\/Buy-Synthacaine-Powder-Cheap-Online.jpg","type":"image\/jpeg"}],"twitter_card":"summary_large_image","twitter_misc":{"Odhadovan\u00e1 doba \u010dten\u00ed":"2 minuty"},"schema":{"@context":"https:\/\/schema.org","@graph":[{"@type":"WebPage","@id":"https:\/\/unkrautverkaufer.com\/product\/synthacain-pulver-billig-online-kaufen\/","url":"https:\/\/unkrautverkaufer.com\/product\/synthacain-pulver-billig-online-kaufen\/","name":"Buy Synthacaine Powder Cheap Online - Cheap price, Grade A++","isPartOf":{"@id":"https:\/\/unkrautverkaufer.com\/#website"},"primaryImageOfPage":{"@id":"https:\/\/unkrautverkaufer.com\/product\/synthacain-pulver-billig-online-kaufen\/#primaryimage"},"image":{"@id":"https:\/\/unkrautverkaufer.com\/product\/synthacain-pulver-billig-online-kaufen\/#primaryimage"},"thumbnailUrl":"https:\/\/unkrautverkaufer.com\/wp-content\/uploads\/2025\/11\/Buy-Synthacaine-Powder-Cheap-Online.jpg","datePublished":"2025-11-17T16:25:42+00:00","dateModified":"2026-04-04T14:51:34+00:00","description":"Buy Synthacaine Powder Online at an affordable price at stonersmeds. All products are lab qualified and have premium quality.","breadcrumb":{"@id":"https:\/\/unkrautverkaufer.com\/product\/synthacain-pulver-billig-online-kaufen\/#breadcrumb"},"inLanguage":"cs","potentialAction":[{"@type":"ReadAction","target":["https:\/\/unkrautverkaufer.com\/product\/synthacain-pulver-billig-online-kaufen\/"]}]},{"@type":"ImageObject","inLanguage":"cs","@id":"https:\/\/unkrautverkaufer.com\/product\/synthacain-pulver-billig-online-kaufen\/#primaryimage","url":"https:\/\/unkrautverkaufer.com\/wp-content\/uploads\/2025\/11\/Buy-Synthacaine-Powder-Cheap-Online.jpg","contentUrl":"https:\/\/unkrautverkaufer.com\/wp-content\/uploads\/2025\/11\/Buy-Synthacaine-Powder-Cheap-Online.jpg","width":600,"height":600},{"@type":"BreadcrumbList","@id":"https:\/\/unkrautverkaufer.com\/product\/synthacain-pulver-billig-online-kaufen\/#breadcrumb","itemListElement":[{"@type":"ListItem","position":1,"name":"Home","item":"https:\/\/unkrautverkaufer.com\/de_de\/"},{"@type":"ListItem","position":2,"name":"Shop","item":"https:\/\/unkrautverkaufer.com\/pl\/cannabis-kaufen\/"},{"@type":"ListItem","position":3,"name":"Buy Synthacaine Powder Cheap Online"}]},{"@type":"WebSite","@id":"https:\/\/unkrautverkaufer.com\/#website","url":"https:\/\/unkrautverkaufer.com\/","name":"GRAS ONLINE KAUFEN DEUTSCHLAND","description":"Cannabis kaufen","publisher":{"@id":"https:\/\/unkrautverkaufer.com\/#organization"},"potentialAction":[{"@type":"SearchAction","target":{"@type":"EntryPoint","urlTemplate":"https:\/\/unkrautverkaufer.com\/?s={search_term_string}"},"query-input":{"@type":"PropertyValueSpecification","valueRequired":true,"valueName":"search_term_string"}}],"inLanguage":"cs"},{"@type":"Organization","@id":"https:\/\/unkrautverkaufer.com\/#organization","name":"GRAS ONLINE KAUFEN DEUTSCHLAND","url":"https:\/\/unkrautverkaufer.com\/","logo":{"@type":"ImageObject","inLanguage":"cs","@id":"https:\/\/unkrautverkaufer.com\/#\/schema\/logo\/image\/","url":"https:\/\/unkrautverkaufer.com\/wp-content\/uploads\/2021\/08\/logow.png","contentUrl":"https:\/\/unkrautverkaufer.com\/wp-content\/uploads\/2021\/08\/logow.png","width":300,"height":170,"caption":"GRAS ONLINE KAUFEN DEUTSCHLAND"},"image":{"@id":"https:\/\/unkrautverkaufer.com\/#\/schema\/logo\/image\/"}}]}},"_links":{"self":[{"href":"https:\/\/unkrautverkaufer.com\/cs\/wp-json\/wp\/v2\/product\/3654","targetHints":{"allow":["GET"]}}],"collection":[{"href":"https:\/\/unkrautverkaufer.com\/cs\/wp-json\/wp\/v2\/product"}],"about":[{"href":"https:\/\/unkrautverkaufer.com\/cs\/wp-json\/wp\/v2\/types\/product"}],"replies":[{"embeddable":true,"href":"https:\/\/unkrautverkaufer.com\/cs\/wp-json\/wp\/v2\/comments?post=3654"}],"wp:featuredmedia":[{"embeddable":true,"href":"https:\/\/unkrautverkaufer.com\/cs\/wp-json\/wp\/v2\/media\/3673"}],"wp:attachment":[{"href":"https:\/\/unkrautverkaufer.com\/cs\/wp-json\/wp\/v2\/media?parent=3654"}],"wp:term":[{"taxonomy":"product_brand","embeddable":true,"href":"https:\/\/unkrautverkaufer.com\/cs\/wp-json\/wp\/v2\/product_brand?post=3654"},{"taxonomy":"product_cat","embeddable":true,"href":"https:\/\/unkrautverkaufer.com\/cs\/wp-json\/wp\/v2\/product_cat?post=3654"},{"taxonomy":"product_tag","embeddable":true,"href":"https:\/\/unkrautverkaufer.com\/cs\/wp-json\/wp\/v2\/product_tag?post=3654"}],"curies":[{"name":"wp","href":"https:\/\/api.w.org\/{rel}","templated":true}]}}