{"id":3416,"date":"2025-11-17T16:23:56","date_gmt":"2025-11-17T16:23:56","guid":{"rendered":"https:\/\/unkrautverkaufer.com\/?post_type=product&#038;p=3416"},"modified":"2026-04-03T03:22:01","modified_gmt":"2026-04-03T03:22:01","slug":"buy-adb-pinaca-powder-high-purity","status":"publish","type":"product","link":"https:\/\/unkrautverkaufer.com\/cs\/product\/buy-adb-pinaca-powder-high-purity\/","title":{"rendered":"Buy ADB-Pinaca Powder High Purity"},"content":{"rendered":"<h1>Buy ADB-Pinaca Powder High Purity.<\/h1>\n<p>Purchase ADB-Pinaca Powder Purity 98% chemical stock, available in powder and crystal form<br \/>\nMethiopropamine \/ MPA<\/p>\n<p>ADB pinaca powder purity<\/p>\n<p>ProName: 5F-MDMB-PINACA 5F-ADB powder 5FADB ADB<br \/>\nCasNr: 68585-34-2<br \/>\nMolecular formula: ADB<br \/>\nAppearance: white crystalline powder<br \/>\nApplication: pharmaceutical intermediary<br \/>\nDelivery time: 4-7 days for finished goods<br \/>\nPackaging: 1 kg\/aluminum foil bag<br \/>\nPort: Tianjin<br \/>\nProduction capacity: 10,000 kg\/month<br \/>\nPurity: &gt;99.5%<br \/>\nStorage: Store in a cool, dry and tightly closed place<br \/>\nTransport: by EMS, DHL, FEDEX<br \/>\nMoisture content: 0.01<\/p>\n<p>Buy ADB-Pinaca Powder Purity 98% for sale, find chemical suppliers, buy research chemicals in china, best website to buy research chemicals, reddit research chemicals, body building research chemicals, cheap research chemicals USA, buy materials European online research chemistry<\/p>\n<p>&nbsp;<\/p>\n<p>&nbsp;<\/p>\n<pre><strong>Buy ADB-Pinaca Powder High Purity Online - buy ADB-Pinaca , buy ADB-Pinaca Powder High Purity , buy ADB-Pinaca Powder online, Where to Buy ADB-Pinaca Powder High Purity , ADB-Pinaca Powder High Purity for sale, ADB-Pinaca Powder for sale, buy Powder High Purity online, where to Buy ADB-Pinaca Powder High Purity online , ADB-Pinaca Powder High Purity for sale in usa , USA, canada,uk, buy, online, suppliers, safe delivery, You can still get ADB-Pinaca Powder High Purity , Is ADB-Pinaca Powder High Purity legal in usa, buy ADB-Pinaca Powder High Purity online usa, how to order ADB-Pinaca Powder High Purity , Is ADB-Pinaca Powder High Purity legal in Canada<\/strong><\/pre>","protected":false},"excerpt":{"rendered":"<p>Buy ADB-Pinaca Powder High Purity.\u00a0Buy ADB-Pinaca Powder Purity 98% Chemical Stock available in Powder &amp; Crystal<\/p>\n<pre><strong>Buy ADB-Pinaca Powder High Purity Online - buy ADB-Pinaca , buy ADB-Pinaca Powder High Purity , buy ADB-Pinaca Powder online, Where to Buy ADB-Pinaca Powder High Purity , ADB-Pinaca Powder High Purity for sale, ADB-Pinaca Powder for sale, buy Powder High Purity online, where to Buy ADB-Pinaca Powder High Purity online , ADB-Pinaca Powder High Purity for sale in usa , USA, canada,uk, buy, online, suppliers, safe delivery, You can still get ADB-Pinaca Powder High Purity , Is ADB-Pinaca Powder High Purity legal in usa, buy ADB-Pinaca Powder High Purity online usa, how to order ADB-Pinaca Powder High Purity , Is ADB-Pinaca Powder High Purity legal in Canada<\/strong><\/pre>","protected":false},"featured_media":3434,"comment_status":"open","ping_status":"closed","template":"","meta":[],"product_brand":[],"product_cat":[1001],"product_tag":[],"class_list":{"0":"post-3416","1":"product","2":"type-product","3":"status-publish","4":"has-post-thumbnail","6":"product_cat-research-chemicals-and-bath-salt","8":"first","9":"instock","10":"shipping-taxable","11":"purchasable","12":"product-type-variable"},"yoast_head":"<!-- This site is optimized with the Yoast SEO plugin v27.3 - https:\/\/yoast.com\/product\/yoast-seo-wordpress\/ -->\n<title>Buy ADB-Pinaca Powder High Purity - Cheap price, top quality<\/title>\n<meta name=\"description\" content=\"Buy ADB-Pinaca Powder Online at an affordable price at stonersmeds. All products are lab qualified and have premium quality.\" \/>\n<meta name=\"robots\" content=\"index, follow, max-snippet:-1, max-image-preview:large, max-video-preview:-1\" \/>\n<link rel=\"canonical\" href=\"https:\/\/unkrautverkaufer.com\/cs\/product\/buy-adb-pinaca-powder-high-purity\/\" \/>\n<meta property=\"og:locale\" content=\"cs_CZ\" \/>\n<meta property=\"og:type\" content=\"article\" \/>\n<meta property=\"og:title\" content=\"Buy ADB-Pinaca Powder High Purity - Cheap price, top quality\" \/>\n<meta property=\"og:description\" content=\"Buy ADB-Pinaca Powder Online at an affordable price at stonersmeds. All products are lab qualified and have premium quality.\" \/>\n<meta property=\"og:url\" content=\"https:\/\/unkrautverkaufer.com\/cs\/product\/buy-adb-pinaca-powder-high-purity\/\" \/>\n<meta property=\"og:site_name\" content=\"GRAS ONLINE KAUFEN DEUTSCHLAND\" \/>\n<meta property=\"article:modified_time\" content=\"2026-04-03T03:22:01+00:00\" \/>\n<meta property=\"og:image\" content=\"https:\/\/unkrautverkaufer.com\/wp-content\/uploads\/2025\/11\/Research-Chemicals-For-Sale.jpg\" \/>\n\t<meta property=\"og:image:width\" content=\"600\" \/>\n\t<meta property=\"og:image:height\" content=\"600\" \/>\n\t<meta property=\"og:image:type\" content=\"image\/jpeg\" \/>\n<meta name=\"twitter:card\" content=\"summary_large_image\" \/>\n<meta name=\"twitter:label1\" content=\"Odhadovan\u00e1 doba \u010dten\u00ed\" \/>\n\t<meta name=\"twitter:data1\" content=\"1 minuta\" \/>\n<script type=\"application\/ld+json\" class=\"yoast-schema-graph\">{\"@context\":\"https:\\\/\\\/schema.org\",\"@graph\":[{\"@type\":\"WebPage\",\"@id\":\"https:\\\/\\\/unkrautverkaufer.com\\\/product\\\/buy-adb-pinaca-powder-high-purity\\\/\",\"url\":\"https:\\\/\\\/unkrautverkaufer.com\\\/product\\\/buy-adb-pinaca-powder-high-purity\\\/\",\"name\":\"Buy ADB-Pinaca Powder High Purity - Cheap price, top quality\",\"isPartOf\":{\"@id\":\"https:\\\/\\\/unkrautverkaufer.com\\\/#website\"},\"primaryImageOfPage\":{\"@id\":\"https:\\\/\\\/unkrautverkaufer.com\\\/product\\\/buy-adb-pinaca-powder-high-purity\\\/#primaryimage\"},\"image\":{\"@id\":\"https:\\\/\\\/unkrautverkaufer.com\\\/product\\\/buy-adb-pinaca-powder-high-purity\\\/#primaryimage\"},\"thumbnailUrl\":\"https:\\\/\\\/unkrautverkaufer.com\\\/wp-content\\\/uploads\\\/2025\\\/11\\\/Research-Chemicals-For-Sale.jpg\",\"datePublished\":\"2025-11-17T16:23:56+00:00\",\"dateModified\":\"2026-04-03T03:22:01+00:00\",\"description\":\"Buy ADB-Pinaca Powder Online at an affordable price at stonersmeds. All products are lab qualified and have premium quality.\",\"breadcrumb\":{\"@id\":\"https:\\\/\\\/unkrautverkaufer.com\\\/product\\\/buy-adb-pinaca-powder-high-purity\\\/#breadcrumb\"},\"inLanguage\":\"cs\",\"potentialAction\":[{\"@type\":\"ReadAction\",\"target\":[\"https:\\\/\\\/unkrautverkaufer.com\\\/product\\\/buy-adb-pinaca-powder-high-purity\\\/\"]}]},{\"@type\":\"ImageObject\",\"inLanguage\":\"cs\",\"@id\":\"https:\\\/\\\/unkrautverkaufer.com\\\/product\\\/buy-adb-pinaca-powder-high-purity\\\/#primaryimage\",\"url\":\"https:\\\/\\\/unkrautverkaufer.com\\\/wp-content\\\/uploads\\\/2025\\\/11\\\/Research-Chemicals-For-Sale.jpg\",\"contentUrl\":\"https:\\\/\\\/unkrautverkaufer.com\\\/wp-content\\\/uploads\\\/2025\\\/11\\\/Research-Chemicals-For-Sale.jpg\",\"width\":600,\"height\":600},{\"@type\":\"BreadcrumbList\",\"@id\":\"https:\\\/\\\/unkrautverkaufer.com\\\/product\\\/buy-adb-pinaca-powder-high-purity\\\/#breadcrumb\",\"itemListElement\":[{\"@type\":\"ListItem\",\"position\":1,\"name\":\"Home\",\"item\":\"https:\\\/\\\/unkrautverkaufer.com\\\/de_de\\\/\"},{\"@type\":\"ListItem\",\"position\":2,\"name\":\"Shop\",\"item\":\"https:\\\/\\\/unkrautverkaufer.com\\\/pl\\\/cannabis-kaufen\\\/\"},{\"@type\":\"ListItem\",\"position\":3,\"name\":\"Buy ADB-Pinaca Powder High Purity\"}]},{\"@type\":\"WebSite\",\"@id\":\"https:\\\/\\\/unkrautverkaufer.com\\\/#website\",\"url\":\"https:\\\/\\\/unkrautverkaufer.com\\\/\",\"name\":\"GRAS ONLINE KAUFEN DEUTSCHLAND\",\"description\":\"Cannabis kaufen\",\"publisher\":{\"@id\":\"https:\\\/\\\/unkrautverkaufer.com\\\/#organization\"},\"potentialAction\":[{\"@type\":\"SearchAction\",\"target\":{\"@type\":\"EntryPoint\",\"urlTemplate\":\"https:\\\/\\\/unkrautverkaufer.com\\\/?s={search_term_string}\"},\"query-input\":{\"@type\":\"PropertyValueSpecification\",\"valueRequired\":true,\"valueName\":\"search_term_string\"}}],\"inLanguage\":\"cs\"},{\"@type\":\"Organization\",\"@id\":\"https:\\\/\\\/unkrautverkaufer.com\\\/#organization\",\"name\":\"GRAS ONLINE KAUFEN DEUTSCHLAND\",\"url\":\"https:\\\/\\\/unkrautverkaufer.com\\\/\",\"logo\":{\"@type\":\"ImageObject\",\"inLanguage\":\"cs\",\"@id\":\"https:\\\/\\\/unkrautverkaufer.com\\\/#\\\/schema\\\/logo\\\/image\\\/\",\"url\":\"https:\\\/\\\/unkrautverkaufer.com\\\/wp-content\\\/uploads\\\/2021\\\/08\\\/logow.png\",\"contentUrl\":\"https:\\\/\\\/unkrautverkaufer.com\\\/wp-content\\\/uploads\\\/2021\\\/08\\\/logow.png\",\"width\":300,\"height\":170,\"caption\":\"GRAS ONLINE KAUFEN DEUTSCHLAND\"},\"image\":{\"@id\":\"https:\\\/\\\/unkrautverkaufer.com\\\/#\\\/schema\\\/logo\\\/image\\\/\"}}]}<\/script>\n<!-- \/ Yoast SEO plugin. -->","yoast_head_json":{"title":"Buy ADB-Pinaca Powder High Purity - Cheap price, top quality","description":"Buy ADB-Pinaca Powder Online at an affordable price at stonersmeds. All products are lab qualified and have premium quality.","robots":{"index":"index","follow":"follow","max-snippet":"max-snippet:-1","max-image-preview":"max-image-preview:large","max-video-preview":"max-video-preview:-1"},"canonical":"https:\/\/unkrautverkaufer.com\/cs\/product\/buy-adb-pinaca-powder-high-purity\/","og_locale":"cs_CZ","og_type":"article","og_title":"Buy ADB-Pinaca Powder High Purity - Cheap price, top quality","og_description":"Buy ADB-Pinaca Powder Online at an affordable price at stonersmeds. All products are lab qualified and have premium quality.","og_url":"https:\/\/unkrautverkaufer.com\/cs\/product\/buy-adb-pinaca-powder-high-purity\/","og_site_name":"GRAS ONLINE KAUFEN DEUTSCHLAND","article_modified_time":"2026-04-03T03:22:01+00:00","og_image":[{"width":600,"height":600,"url":"https:\/\/unkrautverkaufer.com\/wp-content\/uploads\/2025\/11\/Research-Chemicals-For-Sale.jpg","type":"image\/jpeg"}],"twitter_card":"summary_large_image","twitter_misc":{"Odhadovan\u00e1 doba \u010dten\u00ed":"1 minuta"},"schema":{"@context":"https:\/\/schema.org","@graph":[{"@type":"WebPage","@id":"https:\/\/unkrautverkaufer.com\/product\/buy-adb-pinaca-powder-high-purity\/","url":"https:\/\/unkrautverkaufer.com\/product\/buy-adb-pinaca-powder-high-purity\/","name":"Buy ADB-Pinaca Powder High Purity - Cheap price, top quality","isPartOf":{"@id":"https:\/\/unkrautverkaufer.com\/#website"},"primaryImageOfPage":{"@id":"https:\/\/unkrautverkaufer.com\/product\/buy-adb-pinaca-powder-high-purity\/#primaryimage"},"image":{"@id":"https:\/\/unkrautverkaufer.com\/product\/buy-adb-pinaca-powder-high-purity\/#primaryimage"},"thumbnailUrl":"https:\/\/unkrautverkaufer.com\/wp-content\/uploads\/2025\/11\/Research-Chemicals-For-Sale.jpg","datePublished":"2025-11-17T16:23:56+00:00","dateModified":"2026-04-03T03:22:01+00:00","description":"Buy ADB-Pinaca Powder Online at an affordable price at stonersmeds. All products are lab qualified and have premium quality.","breadcrumb":{"@id":"https:\/\/unkrautverkaufer.com\/product\/buy-adb-pinaca-powder-high-purity\/#breadcrumb"},"inLanguage":"cs","potentialAction":[{"@type":"ReadAction","target":["https:\/\/unkrautverkaufer.com\/product\/buy-adb-pinaca-powder-high-purity\/"]}]},{"@type":"ImageObject","inLanguage":"cs","@id":"https:\/\/unkrautverkaufer.com\/product\/buy-adb-pinaca-powder-high-purity\/#primaryimage","url":"https:\/\/unkrautverkaufer.com\/wp-content\/uploads\/2025\/11\/Research-Chemicals-For-Sale.jpg","contentUrl":"https:\/\/unkrautverkaufer.com\/wp-content\/uploads\/2025\/11\/Research-Chemicals-For-Sale.jpg","width":600,"height":600},{"@type":"BreadcrumbList","@id":"https:\/\/unkrautverkaufer.com\/product\/buy-adb-pinaca-powder-high-purity\/#breadcrumb","itemListElement":[{"@type":"ListItem","position":1,"name":"Home","item":"https:\/\/unkrautverkaufer.com\/de_de\/"},{"@type":"ListItem","position":2,"name":"Shop","item":"https:\/\/unkrautverkaufer.com\/pl\/cannabis-kaufen\/"},{"@type":"ListItem","position":3,"name":"Buy ADB-Pinaca Powder High Purity"}]},{"@type":"WebSite","@id":"https:\/\/unkrautverkaufer.com\/#website","url":"https:\/\/unkrautverkaufer.com\/","name":"GRAS ONLINE KAUFEN DEUTSCHLAND","description":"Cannabis kaufen","publisher":{"@id":"https:\/\/unkrautverkaufer.com\/#organization"},"potentialAction":[{"@type":"SearchAction","target":{"@type":"EntryPoint","urlTemplate":"https:\/\/unkrautverkaufer.com\/?s={search_term_string}"},"query-input":{"@type":"PropertyValueSpecification","valueRequired":true,"valueName":"search_term_string"}}],"inLanguage":"cs"},{"@type":"Organization","@id":"https:\/\/unkrautverkaufer.com\/#organization","name":"GRAS ONLINE KAUFEN DEUTSCHLAND","url":"https:\/\/unkrautverkaufer.com\/","logo":{"@type":"ImageObject","inLanguage":"cs","@id":"https:\/\/unkrautverkaufer.com\/#\/schema\/logo\/image\/","url":"https:\/\/unkrautverkaufer.com\/wp-content\/uploads\/2021\/08\/logow.png","contentUrl":"https:\/\/unkrautverkaufer.com\/wp-content\/uploads\/2021\/08\/logow.png","width":300,"height":170,"caption":"GRAS ONLINE KAUFEN DEUTSCHLAND"},"image":{"@id":"https:\/\/unkrautverkaufer.com\/#\/schema\/logo\/image\/"}}]}},"_links":{"self":[{"href":"https:\/\/unkrautverkaufer.com\/cs\/wp-json\/wp\/v2\/product\/3416","targetHints":{"allow":["GET"]}}],"collection":[{"href":"https:\/\/unkrautverkaufer.com\/cs\/wp-json\/wp\/v2\/product"}],"about":[{"href":"https:\/\/unkrautverkaufer.com\/cs\/wp-json\/wp\/v2\/types\/product"}],"replies":[{"embeddable":true,"href":"https:\/\/unkrautverkaufer.com\/cs\/wp-json\/wp\/v2\/comments?post=3416"}],"wp:featuredmedia":[{"embeddable":true,"href":"https:\/\/unkrautverkaufer.com\/cs\/wp-json\/wp\/v2\/media\/3434"}],"wp:attachment":[{"href":"https:\/\/unkrautverkaufer.com\/cs\/wp-json\/wp\/v2\/media?parent=3416"}],"wp:term":[{"taxonomy":"product_brand","embeddable":true,"href":"https:\/\/unkrautverkaufer.com\/cs\/wp-json\/wp\/v2\/product_brand?post=3416"},{"taxonomy":"product_cat","embeddable":true,"href":"https:\/\/unkrautverkaufer.com\/cs\/wp-json\/wp\/v2\/product_cat?post=3416"},{"taxonomy":"product_tag","embeddable":true,"href":"https:\/\/unkrautverkaufer.com\/cs\/wp-json\/wp\/v2\/product_tag?post=3416"}],"curies":[{"name":"wp","href":"https:\/\/api.w.org\/{rel}","templated":true}]}}