{"id":3395,"date":"2025-11-17T16:23:38","date_gmt":"2025-11-17T16:23:38","guid":{"rendered":"https:\/\/unkrautverkaufer.com\/?post_type=product&#038;p=3395"},"modified":"2026-02-20T06:07:25","modified_gmt":"2026-02-20T06:07:25","slug":"buy-quality-al-lad-blotters","status":"publish","type":"product","link":"https:\/\/unkrautverkaufer.com\/cs\/product\/buy-quality-al-lad-blotters\/","title":{"rendered":"Buy Quality AL-LAD blotters"},"content":{"rendered":"<h1>Buy Quality AL-LAD blotters Cheap Online 150mcg AL-LAD blotters.<\/h1>\n<p><strong>What Is AL-LAD?<\/strong><\/p>\n<p>6-allyl-6-nor-LSD, more commonly known as AL-LAD, is a psychedelic drug with similar properties to LSD (lysergic acid diethylamide). It was first synthesized in 1976 and has become a popular drug in the \u2018research chemicals\u2019 and \u2018new psychoactive substances\u2019 market. AL-LAD produces a psychoactive \u201ctrip\u201d very comparable to an LSD trip.<\/p>\n<p>AL-LAD started being used recreationally in Ireland and the UK. It was featured in the 1997 book TIHKAL (Tryptamines I Have Known And Loved) by Alexander Shulgin. Consequently, the drug\u2019s popularity has spread internationally. Now, people all around the world are experimenting with the drug, including the United States.<\/p>\n<p>AL-LAD\u2019s legal status is a bit ambiguous. It is not scheduled as a <a href=\"https:\/\/stonersmeds.com\/product-tag\/is-baclofen-a-controlled-substance\/\">controlled substance<\/a> at the federal level in the U.S. However, it can be considered an analog of <a href=\"https:\/\/stonersmeds.com\/product-tag\/buy-mxe-united-states\/\">LSD<\/a> \u2014 meaning that sales or possession with intent for human consumption may result in prosecution under the Federal Analogue Act.<\/p>\n<p>AL-LAD trips mimic LSD trips in most ways. Users ingest the drug orally, often via <a href=\"https:\/\/stonersmeds.com\/product-tag\/lsd-blotter-paper-for-sale\/\">blotter papers<\/a>. Therefore, effects typically set in twenty minutes to one hour after consumption. Users will experience:<\/p>\n<p>Stimulation or increased energy<br \/>\nFeelings of euphoria<br \/>\nTingling or numbness in extremities<br \/>\nHeightened senses<br \/>\nVisual distortions<br \/>\nHallucinations<\/p>\n<p><strong>Possible adverse effects of AL-LAD use include:<\/strong><br \/>\nDifficulty thinking or focusing<br \/>\nIncreased heart rate<br \/>\nFluctuations in body temperature<br \/>\nNausea<br \/>\nDelusions<br \/>\nNegative thought loops<br \/>\nVasoconstriction (tightening of blood vessels)<br \/>\nSeizures<\/p>\n<p>LSD is one of the most researched psychedelic drugs. However, despite the label \u2018research drug,\u2019 there is very little actual scientific research into AL-LAD. This means that the list of short-term effects may not be comprehensive. In addition, there is little to no research on the long-term effects of the drug.<\/p>\n<p>Prolonged hallucinogen abuse may result in a number of adverse <a href=\"https:\/\/stonersmeds.com\/product-tag\/dormicum-7-5-mg-side-effects\/\">side effects<\/a>. Hallucinogen persisting perception disorder (HPPD) is an illness in which a person experiences spontaneous flashbacks of visual distortions or hallucinations. This chronic disorder has been reported in users of many hallucinogenics, including LSD, mushrooms, and DMT<\/p>\n<p>&nbsp;<\/p>\n<p>&nbsp;<\/p>\n<pre><strong>Buy Quality AL-LAD blotters Cheap Online - buy blotters Cheap , buy Quality AL-LAD blotters Cheap , buy AL-LAD blotters Cheap online, Where to Buy Quality AL-LAD blotters Cheap , Quality AL-LAD blotters Cheap for sale, AL-LAD blotters Cheap for sale, buy AL-LAD blotters online, where to Buy Quality AL-LAD blotters Cheap online, Quality AL-LAD blotters Cheap for sale in usa , USA, canada,uk, buy, online, suppliers, safe delivery, You can still get Quality AL-LAD blotters Cheap , Is Quality AL-LAD blotters Cheap legal in usa, buy Quality AL-LAD blotters Cheap online usa, how to order Quality AL-LAD blotters Cheap , Is Quality AL-LAD blotters Cheap legal in Canada<\/strong><\/pre>","protected":false},"excerpt":{"rendered":"<p>Buy Quality AL-LAD blotters Cheap Online. 6-allyl-6-nor-LSD is a psychedelic lysergamide also known as AL LAD (lysergic acid diethylamide). 150mcg AL-LAD blotters.<\/p>\n<p>Minimum Order is 15 blotters.<\/p>\n<pre><\/pre>","protected":false},"featured_media":3402,"comment_status":"open","ping_status":"closed","template":"","meta":[],"product_brand":[],"product_cat":[944],"product_tag":[1079,1080,1081,1082,1083,1084,1085,1086,1087,1088,1089,1090,1091,1092],"class_list":{"0":"post-3395","1":"product","2":"type-product","3":"status-publish","4":"has-post-thumbnail","6":"product_cat-psychedelic-drugs","7":"product_tag-1p-lsd-vendors","8":"product_tag-al-lad-for-sale","9":"product_tag-ald-52-sale","10":"product_tag-buy-al-lad-usa","11":"product_tag-buy-lysergamides","12":"product_tag-california-sunshine-lsd","13":"product_tag-lsd-analogues-for-sale","14":"product_tag-lsd-orange-sunshine","15":"product_tag-orange-barrel-lsd","16":"product_tag-orange-sunshine","17":"product_tag-orange-sunshine-acid","18":"product_tag-tryptamines-for-sale","19":"product_tag-where-to-buy-al-lad","20":"product_tag-yellow-sunshine-lsd","22":"first","23":"instock","24":"shipping-taxable","25":"purchasable","26":"product-type-variable"},"yoast_head":"<!-- This site is optimized with the Yoast SEO plugin v27.3 - https:\/\/yoast.com\/product\/yoast-seo-wordpress\/ -->\n<title>Buy Quality AL-LAD blotters - Cheap price, Highest quality<\/title>\n<meta name=\"description\" content=\"Buy Quality AL-LAD blotters Online at an affordable price at stonersmeds. All products are lab qualified and have premium quality.\" \/>\n<meta name=\"robots\" content=\"index, follow, max-snippet:-1, max-image-preview:large, max-video-preview:-1\" \/>\n<link rel=\"canonical\" href=\"https:\/\/unkrautverkaufer.com\/cs\/product\/qualitats-einzelne-blotters-billig-online-kaufen\/\" \/>\n<meta property=\"og:locale\" content=\"cs_CZ\" \/>\n<meta property=\"og:type\" content=\"article\" \/>\n<meta property=\"og:title\" content=\"Buy Quality AL-LAD blotters - Cheap price, Highest quality\" \/>\n<meta property=\"og:description\" content=\"Buy Quality AL-LAD blotters Online at an affordable price at stonersmeds. All products are lab qualified and have premium quality.\" \/>\n<meta property=\"og:url\" content=\"https:\/\/unkrautverkaufer.com\/cs\/product\/qualitats-einzelne-blotters-billig-online-kaufen\/\" \/>\n<meta property=\"og:site_name\" content=\"GRAS ONLINE KAUFEN DEUTSCHLAND\" \/>\n<meta property=\"article:modified_time\" content=\"2026-02-20T06:07:25+00:00\" \/>\n<meta property=\"og:image\" content=\"https:\/\/unkrautverkaufer.com\/wp-content\/uploads\/2025\/11\/Buy-Quality-AL-LAD-blotters-Cheap-Online.jpg\" \/>\n\t<meta property=\"og:image:width\" content=\"600\" \/>\n\t<meta property=\"og:image:height\" content=\"600\" \/>\n\t<meta property=\"og:image:type\" content=\"image\/jpeg\" \/>\n<meta name=\"twitter:card\" content=\"summary_large_image\" \/>\n<meta name=\"twitter:label1\" content=\"Odhadovan\u00e1 doba \u010dten\u00ed\" \/>\n\t<meta name=\"twitter:data1\" content=\"2 minuty\" \/>\n<script type=\"application\/ld+json\" class=\"yoast-schema-graph\">{\"@context\":\"https:\\\/\\\/schema.org\",\"@graph\":[{\"@type\":\"WebPage\",\"@id\":\"https:\\\/\\\/unkrautverkaufer.com\\\/product\\\/qualitats-einzelne-blotters-billig-online-kaufen\\\/\",\"url\":\"https:\\\/\\\/unkrautverkaufer.com\\\/product\\\/qualitats-einzelne-blotters-billig-online-kaufen\\\/\",\"name\":\"Buy Quality AL-LAD blotters - Cheap price, Highest quality\",\"isPartOf\":{\"@id\":\"https:\\\/\\\/unkrautverkaufer.com\\\/#website\"},\"primaryImageOfPage\":{\"@id\":\"https:\\\/\\\/unkrautverkaufer.com\\\/product\\\/qualitats-einzelne-blotters-billig-online-kaufen\\\/#primaryimage\"},\"image\":{\"@id\":\"https:\\\/\\\/unkrautverkaufer.com\\\/product\\\/qualitats-einzelne-blotters-billig-online-kaufen\\\/#primaryimage\"},\"thumbnailUrl\":\"https:\\\/\\\/unkrautverkaufer.com\\\/wp-content\\\/uploads\\\/2025\\\/11\\\/Buy-Quality-AL-LAD-blotters-Cheap-Online.jpg\",\"datePublished\":\"2025-11-17T16:23:38+00:00\",\"dateModified\":\"2026-02-20T06:07:25+00:00\",\"description\":\"Buy Quality AL-LAD blotters Online at an affordable price at stonersmeds. All products are lab qualified and have premium quality.\",\"breadcrumb\":{\"@id\":\"https:\\\/\\\/unkrautverkaufer.com\\\/product\\\/qualitats-einzelne-blotters-billig-online-kaufen\\\/#breadcrumb\"},\"inLanguage\":\"cs\",\"potentialAction\":[{\"@type\":\"ReadAction\",\"target\":[\"https:\\\/\\\/unkrautverkaufer.com\\\/product\\\/qualitats-einzelne-blotters-billig-online-kaufen\\\/\"]}]},{\"@type\":\"ImageObject\",\"inLanguage\":\"cs\",\"@id\":\"https:\\\/\\\/unkrautverkaufer.com\\\/product\\\/qualitats-einzelne-blotters-billig-online-kaufen\\\/#primaryimage\",\"url\":\"https:\\\/\\\/unkrautverkaufer.com\\\/wp-content\\\/uploads\\\/2025\\\/11\\\/Buy-Quality-AL-LAD-blotters-Cheap-Online.jpg\",\"contentUrl\":\"https:\\\/\\\/unkrautverkaufer.com\\\/wp-content\\\/uploads\\\/2025\\\/11\\\/Buy-Quality-AL-LAD-blotters-Cheap-Online.jpg\",\"width\":600,\"height\":600},{\"@type\":\"BreadcrumbList\",\"@id\":\"https:\\\/\\\/unkrautverkaufer.com\\\/product\\\/qualitats-einzelne-blotters-billig-online-kaufen\\\/#breadcrumb\",\"itemListElement\":[{\"@type\":\"ListItem\",\"position\":1,\"name\":\"Home\",\"item\":\"https:\\\/\\\/unkrautverkaufer.com\\\/de_de\\\/\"},{\"@type\":\"ListItem\",\"position\":2,\"name\":\"Shop\",\"item\":\"https:\\\/\\\/unkrautverkaufer.com\\\/pl\\\/cannabis-kaufen\\\/\"},{\"@type\":\"ListItem\",\"position\":3,\"name\":\"Buy Quality AL-LAD blotters\"}]},{\"@type\":\"WebSite\",\"@id\":\"https:\\\/\\\/unkrautverkaufer.com\\\/#website\",\"url\":\"https:\\\/\\\/unkrautverkaufer.com\\\/\",\"name\":\"GRAS ONLINE KAUFEN DEUTSCHLAND\",\"description\":\"Cannabis kaufen\",\"publisher\":{\"@id\":\"https:\\\/\\\/unkrautverkaufer.com\\\/#organization\"},\"potentialAction\":[{\"@type\":\"SearchAction\",\"target\":{\"@type\":\"EntryPoint\",\"urlTemplate\":\"https:\\\/\\\/unkrautverkaufer.com\\\/?s={search_term_string}\"},\"query-input\":{\"@type\":\"PropertyValueSpecification\",\"valueRequired\":true,\"valueName\":\"search_term_string\"}}],\"inLanguage\":\"cs\"},{\"@type\":\"Organization\",\"@id\":\"https:\\\/\\\/unkrautverkaufer.com\\\/#organization\",\"name\":\"GRAS ONLINE KAUFEN DEUTSCHLAND\",\"url\":\"https:\\\/\\\/unkrautverkaufer.com\\\/\",\"logo\":{\"@type\":\"ImageObject\",\"inLanguage\":\"cs\",\"@id\":\"https:\\\/\\\/unkrautverkaufer.com\\\/#\\\/schema\\\/logo\\\/image\\\/\",\"url\":\"https:\\\/\\\/unkrautverkaufer.com\\\/wp-content\\\/uploads\\\/2021\\\/08\\\/logow.png\",\"contentUrl\":\"https:\\\/\\\/unkrautverkaufer.com\\\/wp-content\\\/uploads\\\/2021\\\/08\\\/logow.png\",\"width\":300,\"height\":170,\"caption\":\"GRAS ONLINE KAUFEN DEUTSCHLAND\"},\"image\":{\"@id\":\"https:\\\/\\\/unkrautverkaufer.com\\\/#\\\/schema\\\/logo\\\/image\\\/\"}}]}<\/script>\n<!-- \/ Yoast SEO plugin. -->","yoast_head_json":{"title":"Buy Quality AL-LAD blotters - Cheap price, Highest quality","description":"Buy Quality AL-LAD blotters Online at an affordable price at stonersmeds. All products are lab qualified and have premium quality.","robots":{"index":"index","follow":"follow","max-snippet":"max-snippet:-1","max-image-preview":"max-image-preview:large","max-video-preview":"max-video-preview:-1"},"canonical":"https:\/\/unkrautverkaufer.com\/cs\/product\/qualitats-einzelne-blotters-billig-online-kaufen\/","og_locale":"cs_CZ","og_type":"article","og_title":"Buy Quality AL-LAD blotters - Cheap price, Highest quality","og_description":"Buy Quality AL-LAD blotters Online at an affordable price at stonersmeds. All products are lab qualified and have premium quality.","og_url":"https:\/\/unkrautverkaufer.com\/cs\/product\/qualitats-einzelne-blotters-billig-online-kaufen\/","og_site_name":"GRAS ONLINE KAUFEN DEUTSCHLAND","article_modified_time":"2026-02-20T06:07:25+00:00","og_image":[{"width":600,"height":600,"url":"https:\/\/unkrautverkaufer.com\/wp-content\/uploads\/2025\/11\/Buy-Quality-AL-LAD-blotters-Cheap-Online.jpg","type":"image\/jpeg"}],"twitter_card":"summary_large_image","twitter_misc":{"Odhadovan\u00e1 doba \u010dten\u00ed":"2 minuty"},"schema":{"@context":"https:\/\/schema.org","@graph":[{"@type":"WebPage","@id":"https:\/\/unkrautverkaufer.com\/product\/qualitats-einzelne-blotters-billig-online-kaufen\/","url":"https:\/\/unkrautverkaufer.com\/product\/qualitats-einzelne-blotters-billig-online-kaufen\/","name":"Buy Quality AL-LAD blotters - Cheap price, Highest quality","isPartOf":{"@id":"https:\/\/unkrautverkaufer.com\/#website"},"primaryImageOfPage":{"@id":"https:\/\/unkrautverkaufer.com\/product\/qualitats-einzelne-blotters-billig-online-kaufen\/#primaryimage"},"image":{"@id":"https:\/\/unkrautverkaufer.com\/product\/qualitats-einzelne-blotters-billig-online-kaufen\/#primaryimage"},"thumbnailUrl":"https:\/\/unkrautverkaufer.com\/wp-content\/uploads\/2025\/11\/Buy-Quality-AL-LAD-blotters-Cheap-Online.jpg","datePublished":"2025-11-17T16:23:38+00:00","dateModified":"2026-02-20T06:07:25+00:00","description":"Buy Quality AL-LAD blotters Online at an affordable price at stonersmeds. All products are lab qualified and have premium quality.","breadcrumb":{"@id":"https:\/\/unkrautverkaufer.com\/product\/qualitats-einzelne-blotters-billig-online-kaufen\/#breadcrumb"},"inLanguage":"cs","potentialAction":[{"@type":"ReadAction","target":["https:\/\/unkrautverkaufer.com\/product\/qualitats-einzelne-blotters-billig-online-kaufen\/"]}]},{"@type":"ImageObject","inLanguage":"cs","@id":"https:\/\/unkrautverkaufer.com\/product\/qualitats-einzelne-blotters-billig-online-kaufen\/#primaryimage","url":"https:\/\/unkrautverkaufer.com\/wp-content\/uploads\/2025\/11\/Buy-Quality-AL-LAD-blotters-Cheap-Online.jpg","contentUrl":"https:\/\/unkrautverkaufer.com\/wp-content\/uploads\/2025\/11\/Buy-Quality-AL-LAD-blotters-Cheap-Online.jpg","width":600,"height":600},{"@type":"BreadcrumbList","@id":"https:\/\/unkrautverkaufer.com\/product\/qualitats-einzelne-blotters-billig-online-kaufen\/#breadcrumb","itemListElement":[{"@type":"ListItem","position":1,"name":"Home","item":"https:\/\/unkrautverkaufer.com\/de_de\/"},{"@type":"ListItem","position":2,"name":"Shop","item":"https:\/\/unkrautverkaufer.com\/pl\/cannabis-kaufen\/"},{"@type":"ListItem","position":3,"name":"Buy Quality AL-LAD blotters"}]},{"@type":"WebSite","@id":"https:\/\/unkrautverkaufer.com\/#website","url":"https:\/\/unkrautverkaufer.com\/","name":"GRAS ONLINE KAUFEN DEUTSCHLAND","description":"Cannabis kaufen","publisher":{"@id":"https:\/\/unkrautverkaufer.com\/#organization"},"potentialAction":[{"@type":"SearchAction","target":{"@type":"EntryPoint","urlTemplate":"https:\/\/unkrautverkaufer.com\/?s={search_term_string}"},"query-input":{"@type":"PropertyValueSpecification","valueRequired":true,"valueName":"search_term_string"}}],"inLanguage":"cs"},{"@type":"Organization","@id":"https:\/\/unkrautverkaufer.com\/#organization","name":"GRAS ONLINE KAUFEN DEUTSCHLAND","url":"https:\/\/unkrautverkaufer.com\/","logo":{"@type":"ImageObject","inLanguage":"cs","@id":"https:\/\/unkrautverkaufer.com\/#\/schema\/logo\/image\/","url":"https:\/\/unkrautverkaufer.com\/wp-content\/uploads\/2021\/08\/logow.png","contentUrl":"https:\/\/unkrautverkaufer.com\/wp-content\/uploads\/2021\/08\/logow.png","width":300,"height":170,"caption":"GRAS ONLINE KAUFEN DEUTSCHLAND"},"image":{"@id":"https:\/\/unkrautverkaufer.com\/#\/schema\/logo\/image\/"}}]}},"_links":{"self":[{"href":"https:\/\/unkrautverkaufer.com\/cs\/wp-json\/wp\/v2\/product\/3395","targetHints":{"allow":["GET"]}}],"collection":[{"href":"https:\/\/unkrautverkaufer.com\/cs\/wp-json\/wp\/v2\/product"}],"about":[{"href":"https:\/\/unkrautverkaufer.com\/cs\/wp-json\/wp\/v2\/types\/product"}],"replies":[{"embeddable":true,"href":"https:\/\/unkrautverkaufer.com\/cs\/wp-json\/wp\/v2\/comments?post=3395"}],"wp:featuredmedia":[{"embeddable":true,"href":"https:\/\/unkrautverkaufer.com\/cs\/wp-json\/wp\/v2\/media\/3402"}],"wp:attachment":[{"href":"https:\/\/unkrautverkaufer.com\/cs\/wp-json\/wp\/v2\/media?parent=3395"}],"wp:term":[{"taxonomy":"product_brand","embeddable":true,"href":"https:\/\/unkrautverkaufer.com\/cs\/wp-json\/wp\/v2\/product_brand?post=3395"},{"taxonomy":"product_cat","embeddable":true,"href":"https:\/\/unkrautverkaufer.com\/cs\/wp-json\/wp\/v2\/product_cat?post=3395"},{"taxonomy":"product_tag","embeddable":true,"href":"https:\/\/unkrautverkaufer.com\/cs\/wp-json\/wp\/v2\/product_tag?post=3395"}],"curies":[{"name":"wp","href":"https:\/\/api.w.org\/{rel}","templated":true}]}}