{"id":3379,"date":"2025-11-17T16:23:37","date_gmt":"2025-11-17T16:23:37","guid":{"rendered":"https:\/\/unkrautverkaufer.com\/?post_type=product&#038;p=3379"},"modified":"2026-04-02T13:31:21","modified_gmt":"2026-04-02T13:31:21","slug":"buy-50mcg-lsd-tablets-online","status":"publish","type":"product","link":"https:\/\/unkrautverkaufer.com\/cs\/product\/koupit-50mcg-lsd-tablety-online\/","title":{"rendered":"Buy 50mcg LSD tablets online"},"content":{"rendered":"<h1>Buy 50mcg LSD tablets online.<\/h1>\n<p>Buy 50mcg LSD tablets online.<\/p>\n<p>Order LSD tablets or purchase LSD tablets online in our LSD tablets shop: If you want to buy LSD tablets with good Quality, don\u2019t look further you are at the right place. Our LSD tablets is the best on the market right now.<br \/>\nGeneric Name: Lysergic acid diethylamide<br \/>\nCommon or street names: LSD is sold under more than 80 street names including acid, blotter, cid, doses, dots and trips, as well as names that reflect the designs on the sheets of blotter paper (for example, \u201cpurple dragon\u201d)<\/p>\n<p>&nbsp;<\/p>\n<p>&nbsp;<\/p>\n<pre><strong>Buy 50mcg LSD tablets online - buy LSD tablets , buy 50mcg LSD tablets , buy 50mcg LSD online, Where to Buy 50mcg LSD tablets , 50mcg LSD tablets for sale, LSD tablets for sale, buy tablets online, where to Buy 50mcg LSD tablets online, 50mcg LSD tablets for sale in usa , USA, canada,uk, buy, online, suppliers, safe delivery, You can still get 50mcg LSD tablets , Is 50mcg LSD tablets legal in usa, buy 50mcg LSD tablets online usa, how to order 50mcg LSD tablets , Is 50mcg LSD tablets legal in Canada<\/strong><\/pre>","protected":false},"excerpt":{"rendered":"<p>Real 50mcg LSD tablets online \u2013 50mcg LSD tablets for sale | Buy LSD tablets online | Buy 50mcg LSD tablets for sale| Buy cheap 50mcg LSD tablets | Where to buy 50mcg LSD tablets online.<\/p>\n<pre><strong>Buy 50mcg LSD tablets online - buy LSD tablets , buy 50mcg LSD tablets , buy 50mcg LSD online, Where to Buy 50mcg LSD tablets , 50mcg LSD tablets for sale, LSD tablets for sale, buy tablets online, where to Buy 50mcg LSD tablets online, 50mcg LSD tablets for sale in usa , USA, canada,uk, buy, online, suppliers, safe delivery, You can still get 50mcg LSD tablets , Is 50mcg LSD tablets legal in usa, buy 50mcg LSD tablets online usa, how to order 50mcg LSD tablets , Is 50mcg LSD tablets legal in Canada<\/strong><\/pre>","protected":false},"featured_media":3399,"comment_status":"open","ping_status":"closed","template":"","meta":[],"product_brand":[],"product_cat":[1001],"product_tag":[],"class_list":{"0":"post-3379","1":"product","2":"type-product","3":"status-publish","4":"has-post-thumbnail","6":"product_cat-research-chemicals-and-bath-salt","8":"first","9":"instock","10":"shipping-taxable","11":"purchasable","12":"product-type-variable"},"yoast_head":"<!-- This site is optimized with the Yoast SEO plugin v27.3 - https:\/\/yoast.com\/product\/yoast-seo-wordpress\/ -->\n<title>Buy 50mcg LSD tablets online - Cheap price, top quality<\/title>\n<meta name=\"description\" content=\"Buy 50mcg LSD tablets Online at an affordable price at stonersmeds. All products are lab qualified and have premium quality.\" \/>\n<meta name=\"robots\" content=\"index, follow, max-snippet:-1, max-image-preview:large, max-video-preview:-1\" \/>\n<link rel=\"canonical\" href=\"https:\/\/unkrautverkaufer.com\/cs\/product\/50mcg-lsd-tabletten-online-kaufen\/\" \/>\n<meta property=\"og:locale\" content=\"cs_CZ\" \/>\n<meta property=\"og:type\" content=\"article\" \/>\n<meta property=\"og:title\" content=\"Buy 50mcg LSD tablets online - Cheap price, top quality\" \/>\n<meta property=\"og:description\" content=\"Buy 50mcg LSD tablets Online at an affordable price at stonersmeds. All products are lab qualified and have premium quality.\" \/>\n<meta property=\"og:url\" content=\"https:\/\/unkrautverkaufer.com\/cs\/product\/50mcg-lsd-tabletten-online-kaufen\/\" \/>\n<meta property=\"og:site_name\" content=\"GRAS ONLINE KAUFEN DEUTSCHLAND\" \/>\n<meta property=\"article:modified_time\" content=\"2026-04-02T13:31:21+00:00\" \/>\n<meta property=\"og:image\" content=\"https:\/\/unkrautverkaufer.com\/wp-content\/uploads\/2025\/11\/buy-50mcg-lsd-tablets-online.jpg\" \/>\n\t<meta property=\"og:image:width\" content=\"600\" \/>\n\t<meta property=\"og:image:height\" content=\"600\" \/>\n\t<meta property=\"og:image:type\" content=\"image\/jpeg\" \/>\n<meta name=\"twitter:card\" content=\"summary_large_image\" \/>\n<meta name=\"twitter:label1\" content=\"Odhadovan\u00e1 doba \u010dten\u00ed\" \/>\n\t<meta name=\"twitter:data1\" content=\"1 minuta\" \/>\n<script type=\"application\/ld+json\" class=\"yoast-schema-graph\">{\"@context\":\"https:\\\/\\\/schema.org\",\"@graph\":[{\"@type\":\"WebPage\",\"@id\":\"https:\\\/\\\/unkrautverkaufer.com\\\/product\\\/50mcg-lsd-tabletten-online-kaufen\\\/\",\"url\":\"https:\\\/\\\/unkrautverkaufer.com\\\/product\\\/50mcg-lsd-tabletten-online-kaufen\\\/\",\"name\":\"Buy 50mcg LSD tablets online - Cheap price, top quality\",\"isPartOf\":{\"@id\":\"https:\\\/\\\/unkrautverkaufer.com\\\/#website\"},\"primaryImageOfPage\":{\"@id\":\"https:\\\/\\\/unkrautverkaufer.com\\\/product\\\/50mcg-lsd-tabletten-online-kaufen\\\/#primaryimage\"},\"image\":{\"@id\":\"https:\\\/\\\/unkrautverkaufer.com\\\/product\\\/50mcg-lsd-tabletten-online-kaufen\\\/#primaryimage\"},\"thumbnailUrl\":\"https:\\\/\\\/unkrautverkaufer.com\\\/wp-content\\\/uploads\\\/2025\\\/11\\\/buy-50mcg-lsd-tablets-online.jpg\",\"datePublished\":\"2025-11-17T16:23:37+00:00\",\"dateModified\":\"2026-04-02T13:31:21+00:00\",\"description\":\"Buy 50mcg LSD tablets Online at an affordable price at stonersmeds. All products are lab qualified and have premium quality.\",\"breadcrumb\":{\"@id\":\"https:\\\/\\\/unkrautverkaufer.com\\\/product\\\/50mcg-lsd-tabletten-online-kaufen\\\/#breadcrumb\"},\"inLanguage\":\"cs\",\"potentialAction\":[{\"@type\":\"ReadAction\",\"target\":[\"https:\\\/\\\/unkrautverkaufer.com\\\/product\\\/50mcg-lsd-tabletten-online-kaufen\\\/\"]}]},{\"@type\":\"ImageObject\",\"inLanguage\":\"cs\",\"@id\":\"https:\\\/\\\/unkrautverkaufer.com\\\/product\\\/50mcg-lsd-tabletten-online-kaufen\\\/#primaryimage\",\"url\":\"https:\\\/\\\/unkrautverkaufer.com\\\/wp-content\\\/uploads\\\/2025\\\/11\\\/buy-50mcg-lsd-tablets-online.jpg\",\"contentUrl\":\"https:\\\/\\\/unkrautverkaufer.com\\\/wp-content\\\/uploads\\\/2025\\\/11\\\/buy-50mcg-lsd-tablets-online.jpg\",\"width\":600,\"height\":600},{\"@type\":\"BreadcrumbList\",\"@id\":\"https:\\\/\\\/unkrautverkaufer.com\\\/product\\\/50mcg-lsd-tabletten-online-kaufen\\\/#breadcrumb\",\"itemListElement\":[{\"@type\":\"ListItem\",\"position\":1,\"name\":\"Home\",\"item\":\"https:\\\/\\\/unkrautverkaufer.com\\\/de_de\\\/\"},{\"@type\":\"ListItem\",\"position\":2,\"name\":\"Shop\",\"item\":\"https:\\\/\\\/unkrautverkaufer.com\\\/pl\\\/cannabis-kaufen\\\/\"},{\"@type\":\"ListItem\",\"position\":3,\"name\":\"Buy 50mcg LSD tablets online\"}]},{\"@type\":\"WebSite\",\"@id\":\"https:\\\/\\\/unkrautverkaufer.com\\\/#website\",\"url\":\"https:\\\/\\\/unkrautverkaufer.com\\\/\",\"name\":\"GRAS ONLINE KAUFEN DEUTSCHLAND\",\"description\":\"Cannabis kaufen\",\"publisher\":{\"@id\":\"https:\\\/\\\/unkrautverkaufer.com\\\/#organization\"},\"potentialAction\":[{\"@type\":\"SearchAction\",\"target\":{\"@type\":\"EntryPoint\",\"urlTemplate\":\"https:\\\/\\\/unkrautverkaufer.com\\\/?s={search_term_string}\"},\"query-input\":{\"@type\":\"PropertyValueSpecification\",\"valueRequired\":true,\"valueName\":\"search_term_string\"}}],\"inLanguage\":\"cs\"},{\"@type\":\"Organization\",\"@id\":\"https:\\\/\\\/unkrautverkaufer.com\\\/#organization\",\"name\":\"GRAS ONLINE KAUFEN DEUTSCHLAND\",\"url\":\"https:\\\/\\\/unkrautverkaufer.com\\\/\",\"logo\":{\"@type\":\"ImageObject\",\"inLanguage\":\"cs\",\"@id\":\"https:\\\/\\\/unkrautverkaufer.com\\\/#\\\/schema\\\/logo\\\/image\\\/\",\"url\":\"https:\\\/\\\/unkrautverkaufer.com\\\/wp-content\\\/uploads\\\/2021\\\/08\\\/logow.png\",\"contentUrl\":\"https:\\\/\\\/unkrautverkaufer.com\\\/wp-content\\\/uploads\\\/2021\\\/08\\\/logow.png\",\"width\":300,\"height\":170,\"caption\":\"GRAS ONLINE KAUFEN DEUTSCHLAND\"},\"image\":{\"@id\":\"https:\\\/\\\/unkrautverkaufer.com\\\/#\\\/schema\\\/logo\\\/image\\\/\"}}]}<\/script>\n<!-- \/ Yoast SEO plugin. -->","yoast_head_json":{"title":"Buy 50mcg LSD tablets online - Cheap price, top quality","description":"Buy 50mcg LSD tablets Online at an affordable price at stonersmeds. All products are lab qualified and have premium quality.","robots":{"index":"index","follow":"follow","max-snippet":"max-snippet:-1","max-image-preview":"max-image-preview:large","max-video-preview":"max-video-preview:-1"},"canonical":"https:\/\/unkrautverkaufer.com\/cs\/product\/50mcg-lsd-tabletten-online-kaufen\/","og_locale":"cs_CZ","og_type":"article","og_title":"Buy 50mcg LSD tablets online - Cheap price, top quality","og_description":"Buy 50mcg LSD tablets Online at an affordable price at stonersmeds. All products are lab qualified and have premium quality.","og_url":"https:\/\/unkrautverkaufer.com\/cs\/product\/50mcg-lsd-tabletten-online-kaufen\/","og_site_name":"GRAS ONLINE KAUFEN DEUTSCHLAND","article_modified_time":"2026-04-02T13:31:21+00:00","og_image":[{"width":600,"height":600,"url":"https:\/\/unkrautverkaufer.com\/wp-content\/uploads\/2025\/11\/buy-50mcg-lsd-tablets-online.jpg","type":"image\/jpeg"}],"twitter_card":"summary_large_image","twitter_misc":{"Odhadovan\u00e1 doba \u010dten\u00ed":"1 minuta"},"schema":{"@context":"https:\/\/schema.org","@graph":[{"@type":"WebPage","@id":"https:\/\/unkrautverkaufer.com\/product\/50mcg-lsd-tabletten-online-kaufen\/","url":"https:\/\/unkrautverkaufer.com\/product\/50mcg-lsd-tabletten-online-kaufen\/","name":"Buy 50mcg LSD tablets online - Cheap price, top quality","isPartOf":{"@id":"https:\/\/unkrautverkaufer.com\/#website"},"primaryImageOfPage":{"@id":"https:\/\/unkrautverkaufer.com\/product\/50mcg-lsd-tabletten-online-kaufen\/#primaryimage"},"image":{"@id":"https:\/\/unkrautverkaufer.com\/product\/50mcg-lsd-tabletten-online-kaufen\/#primaryimage"},"thumbnailUrl":"https:\/\/unkrautverkaufer.com\/wp-content\/uploads\/2025\/11\/buy-50mcg-lsd-tablets-online.jpg","datePublished":"2025-11-17T16:23:37+00:00","dateModified":"2026-04-02T13:31:21+00:00","description":"Buy 50mcg LSD tablets Online at an affordable price at stonersmeds. All products are lab qualified and have premium quality.","breadcrumb":{"@id":"https:\/\/unkrautverkaufer.com\/product\/50mcg-lsd-tabletten-online-kaufen\/#breadcrumb"},"inLanguage":"cs","potentialAction":[{"@type":"ReadAction","target":["https:\/\/unkrautverkaufer.com\/product\/50mcg-lsd-tabletten-online-kaufen\/"]}]},{"@type":"ImageObject","inLanguage":"cs","@id":"https:\/\/unkrautverkaufer.com\/product\/50mcg-lsd-tabletten-online-kaufen\/#primaryimage","url":"https:\/\/unkrautverkaufer.com\/wp-content\/uploads\/2025\/11\/buy-50mcg-lsd-tablets-online.jpg","contentUrl":"https:\/\/unkrautverkaufer.com\/wp-content\/uploads\/2025\/11\/buy-50mcg-lsd-tablets-online.jpg","width":600,"height":600},{"@type":"BreadcrumbList","@id":"https:\/\/unkrautverkaufer.com\/product\/50mcg-lsd-tabletten-online-kaufen\/#breadcrumb","itemListElement":[{"@type":"ListItem","position":1,"name":"Home","item":"https:\/\/unkrautverkaufer.com\/de_de\/"},{"@type":"ListItem","position":2,"name":"Shop","item":"https:\/\/unkrautverkaufer.com\/pl\/cannabis-kaufen\/"},{"@type":"ListItem","position":3,"name":"Buy 50mcg LSD tablets online"}]},{"@type":"WebSite","@id":"https:\/\/unkrautverkaufer.com\/#website","url":"https:\/\/unkrautverkaufer.com\/","name":"GRAS ONLINE KAUFEN DEUTSCHLAND","description":"Cannabis kaufen","publisher":{"@id":"https:\/\/unkrautverkaufer.com\/#organization"},"potentialAction":[{"@type":"SearchAction","target":{"@type":"EntryPoint","urlTemplate":"https:\/\/unkrautverkaufer.com\/?s={search_term_string}"},"query-input":{"@type":"PropertyValueSpecification","valueRequired":true,"valueName":"search_term_string"}}],"inLanguage":"cs"},{"@type":"Organization","@id":"https:\/\/unkrautverkaufer.com\/#organization","name":"GRAS ONLINE KAUFEN DEUTSCHLAND","url":"https:\/\/unkrautverkaufer.com\/","logo":{"@type":"ImageObject","inLanguage":"cs","@id":"https:\/\/unkrautverkaufer.com\/#\/schema\/logo\/image\/","url":"https:\/\/unkrautverkaufer.com\/wp-content\/uploads\/2021\/08\/logow.png","contentUrl":"https:\/\/unkrautverkaufer.com\/wp-content\/uploads\/2021\/08\/logow.png","width":300,"height":170,"caption":"GRAS ONLINE KAUFEN DEUTSCHLAND"},"image":{"@id":"https:\/\/unkrautverkaufer.com\/#\/schema\/logo\/image\/"}}]}},"_links":{"self":[{"href":"https:\/\/unkrautverkaufer.com\/cs\/wp-json\/wp\/v2\/product\/3379","targetHints":{"allow":["GET"]}}],"collection":[{"href":"https:\/\/unkrautverkaufer.com\/cs\/wp-json\/wp\/v2\/product"}],"about":[{"href":"https:\/\/unkrautverkaufer.com\/cs\/wp-json\/wp\/v2\/types\/product"}],"replies":[{"embeddable":true,"href":"https:\/\/unkrautverkaufer.com\/cs\/wp-json\/wp\/v2\/comments?post=3379"}],"wp:featuredmedia":[{"embeddable":true,"href":"https:\/\/unkrautverkaufer.com\/cs\/wp-json\/wp\/v2\/media\/3399"}],"wp:attachment":[{"href":"https:\/\/unkrautverkaufer.com\/cs\/wp-json\/wp\/v2\/media?parent=3379"}],"wp:term":[{"taxonomy":"product_brand","embeddable":true,"href":"https:\/\/unkrautverkaufer.com\/cs\/wp-json\/wp\/v2\/product_brand?post=3379"},{"taxonomy":"product_cat","embeddable":true,"href":"https:\/\/unkrautverkaufer.com\/cs\/wp-json\/wp\/v2\/product_cat?post=3379"},{"taxonomy":"product_tag","embeddable":true,"href":"https:\/\/unkrautverkaufer.com\/cs\/wp-json\/wp\/v2\/product_tag?post=3379"}],"curies":[{"name":"wp","href":"https:\/\/api.w.org\/{rel}","templated":true}]}}