{"id":3366,"date":"2025-11-17T16:23:35","date_gmt":"2025-11-17T16:23:35","guid":{"rendered":"https:\/\/unkrautverkaufer.com\/?post_type=product&#038;p=3366"},"modified":"2026-04-03T19:31:23","modified_gmt":"2026-04-03T19:31:23","slug":"buy-5-methoxymethylone-powder-online","status":"publish","type":"product","link":"https:\/\/unkrautverkaufer.com\/cs\/product\/koupit-5-methoxymethylone-prasek-online\/","title":{"rendered":"Buy 5-Methoxymethylone powder online"},"content":{"rendered":"<h1>Buy 5-Methoxymethylone powder online.<\/h1>\n<p>2-A1MP, more commonly known as 5-methoxymethyl or hydrochloride and bk-MMDMA, is a compound of the cathinone class. This is a beta-ketone version of 5-methoxy-MDMA that has not been tested on animals. While many such drugs have names that match their molecular structure, this is rare because the name 2-A1MP has nothing to do with its structure.<\/p>\n<p>&nbsp;<\/p>\n<p>&nbsp;<\/p>\n<pre><strong>Buy 5-Methoxymethylone powder online - buy 5-Methoxymethylone , buy 5-Methoxymethylone powder , buy 5-Methoxymethylone online, Where to Buy 5-Methoxymethylone powder , 5-Methoxymethylone powder for sale, 5-Methoxymethylone for sale, buy powder online, where to Buy 5-Methoxymethylone powder online, 5-Methoxymethylone powder for sale in usa , USA, canada,uk, buy, online, suppliers, safe delivery, You can still get 5-Methoxymethylone powder , Is 5-Methoxymethylone powder legal in usa, buy 5-Methoxymethylone powder online usa, how to order 5-Methoxymethylone powder , Is 5-Methoxymethylone powder legal in Canada<\/strong><\/pre>","protected":false},"excerpt":{"rendered":"<p>Buy 5-Methoxymethylone powder online. Real 5-Methoxymethylone online \u2013 5-Methoxymethylone for sale | Buy 5-Methoxymethylone online | Buy 5-Methoxymethylone powder for sale| Buy cheap 5-Methoxymethylone powder | <a href=\"https:\/\/stonersmeds.com\/product-tag\/where-to-buy-metho-methadone-hcl-powder-online\/\">Where to buy 5-Methoxymethylone powder<\/a> online.<\/p>\n<pre><strong>Buy 5-Methoxymethylone powder online - buy 5-Methoxymethylone , buy 5-Methoxymethylone powder , buy 5-Methoxymethylone online, Where to Buy 5-Methoxymethylone powder , 5-Methoxymethylone powder for sale, 5-Methoxymethylone for sale, buy powder online, where to Buy 5-Methoxymethylone powder online, 5-Methoxymethylone powder for sale in usa , USA, canada,uk, buy, online, suppliers, safe delivery, You can still get 5-Methoxymethylone powder , Is 5-Methoxymethylone powder legal in usa, buy 5-Methoxymethylone powder online usa, how to order 5-Methoxymethylone powder , Is 5-Methoxymethylone powder legal in Canada<\/strong><\/pre>","protected":false},"featured_media":3397,"comment_status":"closed","ping_status":"closed","template":"","meta":[],"product_brand":[],"product_cat":[1001],"product_tag":[1049,1050,1051,1052,1053,1054,1055,1056,1057,1058],"class_list":{"0":"post-3366","1":"product","2":"type-product","3":"status-publish","4":"has-post-thumbnail","6":"product_cat-research-chemicals-and-bath-salt","7":"product_tag-4-methyl-ephedrone","8":"product_tag-4-methylmethcathinone","9":"product_tag-4-mmc","10":"product_tag-drone","11":"product_tag-m-cat","12":"product_tag-meow-meow","13":"product_tag-mephedrone-buy","14":"product_tag-mephedrone-online","15":"product_tag-mephedrone-powder","16":"product_tag-white-magic","18":"first","19":"instock","20":"shipping-taxable","21":"purchasable","22":"product-type-variable"},"yoast_head":"<!-- This site is optimized with the Yoast SEO plugin v27.3 - https:\/\/yoast.com\/product\/yoast-seo-wordpress\/ -->\n<title>Buy 5-Methoxymethylone powder online - Cheap price, top quality<\/title>\n<meta name=\"description\" content=\"Buy 5-Methoxymethylone powder Online at an affordable price at stonersmeds. All products are lab qualified and have premium quality.\" \/>\n<meta name=\"robots\" content=\"index, follow, max-snippet:-1, max-image-preview:large, max-video-preview:-1\" \/>\n<link rel=\"canonical\" href=\"https:\/\/unkrautverkaufer.com\/cs\/product\/5-methoxymethylon-pulver-online-kaufen\/\" \/>\n<meta property=\"og:locale\" content=\"cs_CZ\" \/>\n<meta property=\"og:type\" content=\"article\" \/>\n<meta property=\"og:title\" content=\"Buy 5-Methoxymethylone powder online - Cheap price, top quality\" \/>\n<meta property=\"og:description\" content=\"Buy 5-Methoxymethylone powder Online at an affordable price at stonersmeds. All products are lab qualified and have premium quality.\" \/>\n<meta property=\"og:url\" content=\"https:\/\/unkrautverkaufer.com\/cs\/product\/5-methoxymethylon-pulver-online-kaufen\/\" \/>\n<meta property=\"og:site_name\" content=\"GRAS ONLINE KAUFEN DEUTSCHLAND\" \/>\n<meta property=\"article:modified_time\" content=\"2026-04-03T19:31:23+00:00\" \/>\n<meta property=\"og:image\" content=\"https:\/\/unkrautverkaufer.com\/wp-content\/uploads\/2025\/11\/buy-5-methoxymethylone-powder-online.jpg\" \/>\n\t<meta property=\"og:image:width\" content=\"600\" \/>\n\t<meta property=\"og:image:height\" content=\"600\" \/>\n\t<meta property=\"og:image:type\" content=\"image\/jpeg\" \/>\n<meta name=\"twitter:card\" content=\"summary_large_image\" \/>\n<meta name=\"twitter:label1\" content=\"Odhadovan\u00e1 doba \u010dten\u00ed\" \/>\n\t<meta name=\"twitter:data1\" content=\"1 minuta\" \/>\n<script type=\"application\/ld+json\" class=\"yoast-schema-graph\">{\"@context\":\"https:\\\/\\\/schema.org\",\"@graph\":[{\"@type\":\"WebPage\",\"@id\":\"https:\\\/\\\/unkrautverkaufer.com\\\/product\\\/5-methoxymethylon-pulver-online-kaufen\\\/\",\"url\":\"https:\\\/\\\/unkrautverkaufer.com\\\/product\\\/5-methoxymethylon-pulver-online-kaufen\\\/\",\"name\":\"Buy 5-Methoxymethylone powder online - Cheap price, top quality\",\"isPartOf\":{\"@id\":\"https:\\\/\\\/unkrautverkaufer.com\\\/#website\"},\"primaryImageOfPage\":{\"@id\":\"https:\\\/\\\/unkrautverkaufer.com\\\/product\\\/5-methoxymethylon-pulver-online-kaufen\\\/#primaryimage\"},\"image\":{\"@id\":\"https:\\\/\\\/unkrautverkaufer.com\\\/product\\\/5-methoxymethylon-pulver-online-kaufen\\\/#primaryimage\"},\"thumbnailUrl\":\"https:\\\/\\\/unkrautverkaufer.com\\\/wp-content\\\/uploads\\\/2025\\\/11\\\/buy-5-methoxymethylone-powder-online.jpg\",\"datePublished\":\"2025-11-17T16:23:35+00:00\",\"dateModified\":\"2026-04-03T19:31:23+00:00\",\"description\":\"Buy 5-Methoxymethylone powder Online at an affordable price at stonersmeds. All products are lab qualified and have premium quality.\",\"breadcrumb\":{\"@id\":\"https:\\\/\\\/unkrautverkaufer.com\\\/product\\\/5-methoxymethylon-pulver-online-kaufen\\\/#breadcrumb\"},\"inLanguage\":\"cs\",\"potentialAction\":[{\"@type\":\"ReadAction\",\"target\":[\"https:\\\/\\\/unkrautverkaufer.com\\\/product\\\/5-methoxymethylon-pulver-online-kaufen\\\/\"]}]},{\"@type\":\"ImageObject\",\"inLanguage\":\"cs\",\"@id\":\"https:\\\/\\\/unkrautverkaufer.com\\\/product\\\/5-methoxymethylon-pulver-online-kaufen\\\/#primaryimage\",\"url\":\"https:\\\/\\\/unkrautverkaufer.com\\\/wp-content\\\/uploads\\\/2025\\\/11\\\/buy-5-methoxymethylone-powder-online.jpg\",\"contentUrl\":\"https:\\\/\\\/unkrautverkaufer.com\\\/wp-content\\\/uploads\\\/2025\\\/11\\\/buy-5-methoxymethylone-powder-online.jpg\",\"width\":600,\"height\":600},{\"@type\":\"BreadcrumbList\",\"@id\":\"https:\\\/\\\/unkrautverkaufer.com\\\/product\\\/5-methoxymethylon-pulver-online-kaufen\\\/#breadcrumb\",\"itemListElement\":[{\"@type\":\"ListItem\",\"position\":1,\"name\":\"Home\",\"item\":\"https:\\\/\\\/unkrautverkaufer.com\\\/de_de\\\/\"},{\"@type\":\"ListItem\",\"position\":2,\"name\":\"Shop\",\"item\":\"https:\\\/\\\/unkrautverkaufer.com\\\/pl\\\/cannabis-kaufen\\\/\"},{\"@type\":\"ListItem\",\"position\":3,\"name\":\"Buy 5-Methoxymethylone powder online\"}]},{\"@type\":\"WebSite\",\"@id\":\"https:\\\/\\\/unkrautverkaufer.com\\\/#website\",\"url\":\"https:\\\/\\\/unkrautverkaufer.com\\\/\",\"name\":\"GRAS ONLINE KAUFEN DEUTSCHLAND\",\"description\":\"Cannabis kaufen\",\"publisher\":{\"@id\":\"https:\\\/\\\/unkrautverkaufer.com\\\/#organization\"},\"potentialAction\":[{\"@type\":\"SearchAction\",\"target\":{\"@type\":\"EntryPoint\",\"urlTemplate\":\"https:\\\/\\\/unkrautverkaufer.com\\\/?s={search_term_string}\"},\"query-input\":{\"@type\":\"PropertyValueSpecification\",\"valueRequired\":true,\"valueName\":\"search_term_string\"}}],\"inLanguage\":\"cs\"},{\"@type\":\"Organization\",\"@id\":\"https:\\\/\\\/unkrautverkaufer.com\\\/#organization\",\"name\":\"GRAS ONLINE KAUFEN DEUTSCHLAND\",\"url\":\"https:\\\/\\\/unkrautverkaufer.com\\\/\",\"logo\":{\"@type\":\"ImageObject\",\"inLanguage\":\"cs\",\"@id\":\"https:\\\/\\\/unkrautverkaufer.com\\\/#\\\/schema\\\/logo\\\/image\\\/\",\"url\":\"https:\\\/\\\/unkrautverkaufer.com\\\/wp-content\\\/uploads\\\/2021\\\/08\\\/logow.png\",\"contentUrl\":\"https:\\\/\\\/unkrautverkaufer.com\\\/wp-content\\\/uploads\\\/2021\\\/08\\\/logow.png\",\"width\":300,\"height\":170,\"caption\":\"GRAS ONLINE KAUFEN DEUTSCHLAND\"},\"image\":{\"@id\":\"https:\\\/\\\/unkrautverkaufer.com\\\/#\\\/schema\\\/logo\\\/image\\\/\"}}]}<\/script>\n<!-- \/ Yoast SEO plugin. -->","yoast_head_json":{"title":"Buy 5-Methoxymethylone powder online - Cheap price, top quality","description":"Buy 5-Methoxymethylone powder Online at an affordable price at stonersmeds. All products are lab qualified and have premium quality.","robots":{"index":"index","follow":"follow","max-snippet":"max-snippet:-1","max-image-preview":"max-image-preview:large","max-video-preview":"max-video-preview:-1"},"canonical":"https:\/\/unkrautverkaufer.com\/cs\/product\/5-methoxymethylon-pulver-online-kaufen\/","og_locale":"cs_CZ","og_type":"article","og_title":"Buy 5-Methoxymethylone powder online - Cheap price, top quality","og_description":"Buy 5-Methoxymethylone powder Online at an affordable price at stonersmeds. All products are lab qualified and have premium quality.","og_url":"https:\/\/unkrautverkaufer.com\/cs\/product\/5-methoxymethylon-pulver-online-kaufen\/","og_site_name":"GRAS ONLINE KAUFEN DEUTSCHLAND","article_modified_time":"2026-04-03T19:31:23+00:00","og_image":[{"width":600,"height":600,"url":"https:\/\/unkrautverkaufer.com\/wp-content\/uploads\/2025\/11\/buy-5-methoxymethylone-powder-online.jpg","type":"image\/jpeg"}],"twitter_card":"summary_large_image","twitter_misc":{"Odhadovan\u00e1 doba \u010dten\u00ed":"1 minuta"},"schema":{"@context":"https:\/\/schema.org","@graph":[{"@type":"WebPage","@id":"https:\/\/unkrautverkaufer.com\/product\/5-methoxymethylon-pulver-online-kaufen\/","url":"https:\/\/unkrautverkaufer.com\/product\/5-methoxymethylon-pulver-online-kaufen\/","name":"Buy 5-Methoxymethylone powder online - Cheap price, top quality","isPartOf":{"@id":"https:\/\/unkrautverkaufer.com\/#website"},"primaryImageOfPage":{"@id":"https:\/\/unkrautverkaufer.com\/product\/5-methoxymethylon-pulver-online-kaufen\/#primaryimage"},"image":{"@id":"https:\/\/unkrautverkaufer.com\/product\/5-methoxymethylon-pulver-online-kaufen\/#primaryimage"},"thumbnailUrl":"https:\/\/unkrautverkaufer.com\/wp-content\/uploads\/2025\/11\/buy-5-methoxymethylone-powder-online.jpg","datePublished":"2025-11-17T16:23:35+00:00","dateModified":"2026-04-03T19:31:23+00:00","description":"Buy 5-Methoxymethylone powder Online at an affordable price at stonersmeds. All products are lab qualified and have premium quality.","breadcrumb":{"@id":"https:\/\/unkrautverkaufer.com\/product\/5-methoxymethylon-pulver-online-kaufen\/#breadcrumb"},"inLanguage":"cs","potentialAction":[{"@type":"ReadAction","target":["https:\/\/unkrautverkaufer.com\/product\/5-methoxymethylon-pulver-online-kaufen\/"]}]},{"@type":"ImageObject","inLanguage":"cs","@id":"https:\/\/unkrautverkaufer.com\/product\/5-methoxymethylon-pulver-online-kaufen\/#primaryimage","url":"https:\/\/unkrautverkaufer.com\/wp-content\/uploads\/2025\/11\/buy-5-methoxymethylone-powder-online.jpg","contentUrl":"https:\/\/unkrautverkaufer.com\/wp-content\/uploads\/2025\/11\/buy-5-methoxymethylone-powder-online.jpg","width":600,"height":600},{"@type":"BreadcrumbList","@id":"https:\/\/unkrautverkaufer.com\/product\/5-methoxymethylon-pulver-online-kaufen\/#breadcrumb","itemListElement":[{"@type":"ListItem","position":1,"name":"Home","item":"https:\/\/unkrautverkaufer.com\/de_de\/"},{"@type":"ListItem","position":2,"name":"Shop","item":"https:\/\/unkrautverkaufer.com\/pl\/cannabis-kaufen\/"},{"@type":"ListItem","position":3,"name":"Buy 5-Methoxymethylone powder online"}]},{"@type":"WebSite","@id":"https:\/\/unkrautverkaufer.com\/#website","url":"https:\/\/unkrautverkaufer.com\/","name":"GRAS ONLINE KAUFEN DEUTSCHLAND","description":"Cannabis kaufen","publisher":{"@id":"https:\/\/unkrautverkaufer.com\/#organization"},"potentialAction":[{"@type":"SearchAction","target":{"@type":"EntryPoint","urlTemplate":"https:\/\/unkrautverkaufer.com\/?s={search_term_string}"},"query-input":{"@type":"PropertyValueSpecification","valueRequired":true,"valueName":"search_term_string"}}],"inLanguage":"cs"},{"@type":"Organization","@id":"https:\/\/unkrautverkaufer.com\/#organization","name":"GRAS ONLINE KAUFEN DEUTSCHLAND","url":"https:\/\/unkrautverkaufer.com\/","logo":{"@type":"ImageObject","inLanguage":"cs","@id":"https:\/\/unkrautverkaufer.com\/#\/schema\/logo\/image\/","url":"https:\/\/unkrautverkaufer.com\/wp-content\/uploads\/2021\/08\/logow.png","contentUrl":"https:\/\/unkrautverkaufer.com\/wp-content\/uploads\/2021\/08\/logow.png","width":300,"height":170,"caption":"GRAS ONLINE KAUFEN DEUTSCHLAND"},"image":{"@id":"https:\/\/unkrautverkaufer.com\/#\/schema\/logo\/image\/"}}]}},"_links":{"self":[{"href":"https:\/\/unkrautverkaufer.com\/cs\/wp-json\/wp\/v2\/product\/3366","targetHints":{"allow":["GET"]}}],"collection":[{"href":"https:\/\/unkrautverkaufer.com\/cs\/wp-json\/wp\/v2\/product"}],"about":[{"href":"https:\/\/unkrautverkaufer.com\/cs\/wp-json\/wp\/v2\/types\/product"}],"replies":[{"embeddable":true,"href":"https:\/\/unkrautverkaufer.com\/cs\/wp-json\/wp\/v2\/comments?post=3366"}],"wp:featuredmedia":[{"embeddable":true,"href":"https:\/\/unkrautverkaufer.com\/cs\/wp-json\/wp\/v2\/media\/3397"}],"wp:attachment":[{"href":"https:\/\/unkrautverkaufer.com\/cs\/wp-json\/wp\/v2\/media?parent=3366"}],"wp:term":[{"taxonomy":"product_brand","embeddable":true,"href":"https:\/\/unkrautverkaufer.com\/cs\/wp-json\/wp\/v2\/product_brand?post=3366"},{"taxonomy":"product_cat","embeddable":true,"href":"https:\/\/unkrautverkaufer.com\/cs\/wp-json\/wp\/v2\/product_cat?post=3366"},{"taxonomy":"product_tag","embeddable":true,"href":"https:\/\/unkrautverkaufer.com\/cs\/wp-json\/wp\/v2\/product_tag?post=3366"}],"curies":[{"name":"wp","href":"https:\/\/api.w.org\/{rel}","templated":true}]}}