{"id":3353,"date":"2025-11-17T16:23:25","date_gmt":"2025-11-17T16:23:25","guid":{"rendered":"https:\/\/unkrautverkaufer.com\/?post_type=product&#038;p=3353"},"modified":"2026-04-03T19:11:07","modified_gmt":"2026-04-03T19:11:07","slug":"buy-quality-methoxetamine-mxe-powder-online","status":"publish","type":"product","link":"https:\/\/unkrautverkaufer.com\/cs\/product\/buy-quality-methoxetamine-mxe-powder-online\/","title":{"rendered":"Buy Quality Methoxetamine MXE powder online"},"content":{"rendered":"<h1>Buy Quality Methoxetamine MXE powder online.<\/h1>\n<p>Methoxetamine, condensed as MXE, is a dissociative stimulant that has been sold as a fashioner drug. It varies from numerous dissociatives, for example, ketamine and phencyclidine (PCP) that were created as drug drugs for use as broad sedatives in that it was intended for dark market dissemination. Purchase Methoxetamine Online<\/p>\n<p>MXE is accounted for to have a comparative impact to ketamine. It was frequently accepted to have narcotic properties because of its primary comparability to 3-HO-PCP,but this supposition that isn\u2019t upheld by information, which shows unimportant fondness for the \u00b5-narcotic receptor by the compound. Recreational utilization of MXE has been related with hospitalizations from high as well as joined utilization in the US and UK. Intense reversible cerebellar harmfulness has been archived in three instances of emergency clinic confirmation because of MXE overdose, going on for somewhere in the range of one and four days after presentation.<\/p>\n<p>MXE was planned partially trying to evade the urotoxicity related with ketamine misuse; it was figured the compound\u2019s expanded intensity and diminished portion would restrict the aggregation of urotoxic metabolites in the bladder.<\/p>\n<p>Like ketamine, MXE has been found to deliver bladder aggravation and fibrosis after high portion, persistent organization in mice (despite the fact that the measurements utilized were very enormous). Reports of urotoxicity in people presently can\u2019t seem to show up in the clinical writing. MXE available to be purchased on the web. k2 liquid incense for sale, k2 liquid herbal incense, k2 liquid incense<\/p>\n<p>The substance equation of Methoxetamine showed that the impacts of this synthetic compound may be fundamentally the same as of Ketamine and PCP. Its pharmacology can likewise incorporate dopamine reuptake hindrance by the dopamine carrier protein, which could give the compound upper and pain-relieving properties. buy mxe, mxe for sale, buy mxe online, methoxetamine for sale, where to buy mxe, mxe buy, order mxe online<\/p>\n<p>Kindly note that Methoxetamine can be concentrated uniquely under ideal lab conditions and that in vivo research including live living beings isn\u2019t permitted.<\/p>\n<p>&nbsp;<\/p>\n<pre><strong>Buy Quality Methoxetamine MXE powder online, - buy Quality Methoxetamine MXE powder , buy Quality Methoxetamine MXE powder usa , buy Quality Methoxetamine MXE powder online USA , Where to Buy Quality Methoxetamine MXE powder , Quality Methoxetamine MXE powder for sale, Quality Methoxetamine MXE powder for sale near me , buy Quality Methoxetamine MXE powder online near me , where to Buy Quality Methoxetamine MXE powder online , Quality Methoxetamine MXE powder for sale in usa , USA, canada,uk, buy, online, suppliers, safe delivery, You can still get Quality Methoxetamine MXE powder , Is Quality Methoxetamine MXE powder legal in usa, buy Quality Methoxetamine MXE powder online usa, how to order Quality Methoxetamine MXE powder , Is Quality Methoxetamine MXE powder legal in Canada<\/strong><\/pre>","protected":false},"excerpt":{"rendered":"<p><em>Buy Quality Methoxetamine MXE powder online<\/em>. Methoxetamine, condensed as MXE, is a dissociative stimulant that has been sold as a fashioner drug.<\/p>\n<p>MXE,\u00a0 Methoxetamine<br \/>\nForm: White Powder<br \/>\nPurity (HPCL): \u226598%<\/p>\n<pre><strong>Buy Quality Methoxetamine MXE powder online - buy Quality Methoxetamine MXE powder , buy Quality Methoxetamine MXE powder usa , buy Quality Methoxetamine MXE powder online USA , Where to Buy Quality Methoxetamine MXE powder , Quality Methoxetamine MXE powder for sale, Quality Methoxetamine MXE powder for sale near me , buy Quality Methoxetamine MXE powder online near me , where to Buy Quality Methoxetamine MXE powder online , Quality Methoxetamine MXE powder for sale in usa , USA, canada,uk, buy, online, suppliers, safe delivery, You can still get Quality Methoxetamine MXE powder , Is Quality Methoxetamine MXE powder legal in usa, buy Quality Methoxetamine MXE powder online usa, how to order Quality Methoxetamine MXE powder , Is Quality Methoxetamine MXE powder legal in Canada<\/strong><\/pre>","protected":false},"featured_media":3503,"comment_status":"open","ping_status":"closed","template":"","meta":[],"product_brand":[],"product_cat":[1001],"product_tag":[],"class_list":{"0":"post-3353","1":"product","2":"type-product","3":"status-publish","4":"has-post-thumbnail","6":"product_cat-research-chemicals-and-bath-salt","8":"first","9":"instock","10":"shipping-taxable","11":"purchasable","12":"product-type-variable"},"yoast_head":"<!-- This site is optimized with the Yoast SEO plugin v27.3 - https:\/\/yoast.com\/product\/yoast-seo-wordpress\/ -->\n<title>Buy Quality Methoxetamine MXE powder online - Cheap price, top quality<\/title>\n<meta name=\"description\" content=\"Buy Quality Methoxetamine MXE powder Online at an affordable price at stonersmeds. All products are lab qualified and have premium quality.\" \/>\n<meta name=\"robots\" content=\"index, follow, max-snippet:-1, max-image-preview:large, max-video-preview:-1\" \/>\n<link rel=\"canonical\" href=\"https:\/\/unkrautverkaufer.com\/cs\/product\/qualitats-methoxetamin-mxe-pulver-online-kaufen\/\" \/>\n<meta property=\"og:locale\" content=\"cs_CZ\" \/>\n<meta property=\"og:type\" content=\"article\" \/>\n<meta property=\"og:title\" content=\"Buy Quality Methoxetamine MXE powder online - Cheap price, top quality\" \/>\n<meta property=\"og:description\" content=\"Buy Quality Methoxetamine MXE powder Online at an affordable price at stonersmeds. All products are lab qualified and have premium quality.\" \/>\n<meta property=\"og:url\" content=\"https:\/\/unkrautverkaufer.com\/cs\/product\/qualitats-methoxetamin-mxe-pulver-online-kaufen\/\" \/>\n<meta property=\"og:site_name\" content=\"GRAS ONLINE KAUFEN DEUTSCHLAND\" \/>\n<meta property=\"article:modified_time\" content=\"2026-04-03T19:11:07+00:00\" \/>\n<meta property=\"og:image\" content=\"https:\/\/unkrautverkaufer.com\/wp-content\/uploads\/2025\/11\/buy-mexedrone-mxe-power-crystal-online.jpg\" \/>\n\t<meta property=\"og:image:width\" content=\"600\" \/>\n\t<meta property=\"og:image:height\" content=\"600\" \/>\n\t<meta property=\"og:image:type\" content=\"image\/jpeg\" \/>\n<meta name=\"twitter:card\" content=\"summary_large_image\" \/>\n<meta name=\"twitter:label1\" content=\"Odhadovan\u00e1 doba \u010dten\u00ed\" \/>\n\t<meta name=\"twitter:data1\" content=\"2 minuty\" \/>\n<script type=\"application\/ld+json\" class=\"yoast-schema-graph\">{\"@context\":\"https:\\\/\\\/schema.org\",\"@graph\":[{\"@type\":\"WebPage\",\"@id\":\"https:\\\/\\\/unkrautverkaufer.com\\\/product\\\/qualitats-methoxetamin-mxe-pulver-online-kaufen\\\/\",\"url\":\"https:\\\/\\\/unkrautverkaufer.com\\\/product\\\/qualitats-methoxetamin-mxe-pulver-online-kaufen\\\/\",\"name\":\"Buy Quality Methoxetamine MXE powder online - Cheap price, top quality\",\"isPartOf\":{\"@id\":\"https:\\\/\\\/unkrautverkaufer.com\\\/#website\"},\"primaryImageOfPage\":{\"@id\":\"https:\\\/\\\/unkrautverkaufer.com\\\/product\\\/qualitats-methoxetamin-mxe-pulver-online-kaufen\\\/#primaryimage\"},\"image\":{\"@id\":\"https:\\\/\\\/unkrautverkaufer.com\\\/product\\\/qualitats-methoxetamin-mxe-pulver-online-kaufen\\\/#primaryimage\"},\"thumbnailUrl\":\"https:\\\/\\\/unkrautverkaufer.com\\\/wp-content\\\/uploads\\\/2025\\\/11\\\/buy-mexedrone-mxe-power-crystal-online.jpg\",\"datePublished\":\"2025-11-17T16:23:25+00:00\",\"dateModified\":\"2026-04-03T19:11:07+00:00\",\"description\":\"Buy Quality Methoxetamine MXE powder Online at an affordable price at stonersmeds. All products are lab qualified and have premium quality.\",\"breadcrumb\":{\"@id\":\"https:\\\/\\\/unkrautverkaufer.com\\\/product\\\/qualitats-methoxetamin-mxe-pulver-online-kaufen\\\/#breadcrumb\"},\"inLanguage\":\"cs\",\"potentialAction\":[{\"@type\":\"ReadAction\",\"target\":[\"https:\\\/\\\/unkrautverkaufer.com\\\/product\\\/qualitats-methoxetamin-mxe-pulver-online-kaufen\\\/\"]}]},{\"@type\":\"ImageObject\",\"inLanguage\":\"cs\",\"@id\":\"https:\\\/\\\/unkrautverkaufer.com\\\/product\\\/qualitats-methoxetamin-mxe-pulver-online-kaufen\\\/#primaryimage\",\"url\":\"https:\\\/\\\/unkrautverkaufer.com\\\/wp-content\\\/uploads\\\/2025\\\/11\\\/buy-mexedrone-mxe-power-crystal-online.jpg\",\"contentUrl\":\"https:\\\/\\\/unkrautverkaufer.com\\\/wp-content\\\/uploads\\\/2025\\\/11\\\/buy-mexedrone-mxe-power-crystal-online.jpg\",\"width\":600,\"height\":600},{\"@type\":\"BreadcrumbList\",\"@id\":\"https:\\\/\\\/unkrautverkaufer.com\\\/product\\\/qualitats-methoxetamin-mxe-pulver-online-kaufen\\\/#breadcrumb\",\"itemListElement\":[{\"@type\":\"ListItem\",\"position\":1,\"name\":\"Home\",\"item\":\"https:\\\/\\\/unkrautverkaufer.com\\\/de_de\\\/\"},{\"@type\":\"ListItem\",\"position\":2,\"name\":\"Shop\",\"item\":\"https:\\\/\\\/unkrautverkaufer.com\\\/pl\\\/cannabis-kaufen\\\/\"},{\"@type\":\"ListItem\",\"position\":3,\"name\":\"Buy Quality Methoxetamine MXE powder online\"}]},{\"@type\":\"WebSite\",\"@id\":\"https:\\\/\\\/unkrautverkaufer.com\\\/#website\",\"url\":\"https:\\\/\\\/unkrautverkaufer.com\\\/\",\"name\":\"GRAS ONLINE KAUFEN DEUTSCHLAND\",\"description\":\"Cannabis kaufen\",\"publisher\":{\"@id\":\"https:\\\/\\\/unkrautverkaufer.com\\\/#organization\"},\"potentialAction\":[{\"@type\":\"SearchAction\",\"target\":{\"@type\":\"EntryPoint\",\"urlTemplate\":\"https:\\\/\\\/unkrautverkaufer.com\\\/?s={search_term_string}\"},\"query-input\":{\"@type\":\"PropertyValueSpecification\",\"valueRequired\":true,\"valueName\":\"search_term_string\"}}],\"inLanguage\":\"cs\"},{\"@type\":\"Organization\",\"@id\":\"https:\\\/\\\/unkrautverkaufer.com\\\/#organization\",\"name\":\"GRAS ONLINE KAUFEN DEUTSCHLAND\",\"url\":\"https:\\\/\\\/unkrautverkaufer.com\\\/\",\"logo\":{\"@type\":\"ImageObject\",\"inLanguage\":\"cs\",\"@id\":\"https:\\\/\\\/unkrautverkaufer.com\\\/#\\\/schema\\\/logo\\\/image\\\/\",\"url\":\"https:\\\/\\\/unkrautverkaufer.com\\\/wp-content\\\/uploads\\\/2021\\\/08\\\/logow.png\",\"contentUrl\":\"https:\\\/\\\/unkrautverkaufer.com\\\/wp-content\\\/uploads\\\/2021\\\/08\\\/logow.png\",\"width\":300,\"height\":170,\"caption\":\"GRAS ONLINE KAUFEN DEUTSCHLAND\"},\"image\":{\"@id\":\"https:\\\/\\\/unkrautverkaufer.com\\\/#\\\/schema\\\/logo\\\/image\\\/\"}}]}<\/script>\n<!-- \/ Yoast SEO plugin. -->","yoast_head_json":{"title":"Buy Quality Methoxetamine MXE powder online - Cheap price, top quality","description":"Buy Quality Methoxetamine MXE powder Online at an affordable price at stonersmeds. All products are lab qualified and have premium quality.","robots":{"index":"index","follow":"follow","max-snippet":"max-snippet:-1","max-image-preview":"max-image-preview:large","max-video-preview":"max-video-preview:-1"},"canonical":"https:\/\/unkrautverkaufer.com\/cs\/product\/qualitats-methoxetamin-mxe-pulver-online-kaufen\/","og_locale":"cs_CZ","og_type":"article","og_title":"Buy Quality Methoxetamine MXE powder online - Cheap price, top quality","og_description":"Buy Quality Methoxetamine MXE powder Online at an affordable price at stonersmeds. All products are lab qualified and have premium quality.","og_url":"https:\/\/unkrautverkaufer.com\/cs\/product\/qualitats-methoxetamin-mxe-pulver-online-kaufen\/","og_site_name":"GRAS ONLINE KAUFEN DEUTSCHLAND","article_modified_time":"2026-04-03T19:11:07+00:00","og_image":[{"width":600,"height":600,"url":"https:\/\/unkrautverkaufer.com\/wp-content\/uploads\/2025\/11\/buy-mexedrone-mxe-power-crystal-online.jpg","type":"image\/jpeg"}],"twitter_card":"summary_large_image","twitter_misc":{"Odhadovan\u00e1 doba \u010dten\u00ed":"2 minuty"},"schema":{"@context":"https:\/\/schema.org","@graph":[{"@type":"WebPage","@id":"https:\/\/unkrautverkaufer.com\/product\/qualitats-methoxetamin-mxe-pulver-online-kaufen\/","url":"https:\/\/unkrautverkaufer.com\/product\/qualitats-methoxetamin-mxe-pulver-online-kaufen\/","name":"Buy Quality Methoxetamine MXE powder online - Cheap price, top quality","isPartOf":{"@id":"https:\/\/unkrautverkaufer.com\/#website"},"primaryImageOfPage":{"@id":"https:\/\/unkrautverkaufer.com\/product\/qualitats-methoxetamin-mxe-pulver-online-kaufen\/#primaryimage"},"image":{"@id":"https:\/\/unkrautverkaufer.com\/product\/qualitats-methoxetamin-mxe-pulver-online-kaufen\/#primaryimage"},"thumbnailUrl":"https:\/\/unkrautverkaufer.com\/wp-content\/uploads\/2025\/11\/buy-mexedrone-mxe-power-crystal-online.jpg","datePublished":"2025-11-17T16:23:25+00:00","dateModified":"2026-04-03T19:11:07+00:00","description":"Buy Quality Methoxetamine MXE powder Online at an affordable price at stonersmeds. All products are lab qualified and have premium quality.","breadcrumb":{"@id":"https:\/\/unkrautverkaufer.com\/product\/qualitats-methoxetamin-mxe-pulver-online-kaufen\/#breadcrumb"},"inLanguage":"cs","potentialAction":[{"@type":"ReadAction","target":["https:\/\/unkrautverkaufer.com\/product\/qualitats-methoxetamin-mxe-pulver-online-kaufen\/"]}]},{"@type":"ImageObject","inLanguage":"cs","@id":"https:\/\/unkrautverkaufer.com\/product\/qualitats-methoxetamin-mxe-pulver-online-kaufen\/#primaryimage","url":"https:\/\/unkrautverkaufer.com\/wp-content\/uploads\/2025\/11\/buy-mexedrone-mxe-power-crystal-online.jpg","contentUrl":"https:\/\/unkrautverkaufer.com\/wp-content\/uploads\/2025\/11\/buy-mexedrone-mxe-power-crystal-online.jpg","width":600,"height":600},{"@type":"BreadcrumbList","@id":"https:\/\/unkrautverkaufer.com\/product\/qualitats-methoxetamin-mxe-pulver-online-kaufen\/#breadcrumb","itemListElement":[{"@type":"ListItem","position":1,"name":"Home","item":"https:\/\/unkrautverkaufer.com\/de_de\/"},{"@type":"ListItem","position":2,"name":"Shop","item":"https:\/\/unkrautverkaufer.com\/pl\/cannabis-kaufen\/"},{"@type":"ListItem","position":3,"name":"Buy Quality Methoxetamine MXE powder online"}]},{"@type":"WebSite","@id":"https:\/\/unkrautverkaufer.com\/#website","url":"https:\/\/unkrautverkaufer.com\/","name":"GRAS ONLINE KAUFEN DEUTSCHLAND","description":"Cannabis kaufen","publisher":{"@id":"https:\/\/unkrautverkaufer.com\/#organization"},"potentialAction":[{"@type":"SearchAction","target":{"@type":"EntryPoint","urlTemplate":"https:\/\/unkrautverkaufer.com\/?s={search_term_string}"},"query-input":{"@type":"PropertyValueSpecification","valueRequired":true,"valueName":"search_term_string"}}],"inLanguage":"cs"},{"@type":"Organization","@id":"https:\/\/unkrautverkaufer.com\/#organization","name":"GRAS ONLINE KAUFEN DEUTSCHLAND","url":"https:\/\/unkrautverkaufer.com\/","logo":{"@type":"ImageObject","inLanguage":"cs","@id":"https:\/\/unkrautverkaufer.com\/#\/schema\/logo\/image\/","url":"https:\/\/unkrautverkaufer.com\/wp-content\/uploads\/2021\/08\/logow.png","contentUrl":"https:\/\/unkrautverkaufer.com\/wp-content\/uploads\/2021\/08\/logow.png","width":300,"height":170,"caption":"GRAS ONLINE KAUFEN DEUTSCHLAND"},"image":{"@id":"https:\/\/unkrautverkaufer.com\/#\/schema\/logo\/image\/"}}]}},"_links":{"self":[{"href":"https:\/\/unkrautverkaufer.com\/cs\/wp-json\/wp\/v2\/product\/3353","targetHints":{"allow":["GET"]}}],"collection":[{"href":"https:\/\/unkrautverkaufer.com\/cs\/wp-json\/wp\/v2\/product"}],"about":[{"href":"https:\/\/unkrautverkaufer.com\/cs\/wp-json\/wp\/v2\/types\/product"}],"replies":[{"embeddable":true,"href":"https:\/\/unkrautverkaufer.com\/cs\/wp-json\/wp\/v2\/comments?post=3353"}],"wp:featuredmedia":[{"embeddable":true,"href":"https:\/\/unkrautverkaufer.com\/cs\/wp-json\/wp\/v2\/media\/3503"}],"wp:attachment":[{"href":"https:\/\/unkrautverkaufer.com\/cs\/wp-json\/wp\/v2\/media?parent=3353"}],"wp:term":[{"taxonomy":"product_brand","embeddable":true,"href":"https:\/\/unkrautverkaufer.com\/cs\/wp-json\/wp\/v2\/product_brand?post=3353"},{"taxonomy":"product_cat","embeddable":true,"href":"https:\/\/unkrautverkaufer.com\/cs\/wp-json\/wp\/v2\/product_cat?post=3353"},{"taxonomy":"product_tag","embeddable":true,"href":"https:\/\/unkrautverkaufer.com\/cs\/wp-json\/wp\/v2\/product_tag?post=3353"}],"curies":[{"name":"wp","href":"https:\/\/api.w.org\/{rel}","templated":true}]}}