{"id":3310,"date":"2025-11-17T16:23:12","date_gmt":"2025-11-17T16:23:12","guid":{"rendered":"https:\/\/unkrautverkaufer.com\/?post_type=product&#038;p=3310"},"modified":"2026-04-03T20:02:12","modified_gmt":"2026-04-03T20:02:12","slug":"buy-4-emc-4-ethylmethcathinone-powder-online","status":"publish","type":"product","link":"https:\/\/unkrautverkaufer.com\/cs\/product\/buy-4-emc-4-ethylmethcathinone-powder-online\/","title":{"rendered":"Buy 4-EMC 4-Ethylmethcathinone Powder Online"},"content":{"rendered":"<h1>Buy 4-EMC 4-Ethylmethcathinone Powder Online.<\/h1>\n<p>4-MEC is a chemical that has a chemical similarity to mephedrone. Due to its resemblance to mephedrone, it is considered a stimulant and entactogenic drug of the chemical class phenethylamine, amphetamine and cathinone. It is sold under the name \u201cNRG-2\u201d alone or in mixtures with other substituted cathinones, although other blends such as \u201cNRG-1\u201d may be more ambiguous with the ingredients.<\/p>\n<div><\/div>\n<div><\/div>\n<pre><strong>Buy 4-EMC 4-Ethylmethcathinone Powder Online - buy 4-EMC , buy 4-EMC 4-Ethylmethcathinone Powder near me , how to buy 4-EMC 4-Ethylmethcathinone Powder online, Where to Buy 4-EMC 4-Ethylmethcathinone Powder , 4-EMC 4-Ethylmethcathinone Powder for sale, 4-EMC 4-Ethylmethcathinone Powder for sale in usa, buy 4-EMC 4-Ethylmethcathinone Powder online now, where to Buy 4-EMC 4-Ethylmethcathinone Powder online, 4-EMC 4-Ethylmethcathinone Powder for sale in usa , USA, canada,uk, buy, online, suppliers, safe delivery, You can still get 4-EMC 4-Ethylmethcathinone Powder , Is 4-EMC 4-Ethylmethcathinone Powder legal in usa, buy 4-EMC 4-Ethylmethcathinone Powder online usa, how to order 4-EMC 4-Ethylmethcathinone Powder , Is 4-EMC 4-Ethylmethcathinone Powder in Canada<\/strong><\/pre>","protected":false},"excerpt":{"rendered":"<p>Buy 4-EMC 4-Ethylmethcathinone Powder Online.\u00a0It belongs to the class of stimulants and entactogens. It is a structural isomer of 4-MEC.<\/p>\n<pre><strong>Buy 4-EMC 4-Ethylmethcathinone Powder Online - buy 4-EMC , buy 4-EMC 4-Ethylmethcathinone Powder near me , how to buy 4-EMC 4-Ethylmethcathinone Powder online, Where to Buy 4-EMC 4-Ethylmethcathinone Powder , 4-EMC 4-Ethylmethcathinone Powder for sale, 4-EMC 4-Ethylmethcathinone Powder for sale in usa, buy 4-EMC 4-Ethylmethcathinone Powder online now, where to Buy 4-EMC 4-Ethylmethcathinone Powder online, 4-EMC 4-Ethylmethcathinone Powder for sale in usa , USA, canada,uk, buy, online, suppliers, safe delivery, You can still get 4-EMC 4-Ethylmethcathinone Powder , Is 4-EMC 4-Ethylmethcathinone Powder legal in usa, buy 4-EMC 4-Ethylmethcathinone Powder online usa, how to order 4-EMC 4-Ethylmethcathinone Powder , Is 4-EMC 4-Ethylmethcathinone Powder in Canada<\/strong><\/pre>","protected":false},"featured_media":3325,"comment_status":"open","ping_status":"closed","template":"","meta":[],"product_brand":[],"product_cat":[1001],"product_tag":[],"class_list":{"0":"post-3310","1":"product","2":"type-product","3":"status-publish","4":"has-post-thumbnail","6":"product_cat-research-chemicals-and-bath-salt","8":"first","9":"instock","10":"shipping-taxable","11":"purchasable","12":"product-type-variable"},"yoast_head":"<!-- This site is optimized with the Yoast SEO plugin v27.3 - https:\/\/yoast.com\/product\/yoast-seo-wordpress\/ -->\n<title>Buy 4-EMC 4-Ethylmethcathinone Powder Online - Cheap price, top quality<\/title>\n<meta name=\"description\" content=\"Buy 4-EMC Online at an affordable price at stonersmeds. All products are lab qualified and have premium quality.\" \/>\n<meta name=\"robots\" content=\"index, follow, max-snippet:-1, max-image-preview:large, max-video-preview:-1\" \/>\n<link rel=\"canonical\" href=\"https:\/\/unkrautverkaufer.com\/cs\/product\/kaufen-4-emc-4-ethylmethcathinon-pulver-online\/\" \/>\n<meta property=\"og:locale\" content=\"cs_CZ\" \/>\n<meta property=\"og:type\" content=\"article\" \/>\n<meta property=\"og:title\" content=\"Buy 4-EMC 4-Ethylmethcathinone Powder Online - Cheap price, top quality\" \/>\n<meta property=\"og:description\" content=\"Buy 4-EMC Online at an affordable price at stonersmeds. All products are lab qualified and have premium quality.\" \/>\n<meta property=\"og:url\" content=\"https:\/\/unkrautverkaufer.com\/cs\/product\/kaufen-4-emc-4-ethylmethcathinon-pulver-online\/\" \/>\n<meta property=\"og:site_name\" content=\"GRAS ONLINE KAUFEN DEUTSCHLAND\" \/>\n<meta property=\"article:modified_time\" content=\"2026-04-03T20:02:12+00:00\" \/>\n<meta property=\"og:image\" content=\"https:\/\/unkrautverkaufer.com\/wp-content\/uploads\/2025\/11\/Buy-4-EMC-4-Ethylmethcathinone-Powder-Online.jpg\" \/>\n\t<meta property=\"og:image:width\" content=\"600\" \/>\n\t<meta property=\"og:image:height\" content=\"600\" \/>\n\t<meta property=\"og:image:type\" content=\"image\/jpeg\" \/>\n<meta name=\"twitter:card\" content=\"summary_large_image\" \/>\n<meta name=\"twitter:label1\" content=\"Odhadovan\u00e1 doba \u010dten\u00ed\" \/>\n\t<meta name=\"twitter:data1\" content=\"1 minuta\" \/>\n<script type=\"application\/ld+json\" class=\"yoast-schema-graph\">{\"@context\":\"https:\\\/\\\/schema.org\",\"@graph\":[{\"@type\":\"WebPage\",\"@id\":\"https:\\\/\\\/unkrautverkaufer.com\\\/product\\\/kaufen-4-emc-4-ethylmethcathinon-pulver-online\\\/\",\"url\":\"https:\\\/\\\/unkrautverkaufer.com\\\/product\\\/kaufen-4-emc-4-ethylmethcathinon-pulver-online\\\/\",\"name\":\"Buy 4-EMC 4-Ethylmethcathinone Powder Online - Cheap price, top quality\",\"isPartOf\":{\"@id\":\"https:\\\/\\\/unkrautverkaufer.com\\\/#website\"},\"primaryImageOfPage\":{\"@id\":\"https:\\\/\\\/unkrautverkaufer.com\\\/product\\\/kaufen-4-emc-4-ethylmethcathinon-pulver-online\\\/#primaryimage\"},\"image\":{\"@id\":\"https:\\\/\\\/unkrautverkaufer.com\\\/product\\\/kaufen-4-emc-4-ethylmethcathinon-pulver-online\\\/#primaryimage\"},\"thumbnailUrl\":\"https:\\\/\\\/unkrautverkaufer.com\\\/wp-content\\\/uploads\\\/2025\\\/11\\\/Buy-4-EMC-4-Ethylmethcathinone-Powder-Online.jpg\",\"datePublished\":\"2025-11-17T16:23:12+00:00\",\"dateModified\":\"2026-04-03T20:02:12+00:00\",\"description\":\"Buy 4-EMC Online at an affordable price at stonersmeds. All products are lab qualified and have premium quality.\",\"breadcrumb\":{\"@id\":\"https:\\\/\\\/unkrautverkaufer.com\\\/product\\\/kaufen-4-emc-4-ethylmethcathinon-pulver-online\\\/#breadcrumb\"},\"inLanguage\":\"cs\",\"potentialAction\":[{\"@type\":\"ReadAction\",\"target\":[\"https:\\\/\\\/unkrautverkaufer.com\\\/product\\\/kaufen-4-emc-4-ethylmethcathinon-pulver-online\\\/\"]}]},{\"@type\":\"ImageObject\",\"inLanguage\":\"cs\",\"@id\":\"https:\\\/\\\/unkrautverkaufer.com\\\/product\\\/kaufen-4-emc-4-ethylmethcathinon-pulver-online\\\/#primaryimage\",\"url\":\"https:\\\/\\\/unkrautverkaufer.com\\\/wp-content\\\/uploads\\\/2025\\\/11\\\/Buy-4-EMC-4-Ethylmethcathinone-Powder-Online.jpg\",\"contentUrl\":\"https:\\\/\\\/unkrautverkaufer.com\\\/wp-content\\\/uploads\\\/2025\\\/11\\\/Buy-4-EMC-4-Ethylmethcathinone-Powder-Online.jpg\",\"width\":600,\"height\":600},{\"@type\":\"BreadcrumbList\",\"@id\":\"https:\\\/\\\/unkrautverkaufer.com\\\/product\\\/kaufen-4-emc-4-ethylmethcathinon-pulver-online\\\/#breadcrumb\",\"itemListElement\":[{\"@type\":\"ListItem\",\"position\":1,\"name\":\"Home\",\"item\":\"https:\\\/\\\/unkrautverkaufer.com\\\/de_de\\\/\"},{\"@type\":\"ListItem\",\"position\":2,\"name\":\"Shop\",\"item\":\"https:\\\/\\\/unkrautverkaufer.com\\\/pl\\\/cannabis-kaufen\\\/\"},{\"@type\":\"ListItem\",\"position\":3,\"name\":\"Buy 4-EMC 4-Ethylmethcathinone Powder Online\"}]},{\"@type\":\"WebSite\",\"@id\":\"https:\\\/\\\/unkrautverkaufer.com\\\/#website\",\"url\":\"https:\\\/\\\/unkrautverkaufer.com\\\/\",\"name\":\"GRAS ONLINE KAUFEN DEUTSCHLAND\",\"description\":\"Cannabis kaufen\",\"publisher\":{\"@id\":\"https:\\\/\\\/unkrautverkaufer.com\\\/#organization\"},\"potentialAction\":[{\"@type\":\"SearchAction\",\"target\":{\"@type\":\"EntryPoint\",\"urlTemplate\":\"https:\\\/\\\/unkrautverkaufer.com\\\/?s={search_term_string}\"},\"query-input\":{\"@type\":\"PropertyValueSpecification\",\"valueRequired\":true,\"valueName\":\"search_term_string\"}}],\"inLanguage\":\"cs\"},{\"@type\":\"Organization\",\"@id\":\"https:\\\/\\\/unkrautverkaufer.com\\\/#organization\",\"name\":\"GRAS ONLINE KAUFEN DEUTSCHLAND\",\"url\":\"https:\\\/\\\/unkrautverkaufer.com\\\/\",\"logo\":{\"@type\":\"ImageObject\",\"inLanguage\":\"cs\",\"@id\":\"https:\\\/\\\/unkrautverkaufer.com\\\/#\\\/schema\\\/logo\\\/image\\\/\",\"url\":\"https:\\\/\\\/unkrautverkaufer.com\\\/wp-content\\\/uploads\\\/2021\\\/08\\\/logow.png\",\"contentUrl\":\"https:\\\/\\\/unkrautverkaufer.com\\\/wp-content\\\/uploads\\\/2021\\\/08\\\/logow.png\",\"width\":300,\"height\":170,\"caption\":\"GRAS ONLINE KAUFEN DEUTSCHLAND\"},\"image\":{\"@id\":\"https:\\\/\\\/unkrautverkaufer.com\\\/#\\\/schema\\\/logo\\\/image\\\/\"}}]}<\/script>\n<!-- \/ Yoast SEO plugin. -->","yoast_head_json":{"title":"Buy 4-EMC 4-Ethylmethcathinone Powder Online - Cheap price, top quality","description":"Buy 4-EMC Online at an affordable price at stonersmeds. All products are lab qualified and have premium quality.","robots":{"index":"index","follow":"follow","max-snippet":"max-snippet:-1","max-image-preview":"max-image-preview:large","max-video-preview":"max-video-preview:-1"},"canonical":"https:\/\/unkrautverkaufer.com\/cs\/product\/kaufen-4-emc-4-ethylmethcathinon-pulver-online\/","og_locale":"cs_CZ","og_type":"article","og_title":"Buy 4-EMC 4-Ethylmethcathinone Powder Online - Cheap price, top quality","og_description":"Buy 4-EMC Online at an affordable price at stonersmeds. All products are lab qualified and have premium quality.","og_url":"https:\/\/unkrautverkaufer.com\/cs\/product\/kaufen-4-emc-4-ethylmethcathinon-pulver-online\/","og_site_name":"GRAS ONLINE KAUFEN DEUTSCHLAND","article_modified_time":"2026-04-03T20:02:12+00:00","og_image":[{"width":600,"height":600,"url":"https:\/\/unkrautverkaufer.com\/wp-content\/uploads\/2025\/11\/Buy-4-EMC-4-Ethylmethcathinone-Powder-Online.jpg","type":"image\/jpeg"}],"twitter_card":"summary_large_image","twitter_misc":{"Odhadovan\u00e1 doba \u010dten\u00ed":"1 minuta"},"schema":{"@context":"https:\/\/schema.org","@graph":[{"@type":"WebPage","@id":"https:\/\/unkrautverkaufer.com\/product\/kaufen-4-emc-4-ethylmethcathinon-pulver-online\/","url":"https:\/\/unkrautverkaufer.com\/product\/kaufen-4-emc-4-ethylmethcathinon-pulver-online\/","name":"Buy 4-EMC 4-Ethylmethcathinone Powder Online - Cheap price, top quality","isPartOf":{"@id":"https:\/\/unkrautverkaufer.com\/#website"},"primaryImageOfPage":{"@id":"https:\/\/unkrautverkaufer.com\/product\/kaufen-4-emc-4-ethylmethcathinon-pulver-online\/#primaryimage"},"image":{"@id":"https:\/\/unkrautverkaufer.com\/product\/kaufen-4-emc-4-ethylmethcathinon-pulver-online\/#primaryimage"},"thumbnailUrl":"https:\/\/unkrautverkaufer.com\/wp-content\/uploads\/2025\/11\/Buy-4-EMC-4-Ethylmethcathinone-Powder-Online.jpg","datePublished":"2025-11-17T16:23:12+00:00","dateModified":"2026-04-03T20:02:12+00:00","description":"Buy 4-EMC Online at an affordable price at stonersmeds. All products are lab qualified and have premium quality.","breadcrumb":{"@id":"https:\/\/unkrautverkaufer.com\/product\/kaufen-4-emc-4-ethylmethcathinon-pulver-online\/#breadcrumb"},"inLanguage":"cs","potentialAction":[{"@type":"ReadAction","target":["https:\/\/unkrautverkaufer.com\/product\/kaufen-4-emc-4-ethylmethcathinon-pulver-online\/"]}]},{"@type":"ImageObject","inLanguage":"cs","@id":"https:\/\/unkrautverkaufer.com\/product\/kaufen-4-emc-4-ethylmethcathinon-pulver-online\/#primaryimage","url":"https:\/\/unkrautverkaufer.com\/wp-content\/uploads\/2025\/11\/Buy-4-EMC-4-Ethylmethcathinone-Powder-Online.jpg","contentUrl":"https:\/\/unkrautverkaufer.com\/wp-content\/uploads\/2025\/11\/Buy-4-EMC-4-Ethylmethcathinone-Powder-Online.jpg","width":600,"height":600},{"@type":"BreadcrumbList","@id":"https:\/\/unkrautverkaufer.com\/product\/kaufen-4-emc-4-ethylmethcathinon-pulver-online\/#breadcrumb","itemListElement":[{"@type":"ListItem","position":1,"name":"Home","item":"https:\/\/unkrautverkaufer.com\/de_de\/"},{"@type":"ListItem","position":2,"name":"Shop","item":"https:\/\/unkrautverkaufer.com\/pl\/cannabis-kaufen\/"},{"@type":"ListItem","position":3,"name":"Buy 4-EMC 4-Ethylmethcathinone Powder Online"}]},{"@type":"WebSite","@id":"https:\/\/unkrautverkaufer.com\/#website","url":"https:\/\/unkrautverkaufer.com\/","name":"GRAS ONLINE KAUFEN DEUTSCHLAND","description":"Cannabis kaufen","publisher":{"@id":"https:\/\/unkrautverkaufer.com\/#organization"},"potentialAction":[{"@type":"SearchAction","target":{"@type":"EntryPoint","urlTemplate":"https:\/\/unkrautverkaufer.com\/?s={search_term_string}"},"query-input":{"@type":"PropertyValueSpecification","valueRequired":true,"valueName":"search_term_string"}}],"inLanguage":"cs"},{"@type":"Organization","@id":"https:\/\/unkrautverkaufer.com\/#organization","name":"GRAS ONLINE KAUFEN DEUTSCHLAND","url":"https:\/\/unkrautverkaufer.com\/","logo":{"@type":"ImageObject","inLanguage":"cs","@id":"https:\/\/unkrautverkaufer.com\/#\/schema\/logo\/image\/","url":"https:\/\/unkrautverkaufer.com\/wp-content\/uploads\/2021\/08\/logow.png","contentUrl":"https:\/\/unkrautverkaufer.com\/wp-content\/uploads\/2021\/08\/logow.png","width":300,"height":170,"caption":"GRAS ONLINE KAUFEN DEUTSCHLAND"},"image":{"@id":"https:\/\/unkrautverkaufer.com\/#\/schema\/logo\/image\/"}}]}},"_links":{"self":[{"href":"https:\/\/unkrautverkaufer.com\/cs\/wp-json\/wp\/v2\/product\/3310","targetHints":{"allow":["GET"]}}],"collection":[{"href":"https:\/\/unkrautverkaufer.com\/cs\/wp-json\/wp\/v2\/product"}],"about":[{"href":"https:\/\/unkrautverkaufer.com\/cs\/wp-json\/wp\/v2\/types\/product"}],"replies":[{"embeddable":true,"href":"https:\/\/unkrautverkaufer.com\/cs\/wp-json\/wp\/v2\/comments?post=3310"}],"wp:featuredmedia":[{"embeddable":true,"href":"https:\/\/unkrautverkaufer.com\/cs\/wp-json\/wp\/v2\/media\/3325"}],"wp:attachment":[{"href":"https:\/\/unkrautverkaufer.com\/cs\/wp-json\/wp\/v2\/media?parent=3310"}],"wp:term":[{"taxonomy":"product_brand","embeddable":true,"href":"https:\/\/unkrautverkaufer.com\/cs\/wp-json\/wp\/v2\/product_brand?post=3310"},{"taxonomy":"product_cat","embeddable":true,"href":"https:\/\/unkrautverkaufer.com\/cs\/wp-json\/wp\/v2\/product_cat?post=3310"},{"taxonomy":"product_tag","embeddable":true,"href":"https:\/\/unkrautverkaufer.com\/cs\/wp-json\/wp\/v2\/product_tag?post=3310"}],"curies":[{"name":"wp","href":"https:\/\/api.w.org\/{rel}","templated":true}]}}