{"id":3224,"date":"2025-11-17T16:22:42","date_gmt":"2025-11-17T16:22:42","guid":{"rendered":"https:\/\/unkrautverkaufer.com\/?post_type=product&#038;p=3224"},"modified":"2026-04-07T14:31:24","modified_gmt":"2026-04-07T14:31:24","slug":"buy-tramal-sr-100mg-pills-online","status":"publish","type":"product","link":"https:\/\/unkrautverkaufer.com\/cs\/product\/koupit-tramal-sr-100mg-pills-online\/","title":{"rendered":"Buy Tramal SR 100mg pills online"},"content":{"rendered":"<h1>Buy Tramal SR 100mg pills online<\/h1>\n<p>Tramal SR 100 mg tablet is a pain reliever (analgesic). It is used to relieve moderate to severe pain in the body. Each Tramal SR 100 mg tablet contains the active ingredient tramadol, an opioid analgesic. Buy Tramal SR 100 mg<\/p>\n<h2><strong>How effective is Tramal SR 100 mg?<\/strong><\/h2>\n<p>Tramal SR 100 mg tablet is a very potent and effective pain reliever. Used when other commonly used pain relievers are not effective in relieving pain. Tramal SR 100 mg is indicated for the treatment of moderate to severe pain, including pain following a serious injury, back pain, or postoperative pain. Buy <a href=\"https:\/\/www.nps.org.au\/medicine-finder\/tramal-sr-tablets\">Tramal SR<\/a> 100mg, It acts on pain receptors in the brain, preventing the transmission of pain signals and preventing your body from feeling pain. Buy Tramal SR 100 mg. <a href=\"https:\/\/stonersmeds.com\/product-category\/pain-sleeping-sex-pills\/\">Buy pain pills<\/a><\/p>\n<p>&nbsp;<\/p>\n<p>&nbsp;<\/p>\n<pre><strong>Buy Tramal SR 100mg pills online - buy Tramal SR , buy Tramal SR 100mg pills , buy Tramal SR online, Where to Buy Tramal SR 100mg pills , Tramal SR 100mg pills for sale, Tramal SR for sale, buy Tramal SR 100mg pills online, where to Buy Tramal SR 100mg pills online, Tramal SR 100mg pills for sale in usa , USA, canada,uk, buy, online, suppliers, safe delivery, You can still get Tramal SR 100mg pills , Is Tramal SR 100mg pills legal in usa, buy Tramal SR 100mg pills online usa, how to order Tramal SR 100mg pills , Is Tramal SR 100mg pills legal in Canada<\/strong><\/pre>","protected":false},"excerpt":{"rendered":"<p>Buy Tramal SR 100mg pills online.\u00a0Buy Tramadol Online Tramal SR 100mg without prescription at 80% less price than US pharmacies .<\/p>\n<pre><\/pre>","protected":false},"featured_media":3252,"comment_status":"open","ping_status":"closed","template":"","meta":[],"product_brand":[],"product_cat":[664,663,666,665],"product_tag":[961,962,963,964,965,966,967,968,969,970,971,972,973,974,975,976,977,978,979,980,981],"class_list":{"0":"post-3224","1":"product","2":"type-product","3":"status-publish","4":"has-post-thumbnail","6":"product_cat-pain-pills","7":"product_cat-pain-sleeping-sex-pills","8":"product_cat-sex-pills","9":"product_cat-sleeping-pills","10":"product_tag-how-strong-is-tramadol-50mg","11":"product_tag-medications-without-a-doctors-prescription","12":"product_tag-pain-medication-without-doctor-prescription","13":"product_tag-pil-tramadol-50mg-capsules","14":"product_tag-tramadol-100mg-for-sale","15":"product_tag-tramadol-50-mg-for-sale","16":"product_tag-tramadol-50-mg-tablets-uk","17":"product_tag-tramadol-capsules-for-sale-uk","18":"product_tag-tramadol-chemist-warehouse","19":"product_tag-tramadol-no-prior-prescription-overnight","20":"product_tag-tramadol-pain-meds-online-usa","21":"product_tag-tramadol-painkillers-for-sale","22":"product_tag-tramadol-tablets-50mg-to-buy","23":"product_tag-tramadol-tablets-buy-online","24":"product_tag-tramadol-tablets-for-sale","25":"product_tag-tramadol-tablets-for-sale-uk","26":"product_tag-tramadol-to-buy-uk","27":"product_tag-tramadol-uk-for-sale","28":"product_tag-tramadol-uk-online","29":"product_tag-tramadol-uk-to-buy","30":"product_tag-tramadol-us-to-us-shipping","32":"first","33":"instock","34":"shipping-taxable","35":"purchasable","36":"product-type-variable"},"yoast_head":"<!-- This site is optimized with the Yoast SEO plugin v27.3 - https:\/\/yoast.com\/product\/yoast-seo-wordpress\/ -->\n<title>Where to buy Tramal SR 100mg Without a Doctor Prescription<\/title>\n<meta name=\"description\" content=\"Buy Tramal SR 100mg Tablet is a pain-relief medication. It is used for the relief of moderate to severe pain in the body.\" \/>\n<meta name=\"robots\" content=\"index, follow, max-snippet:-1, max-image-preview:large, max-video-preview:-1\" \/>\n<link rel=\"canonical\" href=\"https:\/\/unkrautverkaufer.com\/cs\/product\/kaufen-tramal-sr-100mg-pillen-online\/\" \/>\n<meta property=\"og:locale\" content=\"cs_CZ\" \/>\n<meta property=\"og:type\" content=\"article\" \/>\n<meta property=\"og:title\" content=\"Where to buy Tramal SR 100mg Without a Doctor Prescription\" \/>\n<meta property=\"og:description\" content=\"Buy Tramal SR 100mg Tablet is a pain-relief medication. It is used for the relief of moderate to severe pain in the body.\" \/>\n<meta property=\"og:url\" content=\"https:\/\/unkrautverkaufer.com\/cs\/product\/kaufen-tramal-sr-100mg-pillen-online\/\" \/>\n<meta property=\"og:site_name\" content=\"GRAS ONLINE KAUFEN DEUTSCHLAND\" \/>\n<meta property=\"article:modified_time\" content=\"2026-04-07T14:31:24+00:00\" \/>\n<meta property=\"og:image\" content=\"https:\/\/unkrautverkaufer.com\/wp-content\/uploads\/2025\/11\/buy-tramal-sr-100mg-pills-online.jpg\" \/>\n\t<meta property=\"og:image:width\" content=\"600\" \/>\n\t<meta property=\"og:image:height\" content=\"600\" \/>\n\t<meta property=\"og:image:type\" content=\"image\/jpeg\" \/>\n<meta name=\"twitter:card\" content=\"summary_large_image\" \/>\n<meta name=\"twitter:label1\" content=\"Odhadovan\u00e1 doba \u010dten\u00ed\" \/>\n\t<meta name=\"twitter:data1\" content=\"2 minuty\" \/>\n<script type=\"application\/ld+json\" class=\"yoast-schema-graph\">{\"@context\":\"https:\\\/\\\/schema.org\",\"@graph\":[{\"@type\":\"WebPage\",\"@id\":\"https:\\\/\\\/unkrautverkaufer.com\\\/product\\\/kaufen-tramal-sr-100mg-pillen-online\\\/\",\"url\":\"https:\\\/\\\/unkrautverkaufer.com\\\/product\\\/kaufen-tramal-sr-100mg-pillen-online\\\/\",\"name\":\"Where to buy Tramal SR 100mg Without a Doctor Prescription\",\"isPartOf\":{\"@id\":\"https:\\\/\\\/unkrautverkaufer.com\\\/#website\"},\"primaryImageOfPage\":{\"@id\":\"https:\\\/\\\/unkrautverkaufer.com\\\/product\\\/kaufen-tramal-sr-100mg-pillen-online\\\/#primaryimage\"},\"image\":{\"@id\":\"https:\\\/\\\/unkrautverkaufer.com\\\/product\\\/kaufen-tramal-sr-100mg-pillen-online\\\/#primaryimage\"},\"thumbnailUrl\":\"https:\\\/\\\/unkrautverkaufer.com\\\/wp-content\\\/uploads\\\/2025\\\/11\\\/buy-tramal-sr-100mg-pills-online.jpg\",\"datePublished\":\"2025-11-17T16:22:42+00:00\",\"dateModified\":\"2026-04-07T14:31:24+00:00\",\"description\":\"Buy Tramal SR 100mg Tablet is a pain-relief medication. It is used for the relief of moderate to severe pain in the body.\",\"breadcrumb\":{\"@id\":\"https:\\\/\\\/unkrautverkaufer.com\\\/product\\\/kaufen-tramal-sr-100mg-pillen-online\\\/#breadcrumb\"},\"inLanguage\":\"cs\",\"potentialAction\":[{\"@type\":\"ReadAction\",\"target\":[\"https:\\\/\\\/unkrautverkaufer.com\\\/product\\\/kaufen-tramal-sr-100mg-pillen-online\\\/\"]}]},{\"@type\":\"ImageObject\",\"inLanguage\":\"cs\",\"@id\":\"https:\\\/\\\/unkrautverkaufer.com\\\/product\\\/kaufen-tramal-sr-100mg-pillen-online\\\/#primaryimage\",\"url\":\"https:\\\/\\\/unkrautverkaufer.com\\\/wp-content\\\/uploads\\\/2025\\\/11\\\/buy-tramal-sr-100mg-pills-online.jpg\",\"contentUrl\":\"https:\\\/\\\/unkrautverkaufer.com\\\/wp-content\\\/uploads\\\/2025\\\/11\\\/buy-tramal-sr-100mg-pills-online.jpg\",\"width\":600,\"height\":600},{\"@type\":\"BreadcrumbList\",\"@id\":\"https:\\\/\\\/unkrautverkaufer.com\\\/product\\\/kaufen-tramal-sr-100mg-pillen-online\\\/#breadcrumb\",\"itemListElement\":[{\"@type\":\"ListItem\",\"position\":1,\"name\":\"Home\",\"item\":\"https:\\\/\\\/unkrautverkaufer.com\\\/de_de\\\/\"},{\"@type\":\"ListItem\",\"position\":2,\"name\":\"Shop\",\"item\":\"https:\\\/\\\/unkrautverkaufer.com\\\/pl\\\/cannabis-kaufen\\\/\"},{\"@type\":\"ListItem\",\"position\":3,\"name\":\"Buy Tramal SR 100mg pills online\"}]},{\"@type\":\"WebSite\",\"@id\":\"https:\\\/\\\/unkrautverkaufer.com\\\/#website\",\"url\":\"https:\\\/\\\/unkrautverkaufer.com\\\/\",\"name\":\"GRAS ONLINE KAUFEN DEUTSCHLAND\",\"description\":\"Cannabis kaufen\",\"publisher\":{\"@id\":\"https:\\\/\\\/unkrautverkaufer.com\\\/#organization\"},\"potentialAction\":[{\"@type\":\"SearchAction\",\"target\":{\"@type\":\"EntryPoint\",\"urlTemplate\":\"https:\\\/\\\/unkrautverkaufer.com\\\/?s={search_term_string}\"},\"query-input\":{\"@type\":\"PropertyValueSpecification\",\"valueRequired\":true,\"valueName\":\"search_term_string\"}}],\"inLanguage\":\"cs\"},{\"@type\":\"Organization\",\"@id\":\"https:\\\/\\\/unkrautverkaufer.com\\\/#organization\",\"name\":\"GRAS ONLINE KAUFEN DEUTSCHLAND\",\"url\":\"https:\\\/\\\/unkrautverkaufer.com\\\/\",\"logo\":{\"@type\":\"ImageObject\",\"inLanguage\":\"cs\",\"@id\":\"https:\\\/\\\/unkrautverkaufer.com\\\/#\\\/schema\\\/logo\\\/image\\\/\",\"url\":\"https:\\\/\\\/unkrautverkaufer.com\\\/wp-content\\\/uploads\\\/2021\\\/08\\\/logow.png\",\"contentUrl\":\"https:\\\/\\\/unkrautverkaufer.com\\\/wp-content\\\/uploads\\\/2021\\\/08\\\/logow.png\",\"width\":300,\"height\":170,\"caption\":\"GRAS ONLINE KAUFEN DEUTSCHLAND\"},\"image\":{\"@id\":\"https:\\\/\\\/unkrautverkaufer.com\\\/#\\\/schema\\\/logo\\\/image\\\/\"}}]}<\/script>\n<!-- \/ Yoast SEO plugin. -->","yoast_head_json":{"title":"Where to buy Tramal SR 100mg Without a Doctor Prescription","description":"Buy Tramal SR 100mg Tablet is a pain-relief medication. It is used for the relief of moderate to severe pain in the body.","robots":{"index":"index","follow":"follow","max-snippet":"max-snippet:-1","max-image-preview":"max-image-preview:large","max-video-preview":"max-video-preview:-1"},"canonical":"https:\/\/unkrautverkaufer.com\/cs\/product\/kaufen-tramal-sr-100mg-pillen-online\/","og_locale":"cs_CZ","og_type":"article","og_title":"Where to buy Tramal SR 100mg Without a Doctor Prescription","og_description":"Buy Tramal SR 100mg Tablet is a pain-relief medication. It is used for the relief of moderate to severe pain in the body.","og_url":"https:\/\/unkrautverkaufer.com\/cs\/product\/kaufen-tramal-sr-100mg-pillen-online\/","og_site_name":"GRAS ONLINE KAUFEN DEUTSCHLAND","article_modified_time":"2026-04-07T14:31:24+00:00","og_image":[{"width":600,"height":600,"url":"https:\/\/unkrautverkaufer.com\/wp-content\/uploads\/2025\/11\/buy-tramal-sr-100mg-pills-online.jpg","type":"image\/jpeg"}],"twitter_card":"summary_large_image","twitter_misc":{"Odhadovan\u00e1 doba \u010dten\u00ed":"2 minuty"},"schema":{"@context":"https:\/\/schema.org","@graph":[{"@type":"WebPage","@id":"https:\/\/unkrautverkaufer.com\/product\/kaufen-tramal-sr-100mg-pillen-online\/","url":"https:\/\/unkrautverkaufer.com\/product\/kaufen-tramal-sr-100mg-pillen-online\/","name":"Where to buy Tramal SR 100mg Without a Doctor Prescription","isPartOf":{"@id":"https:\/\/unkrautverkaufer.com\/#website"},"primaryImageOfPage":{"@id":"https:\/\/unkrautverkaufer.com\/product\/kaufen-tramal-sr-100mg-pillen-online\/#primaryimage"},"image":{"@id":"https:\/\/unkrautverkaufer.com\/product\/kaufen-tramal-sr-100mg-pillen-online\/#primaryimage"},"thumbnailUrl":"https:\/\/unkrautverkaufer.com\/wp-content\/uploads\/2025\/11\/buy-tramal-sr-100mg-pills-online.jpg","datePublished":"2025-11-17T16:22:42+00:00","dateModified":"2026-04-07T14:31:24+00:00","description":"Buy Tramal SR 100mg Tablet is a pain-relief medication. It is used for the relief of moderate to severe pain in the body.","breadcrumb":{"@id":"https:\/\/unkrautverkaufer.com\/product\/kaufen-tramal-sr-100mg-pillen-online\/#breadcrumb"},"inLanguage":"cs","potentialAction":[{"@type":"ReadAction","target":["https:\/\/unkrautverkaufer.com\/product\/kaufen-tramal-sr-100mg-pillen-online\/"]}]},{"@type":"ImageObject","inLanguage":"cs","@id":"https:\/\/unkrautverkaufer.com\/product\/kaufen-tramal-sr-100mg-pillen-online\/#primaryimage","url":"https:\/\/unkrautverkaufer.com\/wp-content\/uploads\/2025\/11\/buy-tramal-sr-100mg-pills-online.jpg","contentUrl":"https:\/\/unkrautverkaufer.com\/wp-content\/uploads\/2025\/11\/buy-tramal-sr-100mg-pills-online.jpg","width":600,"height":600},{"@type":"BreadcrumbList","@id":"https:\/\/unkrautverkaufer.com\/product\/kaufen-tramal-sr-100mg-pillen-online\/#breadcrumb","itemListElement":[{"@type":"ListItem","position":1,"name":"Home","item":"https:\/\/unkrautverkaufer.com\/de_de\/"},{"@type":"ListItem","position":2,"name":"Shop","item":"https:\/\/unkrautverkaufer.com\/pl\/cannabis-kaufen\/"},{"@type":"ListItem","position":3,"name":"Buy Tramal SR 100mg pills online"}]},{"@type":"WebSite","@id":"https:\/\/unkrautverkaufer.com\/#website","url":"https:\/\/unkrautverkaufer.com\/","name":"GRAS ONLINE KAUFEN DEUTSCHLAND","description":"Cannabis kaufen","publisher":{"@id":"https:\/\/unkrautverkaufer.com\/#organization"},"potentialAction":[{"@type":"SearchAction","target":{"@type":"EntryPoint","urlTemplate":"https:\/\/unkrautverkaufer.com\/?s={search_term_string}"},"query-input":{"@type":"PropertyValueSpecification","valueRequired":true,"valueName":"search_term_string"}}],"inLanguage":"cs"},{"@type":"Organization","@id":"https:\/\/unkrautverkaufer.com\/#organization","name":"GRAS ONLINE KAUFEN DEUTSCHLAND","url":"https:\/\/unkrautverkaufer.com\/","logo":{"@type":"ImageObject","inLanguage":"cs","@id":"https:\/\/unkrautverkaufer.com\/#\/schema\/logo\/image\/","url":"https:\/\/unkrautverkaufer.com\/wp-content\/uploads\/2021\/08\/logow.png","contentUrl":"https:\/\/unkrautverkaufer.com\/wp-content\/uploads\/2021\/08\/logow.png","width":300,"height":170,"caption":"GRAS ONLINE KAUFEN DEUTSCHLAND"},"image":{"@id":"https:\/\/unkrautverkaufer.com\/#\/schema\/logo\/image\/"}}]}},"_links":{"self":[{"href":"https:\/\/unkrautverkaufer.com\/cs\/wp-json\/wp\/v2\/product\/3224","targetHints":{"allow":["GET"]}}],"collection":[{"href":"https:\/\/unkrautverkaufer.com\/cs\/wp-json\/wp\/v2\/product"}],"about":[{"href":"https:\/\/unkrautverkaufer.com\/cs\/wp-json\/wp\/v2\/types\/product"}],"replies":[{"embeddable":true,"href":"https:\/\/unkrautverkaufer.com\/cs\/wp-json\/wp\/v2\/comments?post=3224"}],"wp:featuredmedia":[{"embeddable":true,"href":"https:\/\/unkrautverkaufer.com\/cs\/wp-json\/wp\/v2\/media\/3252"}],"wp:attachment":[{"href":"https:\/\/unkrautverkaufer.com\/cs\/wp-json\/wp\/v2\/media?parent=3224"}],"wp:term":[{"taxonomy":"product_brand","embeddable":true,"href":"https:\/\/unkrautverkaufer.com\/cs\/wp-json\/wp\/v2\/product_brand?post=3224"},{"taxonomy":"product_cat","embeddable":true,"href":"https:\/\/unkrautverkaufer.com\/cs\/wp-json\/wp\/v2\/product_cat?post=3224"},{"taxonomy":"product_tag","embeddable":true,"href":"https:\/\/unkrautverkaufer.com\/cs\/wp-json\/wp\/v2\/product_tag?post=3224"}],"curies":[{"name":"wp","href":"https:\/\/api.w.org\/{rel}","templated":true}]}}