{"id":3127,"date":"2025-11-17T16:22:03","date_gmt":"2025-11-17T16:22:03","guid":{"rendered":"https:\/\/unkrautverkaufer.com\/?post_type=product&#038;p=3127"},"modified":"2026-04-18T03:21:16","modified_gmt":"2026-04-18T03:21:16","slug":"buy-magnus-mr-morphine-30mg-online","status":"publish","type":"product","link":"https:\/\/unkrautverkaufer.com\/cs\/product\/buy-magnus-mr-morphine-30mg-online\/","title":{"rendered":"Buy Magnus MR Morphine 30mg online"},"content":{"rendered":"<h1>Buy Magnus MR Morphine 30mg online.<\/h1>\n<p>Magnus is an opioid pain reliever. Opioids are sometimes referred to as drugs.<\/p>\n<p>Magnus is used to treat moderate to severe pain. If necessary, a short-acting formulation against pain is taken.<\/p>\n<p>The retarded form of Magnus is for everyday pain management. This form of Magnus is not suitable for use on pain.<\/p>\n<div><\/div>\n<div><\/div>\n<div><\/div>\n<pre><strong>Buy Magnus MR Morphine 30mg online - buy Magnus MR , buy Magnus MR Morphine 30mg , buy Magnus online, Where to Buy Magnus MR Morphine 30mg , Magnus MR Morphine 30mg for sale, Magnus MR for sale, buy Morphine 30mg online, where to Buy Magnus MR Morphine 30mg online, Magnus MR Morphine 30mg for sale in usa , USA, canada,uk, buy, online, suppliers, safe delivery, You can still get Magnus MR Morphine 30mg , Is Magnus MR Morphine 30mg legal in usa, buy Magnus MR Morphine 30mg online usa, how to order Magnus MR Morphine 30mg , Is Magnus MR Morphine 30mg legal in Canada<\/strong><\/pre>","protected":false},"excerpt":{"rendered":"<p>Buy Magnus MR Morphine 30mg online.\u00a0Morphine applies an agonist impact at saturable opioid receptors in the CNS and different tissues &amp; goes about as opioid pain relieving.<\/p>\n<pre><strong>Buy Magnus MR Morphine 30mg online - buy Magnus MR , buy Magnus MR Morphine 30mg , buy Magnus online, Where to Buy Magnus MR Morphine 30mg , Magnus MR Morphine 30mg for sale, Magnus MR for sale, buy Morphine 30mg online, where to Buy Magnus MR Morphine 30mg online, Magnus MR Morphine 30mg for sale in usa , USA, canada,uk, buy, online, suppliers, safe delivery, You can still get Magnus MR Morphine 30mg , Is Magnus MR Morphine 30mg legal in usa, buy Magnus MR Morphine 30mg online usa, how to order Magnus MR Morphine 30mg , Is Magnus MR Morphine 30mg legal in Canada<\/strong><\/pre>","protected":false},"featured_media":3147,"comment_status":"open","ping_status":"closed","template":"","meta":[],"product_brand":[],"product_cat":[664,663],"product_tag":[],"class_list":{"0":"post-3127","1":"product","2":"type-product","3":"status-publish","4":"has-post-thumbnail","6":"product_cat-pain-pills","7":"product_cat-pain-sleeping-sex-pills","9":"first","10":"instock","11":"shipping-taxable","12":"purchasable","13":"product-type-variable"},"yoast_head":"<!-- This site is optimized with the Yoast SEO plugin v27.4 - https:\/\/yoast.com\/product\/yoast-seo-wordpress\/ -->\n<title>Buy Magnus MR Morphine 30mg no prescription needed<\/title>\n<meta name=\"description\" content=\"Buy Magnus MR Morphine 30mg, Order safely &amp; maintain your privacy No prescription necessary Discreet standard shipping at Low prices.\" \/>\n<meta name=\"robots\" content=\"index, follow, max-snippet:-1, max-image-preview:large, max-video-preview:-1\" \/>\n<link rel=\"canonical\" href=\"https:\/\/unkrautverkaufer.com\/cs\/product\/kaufen-magnus-mr-morphin-30mg-online\/\" \/>\n<meta property=\"og:locale\" content=\"cs_CZ\" \/>\n<meta property=\"og:type\" content=\"article\" \/>\n<meta property=\"og:title\" content=\"Buy Magnus MR Morphine 30mg no prescription needed\" \/>\n<meta property=\"og:description\" content=\"Buy Magnus MR Morphine 30mg, Order safely &amp; maintain your privacy No prescription necessary Discreet standard shipping at Low prices.\" \/>\n<meta property=\"og:url\" content=\"https:\/\/unkrautverkaufer.com\/cs\/product\/kaufen-magnus-mr-morphin-30mg-online\/\" \/>\n<meta property=\"og:site_name\" content=\"GRAS ONLINE KAUFEN DEUTSCHLAND\" \/>\n<meta property=\"article:modified_time\" content=\"2026-04-18T03:21:16+00:00\" \/>\n<meta property=\"og:image\" content=\"https:\/\/unkrautverkaufer.com\/wp-content\/uploads\/2025\/11\/buy-magnus-mr-morphine-30mg-online.jpg\" \/>\n\t<meta property=\"og:image:width\" content=\"600\" \/>\n\t<meta property=\"og:image:height\" content=\"600\" \/>\n\t<meta property=\"og:image:type\" content=\"image\/jpeg\" \/>\n<meta name=\"twitter:card\" content=\"summary_large_image\" \/>\n<meta name=\"twitter:label1\" content=\"Odhadovan\u00e1 doba \u010dten\u00ed\" \/>\n\t<meta name=\"twitter:data1\" content=\"1 minuta\" \/>\n<script type=\"application\/ld+json\" class=\"yoast-schema-graph\">{\"@context\":\"https:\\\/\\\/schema.org\",\"@graph\":[{\"@type\":\"WebPage\",\"@id\":\"https:\\\/\\\/unkrautverkaufer.com\\\/product\\\/kaufen-magnus-mr-morphin-30mg-online\\\/\",\"url\":\"https:\\\/\\\/unkrautverkaufer.com\\\/product\\\/kaufen-magnus-mr-morphin-30mg-online\\\/\",\"name\":\"Buy Magnus MR Morphine 30mg no prescription needed\",\"isPartOf\":{\"@id\":\"https:\\\/\\\/unkrautverkaufer.com\\\/#website\"},\"primaryImageOfPage\":{\"@id\":\"https:\\\/\\\/unkrautverkaufer.com\\\/product\\\/kaufen-magnus-mr-morphin-30mg-online\\\/#primaryimage\"},\"image\":{\"@id\":\"https:\\\/\\\/unkrautverkaufer.com\\\/product\\\/kaufen-magnus-mr-morphin-30mg-online\\\/#primaryimage\"},\"thumbnailUrl\":\"https:\\\/\\\/unkrautverkaufer.com\\\/wp-content\\\/uploads\\\/2025\\\/11\\\/buy-magnus-mr-morphine-30mg-online.jpg\",\"datePublished\":\"2025-11-17T16:22:03+00:00\",\"dateModified\":\"2026-04-18T03:21:16+00:00\",\"description\":\"Buy Magnus MR Morphine 30mg, Order safely &amp; maintain your privacy No prescription necessary Discreet standard shipping at Low prices.\",\"breadcrumb\":{\"@id\":\"https:\\\/\\\/unkrautverkaufer.com\\\/product\\\/kaufen-magnus-mr-morphin-30mg-online\\\/#breadcrumb\"},\"inLanguage\":\"cs\",\"potentialAction\":[{\"@type\":\"ReadAction\",\"target\":[\"https:\\\/\\\/unkrautverkaufer.com\\\/product\\\/kaufen-magnus-mr-morphin-30mg-online\\\/\"]}]},{\"@type\":\"ImageObject\",\"inLanguage\":\"cs\",\"@id\":\"https:\\\/\\\/unkrautverkaufer.com\\\/product\\\/kaufen-magnus-mr-morphin-30mg-online\\\/#primaryimage\",\"url\":\"https:\\\/\\\/unkrautverkaufer.com\\\/wp-content\\\/uploads\\\/2025\\\/11\\\/buy-magnus-mr-morphine-30mg-online.jpg\",\"contentUrl\":\"https:\\\/\\\/unkrautverkaufer.com\\\/wp-content\\\/uploads\\\/2025\\\/11\\\/buy-magnus-mr-morphine-30mg-online.jpg\",\"width\":600,\"height\":600},{\"@type\":\"BreadcrumbList\",\"@id\":\"https:\\\/\\\/unkrautverkaufer.com\\\/product\\\/kaufen-magnus-mr-morphin-30mg-online\\\/#breadcrumb\",\"itemListElement\":[{\"@type\":\"ListItem\",\"position\":1,\"name\":\"Home\",\"item\":\"https:\\\/\\\/unkrautverkaufer.com\\\/de_de\\\/\"},{\"@type\":\"ListItem\",\"position\":2,\"name\":\"Shop\",\"item\":\"https:\\\/\\\/unkrautverkaufer.com\\\/pl\\\/cannabis-kaufen\\\/\"},{\"@type\":\"ListItem\",\"position\":3,\"name\":\"Buy Magnus MR Morphine 30mg online\"}]},{\"@type\":\"WebSite\",\"@id\":\"https:\\\/\\\/unkrautverkaufer.com\\\/#website\",\"url\":\"https:\\\/\\\/unkrautverkaufer.com\\\/\",\"name\":\"GRAS ONLINE KAUFEN DEUTSCHLAND\",\"description\":\"Cannabis kaufen\",\"publisher\":{\"@id\":\"https:\\\/\\\/unkrautverkaufer.com\\\/#organization\"},\"potentialAction\":[{\"@type\":\"SearchAction\",\"target\":{\"@type\":\"EntryPoint\",\"urlTemplate\":\"https:\\\/\\\/unkrautverkaufer.com\\\/?s={search_term_string}\"},\"query-input\":{\"@type\":\"PropertyValueSpecification\",\"valueRequired\":true,\"valueName\":\"search_term_string\"}}],\"inLanguage\":\"cs\"},{\"@type\":\"Organization\",\"@id\":\"https:\\\/\\\/unkrautverkaufer.com\\\/#organization\",\"name\":\"GRAS ONLINE KAUFEN DEUTSCHLAND\",\"url\":\"https:\\\/\\\/unkrautverkaufer.com\\\/\",\"logo\":{\"@type\":\"ImageObject\",\"inLanguage\":\"cs\",\"@id\":\"https:\\\/\\\/unkrautverkaufer.com\\\/#\\\/schema\\\/logo\\\/image\\\/\",\"url\":\"https:\\\/\\\/unkrautverkaufer.com\\\/wp-content\\\/uploads\\\/2021\\\/08\\\/logow.png\",\"contentUrl\":\"https:\\\/\\\/unkrautverkaufer.com\\\/wp-content\\\/uploads\\\/2021\\\/08\\\/logow.png\",\"width\":300,\"height\":170,\"caption\":\"GRAS ONLINE KAUFEN DEUTSCHLAND\"},\"image\":{\"@id\":\"https:\\\/\\\/unkrautverkaufer.com\\\/#\\\/schema\\\/logo\\\/image\\\/\"}}]}<\/script>\n<!-- \/ Yoast SEO plugin. -->","yoast_head_json":{"title":"Buy Magnus MR Morphine 30mg no prescription needed","description":"Buy Magnus MR Morphine 30mg, Order safely &amp; maintain your privacy No prescription necessary Discreet standard shipping at Low prices.","robots":{"index":"index","follow":"follow","max-snippet":"max-snippet:-1","max-image-preview":"max-image-preview:large","max-video-preview":"max-video-preview:-1"},"canonical":"https:\/\/unkrautverkaufer.com\/cs\/product\/kaufen-magnus-mr-morphin-30mg-online\/","og_locale":"cs_CZ","og_type":"article","og_title":"Buy Magnus MR Morphine 30mg no prescription needed","og_description":"Buy Magnus MR Morphine 30mg, Order safely &amp; maintain your privacy No prescription necessary Discreet standard shipping at Low prices.","og_url":"https:\/\/unkrautverkaufer.com\/cs\/product\/kaufen-magnus-mr-morphin-30mg-online\/","og_site_name":"GRAS ONLINE KAUFEN DEUTSCHLAND","article_modified_time":"2026-04-18T03:21:16+00:00","og_image":[{"width":600,"height":600,"url":"https:\/\/unkrautverkaufer.com\/wp-content\/uploads\/2025\/11\/buy-magnus-mr-morphine-30mg-online.jpg","type":"image\/jpeg"}],"twitter_card":"summary_large_image","twitter_misc":{"Odhadovan\u00e1 doba \u010dten\u00ed":"1 minuta"},"schema":{"@context":"https:\/\/schema.org","@graph":[{"@type":"WebPage","@id":"https:\/\/unkrautverkaufer.com\/product\/kaufen-magnus-mr-morphin-30mg-online\/","url":"https:\/\/unkrautverkaufer.com\/product\/kaufen-magnus-mr-morphin-30mg-online\/","name":"Buy Magnus MR Morphine 30mg no prescription needed","isPartOf":{"@id":"https:\/\/unkrautverkaufer.com\/#website"},"primaryImageOfPage":{"@id":"https:\/\/unkrautverkaufer.com\/product\/kaufen-magnus-mr-morphin-30mg-online\/#primaryimage"},"image":{"@id":"https:\/\/unkrautverkaufer.com\/product\/kaufen-magnus-mr-morphin-30mg-online\/#primaryimage"},"thumbnailUrl":"https:\/\/unkrautverkaufer.com\/wp-content\/uploads\/2025\/11\/buy-magnus-mr-morphine-30mg-online.jpg","datePublished":"2025-11-17T16:22:03+00:00","dateModified":"2026-04-18T03:21:16+00:00","description":"Buy Magnus MR Morphine 30mg, Order safely &amp; maintain your privacy No prescription necessary Discreet standard shipping at Low prices.","breadcrumb":{"@id":"https:\/\/unkrautverkaufer.com\/product\/kaufen-magnus-mr-morphin-30mg-online\/#breadcrumb"},"inLanguage":"cs","potentialAction":[{"@type":"ReadAction","target":["https:\/\/unkrautverkaufer.com\/product\/kaufen-magnus-mr-morphin-30mg-online\/"]}]},{"@type":"ImageObject","inLanguage":"cs","@id":"https:\/\/unkrautverkaufer.com\/product\/kaufen-magnus-mr-morphin-30mg-online\/#primaryimage","url":"https:\/\/unkrautverkaufer.com\/wp-content\/uploads\/2025\/11\/buy-magnus-mr-morphine-30mg-online.jpg","contentUrl":"https:\/\/unkrautverkaufer.com\/wp-content\/uploads\/2025\/11\/buy-magnus-mr-morphine-30mg-online.jpg","width":600,"height":600},{"@type":"BreadcrumbList","@id":"https:\/\/unkrautverkaufer.com\/product\/kaufen-magnus-mr-morphin-30mg-online\/#breadcrumb","itemListElement":[{"@type":"ListItem","position":1,"name":"Home","item":"https:\/\/unkrautverkaufer.com\/de_de\/"},{"@type":"ListItem","position":2,"name":"Shop","item":"https:\/\/unkrautverkaufer.com\/pl\/cannabis-kaufen\/"},{"@type":"ListItem","position":3,"name":"Buy Magnus MR Morphine 30mg online"}]},{"@type":"WebSite","@id":"https:\/\/unkrautverkaufer.com\/#website","url":"https:\/\/unkrautverkaufer.com\/","name":"GRAS ONLINE KAUFEN DEUTSCHLAND","description":"Cannabis kaufen","publisher":{"@id":"https:\/\/unkrautverkaufer.com\/#organization"},"potentialAction":[{"@type":"SearchAction","target":{"@type":"EntryPoint","urlTemplate":"https:\/\/unkrautverkaufer.com\/?s={search_term_string}"},"query-input":{"@type":"PropertyValueSpecification","valueRequired":true,"valueName":"search_term_string"}}],"inLanguage":"cs"},{"@type":"Organization","@id":"https:\/\/unkrautverkaufer.com\/#organization","name":"GRAS ONLINE KAUFEN DEUTSCHLAND","url":"https:\/\/unkrautverkaufer.com\/","logo":{"@type":"ImageObject","inLanguage":"cs","@id":"https:\/\/unkrautverkaufer.com\/#\/schema\/logo\/image\/","url":"https:\/\/unkrautverkaufer.com\/wp-content\/uploads\/2021\/08\/logow.png","contentUrl":"https:\/\/unkrautverkaufer.com\/wp-content\/uploads\/2021\/08\/logow.png","width":300,"height":170,"caption":"GRAS ONLINE KAUFEN DEUTSCHLAND"},"image":{"@id":"https:\/\/unkrautverkaufer.com\/#\/schema\/logo\/image\/"}}]}},"_links":{"self":[{"href":"https:\/\/unkrautverkaufer.com\/cs\/wp-json\/wp\/v2\/product\/3127","targetHints":{"allow":["GET"]}}],"collection":[{"href":"https:\/\/unkrautverkaufer.com\/cs\/wp-json\/wp\/v2\/product"}],"about":[{"href":"https:\/\/unkrautverkaufer.com\/cs\/wp-json\/wp\/v2\/types\/product"}],"replies":[{"embeddable":true,"href":"https:\/\/unkrautverkaufer.com\/cs\/wp-json\/wp\/v2\/comments?post=3127"}],"wp:featuredmedia":[{"embeddable":true,"href":"https:\/\/unkrautverkaufer.com\/cs\/wp-json\/wp\/v2\/media\/3147"}],"wp:attachment":[{"href":"https:\/\/unkrautverkaufer.com\/cs\/wp-json\/wp\/v2\/media?parent=3127"}],"wp:term":[{"taxonomy":"product_brand","embeddable":true,"href":"https:\/\/unkrautverkaufer.com\/cs\/wp-json\/wp\/v2\/product_brand?post=3127"},{"taxonomy":"product_cat","embeddable":true,"href":"https:\/\/unkrautverkaufer.com\/cs\/wp-json\/wp\/v2\/product_cat?post=3127"},{"taxonomy":"product_tag","embeddable":true,"href":"https:\/\/unkrautverkaufer.com\/cs\/wp-json\/wp\/v2\/product_tag?post=3127"}],"curies":[{"name":"wp","href":"https:\/\/api.w.org\/{rel}","templated":true}]}}