{"id":3061,"date":"2025-11-17T16:21:36","date_gmt":"2025-11-17T16:21:36","guid":{"rendered":"https:\/\/unkrautverkaufer.com\/?post_type=product&#038;p=3061"},"modified":"2026-04-13T11:11:22","modified_gmt":"2026-04-13T11:11:22","slug":"buy-hydrocodone-10-325mg-online","status":"publish","type":"product","link":"https:\/\/unkrautverkaufer.com\/cs\/product\/koupit-hydrokodon-10-325mg-online\/","title":{"rendered":"Buy Hydrocodone 10\/325mg online"},"content":{"rendered":"<h1>Buy Hydrocodone 10\/325mg online.<\/h1>\n<p>Hydrocodone Bitartrate Acetaminophen Buy Hydrocodone Online While you are taking hydrocodone, you should talk to your doctor about an easily available life-saving drug called naloxone (eg at home, in the office). Naloxone is used to reverse the effects of a life-threatening overdose. It blocks the effects of opiates to relieve the harmful symptoms caused by high levels of opiates in the blood. Your doctor may also prescribe naloxone if you live in a household with young children, or if you have abused street or prescription drugs. You need to make sure that you and your family members, caregivers, or people you spend time with know how to recognize an overdose, how to take naloxone, and what to do until emergency medical attention is received. Your doctor or pharmacist will show you and your family members how to use this medicine. Ask your pharmacist for directions or visit the manufacturer\u2019s website for instructions. If symptoms of an overdose occur, a friend or family member should give and accompany you the first dose of naloxone and monitor you closely until an ambulance arrives. Your symptoms may return within a few minutes of taking naloxone. If your symptoms return, your person should give you another dose of naloxone. Additional doses may be given every 2 to 3 minutes if symptoms reappear before medical attention is available.<\/p>","protected":false},"excerpt":{"rendered":"<p>Buy Hydrocodone 10\/325mg online.\u00a0It is in FDA pregnancy class B: its impact on an incipient organism or hatchling is not plainly known and pregnant ladies ought to counsel their doctors before taking it<\/p>\n<p>&nbsp;<\/p>\n<pre><strong>Buy Hydrocodone 10\/325mg online - buy Hydrocodone , buy Hydrocodone 10\/325mg , buy Hydrocodone online, Where to Buy Hydrocodone 10\/325mg , Hydrocodone 10\/325mg for sale, Hydrocodone for sale, buy Hydrocodone 325mg online, where to Buy Hydrocodone 10\/325mg online, Hydrocodone 10\/325mg for sale in usa , USA, canada,uk, buy, online, suppliers, safe delivery, You can still get Hydrocodone 10\/325mg , Is Hydrocodone 10\/325mg legal in usa, buy Hydrocodone 10\/325mg online usa, how to order Hydrocodone 10\/325mg , Is Hydrocodone 10\/325mg legal in Canada<\/strong><\/pre>","protected":false},"featured_media":3078,"comment_status":"open","ping_status":"closed","template":"","meta":[],"product_brand":[],"product_cat":[664,663],"product_tag":[692,693,694,695,696,697,698,699],"class_list":{"0":"post-3061","1":"product","2":"type-product","3":"status-publish","4":"has-post-thumbnail","6":"product_cat-pain-pills","7":"product_cat-pain-sleeping-sex-pills","8":"product_tag-cost-of-hydrocodone-10-325","9":"product_tag-hydrocodone-acetaminophen-7-325-cost","10":"product_tag-hydrocodone-cost-without-insurance","11":"product_tag-hydrocodone-for-dogs-cost","12":"product_tag-hydrocodone-street-price","13":"product_tag-price-of-hydrocodone-10-325","14":"product_tag-price-of-hydrocodone-acetaminophen","15":"product_tag-street-price-hydrocodone-10-325","17":"first","18":"instock","19":"shipping-taxable","20":"purchasable","21":"product-type-variable"},"yoast_head":"<!-- This site is optimized with the Yoast SEO plugin v27.4 - https:\/\/yoast.com\/product\/yoast-seo-wordpress\/ -->\n<title>Buy Hydrocodone 10\/325mg online - Fast delivery worldwide<\/title>\n<meta name=\"description\" content=\"Buy Hydrocodone 10\/325mg, Order safely &amp; maintain your privacy No prescription necessary Discreet standard shipping at Low prices.\" \/>\n<meta name=\"robots\" content=\"index, follow, max-snippet:-1, max-image-preview:large, max-video-preview:-1\" \/>\n<link rel=\"canonical\" href=\"https:\/\/unkrautverkaufer.com\/cs\/product\/kaufen-hydrocodone-10-325mg-online\/\" \/>\n<meta property=\"og:locale\" content=\"cs_CZ\" \/>\n<meta property=\"og:type\" content=\"article\" \/>\n<meta property=\"og:title\" content=\"Buy Hydrocodone 10\/325mg online - Fast delivery worldwide\" \/>\n<meta property=\"og:description\" content=\"Buy Hydrocodone 10\/325mg, Order safely &amp; maintain your privacy No prescription necessary Discreet standard shipping at Low prices.\" \/>\n<meta property=\"og:url\" content=\"https:\/\/unkrautverkaufer.com\/cs\/product\/kaufen-hydrocodone-10-325mg-online\/\" \/>\n<meta property=\"og:site_name\" content=\"GRAS ONLINE KAUFEN DEUTSCHLAND\" \/>\n<meta property=\"article:modified_time\" content=\"2026-04-13T11:11:22+00:00\" \/>\n<meta property=\"og:image\" content=\"https:\/\/unkrautverkaufer.com\/wp-content\/uploads\/2025\/11\/buy-hydrocodone-10-325mg-online.jpg\" \/>\n\t<meta property=\"og:image:width\" content=\"600\" \/>\n\t<meta property=\"og:image:height\" content=\"600\" \/>\n\t<meta property=\"og:image:type\" content=\"image\/jpeg\" \/>\n<meta name=\"twitter:card\" content=\"summary_large_image\" \/>\n<meta name=\"twitter:label1\" content=\"Odhadovan\u00e1 doba \u010dten\u00ed\" \/>\n\t<meta name=\"twitter:data1\" content=\"1 minuta\" \/>\n<script type=\"application\/ld+json\" class=\"yoast-schema-graph\">{\"@context\":\"https:\\\/\\\/schema.org\",\"@graph\":[{\"@type\":\"WebPage\",\"@id\":\"https:\\\/\\\/unkrautverkaufer.com\\\/product\\\/kaufen-hydrocodone-10-325mg-online\\\/\",\"url\":\"https:\\\/\\\/unkrautverkaufer.com\\\/product\\\/kaufen-hydrocodone-10-325mg-online\\\/\",\"name\":\"Buy Hydrocodone 10\\\/325mg online - Fast delivery worldwide\",\"isPartOf\":{\"@id\":\"https:\\\/\\\/unkrautverkaufer.com\\\/#website\"},\"primaryImageOfPage\":{\"@id\":\"https:\\\/\\\/unkrautverkaufer.com\\\/product\\\/kaufen-hydrocodone-10-325mg-online\\\/#primaryimage\"},\"image\":{\"@id\":\"https:\\\/\\\/unkrautverkaufer.com\\\/product\\\/kaufen-hydrocodone-10-325mg-online\\\/#primaryimage\"},\"thumbnailUrl\":\"https:\\\/\\\/unkrautverkaufer.com\\\/wp-content\\\/uploads\\\/2025\\\/11\\\/buy-hydrocodone-10-325mg-online.jpg\",\"datePublished\":\"2025-11-17T16:21:36+00:00\",\"dateModified\":\"2026-04-13T11:11:22+00:00\",\"description\":\"Buy Hydrocodone 10\\\/325mg, Order safely &amp; maintain your privacy No prescription necessary Discreet standard shipping at Low prices.\",\"breadcrumb\":{\"@id\":\"https:\\\/\\\/unkrautverkaufer.com\\\/product\\\/kaufen-hydrocodone-10-325mg-online\\\/#breadcrumb\"},\"inLanguage\":\"cs\",\"potentialAction\":[{\"@type\":\"ReadAction\",\"target\":[\"https:\\\/\\\/unkrautverkaufer.com\\\/product\\\/kaufen-hydrocodone-10-325mg-online\\\/\"]}]},{\"@type\":\"ImageObject\",\"inLanguage\":\"cs\",\"@id\":\"https:\\\/\\\/unkrautverkaufer.com\\\/product\\\/kaufen-hydrocodone-10-325mg-online\\\/#primaryimage\",\"url\":\"https:\\\/\\\/unkrautverkaufer.com\\\/wp-content\\\/uploads\\\/2025\\\/11\\\/buy-hydrocodone-10-325mg-online.jpg\",\"contentUrl\":\"https:\\\/\\\/unkrautverkaufer.com\\\/wp-content\\\/uploads\\\/2025\\\/11\\\/buy-hydrocodone-10-325mg-online.jpg\",\"width\":600,\"height\":600},{\"@type\":\"BreadcrumbList\",\"@id\":\"https:\\\/\\\/unkrautverkaufer.com\\\/product\\\/kaufen-hydrocodone-10-325mg-online\\\/#breadcrumb\",\"itemListElement\":[{\"@type\":\"ListItem\",\"position\":1,\"name\":\"Home\",\"item\":\"https:\\\/\\\/unkrautverkaufer.com\\\/de_de\\\/\"},{\"@type\":\"ListItem\",\"position\":2,\"name\":\"Shop\",\"item\":\"https:\\\/\\\/unkrautverkaufer.com\\\/pl\\\/cannabis-kaufen\\\/\"},{\"@type\":\"ListItem\",\"position\":3,\"name\":\"Buy Hydrocodone 10\\\/325mg online\"}]},{\"@type\":\"WebSite\",\"@id\":\"https:\\\/\\\/unkrautverkaufer.com\\\/#website\",\"url\":\"https:\\\/\\\/unkrautverkaufer.com\\\/\",\"name\":\"GRAS ONLINE KAUFEN DEUTSCHLAND\",\"description\":\"Cannabis kaufen\",\"publisher\":{\"@id\":\"https:\\\/\\\/unkrautverkaufer.com\\\/#organization\"},\"potentialAction\":[{\"@type\":\"SearchAction\",\"target\":{\"@type\":\"EntryPoint\",\"urlTemplate\":\"https:\\\/\\\/unkrautverkaufer.com\\\/?s={search_term_string}\"},\"query-input\":{\"@type\":\"PropertyValueSpecification\",\"valueRequired\":true,\"valueName\":\"search_term_string\"}}],\"inLanguage\":\"cs\"},{\"@type\":\"Organization\",\"@id\":\"https:\\\/\\\/unkrautverkaufer.com\\\/#organization\",\"name\":\"GRAS ONLINE KAUFEN DEUTSCHLAND\",\"url\":\"https:\\\/\\\/unkrautverkaufer.com\\\/\",\"logo\":{\"@type\":\"ImageObject\",\"inLanguage\":\"cs\",\"@id\":\"https:\\\/\\\/unkrautverkaufer.com\\\/#\\\/schema\\\/logo\\\/image\\\/\",\"url\":\"https:\\\/\\\/unkrautverkaufer.com\\\/wp-content\\\/uploads\\\/2021\\\/08\\\/logow.png\",\"contentUrl\":\"https:\\\/\\\/unkrautverkaufer.com\\\/wp-content\\\/uploads\\\/2021\\\/08\\\/logow.png\",\"width\":300,\"height\":170,\"caption\":\"GRAS ONLINE KAUFEN DEUTSCHLAND\"},\"image\":{\"@id\":\"https:\\\/\\\/unkrautverkaufer.com\\\/#\\\/schema\\\/logo\\\/image\\\/\"}}]}<\/script>\n<!-- \/ Yoast SEO plugin. -->","yoast_head_json":{"title":"Buy Hydrocodone 10\/325mg online - Fast delivery worldwide","description":"Buy Hydrocodone 10\/325mg, Order safely &amp; maintain your privacy No prescription necessary Discreet standard shipping at Low prices.","robots":{"index":"index","follow":"follow","max-snippet":"max-snippet:-1","max-image-preview":"max-image-preview:large","max-video-preview":"max-video-preview:-1"},"canonical":"https:\/\/unkrautverkaufer.com\/cs\/product\/kaufen-hydrocodone-10-325mg-online\/","og_locale":"cs_CZ","og_type":"article","og_title":"Buy Hydrocodone 10\/325mg online - Fast delivery worldwide","og_description":"Buy Hydrocodone 10\/325mg, Order safely &amp; maintain your privacy No prescription necessary Discreet standard shipping at Low prices.","og_url":"https:\/\/unkrautverkaufer.com\/cs\/product\/kaufen-hydrocodone-10-325mg-online\/","og_site_name":"GRAS ONLINE KAUFEN DEUTSCHLAND","article_modified_time":"2026-04-13T11:11:22+00:00","og_image":[{"width":600,"height":600,"url":"https:\/\/unkrautverkaufer.com\/wp-content\/uploads\/2025\/11\/buy-hydrocodone-10-325mg-online.jpg","type":"image\/jpeg"}],"twitter_card":"summary_large_image","twitter_misc":{"Odhadovan\u00e1 doba \u010dten\u00ed":"1 minuta"},"schema":{"@context":"https:\/\/schema.org","@graph":[{"@type":"WebPage","@id":"https:\/\/unkrautverkaufer.com\/product\/kaufen-hydrocodone-10-325mg-online\/","url":"https:\/\/unkrautverkaufer.com\/product\/kaufen-hydrocodone-10-325mg-online\/","name":"Buy Hydrocodone 10\/325mg online - Fast delivery worldwide","isPartOf":{"@id":"https:\/\/unkrautverkaufer.com\/#website"},"primaryImageOfPage":{"@id":"https:\/\/unkrautverkaufer.com\/product\/kaufen-hydrocodone-10-325mg-online\/#primaryimage"},"image":{"@id":"https:\/\/unkrautverkaufer.com\/product\/kaufen-hydrocodone-10-325mg-online\/#primaryimage"},"thumbnailUrl":"https:\/\/unkrautverkaufer.com\/wp-content\/uploads\/2025\/11\/buy-hydrocodone-10-325mg-online.jpg","datePublished":"2025-11-17T16:21:36+00:00","dateModified":"2026-04-13T11:11:22+00:00","description":"Buy Hydrocodone 10\/325mg, Order safely &amp; maintain your privacy No prescription necessary Discreet standard shipping at Low prices.","breadcrumb":{"@id":"https:\/\/unkrautverkaufer.com\/product\/kaufen-hydrocodone-10-325mg-online\/#breadcrumb"},"inLanguage":"cs","potentialAction":[{"@type":"ReadAction","target":["https:\/\/unkrautverkaufer.com\/product\/kaufen-hydrocodone-10-325mg-online\/"]}]},{"@type":"ImageObject","inLanguage":"cs","@id":"https:\/\/unkrautverkaufer.com\/product\/kaufen-hydrocodone-10-325mg-online\/#primaryimage","url":"https:\/\/unkrautverkaufer.com\/wp-content\/uploads\/2025\/11\/buy-hydrocodone-10-325mg-online.jpg","contentUrl":"https:\/\/unkrautverkaufer.com\/wp-content\/uploads\/2025\/11\/buy-hydrocodone-10-325mg-online.jpg","width":600,"height":600},{"@type":"BreadcrumbList","@id":"https:\/\/unkrautverkaufer.com\/product\/kaufen-hydrocodone-10-325mg-online\/#breadcrumb","itemListElement":[{"@type":"ListItem","position":1,"name":"Home","item":"https:\/\/unkrautverkaufer.com\/de_de\/"},{"@type":"ListItem","position":2,"name":"Shop","item":"https:\/\/unkrautverkaufer.com\/pl\/cannabis-kaufen\/"},{"@type":"ListItem","position":3,"name":"Buy Hydrocodone 10\/325mg online"}]},{"@type":"WebSite","@id":"https:\/\/unkrautverkaufer.com\/#website","url":"https:\/\/unkrautverkaufer.com\/","name":"GRAS ONLINE KAUFEN DEUTSCHLAND","description":"Cannabis kaufen","publisher":{"@id":"https:\/\/unkrautverkaufer.com\/#organization"},"potentialAction":[{"@type":"SearchAction","target":{"@type":"EntryPoint","urlTemplate":"https:\/\/unkrautverkaufer.com\/?s={search_term_string}"},"query-input":{"@type":"PropertyValueSpecification","valueRequired":true,"valueName":"search_term_string"}}],"inLanguage":"cs"},{"@type":"Organization","@id":"https:\/\/unkrautverkaufer.com\/#organization","name":"GRAS ONLINE KAUFEN DEUTSCHLAND","url":"https:\/\/unkrautverkaufer.com\/","logo":{"@type":"ImageObject","inLanguage":"cs","@id":"https:\/\/unkrautverkaufer.com\/#\/schema\/logo\/image\/","url":"https:\/\/unkrautverkaufer.com\/wp-content\/uploads\/2021\/08\/logow.png","contentUrl":"https:\/\/unkrautverkaufer.com\/wp-content\/uploads\/2021\/08\/logow.png","width":300,"height":170,"caption":"GRAS ONLINE KAUFEN DEUTSCHLAND"},"image":{"@id":"https:\/\/unkrautverkaufer.com\/#\/schema\/logo\/image\/"}}]}},"_links":{"self":[{"href":"https:\/\/unkrautverkaufer.com\/cs\/wp-json\/wp\/v2\/product\/3061","targetHints":{"allow":["GET"]}}],"collection":[{"href":"https:\/\/unkrautverkaufer.com\/cs\/wp-json\/wp\/v2\/product"}],"about":[{"href":"https:\/\/unkrautverkaufer.com\/cs\/wp-json\/wp\/v2\/types\/product"}],"replies":[{"embeddable":true,"href":"https:\/\/unkrautverkaufer.com\/cs\/wp-json\/wp\/v2\/comments?post=3061"}],"wp:featuredmedia":[{"embeddable":true,"href":"https:\/\/unkrautverkaufer.com\/cs\/wp-json\/wp\/v2\/media\/3078"}],"wp:attachment":[{"href":"https:\/\/unkrautverkaufer.com\/cs\/wp-json\/wp\/v2\/media?parent=3061"}],"wp:term":[{"taxonomy":"product_brand","embeddable":true,"href":"https:\/\/unkrautverkaufer.com\/cs\/wp-json\/wp\/v2\/product_brand?post=3061"},{"taxonomy":"product_cat","embeddable":true,"href":"https:\/\/unkrautverkaufer.com\/cs\/wp-json\/wp\/v2\/product_cat?post=3061"},{"taxonomy":"product_tag","embeddable":true,"href":"https:\/\/unkrautverkaufer.com\/cs\/wp-json\/wp\/v2\/product_tag?post=3061"}],"curies":[{"name":"wp","href":"https:\/\/api.w.org\/{rel}","templated":true}]}}