{"id":1205,"date":"2021-12-04T22:14:01","date_gmt":"2021-12-04T22:14:01","guid":{"rendered":"https:\/\/unkrautverkaufer.com\/?post_type=product&#038;p=1205"},"modified":"2026-04-05T15:21:44","modified_gmt":"2026-04-05T15:21:44","slug":"buy-royal-gorilla-online","status":"publish","type":"product","link":"https:\/\/unkrautverkaufer.com\/cs\/product\/buy-royal-gorilla-online\/","title":{"rendered":"Buy Royal Gorilla Online"},"content":{"rendered":"<p>Wo kann man weed kaufen.Trotz der Tatsache, dass das spezifische Erbrezept ein beobachtetes R\u00e4tsel ist. Kaufen Royal Gorilla Online wird angenommen, dass es das Ergebnis von <a href=\"https:\/\/fr.wikipedia.org\/wiki\/Cannabis_sativa#:~:text=Le%20Chanvre%20cultiv%C3%A9%20(Cannabis%20sativa,comme%20sous%2Desp%C3%A8ces%20et%20vari%C3%A9t%C3%A9s.\">Sativa<\/a> Grundnahrungsmittel Haze und einer Kreuzung von Nordlichtern #5 und Shiva Skunk ist. Anh\u00e4ngliche Knospen haben einen einnehmenden Orangen-Zitronen-Duft und schmecken nur mit einer Spur von feuchter Kiefer. Das High gibt eine gro\u00dfartige Harmonie zwischen zerebralen und k\u00f6rperlichen Einfl\u00fcssen, so dass die Klienten zutiefst locker sind, aber achtsam und vertraut. Royal Gorilla ansprechender Geschmack und ausgewogene Auswirkungen haben es bei klinischen und Freizeit-Cannabis-Kunden massiv zum Mainstream gemacht. Es hat neun <a href=\"https:\/\/unkrautverkaufer.com\/cs\/product\/marihuana-legal-kaufen-buy-green-gelato-online\/\">Cannabis<\/a> Cup-Titel gewonnen. Cannabislabor Analytical 360 sch\u00e4tzt, dass Royal Gorilla Bl\u00fcten irgendwo im Bereich von 47% und 54% THC liegen.<\/p>\n<p>Wie es aussieht<br \/>\nDie Bl\u00fcten des Royal Gorilla sind nicht besonders \u00e4u\u00dferlich erstaunlich: Blasse bis mittelgr\u00fcne Bl\u00e4tter strukturieren sich in dick gef\u00fcllten Knospen, die st\u00e4rker gestreckt sind als angepasst. Der Trichome-Check ist hoch, was dies zu einer anhaftenden Pflanze macht, mit der man umgehen muss.<\/p>\n<p>Was Royal Gorilla jedoch visuellen Reiz braucht, gleicht es in einem Duft aus. Entsprechend entlastet haben die Bl\u00fcten ein tiefes Bl\u00fctenbouquet mit Spuren von Orangen- und Zitronenzing. Das Aufrei\u00dfen der dicken Knospen zeigt neben einem pfeffrigen Kick eine gr\u00f6\u00dfere Menge des Zitrusduftes. An der Stelle, an der sie konsumiert werden, strahlen die Bl\u00fcten einen schockierend perfekten und hausgemachten Duft aus, wie Salbei. Wo kann man weed kaufen<\/p>\n<p>Schilder<br \/>\nToller Service. Vertrauen Sie uns. Wir liefern. Heim. Treu. Dem\u00fctig. Liebe. Leben. Lachen. Tue nicht. Drogen. Pillen. Angst. Lebe, weil das Leben kurz ist. Stark. Wir k\u00fcmmern uns, weil wir dich lieben. Wie auch immer wir uns k\u00fcmmern. Wirklich. Zweitens. Weil. Tapfer. Rechts. Entz\u00fccken. Hinzuf\u00fcgen dazu. Weil. Weil. Dem\u00fctig. Xan.<\/p>\n<p>Feucht. Lager. Schmerz. weil. Chro. Howe. Wie. W. Wann. Auto. FedEx. DHL. Dann. Achtern. Weil. Heim. Weil. Aber. Au\u00dferdem. Dann. Weil. G. F. W. T. Dann. Aber.<\/p>","protected":false},"excerpt":{"rendered":"<p>Buy Royal Gorilla online ist eine Sorte, die nach einem langlebigen Cannabis-Extremisten benannt ist, dessen 1985 erschienenes Buch &#8222;The Emperor Wears No Clothes&#8220; ver\u00f6ffentlicht wurde. Es ist weiterhin ein \u00fcberzeugender Aktivposten im Kampf um die Entkriminalisierung und Autorisierung von Cannabis. Ein Sativa-vorherrschendes Crossover, das von Sensi Seeds in den 1980er oder 90er Jahren geschaffen wurde. Es ist eine k\u00f6stliche und st\u00e4ndig bekannte Sorte. Kaufen Royal Gorilla online hat seine erblichen Qualit\u00e4ten und einen Teil seines Namens an gekreuzte Sorten wie Jack the Ripper, Jack&#8217;s Cleaner und Jack Skellington weitergegeben.<\/p>","protected":false},"featured_media":54,"comment_status":"open","ping_status":"closed","template":"","meta":[],"product_brand":[],"product_cat":[15],"product_tag":[266,267,268,269,270,271,272,273,274,275,276,277],"class_list":{"0":"post-1205","1":"product","2":"type-product","3":"status-publish","4":"has-post-thumbnail","6":"product_cat-strains","7":"product_tag-royal-gorilla-automatic","8":"product_tag-royal-gorilla-automatic-erfahrung","9":"product_tag-royal-gorilla-ertrag","10":"product_tag-royal-gorilla-grow","11":"product_tag-royal-gorilla-grow-diary","12":"product_tag-royal-gorilla-grow-report","13":"product_tag-royal-gorilla-leafly","14":"product_tag-royal-gorilla-seeds","15":"product_tag-royal-gorilla-seeds-for-sale","16":"product_tag-royal-gorilla-vs-gorilla-glue","17":"product_tag-royal-queen-seeds","18":"product_tag-royal-queen-seeds-royal-gorilla-erfahrung","20":"first","21":"instock","22":"shipping-taxable","23":"purchasable","24":"product-type-variable"},"yoast_head":"<!-- This site is optimized with the Yoast SEO plugin v27.3 - https:\/\/yoast.com\/product\/yoast-seo-wordpress\/ -->\n<title>Wo kann man weed kaufen | Diskrete Unkrautlieferung in Deutschland<\/title>\n<meta name=\"description\" content=\"Wo kann man weed kaufen der Unkrautlieferant Nummer eins von Unkraut in ganz Deutschland diskret zu sehr erschwinglichen Preisen.\" \/>\n<meta name=\"robots\" content=\"index, follow, max-snippet:-1, max-image-preview:large, max-video-preview:-1\" \/>\n<link rel=\"canonical\" href=\"https:\/\/unkrautverkaufer.com\/cs\/product\/buy-royal-gorilla-online\/\" \/>\n<meta property=\"og:locale\" content=\"cs_CZ\" \/>\n<meta property=\"og:type\" content=\"article\" \/>\n<meta property=\"og:title\" content=\"Wo kann man weed kaufen | Diskrete Unkrautlieferung in Deutschland\" \/>\n<meta property=\"og:description\" content=\"Wo kann man weed kaufen der Unkrautlieferant Nummer eins von Unkraut in ganz Deutschland diskret zu sehr erschwinglichen Preisen.\" \/>\n<meta property=\"og:url\" content=\"https:\/\/unkrautverkaufer.com\/cs\/product\/buy-royal-gorilla-online\/\" \/>\n<meta property=\"og:site_name\" content=\"GRAS ONLINE KAUFEN DEUTSCHLAND\" \/>\n<meta property=\"article:modified_time\" content=\"2026-04-05T15:21:44+00:00\" \/>\n<meta name=\"twitter:card\" content=\"summary_large_image\" \/>\n<meta name=\"twitter:label1\" content=\"Odhadovan\u00e1 doba \u010dten\u00ed\" \/>\n\t<meta name=\"twitter:data1\" content=\"2 minuty\" \/>\n<script type=\"application\/ld+json\" class=\"yoast-schema-graph\">{\"@context\":\"https:\\\/\\\/schema.org\",\"@graph\":[{\"@type\":\"WebPage\",\"@id\":\"https:\\\/\\\/unkrautverkaufer.com\\\/product\\\/buy-royal-gorilla-online\\\/\",\"url\":\"https:\\\/\\\/unkrautverkaufer.com\\\/product\\\/buy-royal-gorilla-online\\\/\",\"name\":\"Wo kann man weed kaufen | Diskrete Unkrautlieferung in Deutschland\",\"isPartOf\":{\"@id\":\"https:\\\/\\\/unkrautverkaufer.com\\\/#website\"},\"primaryImageOfPage\":{\"@id\":\"https:\\\/\\\/unkrautverkaufer.com\\\/product\\\/buy-royal-gorilla-online\\\/#primaryimage\"},\"image\":{\"@id\":\"https:\\\/\\\/unkrautverkaufer.com\\\/product\\\/buy-royal-gorilla-online\\\/#primaryimage\"},\"thumbnailUrl\":\"https:\\\/\\\/unkrautverkaufer.com\\\/wp-content\\\/uploads\\\/2021\\\/08\\\/jack-herer-600x600-1.jpg\",\"datePublished\":\"2021-12-04T22:14:01+00:00\",\"dateModified\":\"2026-04-05T15:21:44+00:00\",\"description\":\"Wo kann man weed kaufen der Unkrautlieferant Nummer eins von Unkraut in ganz Deutschland diskret zu sehr erschwinglichen Preisen.\",\"breadcrumb\":{\"@id\":\"https:\\\/\\\/unkrautverkaufer.com\\\/product\\\/buy-royal-gorilla-online\\\/#breadcrumb\"},\"inLanguage\":\"cs\",\"potentialAction\":[{\"@type\":\"ReadAction\",\"target\":[\"https:\\\/\\\/unkrautverkaufer.com\\\/product\\\/buy-royal-gorilla-online\\\/\"]}]},{\"@type\":\"ImageObject\",\"inLanguage\":\"cs\",\"@id\":\"https:\\\/\\\/unkrautverkaufer.com\\\/product\\\/buy-royal-gorilla-online\\\/#primaryimage\",\"url\":\"https:\\\/\\\/unkrautverkaufer.com\\\/wp-content\\\/uploads\\\/2021\\\/08\\\/jack-herer-600x600-1.jpg\",\"contentUrl\":\"https:\\\/\\\/unkrautverkaufer.com\\\/wp-content\\\/uploads\\\/2021\\\/08\\\/jack-herer-600x600-1.jpg\",\"width\":600,\"height\":600,\"caption\":\"Wo kann man weed kaufen\"},{\"@type\":\"BreadcrumbList\",\"@id\":\"https:\\\/\\\/unkrautverkaufer.com\\\/product\\\/buy-royal-gorilla-online\\\/#breadcrumb\",\"itemListElement\":[{\"@type\":\"ListItem\",\"position\":1,\"name\":\"Home\",\"item\":\"https:\\\/\\\/unkrautverkaufer.com\\\/de_de\\\/\"},{\"@type\":\"ListItem\",\"position\":2,\"name\":\"Shop\",\"item\":\"https:\\\/\\\/unkrautverkaufer.com\\\/pl\\\/cannabis-kaufen\\\/\"},{\"@type\":\"ListItem\",\"position\":3,\"name\":\"Buy Royal Gorilla Online\"}]},{\"@type\":\"WebSite\",\"@id\":\"https:\\\/\\\/unkrautverkaufer.com\\\/#website\",\"url\":\"https:\\\/\\\/unkrautverkaufer.com\\\/\",\"name\":\"GRAS ONLINE KAUFEN DEUTSCHLAND\",\"description\":\"Cannabis kaufen\",\"publisher\":{\"@id\":\"https:\\\/\\\/unkrautverkaufer.com\\\/#organization\"},\"potentialAction\":[{\"@type\":\"SearchAction\",\"target\":{\"@type\":\"EntryPoint\",\"urlTemplate\":\"https:\\\/\\\/unkrautverkaufer.com\\\/?s={search_term_string}\"},\"query-input\":{\"@type\":\"PropertyValueSpecification\",\"valueRequired\":true,\"valueName\":\"search_term_string\"}}],\"inLanguage\":\"cs\"},{\"@type\":\"Organization\",\"@id\":\"https:\\\/\\\/unkrautverkaufer.com\\\/#organization\",\"name\":\"GRAS ONLINE KAUFEN DEUTSCHLAND\",\"url\":\"https:\\\/\\\/unkrautverkaufer.com\\\/\",\"logo\":{\"@type\":\"ImageObject\",\"inLanguage\":\"cs\",\"@id\":\"https:\\\/\\\/unkrautverkaufer.com\\\/#\\\/schema\\\/logo\\\/image\\\/\",\"url\":\"https:\\\/\\\/unkrautverkaufer.com\\\/wp-content\\\/uploads\\\/2021\\\/08\\\/logow.png\",\"contentUrl\":\"https:\\\/\\\/unkrautverkaufer.com\\\/wp-content\\\/uploads\\\/2021\\\/08\\\/logow.png\",\"width\":300,\"height\":170,\"caption\":\"GRAS ONLINE KAUFEN DEUTSCHLAND\"},\"image\":{\"@id\":\"https:\\\/\\\/unkrautverkaufer.com\\\/#\\\/schema\\\/logo\\\/image\\\/\"}}]}<\/script>\n<!-- \/ Yoast SEO plugin. -->","yoast_head_json":{"title":"Wo kann man weed kaufen | Diskrete Unkrautlieferung in Deutschland","description":"Wo kann man weed kaufen der Unkrautlieferant Nummer eins von Unkraut in ganz Deutschland diskret zu sehr erschwinglichen Preisen.","robots":{"index":"index","follow":"follow","max-snippet":"max-snippet:-1","max-image-preview":"max-image-preview:large","max-video-preview":"max-video-preview:-1"},"canonical":"https:\/\/unkrautverkaufer.com\/cs\/product\/buy-royal-gorilla-online\/","og_locale":"cs_CZ","og_type":"article","og_title":"Wo kann man weed kaufen | Diskrete Unkrautlieferung in Deutschland","og_description":"Wo kann man weed kaufen der Unkrautlieferant Nummer eins von Unkraut in ganz Deutschland diskret zu sehr erschwinglichen Preisen.","og_url":"https:\/\/unkrautverkaufer.com\/cs\/product\/buy-royal-gorilla-online\/","og_site_name":"GRAS ONLINE KAUFEN DEUTSCHLAND","article_modified_time":"2026-04-05T15:21:44+00:00","twitter_card":"summary_large_image","twitter_misc":{"Odhadovan\u00e1 doba \u010dten\u00ed":"2 minuty"},"schema":{"@context":"https:\/\/schema.org","@graph":[{"@type":"WebPage","@id":"https:\/\/unkrautverkaufer.com\/product\/buy-royal-gorilla-online\/","url":"https:\/\/unkrautverkaufer.com\/product\/buy-royal-gorilla-online\/","name":"Wo kann man weed kaufen | Diskrete Unkrautlieferung in Deutschland","isPartOf":{"@id":"https:\/\/unkrautverkaufer.com\/#website"},"primaryImageOfPage":{"@id":"https:\/\/unkrautverkaufer.com\/product\/buy-royal-gorilla-online\/#primaryimage"},"image":{"@id":"https:\/\/unkrautverkaufer.com\/product\/buy-royal-gorilla-online\/#primaryimage"},"thumbnailUrl":"https:\/\/unkrautverkaufer.com\/wp-content\/uploads\/2021\/08\/jack-herer-600x600-1.jpg","datePublished":"2021-12-04T22:14:01+00:00","dateModified":"2026-04-05T15:21:44+00:00","description":"Wo kann man weed kaufen der Unkrautlieferant Nummer eins von Unkraut in ganz Deutschland diskret zu sehr erschwinglichen Preisen.","breadcrumb":{"@id":"https:\/\/unkrautverkaufer.com\/product\/buy-royal-gorilla-online\/#breadcrumb"},"inLanguage":"cs","potentialAction":[{"@type":"ReadAction","target":["https:\/\/unkrautverkaufer.com\/product\/buy-royal-gorilla-online\/"]}]},{"@type":"ImageObject","inLanguage":"cs","@id":"https:\/\/unkrautverkaufer.com\/product\/buy-royal-gorilla-online\/#primaryimage","url":"https:\/\/unkrautverkaufer.com\/wp-content\/uploads\/2021\/08\/jack-herer-600x600-1.jpg","contentUrl":"https:\/\/unkrautverkaufer.com\/wp-content\/uploads\/2021\/08\/jack-herer-600x600-1.jpg","width":600,"height":600,"caption":"Wo kann man weed kaufen"},{"@type":"BreadcrumbList","@id":"https:\/\/unkrautverkaufer.com\/product\/buy-royal-gorilla-online\/#breadcrumb","itemListElement":[{"@type":"ListItem","position":1,"name":"Home","item":"https:\/\/unkrautverkaufer.com\/de_de\/"},{"@type":"ListItem","position":2,"name":"Shop","item":"https:\/\/unkrautverkaufer.com\/pl\/cannabis-kaufen\/"},{"@type":"ListItem","position":3,"name":"Buy Royal Gorilla Online"}]},{"@type":"WebSite","@id":"https:\/\/unkrautverkaufer.com\/#website","url":"https:\/\/unkrautverkaufer.com\/","name":"GRAS ONLINE KAUFEN DEUTSCHLAND","description":"Cannabis kaufen","publisher":{"@id":"https:\/\/unkrautverkaufer.com\/#organization"},"potentialAction":[{"@type":"SearchAction","target":{"@type":"EntryPoint","urlTemplate":"https:\/\/unkrautverkaufer.com\/?s={search_term_string}"},"query-input":{"@type":"PropertyValueSpecification","valueRequired":true,"valueName":"search_term_string"}}],"inLanguage":"cs"},{"@type":"Organization","@id":"https:\/\/unkrautverkaufer.com\/#organization","name":"GRAS ONLINE KAUFEN DEUTSCHLAND","url":"https:\/\/unkrautverkaufer.com\/","logo":{"@type":"ImageObject","inLanguage":"cs","@id":"https:\/\/unkrautverkaufer.com\/#\/schema\/logo\/image\/","url":"https:\/\/unkrautverkaufer.com\/wp-content\/uploads\/2021\/08\/logow.png","contentUrl":"https:\/\/unkrautverkaufer.com\/wp-content\/uploads\/2021\/08\/logow.png","width":300,"height":170,"caption":"GRAS ONLINE KAUFEN DEUTSCHLAND"},"image":{"@id":"https:\/\/unkrautverkaufer.com\/#\/schema\/logo\/image\/"}}]}},"_links":{"self":[{"href":"https:\/\/unkrautverkaufer.com\/cs\/wp-json\/wp\/v2\/product\/1205","targetHints":{"allow":["GET"]}}],"collection":[{"href":"https:\/\/unkrautverkaufer.com\/cs\/wp-json\/wp\/v2\/product"}],"about":[{"href":"https:\/\/unkrautverkaufer.com\/cs\/wp-json\/wp\/v2\/types\/product"}],"replies":[{"embeddable":true,"href":"https:\/\/unkrautverkaufer.com\/cs\/wp-json\/wp\/v2\/comments?post=1205"}],"wp:featuredmedia":[{"embeddable":true,"href":"https:\/\/unkrautverkaufer.com\/cs\/wp-json\/wp\/v2\/media\/54"}],"wp:attachment":[{"href":"https:\/\/unkrautverkaufer.com\/cs\/wp-json\/wp\/v2\/media?parent=1205"}],"wp:term":[{"taxonomy":"product_brand","embeddable":true,"href":"https:\/\/unkrautverkaufer.com\/cs\/wp-json\/wp\/v2\/product_brand?post=1205"},{"taxonomy":"product_cat","embeddable":true,"href":"https:\/\/unkrautverkaufer.com\/cs\/wp-json\/wp\/v2\/product_cat?post=1205"},{"taxonomy":"product_tag","embeddable":true,"href":"https:\/\/unkrautverkaufer.com\/cs\/wp-json\/wp\/v2\/product_tag?post=1205"}],"curies":[{"name":"wp","href":"https:\/\/api.w.org\/{rel}","templated":true}]}}