{"id":1204,"date":"2021-12-04T22:14:01","date_gmt":"2021-12-04T22:14:01","guid":{"rendered":"https:\/\/unkrautverkaufer.com\/?post_type=product&#038;p=1204"},"modified":"2026-02-26T02:27:32","modified_gmt":"2026-02-26T02:27:32","slug":"buy-durban-poison-online","status":"publish","type":"product","link":"https:\/\/unkrautverkaufer.com\/cs\/product\/buy-durban-poison-online\/","title":{"rendered":"Buy Durban Poison online"},"content":{"rendered":"<p>Haschkekse Bestellen Durban Poison Aesthetics<\/p>\n<p>Im Allgemeinen, Wenn Sie ein trippiges Gef\u00fchl wollen, dann kann Durban Poison die beste Sorte f\u00fcr Sie sein. Dann ist es eine der beliebtesten 2020-Sorten wegen des &#8222;Up&#8220; -Gef\u00fchls, das Sie damit bekommen, sowie des Gef\u00fchls, dass Sie so viel Energie haben! Sie werden gl\u00fccklich, euphorisch und weil Sie sich sogar kreativer als sonst f\u00fchlen, w\u00e4hrend Sie dabei sind. F\u00fcr medizinische Zwecke ist diese Sorte eine der besten zur Bek\u00e4mpfung von <a href=\"https:\/\/www.healthline.com\/health\/cbd-vs-thc\">Stress und Depressionen<\/a>. Durban Poison online kaufen.<\/p>\n<p>Zum Beispiel ist der leckere Geschmack von Durban Poison s\u00fc\u00df und einfach &#8211; es ist sicher ein unvergesslicher Geschmack! Es wird Sie an Zimt und leckeres Lakritz erinnern. Und der Kieferngeruch ist gro\u00dfartig, ohne die funky Ger\u00fcche, die Sie in einer einfacheren Sativa bekommen w\u00fcrden. Sie werden es m\u00f6gen, dass die 2020-Sorte Ihnen hilft, sich zu konzentrieren und Ihnen nicht das m\u00fcde Gef\u00fchl gibt, das Sie mit einigen anderen Sorten bekommen. F\u00fcr Unkrautz\u00fcchter werden Sie m\u00f6gen, dass die Samen einfach zu z\u00fcchten sind, mit gro\u00dfen Knospen, drinnen oder drau\u00dfen, und Ihnen ein tolles High geben! Haschkekse Bestellen<\/p>\n<p>Marke High Times Cannabis<br \/>\n<a href=\"https:\/\/unkrautverkaufer.com\/cs\/product\/mango-saphire\/\">Indica\/Sativa<\/a> Reine Sativa<br \/>\nSchwierigkeitsgrad leicht wachsen<br \/>\nBl\u00fctezeit 12 Wochen<br \/>\nTHC-Gehalt 47%-53%<br \/>\nEffekte Hochenergetisch, Gl\u00fccklich, Kreativ<br \/>\nGeschmack S\u00fc\u00dfer Zimt<br \/>\nVersionen Feminisiert, Regular<\/p>\n<p>Auch der leichte Rauch von Durban Poison ist hervorragend f\u00fcr den Cannabis-Veteranen und Anf\u00e4nger Raucher. Zweitens wirst du keine Lunge vertreiben, sondern du wirst eine lachen. So oder so, es ist besser als der z\u00e4he, trockene Rauch anderer Sorten.<\/p>\n<p>Schilder<br \/>\nEndlich. Toller Service. Vertrauen Sie uns. Wir t\u00e4uschen. Heim. Treu. Dem\u00fctig. Liebe. Leben. Lachen. Tue nicht. Drogen. Pillen. Angst. Lebe, weil das Leben kurz ist. Stark. Wir k\u00fcmmern uns, weil wir dich lieben. Wie auch immer wir uns k\u00fcmmern. Wirklich. Zweitens. Weil. Tapfer. Rechts. Entz\u00fccken. Hinzuf\u00fcgen dazu. Weil. Weil. Dem\u00fctig. Xan.<\/p>\n<p>Feucht. Lager. Schmerz. weil. Chro. Howe. Wie. W. Wann. Auto. FedE. DHL. Dann. Achtern. Weil. Heim. Weil. Aber. Au\u00dferdem. Dann. Weil. G. F. W. T. Dann. Aber. Sp\u00e4ter. \u00c4hnlich. Vor allem. Gekoppelt mit. Umgekehrt. So. G.<\/p>","protected":false},"excerpt":{"rendered":"<p>Wenn Sie ein trippiges Gef\u00fchl w\u00fcnschen, dann ist Durban Poison m\u00f6glicherweise die beste Sorte f\u00fcr Sie. Es ist eine der beliebtesten Sorten 2020 wegen des &#8222;Up&#8220; -Gef\u00fchls, das Sie damit bekommen, sowie des Gef\u00fchls, dass Sie so viel Energie haben! Sie werden gl\u00fccklich und euphorisch sein und sich sogar kreativer als gew\u00f6hnlich f\u00fchlen, w\u00e4hrend Sie dabei sind. F\u00fcr medizinische Zwecke ist diese Sorte eine der besten zur Bek\u00e4mpfung von Stress und Depressionen.<\/p>","protected":false},"featured_media":49,"comment_status":"open","ping_status":"closed","template":"","meta":[],"product_brand":[],"product_cat":[15],"product_tag":[258,259,260,261,262,263,264,265],"class_list":{"0":"post-1204","1":"product","2":"type-product","3":"status-publish","4":"has-post-thumbnail","6":"product_cat-strains","7":"product_tag-durban-poison-auto","8":"product_tag-durban-poison-beer","9":"product_tag-durban-poison-dutch-passion","10":"product_tag-durban-poison-grow","11":"product_tag-durban-poison-outdoor","12":"product_tag-durban-poison-seedfinder","13":"product_tag-durban-poison-strain","14":"product_tag-is-durban-the-same-as-durban-poison","16":"first","17":"instock","18":"shipping-taxable","19":"purchasable","20":"product-type-variable"},"yoast_head":"<!-- This site is optimized with the Yoast SEO plugin v27.3 - https:\/\/yoast.com\/product\/yoast-seo-wordpress\/ -->\n<title>Haschkekse Bestellen | online weed bestellen deutschland<\/title>\n<meta name=\"description\" content=\"Haschkekse Bestellen | Online Weed Bestellen Deutschland | wo Sie Diskret Marihuana online bestellen k\u00f6nnen. kostenloser Versand.\" \/>\n<meta name=\"robots\" content=\"index, follow, max-snippet:-1, max-image-preview:large, max-video-preview:-1\" \/>\n<link rel=\"canonical\" href=\"https:\/\/unkrautverkaufer.com\/cs\/product\/buy-durban-poison-online\/\" \/>\n<meta property=\"og:locale\" content=\"cs_CZ\" \/>\n<meta property=\"og:type\" content=\"article\" \/>\n<meta property=\"og:title\" content=\"Haschkekse Bestellen | online weed bestellen deutschland\" \/>\n<meta property=\"og:description\" content=\"Haschkekse Bestellen | Online Weed Bestellen Deutschland | wo Sie Diskret Marihuana online bestellen k\u00f6nnen. kostenloser Versand.\" \/>\n<meta property=\"og:url\" content=\"https:\/\/unkrautverkaufer.com\/cs\/product\/buy-durban-poison-online\/\" \/>\n<meta property=\"og:site_name\" content=\"GRAS ONLINE KAUFEN DEUTSCHLAND\" \/>\n<meta property=\"article:modified_time\" content=\"2026-02-26T02:27:32+00:00\" \/>\n<meta name=\"twitter:card\" content=\"summary_large_image\" \/>\n<meta name=\"twitter:label1\" content=\"Odhadovan\u00e1 doba \u010dten\u00ed\" \/>\n\t<meta name=\"twitter:data1\" content=\"2 minuty\" \/>\n<script type=\"application\/ld+json\" class=\"yoast-schema-graph\">{\"@context\":\"https:\\\/\\\/schema.org\",\"@graph\":[{\"@type\":\"WebPage\",\"@id\":\"https:\\\/\\\/unkrautverkaufer.com\\\/product\\\/buy-durban-poison-online\\\/\",\"url\":\"https:\\\/\\\/unkrautverkaufer.com\\\/product\\\/buy-durban-poison-online\\\/\",\"name\":\"Haschkekse Bestellen | online weed bestellen deutschland\",\"isPartOf\":{\"@id\":\"https:\\\/\\\/unkrautverkaufer.com\\\/#website\"},\"primaryImageOfPage\":{\"@id\":\"https:\\\/\\\/unkrautverkaufer.com\\\/product\\\/buy-durban-poison-online\\\/#primaryimage\"},\"image\":{\"@id\":\"https:\\\/\\\/unkrautverkaufer.com\\\/product\\\/buy-durban-poison-online\\\/#primaryimage\"},\"thumbnailUrl\":\"https:\\\/\\\/unkrautverkaufer.com\\\/wp-content\\\/uploads\\\/2021\\\/08\\\/Durban-Poison.jpg\",\"datePublished\":\"2021-12-04T22:14:01+00:00\",\"dateModified\":\"2026-02-26T02:27:32+00:00\",\"description\":\"Haschkekse Bestellen | Online Weed Bestellen Deutschland | wo Sie Diskret Marihuana online bestellen k\u00f6nnen. kostenloser Versand.\",\"breadcrumb\":{\"@id\":\"https:\\\/\\\/unkrautverkaufer.com\\\/product\\\/buy-durban-poison-online\\\/#breadcrumb\"},\"inLanguage\":\"cs\",\"potentialAction\":[{\"@type\":\"ReadAction\",\"target\":[\"https:\\\/\\\/unkrautverkaufer.com\\\/product\\\/buy-durban-poison-online\\\/\"]}]},{\"@type\":\"ImageObject\",\"inLanguage\":\"cs\",\"@id\":\"https:\\\/\\\/unkrautverkaufer.com\\\/product\\\/buy-durban-poison-online\\\/#primaryimage\",\"url\":\"https:\\\/\\\/unkrautverkaufer.com\\\/wp-content\\\/uploads\\\/2021\\\/08\\\/Durban-Poison.jpg\",\"contentUrl\":\"https:\\\/\\\/unkrautverkaufer.com\\\/wp-content\\\/uploads\\\/2021\\\/08\\\/Durban-Poison.jpg\",\"width\":600,\"height\":400,\"caption\":\"Haschkekse Bestellen\"},{\"@type\":\"BreadcrumbList\",\"@id\":\"https:\\\/\\\/unkrautverkaufer.com\\\/product\\\/buy-durban-poison-online\\\/#breadcrumb\",\"itemListElement\":[{\"@type\":\"ListItem\",\"position\":1,\"name\":\"Home\",\"item\":\"https:\\\/\\\/unkrautverkaufer.com\\\/de_de\\\/\"},{\"@type\":\"ListItem\",\"position\":2,\"name\":\"Shop\",\"item\":\"https:\\\/\\\/unkrautverkaufer.com\\\/pl\\\/cannabis-kaufen\\\/\"},{\"@type\":\"ListItem\",\"position\":3,\"name\":\"Buy Durban Poison online\"}]},{\"@type\":\"WebSite\",\"@id\":\"https:\\\/\\\/unkrautverkaufer.com\\\/#website\",\"url\":\"https:\\\/\\\/unkrautverkaufer.com\\\/\",\"name\":\"GRAS ONLINE KAUFEN DEUTSCHLAND\",\"description\":\"Cannabis kaufen\",\"publisher\":{\"@id\":\"https:\\\/\\\/unkrautverkaufer.com\\\/#organization\"},\"potentialAction\":[{\"@type\":\"SearchAction\",\"target\":{\"@type\":\"EntryPoint\",\"urlTemplate\":\"https:\\\/\\\/unkrautverkaufer.com\\\/?s={search_term_string}\"},\"query-input\":{\"@type\":\"PropertyValueSpecification\",\"valueRequired\":true,\"valueName\":\"search_term_string\"}}],\"inLanguage\":\"cs\"},{\"@type\":\"Organization\",\"@id\":\"https:\\\/\\\/unkrautverkaufer.com\\\/#organization\",\"name\":\"GRAS ONLINE KAUFEN DEUTSCHLAND\",\"url\":\"https:\\\/\\\/unkrautverkaufer.com\\\/\",\"logo\":{\"@type\":\"ImageObject\",\"inLanguage\":\"cs\",\"@id\":\"https:\\\/\\\/unkrautverkaufer.com\\\/#\\\/schema\\\/logo\\\/image\\\/\",\"url\":\"https:\\\/\\\/unkrautverkaufer.com\\\/wp-content\\\/uploads\\\/2021\\\/08\\\/logow.png\",\"contentUrl\":\"https:\\\/\\\/unkrautverkaufer.com\\\/wp-content\\\/uploads\\\/2021\\\/08\\\/logow.png\",\"width\":300,\"height\":170,\"caption\":\"GRAS ONLINE KAUFEN DEUTSCHLAND\"},\"image\":{\"@id\":\"https:\\\/\\\/unkrautverkaufer.com\\\/#\\\/schema\\\/logo\\\/image\\\/\"}}]}<\/script>\n<!-- \/ Yoast SEO plugin. -->","yoast_head_json":{"title":"Haschkekse Bestellen | online weed bestellen deutschland","description":"Haschkekse Bestellen | Online Weed Bestellen Deutschland | wo Sie Diskret Marihuana online bestellen k\u00f6nnen. kostenloser Versand.","robots":{"index":"index","follow":"follow","max-snippet":"max-snippet:-1","max-image-preview":"max-image-preview:large","max-video-preview":"max-video-preview:-1"},"canonical":"https:\/\/unkrautverkaufer.com\/cs\/product\/buy-durban-poison-online\/","og_locale":"cs_CZ","og_type":"article","og_title":"Haschkekse Bestellen | online weed bestellen deutschland","og_description":"Haschkekse Bestellen | Online Weed Bestellen Deutschland | wo Sie Diskret Marihuana online bestellen k\u00f6nnen. kostenloser Versand.","og_url":"https:\/\/unkrautverkaufer.com\/cs\/product\/buy-durban-poison-online\/","og_site_name":"GRAS ONLINE KAUFEN DEUTSCHLAND","article_modified_time":"2026-02-26T02:27:32+00:00","twitter_card":"summary_large_image","twitter_misc":{"Odhadovan\u00e1 doba \u010dten\u00ed":"2 minuty"},"schema":{"@context":"https:\/\/schema.org","@graph":[{"@type":"WebPage","@id":"https:\/\/unkrautverkaufer.com\/product\/buy-durban-poison-online\/","url":"https:\/\/unkrautverkaufer.com\/product\/buy-durban-poison-online\/","name":"Haschkekse Bestellen | online weed bestellen deutschland","isPartOf":{"@id":"https:\/\/unkrautverkaufer.com\/#website"},"primaryImageOfPage":{"@id":"https:\/\/unkrautverkaufer.com\/product\/buy-durban-poison-online\/#primaryimage"},"image":{"@id":"https:\/\/unkrautverkaufer.com\/product\/buy-durban-poison-online\/#primaryimage"},"thumbnailUrl":"https:\/\/unkrautverkaufer.com\/wp-content\/uploads\/2021\/08\/Durban-Poison.jpg","datePublished":"2021-12-04T22:14:01+00:00","dateModified":"2026-02-26T02:27:32+00:00","description":"Haschkekse Bestellen | Online Weed Bestellen Deutschland | wo Sie Diskret Marihuana online bestellen k\u00f6nnen. kostenloser Versand.","breadcrumb":{"@id":"https:\/\/unkrautverkaufer.com\/product\/buy-durban-poison-online\/#breadcrumb"},"inLanguage":"cs","potentialAction":[{"@type":"ReadAction","target":["https:\/\/unkrautverkaufer.com\/product\/buy-durban-poison-online\/"]}]},{"@type":"ImageObject","inLanguage":"cs","@id":"https:\/\/unkrautverkaufer.com\/product\/buy-durban-poison-online\/#primaryimage","url":"https:\/\/unkrautverkaufer.com\/wp-content\/uploads\/2021\/08\/Durban-Poison.jpg","contentUrl":"https:\/\/unkrautverkaufer.com\/wp-content\/uploads\/2021\/08\/Durban-Poison.jpg","width":600,"height":400,"caption":"Haschkekse Bestellen"},{"@type":"BreadcrumbList","@id":"https:\/\/unkrautverkaufer.com\/product\/buy-durban-poison-online\/#breadcrumb","itemListElement":[{"@type":"ListItem","position":1,"name":"Home","item":"https:\/\/unkrautverkaufer.com\/de_de\/"},{"@type":"ListItem","position":2,"name":"Shop","item":"https:\/\/unkrautverkaufer.com\/pl\/cannabis-kaufen\/"},{"@type":"ListItem","position":3,"name":"Buy Durban Poison online"}]},{"@type":"WebSite","@id":"https:\/\/unkrautverkaufer.com\/#website","url":"https:\/\/unkrautverkaufer.com\/","name":"GRAS ONLINE KAUFEN DEUTSCHLAND","description":"Cannabis kaufen","publisher":{"@id":"https:\/\/unkrautverkaufer.com\/#organization"},"potentialAction":[{"@type":"SearchAction","target":{"@type":"EntryPoint","urlTemplate":"https:\/\/unkrautverkaufer.com\/?s={search_term_string}"},"query-input":{"@type":"PropertyValueSpecification","valueRequired":true,"valueName":"search_term_string"}}],"inLanguage":"cs"},{"@type":"Organization","@id":"https:\/\/unkrautverkaufer.com\/#organization","name":"GRAS ONLINE KAUFEN DEUTSCHLAND","url":"https:\/\/unkrautverkaufer.com\/","logo":{"@type":"ImageObject","inLanguage":"cs","@id":"https:\/\/unkrautverkaufer.com\/#\/schema\/logo\/image\/","url":"https:\/\/unkrautverkaufer.com\/wp-content\/uploads\/2021\/08\/logow.png","contentUrl":"https:\/\/unkrautverkaufer.com\/wp-content\/uploads\/2021\/08\/logow.png","width":300,"height":170,"caption":"GRAS ONLINE KAUFEN DEUTSCHLAND"},"image":{"@id":"https:\/\/unkrautverkaufer.com\/#\/schema\/logo\/image\/"}}]}},"_links":{"self":[{"href":"https:\/\/unkrautverkaufer.com\/cs\/wp-json\/wp\/v2\/product\/1204","targetHints":{"allow":["GET"]}}],"collection":[{"href":"https:\/\/unkrautverkaufer.com\/cs\/wp-json\/wp\/v2\/product"}],"about":[{"href":"https:\/\/unkrautverkaufer.com\/cs\/wp-json\/wp\/v2\/types\/product"}],"replies":[{"embeddable":true,"href":"https:\/\/unkrautverkaufer.com\/cs\/wp-json\/wp\/v2\/comments?post=1204"}],"wp:featuredmedia":[{"embeddable":true,"href":"https:\/\/unkrautverkaufer.com\/cs\/wp-json\/wp\/v2\/media\/49"}],"wp:attachment":[{"href":"https:\/\/unkrautverkaufer.com\/cs\/wp-json\/wp\/v2\/media?parent=1204"}],"wp:term":[{"taxonomy":"product_brand","embeddable":true,"href":"https:\/\/unkrautverkaufer.com\/cs\/wp-json\/wp\/v2\/product_brand?post=1204"},{"taxonomy":"product_cat","embeddable":true,"href":"https:\/\/unkrautverkaufer.com\/cs\/wp-json\/wp\/v2\/product_cat?post=1204"},{"taxonomy":"product_tag","embeddable":true,"href":"https:\/\/unkrautverkaufer.com\/cs\/wp-json\/wp\/v2\/product_tag?post=1204"}],"curies":[{"name":"wp","href":"https:\/\/api.w.org\/{rel}","templated":true}]}}