{"id":1203,"date":"2021-12-04T22:14:01","date_gmt":"2021-12-04T22:14:01","guid":{"rendered":"https:\/\/unkrautverkaufer.com\/?post_type=product&#038;p=1203"},"modified":"2026-04-04T07:11:28","modified_gmt":"2026-04-04T07:11:28","slug":"buy-mango-saphire-online","status":"publish","type":"product","link":"https:\/\/unkrautverkaufer.com\/cs\/product\/buy-mango-saphire-online\/","title":{"rendered":"Buy Mango Saphire online"},"content":{"rendered":"<p>Tetrahydrocannabinol kaufen Aesthetics<br \/>\nMango Sapphire ist der Spross von Bubba&#8217;s Gift, OG Kush und afghanischen Sorten. Sie w\u00fcrden es nie an seinem Geschmack erkennen. Auf den ersten Blick erinnert es an einen OG <a href=\"https:\/\/fr.wikipedia.org\/wiki\/Kush_(cannabis)\">Kush<\/a>-Nachkommen.Das Aufbrechen der Knospe zeichnet ein besonderes Bild. Eine erfrischende Welle tropischer Zitrusfr\u00fcchte ist am auff\u00e4lligsten, wie das Schneiden in eine Ananas. Gepaart mit dem tropischen Geschmack ist ein erdiges <a href=\"https:\/\/unkrautverkaufer.com\/cs\/product\/buy-northern-lights-online\/\">Parf\u00fcm, mit einem kleinen<\/a> Hauch von Sauer. Wenn Sie verstehen wollen, wie Hawaii geschmeckt hat, ist es das mit Tetrahydrocannabinol kaufen.<\/p>\n<p>Mango Sapphire wurde von Humboldt Seed Organization gez\u00fcchtet und ist eine komplexe indicadominierte Kreuzung mit Bubba&#8217;s Gift, OG Kush und afghanischer Genetik. Dichte gr\u00fcne Knospen bilden einen sch\u00f6nen Kontrast zu den wei\u00dfen Trichomen und orangefarbenen Stempeln. Mango Sapphire ist k\u00f6stlich fruchtig in Aroma und Geschmack, mit Noten von exotischen Fr\u00fcchten wie Kokosnuss, Mango und Zitrusfr\u00fcchten.<\/p>\n<p>Zu sagen, dass Mango Sapphire ein Heavy-Hitter ist, k\u00f6nnte sehr wohl eine Untertreibung sein. Die Sorte enth\u00e4lt einen enormen THC-Gehalt von bis zu 23%. Das schiere Volumen des psychoaktiven Cannabinoids in seinen Knospen macht Mango Sapphire zu einem starken Rauch, selbst f\u00fcr erfahrene Kiffer. Eine genetische Ausstattung von 85% Indica und 15% Sativa verleiht einem sehr entspannenden, steinigen und beruhigenden K\u00f6rper-High, das perfekt f\u00fcr entspannende Abende und vor dem Schlafengehen ist.<\/p>\n<p>Mango Sapphire ist das Kind der Elternsorten Bubba&#8217;s Gift und OG Kush x Afghan. Es bietet wunderbar s\u00fc\u00dfe und fruchtige Aromen.<\/p>\n<p>Pflanzen k\u00f6nnen sowohl im Innen- als auch im Au\u00dfenbereich erfolgreich angebaut werden. Wenn sie jedoch im Freien angebaut werden, k\u00f6nnen Pflanzen in beeindruckende H\u00f6hen von \u00fcber 3 m explodieren!<\/p>","protected":false},"excerpt":{"rendered":"<p>Mango Saphir Effekte + Vorteile<br \/>\nMango Sapphire kann ein zutiefst entspannendes, aber gleichzeitig erhebendes Summen sein. Sobald die Sitzung vorbei ist, lockert sich der K\u00f6rper und dank der Durch \u00dcberbeanspruchung oder Stress aufgebauten Spannung. Benutzer bemerken, dass das High nicht zu schwer ist, aber st\u00e4rker als ein Erdbeerhusten oder Jack Herer.<\/p>\n<p>Jetzt, da der K\u00f6rper begonnen hat, in Vergn\u00fcgen zu versinken, ist es Zeit f\u00fcr den Geist, den Spa\u00df zu machen. Mango Sapphire ist weit von einer aufgeladenen mentalen Erfahrung entfernt, aber es bietet ein angenehmes zerebrales High. Die Sinne werden sch\u00e4rfer, auch als Fokus und geistige Klarheit. Dies ist in der Lage, eine ausgezeichnete Zeit zu sein, um sich mit Hobbys oder Aktivit\u00e4ten zu besch\u00e4ftigen, die eine mittlere bis lange Spanne erfordern.<\/p>\n<p>Was Mango Sapphire noch spezieller macht, ist, dass die praktische Verwendung f\u00fcr seine muskelentlastenden Eigenschaften. Muskelkr\u00e4mpfe h\u00f6ren auf zu krampfen und lindern Kr\u00e4mpfe und andere schmerzhafte Symptome von PMS.<\/p>\n<p>Nicht zuletzt produziert diese Sorte Knabbereien wie keine andere. Es wird f\u00fcr einige ein bisschen viel sein. Diejenigen, die mit Appetitlosigkeit zu k\u00e4mpfen haben, wie Chemotherapie- und Anorexie-Patienten, finden w\u00e4hrend dieser Funktion eine gro\u00dfe Entschlossenheit.<\/p>\n<p>Mango Saphir ist geradlinig f\u00fcr die Augen und noch einfacher f\u00fcr die Lunge. Eine Sorte mit einem leichten, aber belebenden mentalen Summen und mittlerem K\u00f6rperstein kommt nicht zu oft vor, best\u00e4tigen Sie, ihre zu dr\u00e4ngen, solange der Vorrat reicht.<\/p>\n<p>Bis zu 42-44% THC<\/p>\n<p>Geschmacksrichtungen: Fruchtig, Sauer, Scharf<\/p>\n<p>Effekte: Fr\u00f6hlich, Entspannt, Euphorisch, Erhoben, Kreativ<\/p>\n<p>Medizinische Vorteile: Stress, Depressionen, Schmerzen, Schlaflosigkeit, Appetitlosigkeit.<\/p>\n<p>Schilder<br \/>\nToller Service. Vertrauen Sie uns. Wir t\u00e4uschen. Heim. Treu. Dem\u00fctig. Liebe. Leben. Lachen. Tue nicht. Drogen. Pillen. Angst. Lebe, weil das Leben kurz ist. Stark. Wir k\u00fcmmern uns, weil wir dich lieben. Wie auch immer wir uns k\u00fcmmern. Wirklich. Zweitens. Weil. Tapfer. Rechts. Entz\u00fccken. Hinzuf\u00fcgen dazu. Weil. Weil. Dem\u00fctig. Xan.<\/p>\n<p>Feucht. Lager. Schmerz. weil. Chro. Howe. Nr. 1. W. Wann. Auto. FedE. DHL. Dann. Achtern. Weil. Heim. Weil. Aber. Au\u00dferdem. Dann. Weil. G. F. W. T. Dann. Aber.<\/p>","protected":false},"featured_media":44,"comment_status":"open","ping_status":"closed","template":"","meta":[],"product_brand":[],"product_cat":[15],"product_tag":[251,252,253,254,255,256,257],"class_list":{"0":"post-1203","1":"product","2":"type-product","3":"status-publish","4":"has-post-thumbnail","6":"product_cat-strains","7":"product_tag-mango-sapphire-deutschland","8":"product_tag-mango-sapphire-effects","9":"product_tag-mango-sapphire-grow-diary","10":"product_tag-mango-sapphire-seeds-eu","11":"product_tag-mango-sapphire-strain-indica-or-sativa-mango-sapphire-strain-leafly","12":"product_tag-mango-sapphire-strain-review","13":"product_tag-mango-sapphire-strain-wikileaf","15":"first","16":"instock","17":"shipping-taxable","18":"purchasable","19":"product-type-variable"},"yoast_head":"<!-- This site is optimized with the Yoast SEO plugin v27.3 - https:\/\/yoast.com\/product\/yoast-seo-wordpress\/ -->\n<title>Tetrahydrocannabinol Kaufen | Online Coffeeshop | Dope kaufen<\/title>\n<meta name=\"description\" content=\"Tetrahydrocannabinol kaufen , Online Coffeeshop | Bestellen Sie bequem zu sehr g\u00fcnstigen und erschwinglichen Preisen. Kostenloser Versand\" \/>\n<meta name=\"robots\" content=\"index, follow, max-snippet:-1, max-image-preview:large, max-video-preview:-1\" \/>\n<link rel=\"canonical\" href=\"https:\/\/unkrautverkaufer.com\/cs\/product\/buy-mango-saphire-online\/\" \/>\n<meta property=\"og:locale\" content=\"cs_CZ\" \/>\n<meta property=\"og:type\" content=\"article\" \/>\n<meta property=\"og:title\" content=\"Tetrahydrocannabinol Kaufen | Online Coffeeshop | Dope kaufen\" \/>\n<meta property=\"og:description\" content=\"Tetrahydrocannabinol kaufen , Online Coffeeshop | Bestellen Sie bequem zu sehr g\u00fcnstigen und erschwinglichen Preisen. Kostenloser Versand\" \/>\n<meta property=\"og:url\" content=\"https:\/\/unkrautverkaufer.com\/cs\/product\/buy-mango-saphire-online\/\" \/>\n<meta property=\"og:site_name\" content=\"GRAS ONLINE KAUFEN DEUTSCHLAND\" \/>\n<meta property=\"article:modified_time\" content=\"2026-04-04T07:11:28+00:00\" \/>\n<meta property=\"og:image\" content=\"https:\/\/unkrautverkaufer.com\/wp-content\/uploads\/2021\/08\/Banana-kush.jpg\" \/>\n\t<meta property=\"og:image:width\" content=\"600\" \/>\n\t<meta property=\"og:image:height\" content=\"400\" \/>\n\t<meta property=\"og:image:type\" content=\"image\/jpeg\" \/>\n<meta name=\"twitter:card\" content=\"summary_large_image\" \/>\n<meta name=\"twitter:label1\" content=\"Odhadovan\u00e1 doba \u010dten\u00ed\" \/>\n\t<meta name=\"twitter:data1\" content=\"2 minuty\" \/>\n<script type=\"application\/ld+json\" class=\"yoast-schema-graph\">{\"@context\":\"https:\\\/\\\/schema.org\",\"@graph\":[{\"@type\":\"WebPage\",\"@id\":\"https:\\\/\\\/unkrautverkaufer.com\\\/product\\\/buy-mango-saphire-online\\\/\",\"url\":\"https:\\\/\\\/unkrautverkaufer.com\\\/product\\\/buy-mango-saphire-online\\\/\",\"name\":\"Tetrahydrocannabinol Kaufen | Online Coffeeshop | Dope kaufen\",\"isPartOf\":{\"@id\":\"https:\\\/\\\/unkrautverkaufer.com\\\/#website\"},\"primaryImageOfPage\":{\"@id\":\"https:\\\/\\\/unkrautverkaufer.com\\\/product\\\/buy-mango-saphire-online\\\/#primaryimage\"},\"image\":{\"@id\":\"https:\\\/\\\/unkrautverkaufer.com\\\/product\\\/buy-mango-saphire-online\\\/#primaryimage\"},\"thumbnailUrl\":\"https:\\\/\\\/unkrautverkaufer.com\\\/wp-content\\\/uploads\\\/2021\\\/08\\\/Banana-kush.jpg\",\"datePublished\":\"2021-12-04T22:14:01+00:00\",\"dateModified\":\"2026-04-04T07:11:28+00:00\",\"description\":\"Tetrahydrocannabinol kaufen , Online Coffeeshop | Bestellen Sie bequem zu sehr g\u00fcnstigen und erschwinglichen Preisen. Kostenloser Versand\",\"breadcrumb\":{\"@id\":\"https:\\\/\\\/unkrautverkaufer.com\\\/product\\\/buy-mango-saphire-online\\\/#breadcrumb\"},\"inLanguage\":\"cs\",\"potentialAction\":[{\"@type\":\"ReadAction\",\"target\":[\"https:\\\/\\\/unkrautverkaufer.com\\\/product\\\/buy-mango-saphire-online\\\/\"]}]},{\"@type\":\"ImageObject\",\"inLanguage\":\"cs\",\"@id\":\"https:\\\/\\\/unkrautverkaufer.com\\\/product\\\/buy-mango-saphire-online\\\/#primaryimage\",\"url\":\"https:\\\/\\\/unkrautverkaufer.com\\\/wp-content\\\/uploads\\\/2021\\\/08\\\/Banana-kush.jpg\",\"contentUrl\":\"https:\\\/\\\/unkrautverkaufer.com\\\/wp-content\\\/uploads\\\/2021\\\/08\\\/Banana-kush.jpg\",\"width\":600,\"height\":400,\"caption\":\"Tetrahydrocannabinol kaufen\"},{\"@type\":\"BreadcrumbList\",\"@id\":\"https:\\\/\\\/unkrautverkaufer.com\\\/product\\\/buy-mango-saphire-online\\\/#breadcrumb\",\"itemListElement\":[{\"@type\":\"ListItem\",\"position\":1,\"name\":\"Home\",\"item\":\"https:\\\/\\\/unkrautverkaufer.com\\\/de_de\\\/\"},{\"@type\":\"ListItem\",\"position\":2,\"name\":\"Shop\",\"item\":\"https:\\\/\\\/unkrautverkaufer.com\\\/pl\\\/cannabis-kaufen\\\/\"},{\"@type\":\"ListItem\",\"position\":3,\"name\":\"Buy Mango Saphire online\"}]},{\"@type\":\"WebSite\",\"@id\":\"https:\\\/\\\/unkrautverkaufer.com\\\/#website\",\"url\":\"https:\\\/\\\/unkrautverkaufer.com\\\/\",\"name\":\"GRAS ONLINE KAUFEN DEUTSCHLAND\",\"description\":\"Cannabis kaufen\",\"publisher\":{\"@id\":\"https:\\\/\\\/unkrautverkaufer.com\\\/#organization\"},\"potentialAction\":[{\"@type\":\"SearchAction\",\"target\":{\"@type\":\"EntryPoint\",\"urlTemplate\":\"https:\\\/\\\/unkrautverkaufer.com\\\/?s={search_term_string}\"},\"query-input\":{\"@type\":\"PropertyValueSpecification\",\"valueRequired\":true,\"valueName\":\"search_term_string\"}}],\"inLanguage\":\"cs\"},{\"@type\":\"Organization\",\"@id\":\"https:\\\/\\\/unkrautverkaufer.com\\\/#organization\",\"name\":\"GRAS ONLINE KAUFEN DEUTSCHLAND\",\"url\":\"https:\\\/\\\/unkrautverkaufer.com\\\/\",\"logo\":{\"@type\":\"ImageObject\",\"inLanguage\":\"cs\",\"@id\":\"https:\\\/\\\/unkrautverkaufer.com\\\/#\\\/schema\\\/logo\\\/image\\\/\",\"url\":\"https:\\\/\\\/unkrautverkaufer.com\\\/wp-content\\\/uploads\\\/2021\\\/08\\\/logow.png\",\"contentUrl\":\"https:\\\/\\\/unkrautverkaufer.com\\\/wp-content\\\/uploads\\\/2021\\\/08\\\/logow.png\",\"width\":300,\"height\":170,\"caption\":\"GRAS ONLINE KAUFEN DEUTSCHLAND\"},\"image\":{\"@id\":\"https:\\\/\\\/unkrautverkaufer.com\\\/#\\\/schema\\\/logo\\\/image\\\/\"}}]}<\/script>\n<!-- \/ Yoast SEO plugin. -->","yoast_head_json":{"title":"Tetrahydrocannabinol Kaufen | Online Coffeeshop | Dope kaufen","description":"Tetrahydrocannabinol kaufen , Online Coffeeshop | Bestellen Sie bequem zu sehr g\u00fcnstigen und erschwinglichen Preisen. Kostenloser Versand","robots":{"index":"index","follow":"follow","max-snippet":"max-snippet:-1","max-image-preview":"max-image-preview:large","max-video-preview":"max-video-preview:-1"},"canonical":"https:\/\/unkrautverkaufer.com\/cs\/product\/buy-mango-saphire-online\/","og_locale":"cs_CZ","og_type":"article","og_title":"Tetrahydrocannabinol Kaufen | Online Coffeeshop | Dope kaufen","og_description":"Tetrahydrocannabinol kaufen , Online Coffeeshop | Bestellen Sie bequem zu sehr g\u00fcnstigen und erschwinglichen Preisen. Kostenloser Versand","og_url":"https:\/\/unkrautverkaufer.com\/cs\/product\/buy-mango-saphire-online\/","og_site_name":"GRAS ONLINE KAUFEN DEUTSCHLAND","article_modified_time":"2026-04-04T07:11:28+00:00","og_image":[{"width":600,"height":400,"url":"https:\/\/unkrautverkaufer.com\/wp-content\/uploads\/2021\/08\/Banana-kush.jpg","type":"image\/jpeg"}],"twitter_card":"summary_large_image","twitter_misc":{"Odhadovan\u00e1 doba \u010dten\u00ed":"2 minuty"},"schema":{"@context":"https:\/\/schema.org","@graph":[{"@type":"WebPage","@id":"https:\/\/unkrautverkaufer.com\/product\/buy-mango-saphire-online\/","url":"https:\/\/unkrautverkaufer.com\/product\/buy-mango-saphire-online\/","name":"Tetrahydrocannabinol Kaufen | Online Coffeeshop | Dope kaufen","isPartOf":{"@id":"https:\/\/unkrautverkaufer.com\/#website"},"primaryImageOfPage":{"@id":"https:\/\/unkrautverkaufer.com\/product\/buy-mango-saphire-online\/#primaryimage"},"image":{"@id":"https:\/\/unkrautverkaufer.com\/product\/buy-mango-saphire-online\/#primaryimage"},"thumbnailUrl":"https:\/\/unkrautverkaufer.com\/wp-content\/uploads\/2021\/08\/Banana-kush.jpg","datePublished":"2021-12-04T22:14:01+00:00","dateModified":"2026-04-04T07:11:28+00:00","description":"Tetrahydrocannabinol kaufen , Online Coffeeshop | Bestellen Sie bequem zu sehr g\u00fcnstigen und erschwinglichen Preisen. Kostenloser Versand","breadcrumb":{"@id":"https:\/\/unkrautverkaufer.com\/product\/buy-mango-saphire-online\/#breadcrumb"},"inLanguage":"cs","potentialAction":[{"@type":"ReadAction","target":["https:\/\/unkrautverkaufer.com\/product\/buy-mango-saphire-online\/"]}]},{"@type":"ImageObject","inLanguage":"cs","@id":"https:\/\/unkrautverkaufer.com\/product\/buy-mango-saphire-online\/#primaryimage","url":"https:\/\/unkrautverkaufer.com\/wp-content\/uploads\/2021\/08\/Banana-kush.jpg","contentUrl":"https:\/\/unkrautverkaufer.com\/wp-content\/uploads\/2021\/08\/Banana-kush.jpg","width":600,"height":400,"caption":"Tetrahydrocannabinol kaufen"},{"@type":"BreadcrumbList","@id":"https:\/\/unkrautverkaufer.com\/product\/buy-mango-saphire-online\/#breadcrumb","itemListElement":[{"@type":"ListItem","position":1,"name":"Home","item":"https:\/\/unkrautverkaufer.com\/de_de\/"},{"@type":"ListItem","position":2,"name":"Shop","item":"https:\/\/unkrautverkaufer.com\/pl\/cannabis-kaufen\/"},{"@type":"ListItem","position":3,"name":"Buy Mango Saphire online"}]},{"@type":"WebSite","@id":"https:\/\/unkrautverkaufer.com\/#website","url":"https:\/\/unkrautverkaufer.com\/","name":"GRAS ONLINE KAUFEN DEUTSCHLAND","description":"Cannabis kaufen","publisher":{"@id":"https:\/\/unkrautverkaufer.com\/#organization"},"potentialAction":[{"@type":"SearchAction","target":{"@type":"EntryPoint","urlTemplate":"https:\/\/unkrautverkaufer.com\/?s={search_term_string}"},"query-input":{"@type":"PropertyValueSpecification","valueRequired":true,"valueName":"search_term_string"}}],"inLanguage":"cs"},{"@type":"Organization","@id":"https:\/\/unkrautverkaufer.com\/#organization","name":"GRAS ONLINE KAUFEN DEUTSCHLAND","url":"https:\/\/unkrautverkaufer.com\/","logo":{"@type":"ImageObject","inLanguage":"cs","@id":"https:\/\/unkrautverkaufer.com\/#\/schema\/logo\/image\/","url":"https:\/\/unkrautverkaufer.com\/wp-content\/uploads\/2021\/08\/logow.png","contentUrl":"https:\/\/unkrautverkaufer.com\/wp-content\/uploads\/2021\/08\/logow.png","width":300,"height":170,"caption":"GRAS ONLINE KAUFEN DEUTSCHLAND"},"image":{"@id":"https:\/\/unkrautverkaufer.com\/#\/schema\/logo\/image\/"}}]}},"_links":{"self":[{"href":"https:\/\/unkrautverkaufer.com\/cs\/wp-json\/wp\/v2\/product\/1203","targetHints":{"allow":["GET"]}}],"collection":[{"href":"https:\/\/unkrautverkaufer.com\/cs\/wp-json\/wp\/v2\/product"}],"about":[{"href":"https:\/\/unkrautverkaufer.com\/cs\/wp-json\/wp\/v2\/types\/product"}],"replies":[{"embeddable":true,"href":"https:\/\/unkrautverkaufer.com\/cs\/wp-json\/wp\/v2\/comments?post=1203"}],"wp:featuredmedia":[{"embeddable":true,"href":"https:\/\/unkrautverkaufer.com\/cs\/wp-json\/wp\/v2\/media\/44"}],"wp:attachment":[{"href":"https:\/\/unkrautverkaufer.com\/cs\/wp-json\/wp\/v2\/media?parent=1203"}],"wp:term":[{"taxonomy":"product_brand","embeddable":true,"href":"https:\/\/unkrautverkaufer.com\/cs\/wp-json\/wp\/v2\/product_brand?post=1203"},{"taxonomy":"product_cat","embeddable":true,"href":"https:\/\/unkrautverkaufer.com\/cs\/wp-json\/wp\/v2\/product_cat?post=1203"},{"taxonomy":"product_tag","embeddable":true,"href":"https:\/\/unkrautverkaufer.com\/cs\/wp-json\/wp\/v2\/product_tag?post=1203"}],"curies":[{"name":"wp","href":"https:\/\/api.w.org\/{rel}","templated":true}]}}